{"id":52474,"date":"2022-05-05T16:47:53","date_gmt":"2022-05-05T14:47:53","guid":{"rendered":"https:\/\/kleinmetals.kreativloft.ch\/geschichte\/"},"modified":"2023-02-03T11:14:54","modified_gmt":"2023-02-03T10:14:54","slug":"history","status":"publish","type":"page","link":"https:\/\/www.kleinmetals.ch\/en\/history\/","title":{"rendered":"History"},"content":{"rendered":"<div class=\"fusion-fullwidth fullwidth-box fusion-builder-row-1 fusion-flex-container nonhundred-percent-fullwidth non-hundred-percent-height-scrolling\" style=\"--awb-border-radius-top-left:0px;--awb-border-radius-top-right:0px;--awb-border-radius-bottom-right:0px;--awb-border-radius-bottom-left:0px;--awb-flex-wrap:wrap;\" ><div class=\"fusion-builder-row fusion-row fusion-flex-align-items-flex-start fusion-flex-content-wrap\" style=\"max-width:1456px;margin-left: calc(-4% \/ 2 );margin-right: calc(-4% \/ 2 );\"><div class=\"fusion-layout-column fusion_builder_column fusion-builder-column-0 fusion_builder_column_1_1 1_1 fusion-flex-column\" style=\"--awb-bg-size:cover;--awb-width-large:100%;--awb-margin-top-large:0px;--awb-spacing-right-large:1.92%;--awb-margin-bottom-large:0px;--awb-spacing-left-large:1.92%;--awb-width-medium:100%;--awb-spacing-right-medium:1.92%;--awb-spacing-left-medium:1.92%;--awb-width-small:100%;--awb-spacing-right-small:1.92%;--awb-spacing-left-small:1.92%;\"><div class=\"fusion-column-wrapper fusion-flex-justify-content-flex-start fusion-content-layout-column\"><div class=\"fusion-title title fusion-title-1 fusion-sep-none fusion-title-text fusion-title-size-one\"><h1 class=\"fusion-title-heading title-heading-left fusion-responsive-typography-calculated\" style=\"margin:0;--fontSize:42;--minFontSize:42;line-height:var(--awb-typography1-line-height);\">History<\/h1><\/div><div class=\"fusion-text fusion-text-1\"><h3><strong>1946<\/strong><\/h3>\n<p><strong>L. Klein AG<\/strong> wurde im September 1946 von L\u00e9on Klein in Biel gegr\u00fcndet. Erstes Gesch\u00e4ftsdomizil war das Haus am Unteren Quai 7. Die T\u00e4tigkeit beschr\u00e4nkte sich auf das Beliefern von Rundst\u00e4hlen an Decolletage-Betriebe und Uhrenmanufakturen.<\/p>\n<h3><strong>1956<\/strong><\/h3>\n<p>1956 trat Rudolf Schiess als kaufm\u00e4nnischer Angestellter in die Firma ein. Die Firma entwickelte sich zu einem \u00fcberregional bekannten Zulieferer der Drehautomatenindustrie.<\/p>\n<p>Im gleichen Jahr zog die <strong>L. Klein AG<\/strong> in den Neubau am L\u00e4ngfeldweg 110 im B\u00f6zingenmoos. Das Gebiet entwickelte sich in den folgenden Jahrzehnten zur wichtigen Industriezone Biels. Das Untergeschoss wurde damals der General Motors, Autofabrik in Biel, vermietet.<\/p>\n<h3><strong>1973<\/strong><\/h3>\n<p>1973 konnte Rudolf Schiess die Firma von L\u00e9on Klein \u00fcbernehmen. Der Name <strong>L. Klein AG<\/strong> war schon so bekannt, dass der Firmenname nicht ge\u00e4ndert wurde.<\/p>\n<h3><strong>1984<\/strong><\/h3>\n<p>Mit dem Eintritt des Sohnes, Olivier Schiess im Jahre 1984 entwickelte sich <strong>L. Klein AG<\/strong> von einem regionalen und schweizerischen, in ein international t\u00e4tiges Unternehmen. Verschiedene freie Vertretungen im Ausland verst\u00e4rken diese Aktivit\u00e4ten.<\/p>\n<h3><strong>1996<\/strong><\/h3>\n<p>1996 stiess der zweite Sohn, Philippe Schiess zur Firma. Diese nahm alsdann rasch und stetig an Volumen zu. Heute besch\u00e4ftigt <strong>L. Klein AG<\/strong> 18 Personen, was rund 16 100%-Stellen entspricht. Laufend wurden auch Geb\u00e4ulichkeiten und vorallem Lagerfl\u00e4chen an- und ausgebaut.<\/p>\n<h3><strong>1998<\/strong><\/h3>\n<p>Seit 1998 ist <strong>L. Klein AG<\/strong> nach ISO 9001 zertifiziert.<\/p>\n<h3><strong>2000<\/strong><\/h3>\n<p>Die Schiess Holding AG, zu welcher die Firma <strong>L. Klein AG<\/strong> geh\u00f6rt, wurde im Jahre 2000 gegr\u00fcndet. Die Holding ist im Besitz von Olivier und Philippe Schiess.<\/p>\n<h3><strong>2019<\/strong><\/h3>\n<p>Seit sie die Ausbildung als Kaufm\u00e4nnische Angestellte abgeschlossen hat, erg\u00e4ntzt C\u00e9line Schiess, die Tochter von Olivier Schiess, das Team als Personal- und Finanzverantwortliche.<\/p>\n<\/div><\/div><\/div><\/div><\/div>\n","protected":false},"excerpt":{"rendered":"","protected":false},"author":2,"featured_media":0,"parent":0,"menu_order":0,"comment_status":"closed","ping_status":"closed","template":"","meta":{"_acf_changed":false,"inline_featured_image":false,"footnotes":""},"class_list":["post-52474","page","type-page","status-publish","hentry"],"acf":[],"yoast_head":"<!-- This site is optimized with the Yoast SEO plugin v27.4 - https:\/\/yoast.com\/product\/yoast-seo-wordpress\/ -->\n<title>History - L.Klein SA - Premium Steel and Metals<\/title>\n<meta name=\"robots\" content=\"index, follow, max-snippet:-1, max-image-preview:large, max-video-preview:-1\" \/>\n<link rel=\"canonical\" href=\"https:\/\/www.kleinmetals.ch\/en\/history\/\" \/>\n<meta property=\"og:locale\" content=\"en_US\" \/>\n<meta property=\"og:type\" content=\"article\" \/>\n<meta property=\"og:title\" content=\"History - L.Klein SA - Premium Steel and Metals\" \/>\n<meta property=\"og:url\" content=\"https:\/\/www.kleinmetals.ch\/en\/history\/\" \/>\n<meta property=\"og:site_name\" content=\"L.Klein SA - Premium Steel and Metals\" \/>\n<meta property=\"article:modified_time\" content=\"2023-02-03T10:14:54+00:00\" \/>\n<meta property=\"og:image\" content=\"https:\/\/www.kleinmetals.ch\/wp-content\/uploads\/l-klein-sa-1.png\" \/>\n\t<meta property=\"og:image:width\" content=\"1078\" \/>\n\t<meta property=\"og:image:height\" content=\"674\" \/>\n\t<meta property=\"og:image:type\" content=\"image\/png\" \/>\n<meta name=\"twitter:card\" content=\"summary_large_image\" \/>\n<meta name=\"twitter:label1\" content=\"Est. reading time\" \/>\n\t<meta name=\"twitter:data1\" content=\"3 minutes\" \/>\n<script type=\"application\/ld+json\" class=\"yoast-schema-graph\">{\"@context\":\"https:\\\/\\\/schema.org\",\"@graph\":[{\"@type\":\"WebPage\",\"@id\":\"https:\\\/\\\/www.kleinmetals.ch\\\/en\\\/history\\\/\",\"url\":\"https:\\\/\\\/www.kleinmetals.ch\\\/en\\\/history\\\/\",\"name\":\"History - L.Klein SA - Premium Steel and Metals\",\"isPartOf\":{\"@id\":\"https:\\\/\\\/www.kleinmetals.ch\\\/en\\\/#website\"},\"datePublished\":\"2022-05-05T14:47:53+00:00\",\"dateModified\":\"2023-02-03T10:14:54+00:00\",\"breadcrumb\":{\"@id\":\"https:\\\/\\\/www.kleinmetals.ch\\\/en\\\/history\\\/#breadcrumb\"},\"inLanguage\":\"en-US\",\"potentialAction\":[{\"@type\":\"ReadAction\",\"target\":[\"https:\\\/\\\/www.kleinmetals.ch\\\/en\\\/history\\\/\"]}]},{\"@type\":\"BreadcrumbList\",\"@id\":\"https:\\\/\\\/www.kleinmetals.ch\\\/en\\\/history\\\/#breadcrumb\",\"itemListElement\":[{\"@type\":\"ListItem\",\"position\":1,\"name\":\"Home\",\"item\":\"https:\\\/\\\/www.kleinmetals.ch\\\/en\\\/\"},{\"@type\":\"ListItem\",\"position\":2,\"name\":\"History\"}]},{\"@type\":\"WebSite\",\"@id\":\"https:\\\/\\\/www.kleinmetals.ch\\\/en\\\/#website\",\"url\":\"https:\\\/\\\/www.kleinmetals.ch\\\/en\\\/\",\"name\":\"L.Klein AG Edelst\u00e4hle und Metalle\",\"description\":\"Handel mit hochwertigen Edelst\u00e4hlen und metallischen Rohstoffen\",\"publisher\":{\"@id\":\"https:\\\/\\\/www.kleinmetals.ch\\\/en\\\/#organization\"},\"potentialAction\":[{\"@type\":\"SearchAction\",\"target\":{\"@type\":\"EntryPoint\",\"urlTemplate\":\"https:\\\/\\\/www.kleinmetals.ch\\\/en\\\/?s={search_term_string}\"},\"query-input\":{\"@type\":\"PropertyValueSpecification\",\"valueRequired\":true,\"valueName\":\"search_term_string\"}}],\"inLanguage\":\"en-US\"},{\"@type\":\"Organization\",\"@id\":\"https:\\\/\\\/www.kleinmetals.ch\\\/en\\\/#organization\",\"name\":\"L. Klein SA\",\"url\":\"https:\\\/\\\/www.kleinmetals.ch\\\/en\\\/\",\"logo\":{\"@type\":\"ImageObject\",\"inLanguage\":\"en-US\",\"@id\":\"https:\\\/\\\/www.kleinmetals.ch\\\/en\\\/#\\\/schema\\\/logo\\\/image\\\/\",\"url\":\"https:\\\/\\\/www.kleinmetals.ch\\\/wp-content\\\/uploads\\\/L-Klein-SA-Logo.svg\",\"contentUrl\":\"https:\\\/\\\/www.kleinmetals.ch\\\/wp-content\\\/uploads\\\/L-Klein-SA-Logo.svg\",\"width\":275,\"height\":86,\"caption\":\"L. Klein SA\"},\"image\":{\"@id\":\"https:\\\/\\\/www.kleinmetals.ch\\\/en\\\/#\\\/schema\\\/logo\\\/image\\\/\"},\"sameAs\":[\"https:\\\/\\\/www.linkedin.com\\\/company\\\/l.-klein-sa\\\/\"]}]}<\/script>\n<!-- \/ Yoast SEO plugin. -->","yoast_head_json":{"title":"History - L.Klein SA - Premium Steel and Metals","robots":{"index":"index","follow":"follow","max-snippet":"max-snippet:-1","max-image-preview":"max-image-preview:large","max-video-preview":"max-video-preview:-1"},"canonical":"https:\/\/www.kleinmetals.ch\/en\/history\/","og_locale":"en_US","og_type":"article","og_title":"History - L.Klein SA - Premium Steel and Metals","og_url":"https:\/\/www.kleinmetals.ch\/en\/history\/","og_site_name":"L.Klein SA - Premium Steel and Metals","article_modified_time":"2023-02-03T10:14:54+00:00","og_image":[{"width":1078,"height":674,"url":"https:\/\/www.kleinmetals.ch\/wp-content\/uploads\/l-klein-sa-1.png","type":"image\/png"}],"twitter_card":"summary_large_image","twitter_misc":{"Est. reading time":"3 minutes"},"schema":{"@context":"https:\/\/schema.org","@graph":[{"@type":"WebPage","@id":"https:\/\/www.kleinmetals.ch\/en\/history\/","url":"https:\/\/www.kleinmetals.ch\/en\/history\/","name":"History - L.Klein SA - Premium Steel and Metals","isPartOf":{"@id":"https:\/\/www.kleinmetals.ch\/en\/#website"},"datePublished":"2022-05-05T14:47:53+00:00","dateModified":"2023-02-03T10:14:54+00:00","breadcrumb":{"@id":"https:\/\/www.kleinmetals.ch\/en\/history\/#breadcrumb"},"inLanguage":"en-US","potentialAction":[{"@type":"ReadAction","target":["https:\/\/www.kleinmetals.ch\/en\/history\/"]}]},{"@type":"BreadcrumbList","@id":"https:\/\/www.kleinmetals.ch\/en\/history\/#breadcrumb","itemListElement":[{"@type":"ListItem","position":1,"name":"Home","item":"https:\/\/www.kleinmetals.ch\/en\/"},{"@type":"ListItem","position":2,"name":"History"}]},{"@type":"WebSite","@id":"https:\/\/www.kleinmetals.ch\/en\/#website","url":"https:\/\/www.kleinmetals.ch\/en\/","name":"L.Klein AG Edelst\u00e4hle und Metalle","description":"Handel mit hochwertigen Edelst\u00e4hlen und metallischen Rohstoffen","publisher":{"@id":"https:\/\/www.kleinmetals.ch\/en\/#organization"},"potentialAction":[{"@type":"SearchAction","target":{"@type":"EntryPoint","urlTemplate":"https:\/\/www.kleinmetals.ch\/en\/?s={search_term_string}"},"query-input":{"@type":"PropertyValueSpecification","valueRequired":true,"valueName":"search_term_string"}}],"inLanguage":"en-US"},{"@type":"Organization","@id":"https:\/\/www.kleinmetals.ch\/en\/#organization","name":"L. Klein SA","url":"https:\/\/www.kleinmetals.ch\/en\/","logo":{"@type":"ImageObject","inLanguage":"en-US","@id":"https:\/\/www.kleinmetals.ch\/en\/#\/schema\/logo\/image\/","url":"https:\/\/www.kleinmetals.ch\/wp-content\/uploads\/L-Klein-SA-Logo.svg","contentUrl":"https:\/\/www.kleinmetals.ch\/wp-content\/uploads\/L-Klein-SA-Logo.svg","width":275,"height":86,"caption":"L. Klein SA"},"image":{"@id":"https:\/\/www.kleinmetals.ch\/en\/#\/schema\/logo\/image\/"},"sameAs":["https:\/\/www.linkedin.com\/company\/l.-klein-sa\/"]}]}},"_links":{"self":[{"href":"https:\/\/www.kleinmetals.ch\/en\/wp-json\/wp\/v2\/pages\/52474","targetHints":{"allow":["GET"]}}],"collection":[{"href":"https:\/\/www.kleinmetals.ch\/en\/wp-json\/wp\/v2\/pages"}],"about":[{"href":"https:\/\/www.kleinmetals.ch\/en\/wp-json\/wp\/v2\/types\/page"}],"author":[{"embeddable":true,"href":"https:\/\/www.kleinmetals.ch\/en\/wp-json\/wp\/v2\/users\/2"}],"replies":[{"embeddable":true,"href":"https:\/\/www.kleinmetals.ch\/en\/wp-json\/wp\/v2\/comments?post=52474"}],"version-history":[{"count":0,"href":"https:\/\/www.kleinmetals.ch\/en\/wp-json\/wp\/v2\/pages\/52474\/revisions"}],"wp:attachment":[{"href":"https:\/\/www.kleinmetals.ch\/en\/wp-json\/wp\/v2\/media?parent=52474"}],"curies":[{"name":"wp","href":"https:\/\/api.w.org\/{rel}","templated":true}]}}