{"id":172876,"date":"2024-04-15T11:17:55","date_gmt":"2024-04-15T09:17:55","guid":{"rendered":"https:\/\/www.kleinmetals.ch\/?page_id=172876"},"modified":"2025-05-22T11:30:52","modified_gmt":"2025-05-22T09:30:52","slug":"infrastruktur-etimat","status":"publish","type":"page","link":"https:\/\/www.kleinmetals.ch\/fr\/infrastruktur-etimat\/","title":{"rendered":"Infrastruktur-ETIMAT"},"content":{"rendered":"<div class=\"fusion-fullwidth fullwidth-box fusion-builder-row-1 fusion-flex-container has-pattern-background has-mask-background nonhundred-percent-fullwidth non-hundred-percent-height-scrolling\" style=\"--awb-border-radius-top-left:0px;--awb-border-radius-top-right:0px;--awb-border-radius-bottom-right:0px;--awb-border-radius-bottom-left:0px;--awb-flex-wrap:wrap;\" ><div class=\"fusion-builder-row fusion-row fusion-flex-align-items-flex-start fusion-flex-content-wrap\" style=\"max-width:1456px;margin-left: calc(-4% \/ 2 );margin-right: calc(-4% \/ 2 );\"><div class=\"fusion-layout-column fusion_builder_column fusion-builder-column-0 fusion_builder_column_1_1 1_1 fusion-flex-column\" style=\"--awb-bg-size:cover;--awb-width-large:100%;--awb-margin-top-large:0px;--awb-spacing-right-large:1.92%;--awb-margin-bottom-large:20px;--awb-spacing-left-large:1.92%;--awb-width-medium:100%;--awb-order-medium:0;--awb-spacing-right-medium:1.92%;--awb-spacing-left-medium:1.92%;--awb-width-small:100%;--awb-order-small:0;--awb-spacing-right-small:1.92%;--awb-spacing-left-small:1.92%;\"><div class=\"fusion-column-wrapper fusion-column-has-shadow fusion-flex-justify-content-flex-start fusion-content-layout-column\"><div class=\"fusion-title title fusion-title-1 fusion-sep-none fusion-title-center fusion-title-text fusion-title-size-one\"><h1 class=\"fusion-title-heading title-heading-center fusion-responsive-typography-calculated\" style=\"margin:0;--fontSize:42;--minFontSize:42;line-height:var(--awb-typography1-line-height);\">Infrastructure<\/h1><\/div><div class=\"fusion-image-element \" style=\"text-align:center;--awb-caption-title-font-family:var(--h2_typography-font-family);--awb-caption-title-font-weight:var(--h2_typography-font-weight);--awb-caption-title-font-style:var(--h2_typography-font-style);--awb-caption-title-size:var(--h2_typography-font-size);--awb-caption-title-transform:var(--h2_typography-text-transform);--awb-caption-title-line-height:var(--h2_typography-line-height);--awb-caption-title-letter-spacing:var(--h2_typography-letter-spacing);\"><span class=\" fusion-imageframe imageframe-none imageframe-1 hover-type-none\"><img loading=\"lazy\" decoding=\"async\" width=\"1200\" height=\"800\" title=\"_G2A6631\" src=\"https:\/\/www.kleinmetals.ch\/wp-content\/uploads\/G2A6631.jpg\" alt class=\"img-responsive wp-image-172904\" srcset=\"https:\/\/www.kleinmetals.ch\/wp-content\/uploads\/G2A6631-200x133.jpg 200w, https:\/\/www.kleinmetals.ch\/wp-content\/uploads\/G2A6631-400x267.jpg 400w, https:\/\/www.kleinmetals.ch\/wp-content\/uploads\/G2A6631-600x400.jpg 600w, https:\/\/www.kleinmetals.ch\/wp-content\/uploads\/G2A6631-800x533.jpg 800w, https:\/\/www.kleinmetals.ch\/wp-content\/uploads\/G2A6631.jpg 1200w\" sizes=\"auto, (max-width: 992px) 100vw, 1200px\" \/><\/span><\/div><div class=\"fusion-title title fusion-title-2 fusion-sep-none fusion-title-center fusion-title-text fusion-title-size-two\"><h2 class=\"fusion-title-heading title-heading-center fusion-responsive-typography-calculated\" style=\"margin:0;--fontSize:30;--minFontSize:30;line-height:var(--awb-typography2-line-height);\">Notre infrastructure \u2013 Une pr\u00e9cision r\u00e9fl\u00e9chie dans les moindres d\u00e9tails<\/h2><\/div><div class=\"fusion-text fusion-text-1\"><p>Chez L. KLEIN SA, notre exigence de qualit\u00e9 se refl\u00e8te dans l\u2019infrastructure m\u00eame de notre entreprise. Nos syst\u00e8mes de stockage bien pens\u00e9s et notre environnement de travail soigneusement con\u00e7u incarnent les valeurs fondamentales que nous d\u00e9fendons. Ils offrent des conditions optimales pour un stockage appropri\u00e9, une gestion claire et structur\u00e9e de nos stocks, ainsi qu\u2019une mise \u00e0 disposition efficace de nos mat\u00e9riaux commerciaux de haute qualit\u00e9 \u2013 autant d\u2019\u00e9l\u00e9ments essentiels pour garantir le niveau de qualit\u00e9 que nous offrons \u00e0 nos clients.<\/p>\n<\/div><\/div><\/div><div class=\"fusion-layout-column fusion_builder_column fusion-builder-column-1 fusion_builder_column_1_2 1_2 fusion-flex-column\" style=\"--awb-bg-size:cover;--awb-width-large:50%;--awb-margin-top-large:0px;--awb-spacing-right-large:3.84%;--awb-margin-bottom-large:20px;--awb-spacing-left-large:3.84%;--awb-width-medium:50%;--awb-order-medium:0;--awb-spacing-right-medium:3.84%;--awb-spacing-left-medium:3.84%;--awb-width-small:100%;--awb-order-small:0;--awb-spacing-right-small:1.92%;--awb-spacing-left-small:1.92%;\"><div class=\"fusion-column-wrapper fusion-column-has-shadow fusion-flex-justify-content-flex-start fusion-content-layout-column\"><div class=\"fusion-text fusion-text-2\"><h2>Boucler les cycles naturels<\/h2>\n<p>Dans notre entreprise, nous transformons les ressources naturelles en cycles durables gr\u00e2ce \u00e0 des technologies intelligentes.<\/p>\n<p>Sur notre toit v\u00e9g\u00e9talis\u00e9, des panneaux solaires couvrant 250\u202fm\u00b2 convertissent la lumi\u00e8re du soleil en \u00e9nergie propre. Celle-ci alimente notre entrep\u00f4t et sert \u00e9galement \u00e0 recharger les batteries de nos v\u00e9hicules et v\u00e9los \u00e9lectriques. Nous utilisons cette mobilit\u00e9 sans \u00e9missions pour les courts trajets, ce qui nous permet de r\u00e9duire notre impact environnemental.  <\/p>\n<p>Nous collectons \u00e9galement l\u2019eau de pluie tombant sur les toits de nos b\u00e2timents et l\u2019utilisons de mani\u00e8re diversifi\u00e9e : l\u2019eau de pluie trait\u00e9e est utilis\u00e9e dans nos installations sanitaires, tandis que les eaux grises servent \u00e0 l\u2019irrigation du toit v\u00e9g\u00e9talis\u00e9. Cela nous permet de pr\u00e9server l\u2019eau potable, ressource pr\u00e9cieuse. <\/p>\n<p>Notre production de chaleur repose sur un chauffage au bois \u00e9prouv\u00e9 depuis de nombreuses ann\u00e9es. Il fonctionne non seulement avec du bois issu de nos propres for\u00eats, mais aussi avec des d\u00e9chets de caisses usag\u00e9es de nos fournisseurs et des copeaux de bois provenant d\u2019une menuiserie partenaire. Ainsi, nous bouclons les cycles naturels de mani\u00e8re coh\u00e9rente et responsable.<\/p>\n<\/div><\/div><\/div><div class=\"fusion-layout-column fusion_builder_column fusion-builder-column-2 fusion_builder_column_1_2 1_2 fusion-flex-column\" style=\"--awb-bg-size:cover;--awb-width-large:50%;--awb-margin-top-large:0px;--awb-spacing-right-large:3.84%;--awb-margin-bottom-large:20px;--awb-spacing-left-large:3.84%;--awb-width-medium:50%;--awb-order-medium:0;--awb-spacing-right-medium:3.84%;--awb-spacing-left-medium:3.84%;--awb-width-small:100%;--awb-order-small:0;--awb-spacing-right-small:1.92%;--awb-spacing-left-small:1.92%;\"><div class=\"fusion-column-wrapper fusion-column-has-shadow fusion-flex-justify-content-flex-start fusion-content-layout-column\"><div class=\"fusion-image-element \" style=\"--awb-caption-title-font-family:var(--h2_typography-font-family);--awb-caption-title-font-weight:var(--h2_typography-font-weight);--awb-caption-title-font-style:var(--h2_typography-font-style);--awb-caption-title-size:var(--h2_typography-font-size);--awb-caption-title-transform:var(--h2_typography-text-transform);--awb-caption-title-line-height:var(--h2_typography-line-height);--awb-caption-title-letter-spacing:var(--h2_typography-letter-spacing);\"><span class=\" fusion-imageframe imageframe-none imageframe-2 hover-type-none\"><img loading=\"lazy\" decoding=\"async\" width=\"1200\" height=\"800\" title=\"_G2A0139\" src=\"https:\/\/www.kleinmetals.ch\/wp-content\/uploads\/G2A0139-1.jpg\" alt class=\"img-responsive wp-image-172901\" srcset=\"https:\/\/www.kleinmetals.ch\/wp-content\/uploads\/G2A0139-1-200x133.jpg 200w, https:\/\/www.kleinmetals.ch\/wp-content\/uploads\/G2A0139-1-400x267.jpg 400w, https:\/\/www.kleinmetals.ch\/wp-content\/uploads\/G2A0139-1-600x400.jpg 600w, https:\/\/www.kleinmetals.ch\/wp-content\/uploads\/G2A0139-1-800x533.jpg 800w, https:\/\/www.kleinmetals.ch\/wp-content\/uploads\/G2A0139-1.jpg 1200w\" sizes=\"auto, (max-width: 992px) 100vw, 800px\" \/><\/span><\/div><\/div><\/div><div class=\"fusion-layout-column fusion_builder_column fusion-builder-column-3 fusion_builder_column_1_1 1_1 fusion-flex-column\" style=\"--awb-bg-size:cover;--awb-width-large:100%;--awb-margin-top-large:0px;--awb-spacing-right-large:1.92%;--awb-margin-bottom-large:20px;--awb-spacing-left-large:1.92%;--awb-width-medium:100%;--awb-order-medium:0;--awb-spacing-right-medium:1.92%;--awb-spacing-left-medium:1.92%;--awb-width-small:100%;--awb-order-small:0;--awb-spacing-right-small:1.92%;--awb-spacing-left-small:1.92%;\"><div class=\"fusion-column-wrapper fusion-column-has-shadow fusion-flex-justify-content-flex-start fusion-content-layout-column\"><div class=\"fusion-text fusion-text-3\"><h2>Un artisanat jusque dans les moindres d\u00e9tails<\/h2>\n<p>Le b\u00e2timent de notre entreprise est lui-m\u00eame un chef-d\u2019\u0153uvre de charpenterie traditionnelle. R\u00e9alis\u00e9 en collaboration avec <a href=\"https:\/\/www.signerholzbauteam.ch\/\" target=\"_blank\" rel=\"noopener\">Signer Holzbau Team GmbH<\/a>, il repose sur une construction sans colle, sans vis, ni clous. Une m\u00e9thode exigeant une pr\u00e9cision maximale et incarnant la m\u00eame qualit\u00e9 sans compromis qui caract\u00e9rise nos produits. <\/p>\n<p>L\u2019am\u00e9nagement int\u00e9rieur a \u00e9t\u00e9 con\u00e7u avec le m\u00eame souci de perfection par <a href=\"https:\/\/naturholzvisionen.ch\/H-O-M-E\/\" target=\"_blank\" rel=\"noopener\">Natur Holz Visionen<\/a>, l\u2019atelier de menuiserie sp\u00e9cialis\u00e9 dans les ouvrages en bois massif de Felix Gerber.<\/p>\n<p>Le bois massif utilis\u00e9 dans l\u2019ensemble du b\u00e2timent provient de nos propres for\u00eats. Il est utilis\u00e9 \u00e0 la fois comme mat\u00e9riau de construction et comme source d\u2019\u00e9nergie sous forme de granul\u00e9s de bois. La structure cellulaire naturelle du bois permet de stocker la chaleur et assure une isolation thermique optimale. Le choix minutieux d\u2019essences de bois \u2013 par exemple le tilleul pour les plafonds acoustiques t\u00e9moigne de notre ma\u00eetrise des mat\u00e9riaux et de leurs propri\u00e9t\u00e9s fonctionnelles.   <\/p>\n<h2>L\u2019harmonie comme moteur de performance<\/h2>\n<p>Tout dans notre b\u00e2timent est pens\u00e9 en harmonie \u2013 une harmonie qui rejaillit naturellement sur notre \u00e9quipe. Le calibrage pr\u00e9cis de la lumi\u00e8re, de l\u2019acoustique et du climat int\u00e9rieur cr\u00e9e un environnement propice \u00e0 la qualit\u00e9 du travail et au bien-\u00eatre. <\/p>\n<p>Cette infrastructure r\u00e9fl\u00e9chie repr\u00e9sente notre contribution \u00e0 une meilleure qualit\u00e9 de vie non seulement pour nos collaborateurs et nos clients, mais aussi pour les g\u00e9n\u00e9rations futures. Nous sommes reconnaissants de pouvoir travailler dans ce cadre harmonieux, v\u00e9ritable \u201cchez-nous\u201d professionnel. <\/p>\n<p>La synergie entre conseil expert, choix rigoureux des mat\u00e9riaux et usage responsable des ressources guide notre action au quotidien.<br \/>Dans cet environnement d\u2019entreprise unique, nous posons les bases d\u2019un service d\u2019excellence et de solutions fiables, parfaitement adapt\u00e9es \u00e0 vos exigences.<br \/>C\u2019est ici que vous d\u00e9couvrez une culture d\u2019entreprise vivante, qui incarne ses valeurs de mani\u00e8re authentique et durable.<\/p>\n<\/div><\/div><\/div><\/div><\/div>\n","protected":false},"excerpt":{"rendered":"","protected":false},"author":1,"featured_media":0,"parent":0,"menu_order":0,"comment_status":"closed","ping_status":"closed","template":"","meta":{"_acf_changed":false,"inline_featured_image":false,"footnotes":""},"class_list":["post-172876","page","type-page","status-publish","hentry"],"acf":[],"yoast_head":"<!-- This site is optimized with the Yoast SEO plugin v27.4 - https:\/\/yoast.com\/product\/yoast-seo-wordpress\/ -->\n<title>Infrastruktur-ETIMAT - L.Klein SA - Premium Steel and Metals<\/title>\n<meta name=\"robots\" content=\"index, follow, max-snippet:-1, max-image-preview:large, max-video-preview:-1\" \/>\n<link rel=\"canonical\" href=\"https:\/\/www.kleinmetals.ch\/fr\/infrastruktur-etimat\/\" \/>\n<meta property=\"og:locale\" content=\"fr_FR\" \/>\n<meta property=\"og:type\" content=\"article\" \/>\n<meta property=\"og:title\" content=\"Infrastruktur-ETIMAT - L.Klein SA - Premium Steel and Metals\" \/>\n<meta property=\"og:url\" content=\"https:\/\/www.kleinmetals.ch\/fr\/infrastruktur-etimat\/\" \/>\n<meta property=\"og:site_name\" content=\"L.Klein SA - Premium Steel and Metals\" \/>\n<meta property=\"article:modified_time\" content=\"2025-05-22T09:30:52+00:00\" \/>\n<meta property=\"og:image\" content=\"https:\/\/www.kleinmetals.ch\/wp-content\/uploads\/l-klein-sa-1.png\" \/>\n\t<meta property=\"og:image:width\" content=\"1078\" \/>\n\t<meta property=\"og:image:height\" content=\"674\" \/>\n\t<meta property=\"og:image:type\" content=\"image\/png\" \/>\n<meta name=\"twitter:card\" content=\"summary_large_image\" \/>\n<meta name=\"twitter:label1\" content=\"Dur\u00e9e de lecture estim\u00e9e\" \/>\n\t<meta name=\"twitter:data1\" content=\"4 minutes\" \/>\n<script type=\"application\/ld+json\" class=\"yoast-schema-graph\">{\"@context\":\"https:\\\/\\\/schema.org\",\"@graph\":[{\"@type\":\"WebPage\",\"@id\":\"https:\\\/\\\/www.kleinmetals.ch\\\/fr\\\/infrastruktur-etimat\\\/\",\"url\":\"https:\\\/\\\/www.kleinmetals.ch\\\/fr\\\/infrastruktur-etimat\\\/\",\"name\":\"Infrastruktur-ETIMAT - L.Klein SA - Premium Steel and Metals\",\"isPartOf\":{\"@id\":\"https:\\\/\\\/www.kleinmetals.ch\\\/fr\\\/#website\"},\"datePublished\":\"2024-04-15T09:17:55+00:00\",\"dateModified\":\"2025-05-22T09:30:52+00:00\",\"breadcrumb\":{\"@id\":\"https:\\\/\\\/www.kleinmetals.ch\\\/fr\\\/infrastruktur-etimat\\\/#breadcrumb\"},\"inLanguage\":\"fr-FR\",\"potentialAction\":[{\"@type\":\"ReadAction\",\"target\":[\"https:\\\/\\\/www.kleinmetals.ch\\\/fr\\\/infrastruktur-etimat\\\/\"]}]},{\"@type\":\"BreadcrumbList\",\"@id\":\"https:\\\/\\\/www.kleinmetals.ch\\\/fr\\\/infrastruktur-etimat\\\/#breadcrumb\",\"itemListElement\":[{\"@type\":\"ListItem\",\"position\":1,\"name\":\"Home\",\"item\":\"https:\\\/\\\/www.kleinmetals.ch\\\/fr\\\/\"},{\"@type\":\"ListItem\",\"position\":2,\"name\":\"Infrastruktur-ETIMAT\"}]},{\"@type\":\"WebSite\",\"@id\":\"https:\\\/\\\/www.kleinmetals.ch\\\/fr\\\/#website\",\"url\":\"https:\\\/\\\/www.kleinmetals.ch\\\/fr\\\/\",\"name\":\"L.Klein AG Edelst\u00e4hle und Metalle\",\"description\":\"Handel mit hochwertigen Edelst\u00e4hlen und metallischen Rohstoffen\",\"publisher\":{\"@id\":\"https:\\\/\\\/www.kleinmetals.ch\\\/fr\\\/#organization\"},\"potentialAction\":[{\"@type\":\"SearchAction\",\"target\":{\"@type\":\"EntryPoint\",\"urlTemplate\":\"https:\\\/\\\/www.kleinmetals.ch\\\/fr\\\/?s={search_term_string}\"},\"query-input\":{\"@type\":\"PropertyValueSpecification\",\"valueRequired\":true,\"valueName\":\"search_term_string\"}}],\"inLanguage\":\"fr-FR\"},{\"@type\":\"Organization\",\"@id\":\"https:\\\/\\\/www.kleinmetals.ch\\\/fr\\\/#organization\",\"name\":\"L. Klein SA\",\"url\":\"https:\\\/\\\/www.kleinmetals.ch\\\/fr\\\/\",\"logo\":{\"@type\":\"ImageObject\",\"inLanguage\":\"fr-FR\",\"@id\":\"https:\\\/\\\/www.kleinmetals.ch\\\/fr\\\/#\\\/schema\\\/logo\\\/image\\\/\",\"url\":\"https:\\\/\\\/www.kleinmetals.ch\\\/wp-content\\\/uploads\\\/L-Klein-SA-Logo.svg\",\"contentUrl\":\"https:\\\/\\\/www.kleinmetals.ch\\\/wp-content\\\/uploads\\\/L-Klein-SA-Logo.svg\",\"width\":275,\"height\":86,\"caption\":\"L. Klein SA\"},\"image\":{\"@id\":\"https:\\\/\\\/www.kleinmetals.ch\\\/fr\\\/#\\\/schema\\\/logo\\\/image\\\/\"},\"sameAs\":[\"https:\\\/\\\/www.linkedin.com\\\/company\\\/l.-klein-sa\\\/\"]}]}<\/script>\n<!-- \/ Yoast SEO plugin. -->","yoast_head_json":{"title":"Infrastruktur-ETIMAT - L.Klein SA - Premium Steel and Metals","robots":{"index":"index","follow":"follow","max-snippet":"max-snippet:-1","max-image-preview":"max-image-preview:large","max-video-preview":"max-video-preview:-1"},"canonical":"https:\/\/www.kleinmetals.ch\/fr\/infrastruktur-etimat\/","og_locale":"fr_FR","og_type":"article","og_title":"Infrastruktur-ETIMAT - L.Klein SA - Premium Steel and Metals","og_url":"https:\/\/www.kleinmetals.ch\/fr\/infrastruktur-etimat\/","og_site_name":"L.Klein SA - Premium Steel and Metals","article_modified_time":"2025-05-22T09:30:52+00:00","og_image":[{"width":1078,"height":674,"url":"https:\/\/www.kleinmetals.ch\/wp-content\/uploads\/l-klein-sa-1.png","type":"image\/png"}],"twitter_card":"summary_large_image","twitter_misc":{"Dur\u00e9e de lecture estim\u00e9e":"4 minutes"},"schema":{"@context":"https:\/\/schema.org","@graph":[{"@type":"WebPage","@id":"https:\/\/www.kleinmetals.ch\/fr\/infrastruktur-etimat\/","url":"https:\/\/www.kleinmetals.ch\/fr\/infrastruktur-etimat\/","name":"Infrastruktur-ETIMAT - L.Klein SA - Premium Steel and Metals","isPartOf":{"@id":"https:\/\/www.kleinmetals.ch\/fr\/#website"},"datePublished":"2024-04-15T09:17:55+00:00","dateModified":"2025-05-22T09:30:52+00:00","breadcrumb":{"@id":"https:\/\/www.kleinmetals.ch\/fr\/infrastruktur-etimat\/#breadcrumb"},"inLanguage":"fr-FR","potentialAction":[{"@type":"ReadAction","target":["https:\/\/www.kleinmetals.ch\/fr\/infrastruktur-etimat\/"]}]},{"@type":"BreadcrumbList","@id":"https:\/\/www.kleinmetals.ch\/fr\/infrastruktur-etimat\/#breadcrumb","itemListElement":[{"@type":"ListItem","position":1,"name":"Home","item":"https:\/\/www.kleinmetals.ch\/fr\/"},{"@type":"ListItem","position":2,"name":"Infrastruktur-ETIMAT"}]},{"@type":"WebSite","@id":"https:\/\/www.kleinmetals.ch\/fr\/#website","url":"https:\/\/www.kleinmetals.ch\/fr\/","name":"L.Klein AG Edelst\u00e4hle und Metalle","description":"Handel mit hochwertigen Edelst\u00e4hlen und metallischen Rohstoffen","publisher":{"@id":"https:\/\/www.kleinmetals.ch\/fr\/#organization"},"potentialAction":[{"@type":"SearchAction","target":{"@type":"EntryPoint","urlTemplate":"https:\/\/www.kleinmetals.ch\/fr\/?s={search_term_string}"},"query-input":{"@type":"PropertyValueSpecification","valueRequired":true,"valueName":"search_term_string"}}],"inLanguage":"fr-FR"},{"@type":"Organization","@id":"https:\/\/www.kleinmetals.ch\/fr\/#organization","name":"L. Klein SA","url":"https:\/\/www.kleinmetals.ch\/fr\/","logo":{"@type":"ImageObject","inLanguage":"fr-FR","@id":"https:\/\/www.kleinmetals.ch\/fr\/#\/schema\/logo\/image\/","url":"https:\/\/www.kleinmetals.ch\/wp-content\/uploads\/L-Klein-SA-Logo.svg","contentUrl":"https:\/\/www.kleinmetals.ch\/wp-content\/uploads\/L-Klein-SA-Logo.svg","width":275,"height":86,"caption":"L. Klein SA"},"image":{"@id":"https:\/\/www.kleinmetals.ch\/fr\/#\/schema\/logo\/image\/"},"sameAs":["https:\/\/www.linkedin.com\/company\/l.-klein-sa\/"]}]}},"_links":{"self":[{"href":"https:\/\/www.kleinmetals.ch\/fr\/wp-json\/wp\/v2\/pages\/172876","targetHints":{"allow":["GET"]}}],"collection":[{"href":"https:\/\/www.kleinmetals.ch\/fr\/wp-json\/wp\/v2\/pages"}],"about":[{"href":"https:\/\/www.kleinmetals.ch\/fr\/wp-json\/wp\/v2\/types\/page"}],"author":[{"embeddable":true,"href":"https:\/\/www.kleinmetals.ch\/fr\/wp-json\/wp\/v2\/users\/1"}],"replies":[{"embeddable":true,"href":"https:\/\/www.kleinmetals.ch\/fr\/wp-json\/wp\/v2\/comments?post=172876"}],"version-history":[{"count":0,"href":"https:\/\/www.kleinmetals.ch\/fr\/wp-json\/wp\/v2\/pages\/172876\/revisions"}],"wp:attachment":[{"href":"https:\/\/www.kleinmetals.ch\/fr\/wp-json\/wp\/v2\/media?parent=172876"}],"curies":[{"name":"wp","href":"https:\/\/api.w.org\/{rel}","templated":true}]}}