{"id":52475,"date":"2022-05-05T16:47:53","date_gmt":"2022-05-05T14:47:53","guid":{"rendered":"https:\/\/kleinmetals.kreativloft.ch\/geschichte\/"},"modified":"2023-02-07T10:20:47","modified_gmt":"2023-02-07T09:20:47","slug":"histoire","status":"publish","type":"page","link":"https:\/\/www.kleinmetals.ch\/fr\/histoire\/","title":{"rendered":"Histoire"},"content":{"rendered":"<div class=\"fusion-fullwidth fullwidth-box fusion-builder-row-1 fusion-flex-container nonhundred-percent-fullwidth non-hundred-percent-height-scrolling\" style=\"--awb-border-radius-top-left:0px;--awb-border-radius-top-right:0px;--awb-border-radius-bottom-right:0px;--awb-border-radius-bottom-left:0px;--awb-flex-wrap:wrap;\" ><div class=\"fusion-builder-row fusion-row fusion-flex-align-items-flex-start fusion-flex-content-wrap\" style=\"max-width:1456px;margin-left: calc(-4% \/ 2 );margin-right: calc(-4% \/ 2 );\"><div class=\"fusion-layout-column fusion_builder_column fusion-builder-column-0 fusion_builder_column_1_1 1_1 fusion-flex-column\" style=\"--awb-bg-size:cover;--awb-width-large:100%;--awb-margin-top-large:0px;--awb-spacing-right-large:1.92%;--awb-margin-bottom-large:0px;--awb-spacing-left-large:1.92%;--awb-width-medium:100%;--awb-spacing-right-medium:1.92%;--awb-spacing-left-medium:1.92%;--awb-width-small:100%;--awb-spacing-right-small:1.92%;--awb-spacing-left-small:1.92%;\"><div class=\"fusion-column-wrapper fusion-flex-justify-content-flex-start fusion-content-layout-column\"><div class=\"fusion-title title fusion-title-1 fusion-sep-none fusion-title-text fusion-title-size-one\"><h1 class=\"fusion-title-heading title-heading-left fusion-responsive-typography-calculated\" style=\"margin:0;--fontSize:42;--minFontSize:42;line-height:var(--awb-typography1-line-height);\">Histoire<\/h1><\/div><div class=\"fusion-text fusion-text-1\"><p>Notre entreprise L. KLEIN SA, sp\u00e9cialis\u00e9e dans le stockage et la distribution de mati\u00e8res premi\u00e8res de haute qualit\u00e9 et de pr\u00e9cision est avant tout une aventure humaine dans laquelle chacun a pu poser sa pierre \u00e0 l\u2019\u00e9difice.<\/p>\n<h3>1946<\/h3>\n<p>C\u2019est \u00e0 Bienne, en 1946, que L\u00e9on Klein fonde l\u2019entreprise L. KLEIN SA. L\u2019activit\u00e9 principale consiste en la fourniture d&rsquo;aciers ronds destin\u00e9s \u00e0 des entreprises de d\u00e9colletage et \u00e0 des manufactures horlog\u00e8res.<\/p>\n<p>C\u2019est en allant \u00e0 la rencontre des acteurs de l\u2019industrie du d\u00e9colletage, en observant attentivement l\u2019\u00e9volution des march\u00e9s que L\u00e9on Klein, soutenu par Rudolf Schiess, son bras droit, engage une politique de diversification de ses services et investit pour \u00e9largir leurs moyens de stockage. Ainsi arm\u00e9e, l\u2019entreprise est en mesure de proposer les meilleures solutions aux projets de ses clients et gagne leur confiance.<\/p>\n<p>Les grandes valeurs que sont l\u2019esprit familial, la qualit\u00e9 et la confiance et que L\u00e9on Klein a transmises, ont travers\u00e9 les \u00e2ges et ont permis \u00e0 l\u2019entreprise de se d\u00e9velopper au-del\u00e0 des fronti\u00e8res suisses aupr\u00e8s de clients actifs dans l\u2019industrie automobile, l\u2019\u00e9lectronique, la m\u00e9decine dentaire ou l\u2019industrie horlog\u00e8re.<\/p>\n<h3>1998<\/h3>\n<p>Certifi\u00e9e <strong>ISO 9001<\/strong> depuis 1998, la soci\u00e9t\u00e9 Klein s\u2019assure au quotidien de mettre en oeuvre une politique de qualit\u00e9 et s\u2019inscrit dans une dynamique permanente d\u2019innovation. L\u2019entreprise men\u00e9e par la famille Schiess, encourage ses collaborateurs \u00e0 \u00eatre force de proposition pour des solutions fiables et durables.<\/p>\n<p>Fort attach\u00e9e au respect de ses engagements qu\u2019ils soient li\u00e9s \u00e0 la s\u00e9curit\u00e9, \u00e0 la qualit\u00e9, aux d\u00e9lais ou encore \u00e0 l\u2019utilisation de m\u00e9thodes ou d\u2019outils adapt\u00e9s, la soci\u00e9t\u00e9 Klein et ses 18 collaborateurs ont su cr\u00e9er des liens p\u00e9rennes avec ses clients et ses fournisseurs.<\/p>\n<p>Avec plus de 70 ans d\u2019exp\u00e9rience, L. KLEIN SA a une grande fiert\u00e9 celle de satisfaire ses clients gr\u00e2ce \u00e0 son sens de l\u2019\u00e9coute, son s\u00e9rieux et son niveau d\u2019expertise.<\/p>\n<\/div><div class=\"fusion-separator fusion-full-width-sep\" style=\"align-self: center;margin-left: auto;margin-right: auto;margin-top:45px;margin-bottom:45px;width:100%;\"><div class=\"fusion-separator-border sep-single sep-solid\" style=\"--awb-height:20px;--awb-amount:20px;border-color:#efbf00;border-top-width:1px;\"><\/div><\/div><div class=\"fusion-text fusion-text-2\"><h3>1946<\/h3>\n<p>L. KLEIN SA a \u00e9t\u00e9 fond\u00e9e en septembre 1946 par L\u00e9on Klein \u00e0 Bienne. L&rsquo;activit\u00e9 se limitait \u00e0 la livraison de ronds en acier \u00e0 des entreprises de d\u00e9colletage et \u00e0 des manufactures horlog\u00e8res.<\/p>\n<h3>1956<\/h3>\n<p>En 1956, Rudolf Schiess est entr\u00e9 dans l&rsquo;entreprise en tant qu&#8217;employ\u00e9 commercial. L&rsquo;entreprise s&rsquo;est d\u00e9velopp\u00e9e pour devenir un fournisseur de l&rsquo;industrie du d\u00e9colletage connu dans toute la r\u00e9gion.<\/p>\n<p>La m\u00eame ann\u00e9e, L. KLEIN SA s&rsquo;installe dans un nouveau b\u00e2timent au 110, chemin du Long-Champ, dans le marais de Boujean. La zone s&rsquo;est d\u00e9velopp\u00e9e au cours des d\u00e9cennies suivantes pour devenir une importante zone industrielle de Bienne. Le sous-sol \u00e9tait alors lou\u00e9 \u00e0 General Motors, usine automobile \u00e0 Bienne.<\/p>\n<h3>1973<\/h3>\n<p>En 1973, Rudolf Schiess a pu reprendre l&rsquo;entreprise de L\u00e9on Klein. Le nom de L. KLEIN SA \u00e9tait d\u00e9j\u00e0 si connu que le nom de l&rsquo;entreprise n&rsquo;a pas \u00e9t\u00e9 modifi\u00e9.<\/p>\n<h3>1984<\/h3>\n<p>Avec l&rsquo;arriv\u00e9e du fils, Olivier Schiess, en 1984, L. KLEIN SA est pass\u00e9e d&rsquo;une entreprise r\u00e9gionale et suisse \u00e0 une entreprise internationale. Diff\u00e9rentes repr\u00e9sentations ind\u00e9pendantes \u00e0 l&rsquo;\u00e9tranger renforcent ces activit\u00e9s.<\/p>\n<h3>1996<\/h3>\n<p>En 1996, le deuxi\u00e8me fils, Philippe Schiess, rejoint l&rsquo;entreprise. Celle-ci a alors pris rapidement et r\u00e9guli\u00e8rement de l&rsquo;ampleur. Aujourd&rsquo;hui, L. KLEIN SA emploie 18 personnes, ce qui correspond \u00e0 environ 16 postes \u00e0 100%. Les b\u00e2timents et surtout les surfaces de stockage ont \u00e9t\u00e9 r\u00e9guli\u00e8rement construits et agrandis.<\/p>\n<h3>1998<\/h3>\n<p>Depuis 1998, L. KLEIN SA est certifi\u00e9e <strong>ISO 9001<\/strong>.<\/p>\n<h3>2000<\/h3>\n<p>La Schiess Holding AG, \u00e0 laquelle appartient la soci\u00e9t\u00e9 L. KLEIN SA, a \u00e9t\u00e9 fond\u00e9e en 2000. La holding est d\u00e9tenue par Olivier et Philippe Schiess.<\/p>\n<h3>2019<\/h3>\n<p>Depuis qu&rsquo;elle a termin\u00e9 sa formation d&#8217;employ\u00e9e de commerce, C\u00e9line Schiess, la fille d&rsquo;Olivier Schiess, compl\u00e8te l&rsquo;\u00e9quipe en tant que responsable du personnel et des finances.<\/p>\n<\/div><\/div><\/div><\/div><\/div>\n","protected":false},"excerpt":{"rendered":"","protected":false},"author":2,"featured_media":0,"parent":0,"menu_order":0,"comment_status":"closed","ping_status":"closed","template":"","meta":{"_acf_changed":false,"inline_featured_image":false,"footnotes":""},"class_list":["post-52475","page","type-page","status-publish","hentry"],"acf":[],"yoast_head":"<!-- This site is optimized with the Yoast SEO plugin v27.4 - https:\/\/yoast.com\/product\/yoast-seo-wordpress\/ -->\n<title>Histoire - L.Klein SA - Premium Steel and Metals<\/title>\n<meta name=\"robots\" content=\"index, follow, max-snippet:-1, max-image-preview:large, max-video-preview:-1\" \/>\n<link rel=\"canonical\" href=\"https:\/\/www.kleinmetals.ch\/fr\/histoire\/\" \/>\n<meta property=\"og:locale\" content=\"fr_FR\" \/>\n<meta property=\"og:type\" content=\"article\" \/>\n<meta property=\"og:title\" content=\"Histoire - L.Klein SA - Premium Steel and Metals\" \/>\n<meta property=\"og:url\" content=\"https:\/\/www.kleinmetals.ch\/fr\/histoire\/\" \/>\n<meta property=\"og:site_name\" content=\"L.Klein SA - Premium Steel and Metals\" \/>\n<meta property=\"article:modified_time\" content=\"2023-02-07T09:20:47+00:00\" \/>\n<meta property=\"og:image\" content=\"https:\/\/www.kleinmetals.ch\/wp-content\/uploads\/l-klein-sa-1.png\" \/>\n\t<meta property=\"og:image:width\" content=\"1078\" \/>\n\t<meta property=\"og:image:height\" content=\"674\" \/>\n\t<meta property=\"og:image:type\" content=\"image\/png\" \/>\n<meta name=\"twitter:card\" content=\"summary_large_image\" \/>\n<meta name=\"twitter:label1\" content=\"Dur\u00e9e de lecture estim\u00e9e\" \/>\n\t<meta name=\"twitter:data1\" content=\"6 minutes\" \/>\n<script type=\"application\/ld+json\" class=\"yoast-schema-graph\">{\"@context\":\"https:\\\/\\\/schema.org\",\"@graph\":[{\"@type\":\"WebPage\",\"@id\":\"https:\\\/\\\/www.kleinmetals.ch\\\/fr\\\/histoire\\\/\",\"url\":\"https:\\\/\\\/www.kleinmetals.ch\\\/fr\\\/histoire\\\/\",\"name\":\"Histoire - L.Klein SA - Premium Steel and Metals\",\"isPartOf\":{\"@id\":\"https:\\\/\\\/www.kleinmetals.ch\\\/fr\\\/#website\"},\"datePublished\":\"2022-05-05T14:47:53+00:00\",\"dateModified\":\"2023-02-07T09:20:47+00:00\",\"breadcrumb\":{\"@id\":\"https:\\\/\\\/www.kleinmetals.ch\\\/fr\\\/histoire\\\/#breadcrumb\"},\"inLanguage\":\"fr-FR\",\"potentialAction\":[{\"@type\":\"ReadAction\",\"target\":[\"https:\\\/\\\/www.kleinmetals.ch\\\/fr\\\/histoire\\\/\"]}]},{\"@type\":\"BreadcrumbList\",\"@id\":\"https:\\\/\\\/www.kleinmetals.ch\\\/fr\\\/histoire\\\/#breadcrumb\",\"itemListElement\":[{\"@type\":\"ListItem\",\"position\":1,\"name\":\"Home\",\"item\":\"https:\\\/\\\/www.kleinmetals.ch\\\/fr\\\/\"},{\"@type\":\"ListItem\",\"position\":2,\"name\":\"Histoire\"}]},{\"@type\":\"WebSite\",\"@id\":\"https:\\\/\\\/www.kleinmetals.ch\\\/fr\\\/#website\",\"url\":\"https:\\\/\\\/www.kleinmetals.ch\\\/fr\\\/\",\"name\":\"L.Klein AG Edelst\u00e4hle und Metalle\",\"description\":\"Handel mit hochwertigen Edelst\u00e4hlen und metallischen Rohstoffen\",\"publisher\":{\"@id\":\"https:\\\/\\\/www.kleinmetals.ch\\\/fr\\\/#organization\"},\"potentialAction\":[{\"@type\":\"SearchAction\",\"target\":{\"@type\":\"EntryPoint\",\"urlTemplate\":\"https:\\\/\\\/www.kleinmetals.ch\\\/fr\\\/?s={search_term_string}\"},\"query-input\":{\"@type\":\"PropertyValueSpecification\",\"valueRequired\":true,\"valueName\":\"search_term_string\"}}],\"inLanguage\":\"fr-FR\"},{\"@type\":\"Organization\",\"@id\":\"https:\\\/\\\/www.kleinmetals.ch\\\/fr\\\/#organization\",\"name\":\"L. Klein SA\",\"url\":\"https:\\\/\\\/www.kleinmetals.ch\\\/fr\\\/\",\"logo\":{\"@type\":\"ImageObject\",\"inLanguage\":\"fr-FR\",\"@id\":\"https:\\\/\\\/www.kleinmetals.ch\\\/fr\\\/#\\\/schema\\\/logo\\\/image\\\/\",\"url\":\"https:\\\/\\\/www.kleinmetals.ch\\\/wp-content\\\/uploads\\\/L-Klein-SA-Logo.svg\",\"contentUrl\":\"https:\\\/\\\/www.kleinmetals.ch\\\/wp-content\\\/uploads\\\/L-Klein-SA-Logo.svg\",\"width\":275,\"height\":86,\"caption\":\"L. Klein SA\"},\"image\":{\"@id\":\"https:\\\/\\\/www.kleinmetals.ch\\\/fr\\\/#\\\/schema\\\/logo\\\/image\\\/\"},\"sameAs\":[\"https:\\\/\\\/www.linkedin.com\\\/company\\\/l.-klein-sa\\\/\"]}]}<\/script>\n<!-- \/ Yoast SEO plugin. -->","yoast_head_json":{"title":"Histoire - L.Klein SA - Premium Steel and Metals","robots":{"index":"index","follow":"follow","max-snippet":"max-snippet:-1","max-image-preview":"max-image-preview:large","max-video-preview":"max-video-preview:-1"},"canonical":"https:\/\/www.kleinmetals.ch\/fr\/histoire\/","og_locale":"fr_FR","og_type":"article","og_title":"Histoire - L.Klein SA - Premium Steel and Metals","og_url":"https:\/\/www.kleinmetals.ch\/fr\/histoire\/","og_site_name":"L.Klein SA - Premium Steel and Metals","article_modified_time":"2023-02-07T09:20:47+00:00","og_image":[{"width":1078,"height":674,"url":"https:\/\/www.kleinmetals.ch\/wp-content\/uploads\/l-klein-sa-1.png","type":"image\/png"}],"twitter_card":"summary_large_image","twitter_misc":{"Dur\u00e9e de lecture estim\u00e9e":"6 minutes"},"schema":{"@context":"https:\/\/schema.org","@graph":[{"@type":"WebPage","@id":"https:\/\/www.kleinmetals.ch\/fr\/histoire\/","url":"https:\/\/www.kleinmetals.ch\/fr\/histoire\/","name":"Histoire - L.Klein SA - Premium Steel and Metals","isPartOf":{"@id":"https:\/\/www.kleinmetals.ch\/fr\/#website"},"datePublished":"2022-05-05T14:47:53+00:00","dateModified":"2023-02-07T09:20:47+00:00","breadcrumb":{"@id":"https:\/\/www.kleinmetals.ch\/fr\/histoire\/#breadcrumb"},"inLanguage":"fr-FR","potentialAction":[{"@type":"ReadAction","target":["https:\/\/www.kleinmetals.ch\/fr\/histoire\/"]}]},{"@type":"BreadcrumbList","@id":"https:\/\/www.kleinmetals.ch\/fr\/histoire\/#breadcrumb","itemListElement":[{"@type":"ListItem","position":1,"name":"Home","item":"https:\/\/www.kleinmetals.ch\/fr\/"},{"@type":"ListItem","position":2,"name":"Histoire"}]},{"@type":"WebSite","@id":"https:\/\/www.kleinmetals.ch\/fr\/#website","url":"https:\/\/www.kleinmetals.ch\/fr\/","name":"L.Klein AG Edelst\u00e4hle und Metalle","description":"Handel mit hochwertigen Edelst\u00e4hlen und metallischen Rohstoffen","publisher":{"@id":"https:\/\/www.kleinmetals.ch\/fr\/#organization"},"potentialAction":[{"@type":"SearchAction","target":{"@type":"EntryPoint","urlTemplate":"https:\/\/www.kleinmetals.ch\/fr\/?s={search_term_string}"},"query-input":{"@type":"PropertyValueSpecification","valueRequired":true,"valueName":"search_term_string"}}],"inLanguage":"fr-FR"},{"@type":"Organization","@id":"https:\/\/www.kleinmetals.ch\/fr\/#organization","name":"L. Klein SA","url":"https:\/\/www.kleinmetals.ch\/fr\/","logo":{"@type":"ImageObject","inLanguage":"fr-FR","@id":"https:\/\/www.kleinmetals.ch\/fr\/#\/schema\/logo\/image\/","url":"https:\/\/www.kleinmetals.ch\/wp-content\/uploads\/L-Klein-SA-Logo.svg","contentUrl":"https:\/\/www.kleinmetals.ch\/wp-content\/uploads\/L-Klein-SA-Logo.svg","width":275,"height":86,"caption":"L. Klein SA"},"image":{"@id":"https:\/\/www.kleinmetals.ch\/fr\/#\/schema\/logo\/image\/"},"sameAs":["https:\/\/www.linkedin.com\/company\/l.-klein-sa\/"]}]}},"_links":{"self":[{"href":"https:\/\/www.kleinmetals.ch\/fr\/wp-json\/wp\/v2\/pages\/52475","targetHints":{"allow":["GET"]}}],"collection":[{"href":"https:\/\/www.kleinmetals.ch\/fr\/wp-json\/wp\/v2\/pages"}],"about":[{"href":"https:\/\/www.kleinmetals.ch\/fr\/wp-json\/wp\/v2\/types\/page"}],"author":[{"embeddable":true,"href":"https:\/\/www.kleinmetals.ch\/fr\/wp-json\/wp\/v2\/users\/2"}],"replies":[{"embeddable":true,"href":"https:\/\/www.kleinmetals.ch\/fr\/wp-json\/wp\/v2\/comments?post=52475"}],"version-history":[{"count":0,"href":"https:\/\/www.kleinmetals.ch\/fr\/wp-json\/wp\/v2\/pages\/52475\/revisions"}],"wp:attachment":[{"href":"https:\/\/www.kleinmetals.ch\/fr\/wp-json\/wp\/v2\/media?parent=52475"}],"curies":[{"name":"wp","href":"https:\/\/api.w.org\/{rel}","templated":true}]}}