{"id":52487,"date":"2022-05-06T10:37:05","date_gmt":"2022-05-06T08:37:05","guid":{"rendered":"https:\/\/kleinmetals.kreativloft.ch\/lieferanten\/"},"modified":"2024-04-09T15:38:08","modified_gmt":"2024-04-09T13:38:08","slug":"lieferanten-2","status":"publish","type":"page","link":"https:\/\/www.kleinmetals.ch\/fr\/lieferanten-2\/","title":{"rendered":"Fournisseurs"},"content":{"rendered":"<div class=\"fusion-fullwidth fullwidth-box fusion-builder-row-1 fusion-flex-container nonhundred-percent-fullwidth non-hundred-percent-height-scrolling\" style=\"--awb-border-radius-top-left:0px;--awb-border-radius-top-right:0px;--awb-border-radius-bottom-right:0px;--awb-border-radius-bottom-left:0px;--awb-flex-wrap:wrap;\" ><div class=\"fusion-builder-row fusion-row fusion-flex-align-items-flex-start fusion-flex-content-wrap\" style=\"max-width:1456px;margin-left: calc(-4% \/ 2 );margin-right: calc(-4% \/ 2 );\"><div class=\"fusion-layout-column fusion_builder_column fusion-builder-column-0 fusion_builder_column_1_1 1_1 fusion-flex-column\" style=\"--awb-bg-size:cover;--awb-width-large:100%;--awb-margin-top-large:0px;--awb-spacing-right-large:1.92%;--awb-margin-bottom-large:0px;--awb-spacing-left-large:1.92%;--awb-width-medium:100%;--awb-spacing-right-medium:1.92%;--awb-spacing-left-medium:1.92%;--awb-width-small:100%;--awb-spacing-right-small:1.92%;--awb-spacing-left-small:1.92%;\"><div class=\"fusion-column-wrapper fusion-flex-justify-content-flex-start fusion-content-layout-column\"><div class=\"fusion-title title fusion-title-1 fusion-sep-none fusion-title-text fusion-title-size-one\"><h1 class=\"fusion-title-heading title-heading-left fusion-responsive-typography-calculated\" style=\"margin:0;--fontSize:42;--minFontSize:42;line-height:var(--awb-typography1-line-height);\">Nos fournisseurs principaux :<\/h1><\/div><div class=\"fusion-text fusion-text-1\"><p>Notre entreprise entretient des relations de longue date avec ses fournisseurs parfois plus d\u2019un demi-si\u00e8cle. Cette relation repose sur des valeurs cl\u00e9s que les dirigeants de l\u2019entreprise d\u00e9fendent depuis toujours et qu\u2019ils ont su trouver par ailleurs.<\/p>\n<p>Les mati\u00e8res premi\u00e8res, les produits semi-finis ou finis proviennent d\u2019entreprises connues et reconnues pour leur excellence, leur capacit\u00e9 \u00e0 innover, leur sens de l\u2019\u00e9coute, leur responsabilit\u00e9 sociale et environnementale.<\/p>\n<p>Concentr\u00e9s sur leur coeur de m\u00e9tier, les fournisseurs de L. KLEIN SA mettent tout en oeuvre pour r\u00e9pondre aux besoins de leurs clients et r\u00e9aliser leurs projets. Ils sont devenus des partenaires incontournables avec un sens du challenge incontest\u00e9 et chez qui l\u2019entreprise L. KLEIN SA pourra trouver une large gamme de mat\u00e9riaux:<\/p>\n<ul>\n<li>Aciers inoxydables<\/li>\n<li>Alliages au carbone<\/li>\n<li>Alliages cuivreux<\/li>\n<li>Titane<\/li>\n<li>Cobalt<\/li>\n<\/ul>\n<p>Ces fournisseurs maitrisent chaque \u00e9tape de production de leurs produits de la fonderie jusqu\u2019au traitement thermiques leur permettant ainsi d\u2019optimiser les propri\u00e9t\u00e9s des mat\u00e9riaux et de les adapter aux exigences les plus strictes en terme de dimensions mais aussi de formats :<\/p>\n<ul>\n<li>Fils<\/li>\n<li>Barres<\/li>\n<li>T\u00f4les<\/li>\n<\/ul>\n<p>La force d\u2019innovation, la ma\u00eetrise des proc\u00e9d\u00e9s de fabrication des fournisseurs est des piliers importants du succ\u00e8s de notre entreprise et c\u2019est confiance. De plus, les \u00e9quipes des fournisseurs m\u00e8nent \u00e0 bien une politique d\u2019am\u00e9lioration continue pour proposer les plus hauts niveaux de service et de qualit\u00e9.<\/p>\n<p>Nous reconnaissons en nos fournisseurs les efforts qu\u2019ils engagent pour r\u00e9duire l\u2019empreinte carbone, limiter la consommation de ressources naturelles et ainsi veiller \u00e0 la protection de l\u2019environnement. Les moyens d\u00e9velopp\u00e9s par ailleurs chez les fournisseurs pour la s\u00e9curit\u00e9 des \u00e9quipes, la gestion des comp\u00e9tences et la participation \u00e0 l\u2019effort collectif sont appr\u00e9ci\u00e9s par les dirigeants de L. KLEIN SA et viennent renforcer d\u2019ann\u00e9e en ann\u00e9e la confiance et l\u2019estime qu\u2019ils leur portent.<\/p>\n<\/div><div class=\"awb-gallery-wrapper awb-gallery-wrapper-1 button-span-no\" style=\"--more-btn-alignment:center;\"><div style=\"margin:-5px;--awb-bordersize:0px;\" class=\"fusion-gallery fusion-gallery-container fusion-grid-5 fusion-columns-total-8 fusion-gallery-layout-grid fusion-gallery-1\"><div style=\"padding:5px;\" class=\"fusion-grid-column fusion-gallery-column fusion-gallery-column-5 hover-type-none\"><div class=\"fusion-gallery-image\"><img loading=\"lazy\" decoding=\"async\" src=\"https:\/\/www.kleinmetals.ch\/wp-content\/uploads\/zapp.jpg\" width=\"400\" height=\"400\" alt=\"\" title=\"zapp\" aria-label=\"zapp\" class=\"img-responsive wp-image-62854\" srcset=\"https:\/\/www.kleinmetals.ch\/wp-content\/uploads\/zapp-200x200.jpg 200w, https:\/\/www.kleinmetals.ch\/wp-content\/uploads\/zapp.jpg 400w\" sizes=\"auto, (min-width: 2200px) 100vw, (min-width: 922px) 276px, (min-width: 851px) 345px, (min-width: 781px) 460px, (min-width: 710px) 690px, (min-width: 640px) 710px, \" \/><\/div><\/div><div style=\"padding:5px;\" class=\"fusion-grid-column fusion-gallery-column fusion-gallery-column-5 hover-type-none\"><div class=\"fusion-gallery-image\"><img loading=\"lazy\" decoding=\"async\" src=\"https:\/\/www.kleinmetals.ch\/wp-content\/uploads\/carpenter.jpg\" width=\"400\" height=\"400\" alt=\"\" title=\"carpenter\" aria-label=\"carpenter\" class=\"img-responsive wp-image-62842\" srcset=\"https:\/\/www.kleinmetals.ch\/wp-content\/uploads\/carpenter-200x200.jpg 200w, https:\/\/www.kleinmetals.ch\/wp-content\/uploads\/carpenter.jpg 400w\" sizes=\"auto, (min-width: 2200px) 100vw, (min-width: 922px) 276px, (min-width: 851px) 345px, (min-width: 781px) 460px, (min-width: 710px) 690px, (min-width: 640px) 710px, \" \/><\/div><\/div><div style=\"padding:5px;\" class=\"fusion-grid-column fusion-gallery-column fusion-gallery-column-5 hover-type-none\"><div class=\"fusion-gallery-image\"><img loading=\"lazy\" decoding=\"async\" src=\"https:\/\/www.kleinmetals.ch\/wp-content\/uploads\/bgh.jpg\" width=\"400\" height=\"400\" alt=\"\" title=\"bgh\" aria-label=\"bgh\" class=\"img-responsive wp-image-62839\" srcset=\"https:\/\/www.kleinmetals.ch\/wp-content\/uploads\/bgh-200x200.jpg 200w, https:\/\/www.kleinmetals.ch\/wp-content\/uploads\/bgh.jpg 400w\" sizes=\"auto, (min-width: 2200px) 100vw, (min-width: 922px) 276px, (min-width: 851px) 345px, (min-width: 781px) 460px, (min-width: 710px) 690px, (min-width: 640px) 710px, \" \/><\/div><\/div><div style=\"padding:5px;\" class=\"fusion-grid-column fusion-gallery-column fusion-gallery-column-5 hover-type-none\"><div class=\"fusion-gallery-image\"><img loading=\"lazy\" decoding=\"async\" src=\"https:\/\/www.kleinmetals.ch\/wp-content\/uploads\/lebronze_alloys.jpg\" width=\"400\" height=\"400\" alt=\"\" title=\"lebronze_alloys\" aria-label=\"lebronze_alloys\" class=\"img-responsive wp-image-62848\" srcset=\"https:\/\/www.kleinmetals.ch\/wp-content\/uploads\/lebronze_alloys-200x200.jpg 200w, https:\/\/www.kleinmetals.ch\/wp-content\/uploads\/lebronze_alloys.jpg 400w\" sizes=\"auto, (min-width: 2200px) 100vw, (min-width: 922px) 276px, (min-width: 851px) 345px, (min-width: 781px) 460px, (min-width: 710px) 690px, (min-width: 640px) 710px, \" \/><\/div><\/div><div style=\"padding:5px;\" class=\"fusion-grid-column fusion-gallery-column fusion-gallery-column-5 hover-type-none\"><div class=\"fusion-gallery-image\"><img loading=\"lazy\" decoding=\"async\" src=\"https:\/\/www.kleinmetals.ch\/wp-content\/uploads\/grieshaber.jpg\" width=\"400\" height=\"400\" alt=\"\" title=\"grieshaber\" aria-label=\"grieshaber\" class=\"img-responsive wp-image-62845\" srcset=\"https:\/\/www.kleinmetals.ch\/wp-content\/uploads\/grieshaber-200x200.jpg 200w, https:\/\/www.kleinmetals.ch\/wp-content\/uploads\/grieshaber.jpg 400w\" sizes=\"auto, (min-width: 2200px) 100vw, (min-width: 922px) 276px, (min-width: 851px) 345px, (min-width: 781px) 460px, (min-width: 710px) 690px, (min-width: 640px) 710px, \" \/><\/div><\/div><div class=\"clearfix\"><\/div><div style=\"padding:5px;\" class=\"fusion-grid-column fusion-gallery-column fusion-gallery-column-5 hover-type-none\"><div class=\"fusion-gallery-image\"><img loading=\"lazy\" decoding=\"async\" src=\"https:\/\/www.kleinmetals.ch\/wp-content\/uploads\/platestahl.jpg\" width=\"400\" height=\"400\" alt=\"\" title=\"platestahl\" aria-label=\"platestahl\" class=\"img-responsive wp-image-62851\" srcset=\"https:\/\/www.kleinmetals.ch\/wp-content\/uploads\/platestahl-200x200.jpg 200w, https:\/\/www.kleinmetals.ch\/wp-content\/uploads\/platestahl.jpg 400w\" sizes=\"auto, (min-width: 2200px) 100vw, (min-width: 922px) 276px, (min-width: 851px) 345px, (min-width: 781px) 460px, (min-width: 710px) 690px, (min-width: 640px) 710px, \" \/><\/div><\/div><div style=\"padding:5px;\" class=\"fusion-grid-column fusion-gallery-column fusion-gallery-column-5 hover-type-none\"><div class=\"fusion-gallery-image\"><img loading=\"lazy\" decoding=\"async\" src=\"https:\/\/www.kleinmetals.ch\/wp-content\/uploads\/swissmetal.jpg\" width=\"400\" height=\"400\" alt=\"\" title=\"swissmetal\" aria-label=\"swissmetal\" class=\"img-responsive wp-image-72166\" srcset=\"https:\/\/www.kleinmetals.ch\/wp-content\/uploads\/swissmetal-200x200.jpg 200w, https:\/\/www.kleinmetals.ch\/wp-content\/uploads\/swissmetal.jpg 400w\" sizes=\"auto, (min-width: 2200px) 100vw, (min-width: 922px) 276px, (min-width: 851px) 345px, (min-width: 781px) 460px, (min-width: 710px) 690px, (min-width: 640px) 710px, \" \/><\/div><\/div><div style=\"padding:5px;\" class=\"fusion-grid-column fusion-gallery-column fusion-gallery-column-5 hover-type-none\"><div class=\"fusion-gallery-image\"><a href=\"https:\/\/swisssteel-group.com\/de\" target=\"_blank\"><img loading=\"lazy\" decoding=\"async\" src=\"https:\/\/www.kleinmetals.ch\/wp-content\/uploads\/swisssteel.jpg\" width=\"300\" height=\"197\" alt=\"\" title=\"swisssteel\" aria-label=\"swisssteel\" class=\"img-responsive wp-image-170899\" srcset=\"https:\/\/www.kleinmetals.ch\/wp-content\/uploads\/swisssteel-200x131.jpg 200w, https:\/\/www.kleinmetals.ch\/wp-content\/uploads\/swisssteel.jpg 300w\" sizes=\"auto, (min-width: 2200px) 100vw, (min-width: 922px) 276px, (min-width: 851px) 345px, (min-width: 781px) 460px, (min-width: 710px) 690px, (min-width: 640px) 710px, \" \/><\/a><\/div><\/div><\/div><\/div>\n<\/div><\/div><\/div><\/div>\n","protected":false},"excerpt":{"rendered":"","protected":false},"author":2,"featured_media":61601,"parent":0,"menu_order":0,"comment_status":"closed","ping_status":"closed","template":"","meta":{"_acf_changed":false,"inline_featured_image":false,"footnotes":""},"class_list":["post-52487","page","type-page","status-publish","has-post-thumbnail","hentry"],"acf":[],"yoast_head":"<!-- This site is optimized with the Yoast SEO plugin v27.4 - https:\/\/yoast.com\/product\/yoast-seo-wordpress\/ -->\n<title>Fournisseurs - L.Klein SA - Premium Steel and Metals<\/title>\n<meta name=\"robots\" content=\"index, follow, max-snippet:-1, max-image-preview:large, max-video-preview:-1\" \/>\n<link rel=\"canonical\" href=\"https:\/\/www.kleinmetals.ch\/fr\/lieferanten-2\/\" \/>\n<meta property=\"og:locale\" content=\"fr_FR\" \/>\n<meta property=\"og:type\" content=\"article\" \/>\n<meta property=\"og:title\" content=\"Fournisseurs - L.Klein SA - Premium Steel and Metals\" \/>\n<meta property=\"og:url\" content=\"https:\/\/www.kleinmetals.ch\/fr\/lieferanten-2\/\" \/>\n<meta property=\"og:site_name\" content=\"L.Klein SA - Premium Steel and Metals\" \/>\n<meta property=\"article:modified_time\" content=\"2024-04-09T13:38:08+00:00\" \/>\n<meta property=\"og:image\" content=\"https:\/\/www.kleinmetals.ch\/wp-content\/uploads\/stabmaterial.jpg\" \/>\n\t<meta property=\"og:image:width\" content=\"2560\" \/>\n\t<meta property=\"og:image:height\" content=\"1000\" \/>\n\t<meta property=\"og:image:type\" content=\"image\/jpeg\" \/>\n<meta name=\"twitter:card\" content=\"summary_large_image\" \/>\n<meta name=\"twitter:label1\" content=\"Dur\u00e9e de lecture estim\u00e9e\" \/>\n\t<meta name=\"twitter:data1\" content=\"4 minutes\" \/>\n<script type=\"application\/ld+json\" class=\"yoast-schema-graph\">{\"@context\":\"https:\\\/\\\/schema.org\",\"@graph\":[{\"@type\":\"WebPage\",\"@id\":\"https:\\\/\\\/www.kleinmetals.ch\\\/fr\\\/lieferanten-2\\\/\",\"url\":\"https:\\\/\\\/www.kleinmetals.ch\\\/fr\\\/lieferanten-2\\\/\",\"name\":\"Fournisseurs - L.Klein SA - Premium Steel and Metals\",\"isPartOf\":{\"@id\":\"https:\\\/\\\/www.kleinmetals.ch\\\/fr\\\/#website\"},\"primaryImageOfPage\":{\"@id\":\"https:\\\/\\\/www.kleinmetals.ch\\\/fr\\\/lieferanten-2\\\/#primaryimage\"},\"image\":{\"@id\":\"https:\\\/\\\/www.kleinmetals.ch\\\/fr\\\/lieferanten-2\\\/#primaryimage\"},\"thumbnailUrl\":\"https:\\\/\\\/www.kleinmetals.ch\\\/wp-content\\\/uploads\\\/stabmaterial.jpg\",\"datePublished\":\"2022-05-06T08:37:05+00:00\",\"dateModified\":\"2024-04-09T13:38:08+00:00\",\"breadcrumb\":{\"@id\":\"https:\\\/\\\/www.kleinmetals.ch\\\/fr\\\/lieferanten-2\\\/#breadcrumb\"},\"inLanguage\":\"fr-FR\",\"potentialAction\":[{\"@type\":\"ReadAction\",\"target\":[\"https:\\\/\\\/www.kleinmetals.ch\\\/fr\\\/lieferanten-2\\\/\"]}]},{\"@type\":\"ImageObject\",\"inLanguage\":\"fr-FR\",\"@id\":\"https:\\\/\\\/www.kleinmetals.ch\\\/fr\\\/lieferanten-2\\\/#primaryimage\",\"url\":\"https:\\\/\\\/www.kleinmetals.ch\\\/wp-content\\\/uploads\\\/stabmaterial.jpg\",\"contentUrl\":\"https:\\\/\\\/www.kleinmetals.ch\\\/wp-content\\\/uploads\\\/stabmaterial.jpg\",\"width\":2560,\"height\":1000},{\"@type\":\"BreadcrumbList\",\"@id\":\"https:\\\/\\\/www.kleinmetals.ch\\\/fr\\\/lieferanten-2\\\/#breadcrumb\",\"itemListElement\":[{\"@type\":\"ListItem\",\"position\":1,\"name\":\"Home\",\"item\":\"https:\\\/\\\/www.kleinmetals.ch\\\/fr\\\/\"},{\"@type\":\"ListItem\",\"position\":2,\"name\":\"Fournisseurs\"}]},{\"@type\":\"WebSite\",\"@id\":\"https:\\\/\\\/www.kleinmetals.ch\\\/fr\\\/#website\",\"url\":\"https:\\\/\\\/www.kleinmetals.ch\\\/fr\\\/\",\"name\":\"L.Klein AG Edelst\u00e4hle und Metalle\",\"description\":\"Handel mit hochwertigen Edelst\u00e4hlen und metallischen Rohstoffen\",\"publisher\":{\"@id\":\"https:\\\/\\\/www.kleinmetals.ch\\\/fr\\\/#organization\"},\"potentialAction\":[{\"@type\":\"SearchAction\",\"target\":{\"@type\":\"EntryPoint\",\"urlTemplate\":\"https:\\\/\\\/www.kleinmetals.ch\\\/fr\\\/?s={search_term_string}\"},\"query-input\":{\"@type\":\"PropertyValueSpecification\",\"valueRequired\":true,\"valueName\":\"search_term_string\"}}],\"inLanguage\":\"fr-FR\"},{\"@type\":\"Organization\",\"@id\":\"https:\\\/\\\/www.kleinmetals.ch\\\/fr\\\/#organization\",\"name\":\"L. Klein SA\",\"url\":\"https:\\\/\\\/www.kleinmetals.ch\\\/fr\\\/\",\"logo\":{\"@type\":\"ImageObject\",\"inLanguage\":\"fr-FR\",\"@id\":\"https:\\\/\\\/www.kleinmetals.ch\\\/fr\\\/#\\\/schema\\\/logo\\\/image\\\/\",\"url\":\"https:\\\/\\\/www.kleinmetals.ch\\\/wp-content\\\/uploads\\\/L-Klein-SA-Logo.svg\",\"contentUrl\":\"https:\\\/\\\/www.kleinmetals.ch\\\/wp-content\\\/uploads\\\/L-Klein-SA-Logo.svg\",\"width\":275,\"height\":86,\"caption\":\"L. Klein SA\"},\"image\":{\"@id\":\"https:\\\/\\\/www.kleinmetals.ch\\\/fr\\\/#\\\/schema\\\/logo\\\/image\\\/\"},\"sameAs\":[\"https:\\\/\\\/www.linkedin.com\\\/company\\\/l.-klein-sa\\\/\"]}]}<\/script>\n<!-- \/ Yoast SEO plugin. -->","yoast_head_json":{"title":"Fournisseurs - L.Klein SA - Premium Steel and Metals","robots":{"index":"index","follow":"follow","max-snippet":"max-snippet:-1","max-image-preview":"max-image-preview:large","max-video-preview":"max-video-preview:-1"},"canonical":"https:\/\/www.kleinmetals.ch\/fr\/lieferanten-2\/","og_locale":"fr_FR","og_type":"article","og_title":"Fournisseurs - L.Klein SA - Premium Steel and Metals","og_url":"https:\/\/www.kleinmetals.ch\/fr\/lieferanten-2\/","og_site_name":"L.Klein SA - Premium Steel and Metals","article_modified_time":"2024-04-09T13:38:08+00:00","og_image":[{"width":2560,"height":1000,"url":"https:\/\/www.kleinmetals.ch\/wp-content\/uploads\/stabmaterial.jpg","type":"image\/jpeg"}],"twitter_card":"summary_large_image","twitter_misc":{"Dur\u00e9e de lecture estim\u00e9e":"4 minutes"},"schema":{"@context":"https:\/\/schema.org","@graph":[{"@type":"WebPage","@id":"https:\/\/www.kleinmetals.ch\/fr\/lieferanten-2\/","url":"https:\/\/www.kleinmetals.ch\/fr\/lieferanten-2\/","name":"Fournisseurs - L.Klein SA - Premium Steel and Metals","isPartOf":{"@id":"https:\/\/www.kleinmetals.ch\/fr\/#website"},"primaryImageOfPage":{"@id":"https:\/\/www.kleinmetals.ch\/fr\/lieferanten-2\/#primaryimage"},"image":{"@id":"https:\/\/www.kleinmetals.ch\/fr\/lieferanten-2\/#primaryimage"},"thumbnailUrl":"https:\/\/www.kleinmetals.ch\/wp-content\/uploads\/stabmaterial.jpg","datePublished":"2022-05-06T08:37:05+00:00","dateModified":"2024-04-09T13:38:08+00:00","breadcrumb":{"@id":"https:\/\/www.kleinmetals.ch\/fr\/lieferanten-2\/#breadcrumb"},"inLanguage":"fr-FR","potentialAction":[{"@type":"ReadAction","target":["https:\/\/www.kleinmetals.ch\/fr\/lieferanten-2\/"]}]},{"@type":"ImageObject","inLanguage":"fr-FR","@id":"https:\/\/www.kleinmetals.ch\/fr\/lieferanten-2\/#primaryimage","url":"https:\/\/www.kleinmetals.ch\/wp-content\/uploads\/stabmaterial.jpg","contentUrl":"https:\/\/www.kleinmetals.ch\/wp-content\/uploads\/stabmaterial.jpg","width":2560,"height":1000},{"@type":"BreadcrumbList","@id":"https:\/\/www.kleinmetals.ch\/fr\/lieferanten-2\/#breadcrumb","itemListElement":[{"@type":"ListItem","position":1,"name":"Home","item":"https:\/\/www.kleinmetals.ch\/fr\/"},{"@type":"ListItem","position":2,"name":"Fournisseurs"}]},{"@type":"WebSite","@id":"https:\/\/www.kleinmetals.ch\/fr\/#website","url":"https:\/\/www.kleinmetals.ch\/fr\/","name":"L.Klein AG Edelst\u00e4hle und Metalle","description":"Handel mit hochwertigen Edelst\u00e4hlen und metallischen Rohstoffen","publisher":{"@id":"https:\/\/www.kleinmetals.ch\/fr\/#organization"},"potentialAction":[{"@type":"SearchAction","target":{"@type":"EntryPoint","urlTemplate":"https:\/\/www.kleinmetals.ch\/fr\/?s={search_term_string}"},"query-input":{"@type":"PropertyValueSpecification","valueRequired":true,"valueName":"search_term_string"}}],"inLanguage":"fr-FR"},{"@type":"Organization","@id":"https:\/\/www.kleinmetals.ch\/fr\/#organization","name":"L. Klein SA","url":"https:\/\/www.kleinmetals.ch\/fr\/","logo":{"@type":"ImageObject","inLanguage":"fr-FR","@id":"https:\/\/www.kleinmetals.ch\/fr\/#\/schema\/logo\/image\/","url":"https:\/\/www.kleinmetals.ch\/wp-content\/uploads\/L-Klein-SA-Logo.svg","contentUrl":"https:\/\/www.kleinmetals.ch\/wp-content\/uploads\/L-Klein-SA-Logo.svg","width":275,"height":86,"caption":"L. Klein SA"},"image":{"@id":"https:\/\/www.kleinmetals.ch\/fr\/#\/schema\/logo\/image\/"},"sameAs":["https:\/\/www.linkedin.com\/company\/l.-klein-sa\/"]}]}},"_links":{"self":[{"href":"https:\/\/www.kleinmetals.ch\/fr\/wp-json\/wp\/v2\/pages\/52487","targetHints":{"allow":["GET"]}}],"collection":[{"href":"https:\/\/www.kleinmetals.ch\/fr\/wp-json\/wp\/v2\/pages"}],"about":[{"href":"https:\/\/www.kleinmetals.ch\/fr\/wp-json\/wp\/v2\/types\/page"}],"author":[{"embeddable":true,"href":"https:\/\/www.kleinmetals.ch\/fr\/wp-json\/wp\/v2\/users\/2"}],"replies":[{"embeddable":true,"href":"https:\/\/www.kleinmetals.ch\/fr\/wp-json\/wp\/v2\/comments?post=52487"}],"version-history":[{"count":0,"href":"https:\/\/www.kleinmetals.ch\/fr\/wp-json\/wp\/v2\/pages\/52487\/revisions"}],"wp:featuredmedia":[{"embeddable":true,"href":"https:\/\/www.kleinmetals.ch\/fr\/wp-json\/wp\/v2\/media\/61601"}],"wp:attachment":[{"href":"https:\/\/www.kleinmetals.ch\/fr\/wp-json\/wp\/v2\/media?parent=52487"}],"curies":[{"name":"wp","href":"https:\/\/api.w.org\/{rel}","templated":true}]}}