{"id":52511,"date":"2022-05-05T15:48:41","date_gmt":"2022-05-05T13:48:41","guid":{"rendered":"https:\/\/kleinmetals.kreativloft.ch\/ueber-uns\/"},"modified":"2025-04-14T14:49:23","modified_gmt":"2025-04-14T12:49:23","slug":"portrait","status":"publish","type":"page","link":"https:\/\/www.kleinmetals.ch\/fr\/portrait\/","title":{"rendered":"Portrait"},"content":{"rendered":"<div class=\"fusion-fullwidth fullwidth-box fusion-builder-row-1 fusion-flex-container nonhundred-percent-fullwidth non-hundred-percent-height-scrolling\" style=\"--awb-border-radius-top-left:0px;--awb-border-radius-top-right:0px;--awb-border-radius-bottom-right:0px;--awb-border-radius-bottom-left:0px;--awb-flex-wrap:wrap;\" ><div class=\"fusion-builder-row fusion-row fusion-flex-align-items-flex-start fusion-flex-content-wrap\" style=\"max-width:1456px;margin-left: calc(-4% \/ 2 );margin-right: calc(-4% \/ 2 );\"><div class=\"fusion-layout-column fusion_builder_column fusion-builder-column-0 fusion_builder_column_1_1 1_1 fusion-flex-column\" style=\"--awb-bg-size:cover;--awb-width-large:100%;--awb-margin-top-large:0px;--awb-spacing-right-large:1.92%;--awb-margin-bottom-large:0px;--awb-spacing-left-large:1.92%;--awb-width-medium:100%;--awb-spacing-right-medium:1.92%;--awb-spacing-left-medium:1.92%;--awb-width-small:100%;--awb-spacing-right-small:1.92%;--awb-spacing-left-small:1.92%;\"><div class=\"fusion-column-wrapper fusion-flex-justify-content-flex-start fusion-content-layout-column\"><div class=\"fusion-title title fusion-title-1 fusion-sep-none fusion-title-text fusion-title-size-one\"><h1 class=\"fusion-title-heading title-heading-left fusion-responsive-typography-calculated\" style=\"margin:0;--fontSize:42;--minFontSize:42;line-height:var(--awb-typography1-line-height);\">Portrait<\/h1><\/div><div class=\"fusion-video fusion-selfhosted-video\" style=\"max-width:100%;\"><div class=\"video-wrapper\"><video playsinline=\"true\" width=\"100%\" style=\"object-fit: cover;\" muted=\"true\" preload=\"auto\" controls=\"1\"><source src=\"https:\/\/kleinmetals.ch\/wp-content\/uploads\/Final_subs_1.mp4\" type=\"video\/mp4\">Sorry, your browser doesn&#039;t support embedded videos.<\/video><\/div><\/div><div class=\"fusion-text fusion-text-1\"><p><strong>Depuis 1946,<\/strong> L. KLEIN SA contribue \u00e0 \u00e9crire l\u2019histoire de l\u2019artisanat de pr\u00e9cision suisse. En tant qu\u2019<strong>entreprise familiale de troisi\u00e8me g\u00e9n\u00e9ration<\/strong>, nous allions des racines profondes \u00e0 Bienne\/Biel \u00e0 une vision r\u00e9solument tourn\u00e9e vers l\u2019avenir. C\u2019est dans cet \u00e9quilibre que r\u00e9side notre force\u202f: pr\u00e9server des valeurs \u00e9prouv\u00e9es tout en empruntant courageusement de nouvelles voies. Notre philosophie\u202f: <strong>\u00ab\u202fNous sommes tout simplement diff\u00e9rents.\u202f\u00bb<\/strong><\/p>\n<h2>La durabilit\u00e9 comme principe de vie<\/h2>\n<p>Bien avant que \u00ab\u202fl\u2019\u00e9conomie verte\u202f\u00bb ne devienne une tendance, nous avons assum\u00e9 nos responsabilit\u00e9s. Notre b\u00e2timent en est le t\u00e9moin\u202f: construit en <strong>bois<\/strong>, con\u00e7u pour r\u00e9cup\u00e9rer intelligemment <strong>l\u2019eau de pluie<\/strong>, et aliment\u00e9 par<strong> l\u2019\u00e9nergie solaire<\/strong>. Pour nous, la durabilit\u00e9 n\u2019est pas un slogan marketing, mais une pratique quotidienne \u2013 un engagement envers la nature et les g\u00e9n\u00e9rations futures.<\/p>\n<p>Ce principe profond\u00e9ment ancr\u00e9 dans notre culture d\u2019entreprise se ressent dans chaque contact avec nous. Notre <a href=\"https:\/\/www.kleinmetals.ch\/fr\/philosophie\/\">philosophie d\u2019entreprise<\/a> et notre article de blog <a href=\"https:\/\/www.kleinmetals.ch\/fr\/le-cycle-de-la-durabilite\/\">\u00ab\u202fLe cycle de la durabilit\u00e9\u202f\u00bb<\/a> vous offrent une perspective plus approfondie de notre approche globale.<\/p>\n<h2>Les personnes font la diff\u00e9rence<\/h2>\n<p>Derri\u00e8re chaque pi\u00e8ce m\u00e9tallique parfaite se trouvent des personnes <strong>passionn\u00e9es, comp\u00e9tentes et engag\u00e9es<\/strong>. Environ 20 collaborateurs fa\u00e7onnent L. KLEIN SA avec leurs talents uniques \u2013 de l\u2019exp\u00e9rience pr\u00e9cieuse de nos coll\u00e8gues de longue date \u00e0 la vision innovante de la jeune g\u00e9n\u00e9ration.<\/p>\n<p>Dans notre entreprise familiale, nous vivons une culture de <strong>reconnaissance<\/strong> o\u00f9 la <strong>confiance<\/strong> est la base \u2013 tant en interne qu\u2019avec nos clients. Nombre de nos <strong>relations commerciales durent depuis des<\/strong> <strong>d\u00e9cennies<\/strong> et se sont transform\u00e9es en v\u00e9ritables partenariats \u2013 dans les secteurs de l\u2019automobile, de l\u2019\u00e9lectronique, de la dentisterie et de l\u2019horlogerie. Ensemble, nous d\u00e9veloppons des solutions qui font r\u00e9ellement la diff\u00e9rence.<\/p>\n<h2>Ancr\u00e9s localement \u2013 connect\u00e9s au monde<\/h2>\n<p>La proximit\u00e9 est pour nous un principe de qualit\u00e9 fondamental, qui agit \u00e0 plusieurs niveaux. Solidement enracin\u00e9s \u00e0 Bienne\/Biel tout en \u00e9tant ouverts sur le monde, nous accompagnons nos clients dans plus de <strong>40 pays<\/strong> avec une attention personnalis\u00e9e. Notre <strong>conseil multilingue<\/strong> \u2013 en allemand, fran\u00e7ais, anglais et italien \u2013 cr\u00e9e des liens authentiques entre les personnes, au-del\u00e0 des distances g\u00e9ographiques.<\/p>\n<p>Cette proximit\u00e9 se retrouve aussi dans notre gestion des mat\u00e9riaux, dont nous connaissons les propri\u00e9t\u00e9s jusque dans les moindres d\u00e9tails. Notre <strong>syst\u00e8me de stockage transparent<\/strong> <strong>garantit une tra\u00e7abilit\u00e9 compl\u00e8te<\/strong>, de la source jusqu\u2019au produit final. Vous savez ainsi \u00e0 tout moment d\u2019o\u00f9 provient votre mat\u00e9riau et comment il r\u00e9pond parfaitement \u00e0 vos exigences. Cette combinaison de proximit\u00e9 humaine et de <strong>pr\u00e9cision m\u00e9tallurgique<\/strong> constitue la base de partenariats durables.<\/p>\n<p>Plus de <strong>4\u2019000 articles<\/strong> en plus de <strong>50 qualit\u00e9s de mat\u00e9riaux<\/strong> \u2013 chacun d\u2019eux est une promesse de pr\u00e9cision absolue. Nous sommes sp\u00e9cialis\u00e9s dans les gradations fines, les dimensions minimales et les sections rondes aux tailles interm\u00e9diaires sur mesure. Cet amour intransigeant du d\u00e9tail est notre signature.<\/p>\n<h3>Parlons-en<\/h3>\n<p>Vous avez un projet particulier en t\u00eate\u202f? Ou vous souhaitez simplement en savoir plus sur notre approche et notre philosophie\u202f? N\u2019h\u00e9sitez pas \u00e0 nous contacter \u2013 nous serions ravis de faire votre connaissance et de red\u00e9finir ensemble la notion de pr\u00e9cision.<\/p>\n<\/div><\/div><\/div><\/div><\/div>\n","protected":false},"excerpt":{"rendered":"","protected":false},"author":2,"featured_media":61583,"parent":0,"menu_order":0,"comment_status":"closed","ping_status":"closed","template":"","meta":{"_acf_changed":false,"inline_featured_image":false,"footnotes":""},"class_list":["post-52511","page","type-page","status-publish","has-post-thumbnail","hentry"],"acf":[],"yoast_head":"<!-- This site is optimized with the Yoast SEO plugin v27.4 - https:\/\/yoast.com\/product\/yoast-seo-wordpress\/ -->\n<title>Portrait - L.Klein SA - Premium Steel and Metals<\/title>\n<meta name=\"robots\" content=\"index, follow, max-snippet:-1, max-image-preview:large, max-video-preview:-1\" \/>\n<link rel=\"canonical\" href=\"https:\/\/www.kleinmetals.ch\/fr\/portrait\/\" \/>\n<meta property=\"og:locale\" content=\"fr_FR\" \/>\n<meta property=\"og:type\" content=\"article\" \/>\n<meta property=\"og:title\" content=\"Portrait - L.Klein SA - Premium Steel and Metals\" \/>\n<meta property=\"og:url\" content=\"https:\/\/www.kleinmetals.ch\/fr\/portrait\/\" \/>\n<meta property=\"og:site_name\" content=\"L.Klein SA - Premium Steel and Metals\" \/>\n<meta property=\"article:modified_time\" content=\"2025-04-14T12:49:23+00:00\" \/>\n<meta property=\"og:image\" content=\"https:\/\/www.kleinmetals.ch\/wp-content\/uploads\/lager_2.jpg\" \/>\n\t<meta property=\"og:image:width\" content=\"2560\" \/>\n\t<meta property=\"og:image:height\" content=\"979\" \/>\n\t<meta property=\"og:image:type\" content=\"image\/jpeg\" \/>\n<meta name=\"twitter:card\" content=\"summary_large_image\" \/>\n<meta name=\"twitter:label1\" content=\"Dur\u00e9e de lecture estim\u00e9e\" \/>\n\t<meta name=\"twitter:data1\" content=\"3 minutes\" \/>\n<script type=\"application\/ld+json\" class=\"yoast-schema-graph\">{\"@context\":\"https:\\\/\\\/schema.org\",\"@graph\":[{\"@type\":\"WebPage\",\"@id\":\"https:\\\/\\\/www.kleinmetals.ch\\\/fr\\\/portrait\\\/\",\"url\":\"https:\\\/\\\/www.kleinmetals.ch\\\/fr\\\/portrait\\\/\",\"name\":\"Portrait - L.Klein SA - Premium Steel and Metals\",\"isPartOf\":{\"@id\":\"https:\\\/\\\/www.kleinmetals.ch\\\/fr\\\/#website\"},\"primaryImageOfPage\":{\"@id\":\"https:\\\/\\\/www.kleinmetals.ch\\\/fr\\\/portrait\\\/#primaryimage\"},\"image\":{\"@id\":\"https:\\\/\\\/www.kleinmetals.ch\\\/fr\\\/portrait\\\/#primaryimage\"},\"thumbnailUrl\":\"https:\\\/\\\/www.kleinmetals.ch\\\/wp-content\\\/uploads\\\/lager_2.jpg\",\"datePublished\":\"2022-05-05T13:48:41+00:00\",\"dateModified\":\"2025-04-14T12:49:23+00:00\",\"breadcrumb\":{\"@id\":\"https:\\\/\\\/www.kleinmetals.ch\\\/fr\\\/portrait\\\/#breadcrumb\"},\"inLanguage\":\"fr-FR\",\"potentialAction\":[{\"@type\":\"ReadAction\",\"target\":[\"https:\\\/\\\/www.kleinmetals.ch\\\/fr\\\/portrait\\\/\"]}]},{\"@type\":\"ImageObject\",\"inLanguage\":\"fr-FR\",\"@id\":\"https:\\\/\\\/www.kleinmetals.ch\\\/fr\\\/portrait\\\/#primaryimage\",\"url\":\"https:\\\/\\\/www.kleinmetals.ch\\\/wp-content\\\/uploads\\\/lager_2.jpg\",\"contentUrl\":\"https:\\\/\\\/www.kleinmetals.ch\\\/wp-content\\\/uploads\\\/lager_2.jpg\",\"width\":2560,\"height\":979},{\"@type\":\"BreadcrumbList\",\"@id\":\"https:\\\/\\\/www.kleinmetals.ch\\\/fr\\\/portrait\\\/#breadcrumb\",\"itemListElement\":[{\"@type\":\"ListItem\",\"position\":1,\"name\":\"Home\",\"item\":\"https:\\\/\\\/www.kleinmetals.ch\\\/fr\\\/\"},{\"@type\":\"ListItem\",\"position\":2,\"name\":\"Portrait\"}]},{\"@type\":\"WebSite\",\"@id\":\"https:\\\/\\\/www.kleinmetals.ch\\\/fr\\\/#website\",\"url\":\"https:\\\/\\\/www.kleinmetals.ch\\\/fr\\\/\",\"name\":\"L.Klein AG Edelst\u00e4hle und Metalle\",\"description\":\"Handel mit hochwertigen Edelst\u00e4hlen und metallischen Rohstoffen\",\"publisher\":{\"@id\":\"https:\\\/\\\/www.kleinmetals.ch\\\/fr\\\/#organization\"},\"potentialAction\":[{\"@type\":\"SearchAction\",\"target\":{\"@type\":\"EntryPoint\",\"urlTemplate\":\"https:\\\/\\\/www.kleinmetals.ch\\\/fr\\\/?s={search_term_string}\"},\"query-input\":{\"@type\":\"PropertyValueSpecification\",\"valueRequired\":true,\"valueName\":\"search_term_string\"}}],\"inLanguage\":\"fr-FR\"},{\"@type\":\"Organization\",\"@id\":\"https:\\\/\\\/www.kleinmetals.ch\\\/fr\\\/#organization\",\"name\":\"L. Klein SA\",\"url\":\"https:\\\/\\\/www.kleinmetals.ch\\\/fr\\\/\",\"logo\":{\"@type\":\"ImageObject\",\"inLanguage\":\"fr-FR\",\"@id\":\"https:\\\/\\\/www.kleinmetals.ch\\\/fr\\\/#\\\/schema\\\/logo\\\/image\\\/\",\"url\":\"https:\\\/\\\/www.kleinmetals.ch\\\/wp-content\\\/uploads\\\/L-Klein-SA-Logo.svg\",\"contentUrl\":\"https:\\\/\\\/www.kleinmetals.ch\\\/wp-content\\\/uploads\\\/L-Klein-SA-Logo.svg\",\"width\":275,\"height\":86,\"caption\":\"L. Klein SA\"},\"image\":{\"@id\":\"https:\\\/\\\/www.kleinmetals.ch\\\/fr\\\/#\\\/schema\\\/logo\\\/image\\\/\"},\"sameAs\":[\"https:\\\/\\\/www.linkedin.com\\\/company\\\/l.-klein-sa\\\/\"]}]}<\/script>\n<!-- \/ Yoast SEO plugin. -->","yoast_head_json":{"title":"Portrait - L.Klein SA - Premium Steel and Metals","robots":{"index":"index","follow":"follow","max-snippet":"max-snippet:-1","max-image-preview":"max-image-preview:large","max-video-preview":"max-video-preview:-1"},"canonical":"https:\/\/www.kleinmetals.ch\/fr\/portrait\/","og_locale":"fr_FR","og_type":"article","og_title":"Portrait - L.Klein SA - Premium Steel and Metals","og_url":"https:\/\/www.kleinmetals.ch\/fr\/portrait\/","og_site_name":"L.Klein SA - Premium Steel and Metals","article_modified_time":"2025-04-14T12:49:23+00:00","og_image":[{"width":2560,"height":979,"url":"https:\/\/www.kleinmetals.ch\/wp-content\/uploads\/lager_2.jpg","type":"image\/jpeg"}],"twitter_card":"summary_large_image","twitter_misc":{"Dur\u00e9e de lecture estim\u00e9e":"3 minutes"},"schema":{"@context":"https:\/\/schema.org","@graph":[{"@type":"WebPage","@id":"https:\/\/www.kleinmetals.ch\/fr\/portrait\/","url":"https:\/\/www.kleinmetals.ch\/fr\/portrait\/","name":"Portrait - L.Klein SA - Premium Steel and Metals","isPartOf":{"@id":"https:\/\/www.kleinmetals.ch\/fr\/#website"},"primaryImageOfPage":{"@id":"https:\/\/www.kleinmetals.ch\/fr\/portrait\/#primaryimage"},"image":{"@id":"https:\/\/www.kleinmetals.ch\/fr\/portrait\/#primaryimage"},"thumbnailUrl":"https:\/\/www.kleinmetals.ch\/wp-content\/uploads\/lager_2.jpg","datePublished":"2022-05-05T13:48:41+00:00","dateModified":"2025-04-14T12:49:23+00:00","breadcrumb":{"@id":"https:\/\/www.kleinmetals.ch\/fr\/portrait\/#breadcrumb"},"inLanguage":"fr-FR","potentialAction":[{"@type":"ReadAction","target":["https:\/\/www.kleinmetals.ch\/fr\/portrait\/"]}]},{"@type":"ImageObject","inLanguage":"fr-FR","@id":"https:\/\/www.kleinmetals.ch\/fr\/portrait\/#primaryimage","url":"https:\/\/www.kleinmetals.ch\/wp-content\/uploads\/lager_2.jpg","contentUrl":"https:\/\/www.kleinmetals.ch\/wp-content\/uploads\/lager_2.jpg","width":2560,"height":979},{"@type":"BreadcrumbList","@id":"https:\/\/www.kleinmetals.ch\/fr\/portrait\/#breadcrumb","itemListElement":[{"@type":"ListItem","position":1,"name":"Home","item":"https:\/\/www.kleinmetals.ch\/fr\/"},{"@type":"ListItem","position":2,"name":"Portrait"}]},{"@type":"WebSite","@id":"https:\/\/www.kleinmetals.ch\/fr\/#website","url":"https:\/\/www.kleinmetals.ch\/fr\/","name":"L.Klein AG Edelst\u00e4hle und Metalle","description":"Handel mit hochwertigen Edelst\u00e4hlen und metallischen Rohstoffen","publisher":{"@id":"https:\/\/www.kleinmetals.ch\/fr\/#organization"},"potentialAction":[{"@type":"SearchAction","target":{"@type":"EntryPoint","urlTemplate":"https:\/\/www.kleinmetals.ch\/fr\/?s={search_term_string}"},"query-input":{"@type":"PropertyValueSpecification","valueRequired":true,"valueName":"search_term_string"}}],"inLanguage":"fr-FR"},{"@type":"Organization","@id":"https:\/\/www.kleinmetals.ch\/fr\/#organization","name":"L. Klein SA","url":"https:\/\/www.kleinmetals.ch\/fr\/","logo":{"@type":"ImageObject","inLanguage":"fr-FR","@id":"https:\/\/www.kleinmetals.ch\/fr\/#\/schema\/logo\/image\/","url":"https:\/\/www.kleinmetals.ch\/wp-content\/uploads\/L-Klein-SA-Logo.svg","contentUrl":"https:\/\/www.kleinmetals.ch\/wp-content\/uploads\/L-Klein-SA-Logo.svg","width":275,"height":86,"caption":"L. Klein SA"},"image":{"@id":"https:\/\/www.kleinmetals.ch\/fr\/#\/schema\/logo\/image\/"},"sameAs":["https:\/\/www.linkedin.com\/company\/l.-klein-sa\/"]}]}},"_links":{"self":[{"href":"https:\/\/www.kleinmetals.ch\/fr\/wp-json\/wp\/v2\/pages\/52511","targetHints":{"allow":["GET"]}}],"collection":[{"href":"https:\/\/www.kleinmetals.ch\/fr\/wp-json\/wp\/v2\/pages"}],"about":[{"href":"https:\/\/www.kleinmetals.ch\/fr\/wp-json\/wp\/v2\/types\/page"}],"author":[{"embeddable":true,"href":"https:\/\/www.kleinmetals.ch\/fr\/wp-json\/wp\/v2\/users\/2"}],"replies":[{"embeddable":true,"href":"https:\/\/www.kleinmetals.ch\/fr\/wp-json\/wp\/v2\/comments?post=52511"}],"version-history":[{"count":0,"href":"https:\/\/www.kleinmetals.ch\/fr\/wp-json\/wp\/v2\/pages\/52511\/revisions"}],"wp:featuredmedia":[{"embeddable":true,"href":"https:\/\/www.kleinmetals.ch\/fr\/wp-json\/wp\/v2\/media\/61583"}],"wp:attachment":[{"href":"https:\/\/www.kleinmetals.ch\/fr\/wp-json\/wp\/v2\/media?parent=52511"}],"curies":[{"name":"wp","href":"https:\/\/api.w.org\/{rel}","templated":true}]}}