{"id":62762,"date":"2022-05-05T17:35:31","date_gmt":"2022-05-05T15:35:31","guid":{"rendered":"https:\/\/kleinmetals-dev.ch\/?page_id=62762"},"modified":"2023-02-07T11:05:54","modified_gmt":"2023-02-07T10:05:54","slug":"l-klein-sa-soutient","status":"publish","type":"page","link":"https:\/\/www.kleinmetals.ch\/fr\/l-klein-sa-soutient\/","title":{"rendered":"Environnement &#8211; L. KLEIN SA soutient"},"content":{"rendered":"<div class=\"fusion-fullwidth fullwidth-box fusion-builder-row-1 fusion-flex-container has-pattern-background has-mask-background nonhundred-percent-fullwidth non-hundred-percent-height-scrolling\" style=\"--awb-border-radius-top-left:0px;--awb-border-radius-top-right:0px;--awb-border-radius-bottom-right:0px;--awb-border-radius-bottom-left:0px;--awb-flex-wrap:wrap;\" ><div class=\"fusion-builder-row fusion-row fusion-flex-align-items-flex-start fusion-flex-content-wrap\" style=\"max-width:1456px;margin-left: calc(-4% \/ 2 );margin-right: calc(-4% \/ 2 );\"><div class=\"fusion-layout-column fusion_builder_column fusion-builder-column-0 fusion_builder_column_1_1 1_1 fusion-flex-column\" style=\"--awb-bg-size:cover;--awb-width-large:100%;--awb-margin-top-large:0px;--awb-spacing-right-large:1.92%;--awb-margin-bottom-large:20px;--awb-spacing-left-large:1.92%;--awb-width-medium:100%;--awb-order-medium:0;--awb-spacing-right-medium:1.92%;--awb-spacing-left-medium:1.92%;--awb-width-small:100%;--awb-order-small:0;--awb-spacing-right-small:1.92%;--awb-spacing-left-small:1.92%;\"><div class=\"fusion-column-wrapper fusion-column-has-shadow fusion-flex-justify-content-flex-start fusion-content-layout-column\"><div class=\"fusion-title title fusion-title-1 fusion-sep-none fusion-title-text fusion-title-size-one\"><h1 class=\"fusion-title-heading title-heading-left fusion-responsive-typography-calculated\" style=\"margin:0;--fontSize:42;--minFontSize:42;line-height:var(--awb-typography1-line-height);\">L. KLEIN SA soutient:<\/h1><\/div><div class=\"fusion-text fusion-text-1\"><p>L. KLEIN SA a une ligne de conduite qui est la suivante:<\/p>\n<p>\u00abUne meilleure qualit\u00e9 de vie gr\u00e2ce \u00e0 une pens\u00e9e et une action durable et respectueuse de l\u2018environnement.\u00bb<\/p>\n<p>L\u2019entreprise dans le cadre de sa politique d\u2019investissement se tourne vers des partenaires capables de l\u2019accompagner tout en gardant le cap fix\u00e9.<\/p>\n<p>De la m\u00eame mani\u00e8re, nous soutenons financi\u00e8rement les entreprises qui s\u2019engagent, dans le cadre de leur d\u00e9veloppement, de leur politique globale, \u00e0 cr\u00e9er un avenir \u00e9nerg\u00e9tique durable.<\/p>\n<p>Ce soutien financier se manifeste la plupart du temps par des actions de sponsoring. L. KLEIN SA va privil\u00e9gier les entreprises qui sont attentives \u00e0 la consommation de l\u2019\u00e9nergie et qui ont pour souci l\u2019impact environnemental.<\/p>\n<p>Nous sommes fiers de sponsoriser les entreprises suivantes:<\/p>\n<ul>\n<li>www.kulturschiff.ch<\/li>\n<li>www.fondation-goldapfel.ch<\/li>\n<\/ul>\n<p>Ces entreprises affichent leurs convictions et engagements et s\u2019attachent avec leurs employ\u00e9s, leurs clients, leurs fournisseurs \u00e0:<\/p>\n<ul>\n<li>r\u00e9duire l\u2019utilisation de combustibles fossiles et \u00e0 utiliser les \u00e9nergies renouvelables<\/li>\n<li>proposer \u00e0 la production ou \u00e0 la vente des produits finis ou semi-finis certifi\u00e9s \u00e9coresponsable<\/li>\n<li>int\u00e9grer dans leur process des actions de recyclage<\/li>\n<li>proposer des offres de conseil et de formation en vue de prot\u00e9ger l\u2019environnement<\/li>\n<li>prot\u00e9ger la biodiversit\u00e9<\/li>\n<li>mener des travaux de recherche pour construire des solutions plus innovantes<\/li>\n<li>respecter le droit national et international<\/li>\n<li>garantir la s\u00e9curit\u00e9 et le bien-\u00eatre des employ\u00e9s<\/li>\n<li>respecter les droits de l\u2019homme<\/li>\n<\/ul>\n<p>C\u2019est en soutenant financi\u00e8rement ces entreprises que L. KLEIN SA agit en faveur de la protection de l\u2019environnement et de la durabilit\u00e9 et reste fid\u00e8le \u00e0 sa ligne de conduite.<\/p>\n<\/div><\/div><\/div><\/div><\/div>\n","protected":false},"excerpt":{"rendered":"","protected":false},"author":1,"featured_media":0,"parent":0,"menu_order":0,"comment_status":"closed","ping_status":"closed","template":"","meta":{"_acf_changed":false,"inline_featured_image":false,"footnotes":""},"class_list":["post-62762","page","type-page","status-publish","hentry"],"acf":[],"yoast_head":"<!-- This site is optimized with the Yoast SEO plugin v27.4 - https:\/\/yoast.com\/product\/yoast-seo-wordpress\/ -->\n<title>Environnement - L. KLEIN SA soutient - L.Klein SA - Premium Steel and Metals<\/title>\n<meta name=\"robots\" content=\"index, follow, max-snippet:-1, max-image-preview:large, max-video-preview:-1\" \/>\n<link rel=\"canonical\" href=\"https:\/\/www.kleinmetals.ch\/fr\/l-klein-sa-soutient\/\" \/>\n<meta property=\"og:locale\" content=\"fr_FR\" \/>\n<meta property=\"og:type\" content=\"article\" \/>\n<meta property=\"og:title\" content=\"Environnement - L. KLEIN SA soutient - L.Klein SA - Premium Steel and Metals\" \/>\n<meta property=\"og:url\" content=\"https:\/\/www.kleinmetals.ch\/fr\/l-klein-sa-soutient\/\" \/>\n<meta property=\"og:site_name\" content=\"L.Klein SA - Premium Steel and Metals\" \/>\n<meta property=\"article:modified_time\" content=\"2023-02-07T10:05:54+00:00\" \/>\n<meta property=\"og:image\" content=\"https:\/\/www.kleinmetals.ch\/wp-content\/uploads\/l-klein-sa-1.png\" \/>\n\t<meta property=\"og:image:width\" content=\"1078\" \/>\n\t<meta property=\"og:image:height\" content=\"674\" \/>\n\t<meta property=\"og:image:type\" content=\"image\/png\" \/>\n<meta name=\"twitter:card\" content=\"summary_large_image\" \/>\n<meta name=\"twitter:label1\" content=\"Dur\u00e9e de lecture estim\u00e9e\" \/>\n\t<meta name=\"twitter:data1\" content=\"6 minutes\" \/>\n<script type=\"application\/ld+json\" class=\"yoast-schema-graph\">{\"@context\":\"https:\\\/\\\/schema.org\",\"@graph\":[{\"@type\":\"WebPage\",\"@id\":\"https:\\\/\\\/www.kleinmetals.ch\\\/fr\\\/l-klein-sa-soutient\\\/\",\"url\":\"https:\\\/\\\/www.kleinmetals.ch\\\/fr\\\/l-klein-sa-soutient\\\/\",\"name\":\"Environnement - L. KLEIN SA soutient - L.Klein SA - Premium Steel and Metals\",\"isPartOf\":{\"@id\":\"https:\\\/\\\/www.kleinmetals.ch\\\/fr\\\/#website\"},\"datePublished\":\"2022-05-05T15:35:31+00:00\",\"dateModified\":\"2023-02-07T10:05:54+00:00\",\"breadcrumb\":{\"@id\":\"https:\\\/\\\/www.kleinmetals.ch\\\/fr\\\/l-klein-sa-soutient\\\/#breadcrumb\"},\"inLanguage\":\"fr-FR\",\"potentialAction\":[{\"@type\":\"ReadAction\",\"target\":[\"https:\\\/\\\/www.kleinmetals.ch\\\/fr\\\/l-klein-sa-soutient\\\/\"]}]},{\"@type\":\"BreadcrumbList\",\"@id\":\"https:\\\/\\\/www.kleinmetals.ch\\\/fr\\\/l-klein-sa-soutient\\\/#breadcrumb\",\"itemListElement\":[{\"@type\":\"ListItem\",\"position\":1,\"name\":\"Home\",\"item\":\"https:\\\/\\\/www.kleinmetals.ch\\\/fr\\\/\"},{\"@type\":\"ListItem\",\"position\":2,\"name\":\"Environnement &#8211; L. KLEIN SA soutient\"}]},{\"@type\":\"WebSite\",\"@id\":\"https:\\\/\\\/www.kleinmetals.ch\\\/fr\\\/#website\",\"url\":\"https:\\\/\\\/www.kleinmetals.ch\\\/fr\\\/\",\"name\":\"L.Klein AG Edelst\u00e4hle und Metalle\",\"description\":\"Handel mit hochwertigen Edelst\u00e4hlen und metallischen Rohstoffen\",\"publisher\":{\"@id\":\"https:\\\/\\\/www.kleinmetals.ch\\\/fr\\\/#organization\"},\"potentialAction\":[{\"@type\":\"SearchAction\",\"target\":{\"@type\":\"EntryPoint\",\"urlTemplate\":\"https:\\\/\\\/www.kleinmetals.ch\\\/fr\\\/?s={search_term_string}\"},\"query-input\":{\"@type\":\"PropertyValueSpecification\",\"valueRequired\":true,\"valueName\":\"search_term_string\"}}],\"inLanguage\":\"fr-FR\"},{\"@type\":\"Organization\",\"@id\":\"https:\\\/\\\/www.kleinmetals.ch\\\/fr\\\/#organization\",\"name\":\"L. Klein SA\",\"url\":\"https:\\\/\\\/www.kleinmetals.ch\\\/fr\\\/\",\"logo\":{\"@type\":\"ImageObject\",\"inLanguage\":\"fr-FR\",\"@id\":\"https:\\\/\\\/www.kleinmetals.ch\\\/fr\\\/#\\\/schema\\\/logo\\\/image\\\/\",\"url\":\"https:\\\/\\\/www.kleinmetals.ch\\\/wp-content\\\/uploads\\\/L-Klein-SA-Logo.svg\",\"contentUrl\":\"https:\\\/\\\/www.kleinmetals.ch\\\/wp-content\\\/uploads\\\/L-Klein-SA-Logo.svg\",\"width\":275,\"height\":86,\"caption\":\"L. Klein SA\"},\"image\":{\"@id\":\"https:\\\/\\\/www.kleinmetals.ch\\\/fr\\\/#\\\/schema\\\/logo\\\/image\\\/\"},\"sameAs\":[\"https:\\\/\\\/www.linkedin.com\\\/company\\\/l.-klein-sa\\\/\"]}]}<\/script>\n<!-- \/ Yoast SEO plugin. -->","yoast_head_json":{"title":"Environnement - L. KLEIN SA soutient - L.Klein SA - Premium Steel and Metals","robots":{"index":"index","follow":"follow","max-snippet":"max-snippet:-1","max-image-preview":"max-image-preview:large","max-video-preview":"max-video-preview:-1"},"canonical":"https:\/\/www.kleinmetals.ch\/fr\/l-klein-sa-soutient\/","og_locale":"fr_FR","og_type":"article","og_title":"Environnement - L. KLEIN SA soutient - L.Klein SA - Premium Steel and Metals","og_url":"https:\/\/www.kleinmetals.ch\/fr\/l-klein-sa-soutient\/","og_site_name":"L.Klein SA - Premium Steel and Metals","article_modified_time":"2023-02-07T10:05:54+00:00","og_image":[{"width":1078,"height":674,"url":"https:\/\/www.kleinmetals.ch\/wp-content\/uploads\/l-klein-sa-1.png","type":"image\/png"}],"twitter_card":"summary_large_image","twitter_misc":{"Dur\u00e9e de lecture estim\u00e9e":"6 minutes"},"schema":{"@context":"https:\/\/schema.org","@graph":[{"@type":"WebPage","@id":"https:\/\/www.kleinmetals.ch\/fr\/l-klein-sa-soutient\/","url":"https:\/\/www.kleinmetals.ch\/fr\/l-klein-sa-soutient\/","name":"Environnement - L. KLEIN SA soutient - L.Klein SA - Premium Steel and Metals","isPartOf":{"@id":"https:\/\/www.kleinmetals.ch\/fr\/#website"},"datePublished":"2022-05-05T15:35:31+00:00","dateModified":"2023-02-07T10:05:54+00:00","breadcrumb":{"@id":"https:\/\/www.kleinmetals.ch\/fr\/l-klein-sa-soutient\/#breadcrumb"},"inLanguage":"fr-FR","potentialAction":[{"@type":"ReadAction","target":["https:\/\/www.kleinmetals.ch\/fr\/l-klein-sa-soutient\/"]}]},{"@type":"BreadcrumbList","@id":"https:\/\/www.kleinmetals.ch\/fr\/l-klein-sa-soutient\/#breadcrumb","itemListElement":[{"@type":"ListItem","position":1,"name":"Home","item":"https:\/\/www.kleinmetals.ch\/fr\/"},{"@type":"ListItem","position":2,"name":"Environnement &#8211; L. KLEIN SA soutient"}]},{"@type":"WebSite","@id":"https:\/\/www.kleinmetals.ch\/fr\/#website","url":"https:\/\/www.kleinmetals.ch\/fr\/","name":"L.Klein AG Edelst\u00e4hle und Metalle","description":"Handel mit hochwertigen Edelst\u00e4hlen und metallischen Rohstoffen","publisher":{"@id":"https:\/\/www.kleinmetals.ch\/fr\/#organization"},"potentialAction":[{"@type":"SearchAction","target":{"@type":"EntryPoint","urlTemplate":"https:\/\/www.kleinmetals.ch\/fr\/?s={search_term_string}"},"query-input":{"@type":"PropertyValueSpecification","valueRequired":true,"valueName":"search_term_string"}}],"inLanguage":"fr-FR"},{"@type":"Organization","@id":"https:\/\/www.kleinmetals.ch\/fr\/#organization","name":"L. Klein SA","url":"https:\/\/www.kleinmetals.ch\/fr\/","logo":{"@type":"ImageObject","inLanguage":"fr-FR","@id":"https:\/\/www.kleinmetals.ch\/fr\/#\/schema\/logo\/image\/","url":"https:\/\/www.kleinmetals.ch\/wp-content\/uploads\/L-Klein-SA-Logo.svg","contentUrl":"https:\/\/www.kleinmetals.ch\/wp-content\/uploads\/L-Klein-SA-Logo.svg","width":275,"height":86,"caption":"L. Klein SA"},"image":{"@id":"https:\/\/www.kleinmetals.ch\/fr\/#\/schema\/logo\/image\/"},"sameAs":["https:\/\/www.linkedin.com\/company\/l.-klein-sa\/"]}]}},"_links":{"self":[{"href":"https:\/\/www.kleinmetals.ch\/fr\/wp-json\/wp\/v2\/pages\/62762","targetHints":{"allow":["GET"]}}],"collection":[{"href":"https:\/\/www.kleinmetals.ch\/fr\/wp-json\/wp\/v2\/pages"}],"about":[{"href":"https:\/\/www.kleinmetals.ch\/fr\/wp-json\/wp\/v2\/types\/page"}],"author":[{"embeddable":true,"href":"https:\/\/www.kleinmetals.ch\/fr\/wp-json\/wp\/v2\/users\/1"}],"replies":[{"embeddable":true,"href":"https:\/\/www.kleinmetals.ch\/fr\/wp-json\/wp\/v2\/comments?post=62762"}],"version-history":[{"count":0,"href":"https:\/\/www.kleinmetals.ch\/fr\/wp-json\/wp\/v2\/pages\/62762\/revisions"}],"wp:attachment":[{"href":"https:\/\/www.kleinmetals.ch\/fr\/wp-json\/wp\/v2\/media?parent=62762"}],"curies":[{"name":"wp","href":"https:\/\/api.w.org\/{rel}","templated":true}]}}