{"id":63277,"date":"2022-05-11T15:20:05","date_gmt":"2022-05-11T13:20:05","guid":{"rendered":"https:\/\/kleinmetals-dev.ch\/?page_id=63277"},"modified":"2026-04-10T08:08:19","modified_gmt":"2026-04-10T06:08:19","slug":"documents","status":"publish","type":"page","link":"https:\/\/www.kleinmetals.ch\/fr\/documents\/","title":{"rendered":"Documents"},"content":{"rendered":"<div class=\"fusion-fullwidth fullwidth-box fusion-builder-row-1 fusion-flex-container nonhundred-percent-fullwidth non-hundred-percent-height-scrolling\" style=\"--awb-border-radius-top-left:0px;--awb-border-radius-top-right:0px;--awb-border-radius-bottom-right:0px;--awb-border-radius-bottom-left:0px;--awb-flex-wrap:wrap;\" ><div class=\"fusion-builder-row fusion-row fusion-flex-align-items-flex-start fusion-flex-content-wrap\" style=\"max-width:1456px;margin-left: calc(-4% \/ 2 );margin-right: calc(-4% \/ 2 );\"><div class=\"fusion-layout-column fusion_builder_column fusion-builder-column-0 fusion_builder_column_3_4 3_4 fusion-flex-column\" style=\"--awb-bg-size:cover;--awb-width-large:75%;--awb-margin-top-large:0px;--awb-spacing-right-large:2.56%;--awb-margin-bottom-large:0px;--awb-spacing-left-large:2.56%;--awb-width-medium:75%;--awb-spacing-right-medium:2.56%;--awb-spacing-left-medium:2.56%;--awb-width-small:100%;--awb-spacing-right-small:1.92%;--awb-spacing-left-small:1.92%;\"><div class=\"fusion-column-wrapper fusion-flex-justify-content-flex-start fusion-content-layout-column\"><div class=\"fusion-text fusion-text-1\"><table border=\"0\" width=\"100%\" cellspacing=\"0\" cellpadding=\"0\">\n<tbody>\n<tr>\n<td width=\"70%\" height=\"30\">\n<h5>Programme de vente<\/h5>\n<\/td>\n<td width=\"30%\"><a href=\"https:\/\/www.kleinmetals.ch\/wp-content\/uploads\/LKlein_Lieferprogramm_V3_Web_A3.pdf\">.pdf<\/a><\/td>\n<\/tr>\n<tr>\n<td width=\"70%\" height=\"30\">\n<h5>Politique qualit\u00e9<\/h5>\n<\/td>\n<td width=\"30%\"><a href=\"\/wp-content\/uploads\/Politique-qualite.pdf\">.pdf<\/a><\/td>\n<\/tr>\n<tr>\n<td height=\"30\">\n<h5>Code de conduite<\/h5>\n<\/td>\n<td><a href=\"\/wp-content\/uploads\/Code-de-Conduite.pdf\">.pdf<\/a><\/td>\n<\/tr>\n<tr>\n<td height=\"30\">\n<h5>Conditions g\u00e9n\u00e9rales de vente<\/h5>\n<\/td>\n<td><a href=\"\/wp-content\/uploads\/verkaufsbedingungen_f.pdf\">.pdf<\/a><\/td>\n<\/tr>\n<tr>\n<td height=\"30\">\n<h5>Majoration d&rsquo;alliage<\/h5>\n<\/td>\n<td height=\"30\"><a href=\"https:\/\/www.kleinmetals.ch\/wp-content\/uploads\/LZ-April-2026.pdf\">.pdf<\/a><\/td>\n<\/tr>\n<tr>\n<td height=\"30\">\n<h5>Certificat ISO 9001<\/h5>\n<\/td>\n<td height=\"30\"><a href=\"https:\/\/www.kleinmetals.ch\/wp-content\/uploads\/L.-Klein-SA-CH24080741-9k-FRE-Certificate-SCAN.pdf\" target=\"_blank\" rel=\"noopener\">.pdf<\/a><\/td>\n<\/tr>\n<tr>\n<td height=\"30\">\n<h5>Exp\u00e9diteur connu<\/h5>\n<\/td>\n<td height=\"30\"><a href=\"https:\/\/www.kleinmetals.ch\/wp-content\/uploads\/20250320_154030.pdf\">.pdf<\/a><\/td>\n<\/tr>\n<tr>\n<td width=\"20%\">\n<h5>RoHs<\/h5>\n<\/td>\n<td width=\"19%\">Sur demande<\/td>\n<\/tr>\n<tr>\n<td width=\"20%\">\n<h5>REACH<\/h5>\n<\/td>\n<td width=\"19%\">Sur demande<\/td>\n<\/tr>\n<tr>\n<td height=\"30\">\n<h5>\u00a0\u00bb z\u00e9ro d\u00e9faut \u00ab\u00a0&#8211; Philosophie<\/h5>\n<\/td>\n<td height=\"30\"><a href=\"\/wp-content\/uploads\/Internet-F-Entreprise-9-Documents-6-Philosophie-Zero-Defaut.pdf\">.pdf<\/a><\/td>\n<\/tr>\n<tr>\n<td height=\"30\">\n<h5>IMDS<\/h5>\n<\/td>\n<td height=\"30\">Sur demande<\/td>\n<\/tr>\n<tr>\n<td height=\"30\">\n<h5>Poids de l&rsquo;acier rond<\/h5>\n<\/td>\n<td height=\"30\"><a href=\"\/wp-content\/uploads\/tabelle_gewicht_rundstahl.pdf\">.pdf<\/a><\/td>\n<\/tr>\n<tr>\n<td height=\"30\">\n<h5>Tabelle comparative des r\u00e9sistances \u00e0 la traction avec des duret\u00e9s<\/h5>\n<\/td>\n<td height=\"30\"><a href=\"\/wp-content\/uploads\/tabelle_zugfestigkeit.pdf\">.pdf<\/a><\/td>\n<\/tr>\n<tr>\n<td height=\"30\">\n<h5>Metallurgie des poudres<\/h5>\n<\/td>\n<td height=\"30\"><a href=\"\/wp-content\/uploads\/Pulvermetallurgie-F.pdf\">.pdf<\/a><\/td>\n<\/tr>\n<tr>\n<td height=\"30\">\n<h5>Tol\u00e9rances selon ISO<\/h5>\n<\/td>\n<td height=\"30\"><a href=\"\/wp-content\/uploads\/tabelle_toleranzen.pdf\">.pdf<\/a><\/td>\n<\/tr>\n<\/tbody>\n<\/table>\n<\/div><\/div><\/div><\/div><\/div>\n","protected":false},"excerpt":{"rendered":"","protected":false},"author":1,"featured_media":61583,"parent":0,"menu_order":0,"comment_status":"closed","ping_status":"closed","template":"","meta":{"_acf_changed":false,"inline_featured_image":false,"footnotes":""},"class_list":["post-63277","page","type-page","status-publish","has-post-thumbnail","hentry"],"acf":[],"yoast_head":"<!-- This site is optimized with the Yoast SEO plugin v27.4 - https:\/\/yoast.com\/product\/yoast-seo-wordpress\/ -->\n<title>Documents - L.Klein SA - Premium Steel and Metals<\/title>\n<meta name=\"robots\" content=\"index, follow, max-snippet:-1, max-image-preview:large, max-video-preview:-1\" \/>\n<link rel=\"canonical\" href=\"https:\/\/www.kleinmetals.ch\/fr\/documents\/\" \/>\n<meta property=\"og:locale\" content=\"fr_FR\" \/>\n<meta property=\"og:type\" content=\"article\" \/>\n<meta property=\"og:title\" content=\"Documents - L.Klein SA - Premium Steel and Metals\" \/>\n<meta property=\"og:url\" content=\"https:\/\/www.kleinmetals.ch\/fr\/documents\/\" \/>\n<meta property=\"og:site_name\" content=\"L.Klein SA - Premium Steel and Metals\" \/>\n<meta property=\"article:modified_time\" content=\"2026-04-10T06:08:19+00:00\" \/>\n<meta property=\"og:image\" content=\"https:\/\/www.kleinmetals.ch\/wp-content\/uploads\/lager_2.jpg\" \/>\n\t<meta property=\"og:image:width\" content=\"2560\" \/>\n\t<meta property=\"og:image:height\" content=\"979\" \/>\n\t<meta property=\"og:image:type\" content=\"image\/jpeg\" \/>\n<meta name=\"twitter:card\" content=\"summary_large_image\" \/>\n<meta name=\"twitter:label1\" content=\"Dur\u00e9e de lecture estim\u00e9e\" \/>\n\t<meta name=\"twitter:data1\" content=\"1 minute\" \/>\n<script type=\"application\/ld+json\" class=\"yoast-schema-graph\">{\"@context\":\"https:\\\/\\\/schema.org\",\"@graph\":[{\"@type\":\"WebPage\",\"@id\":\"https:\\\/\\\/www.kleinmetals.ch\\\/fr\\\/documents\\\/\",\"url\":\"https:\\\/\\\/www.kleinmetals.ch\\\/fr\\\/documents\\\/\",\"name\":\"Documents - L.Klein SA - Premium Steel and Metals\",\"isPartOf\":{\"@id\":\"https:\\\/\\\/www.kleinmetals.ch\\\/fr\\\/#website\"},\"primaryImageOfPage\":{\"@id\":\"https:\\\/\\\/www.kleinmetals.ch\\\/fr\\\/documents\\\/#primaryimage\"},\"image\":{\"@id\":\"https:\\\/\\\/www.kleinmetals.ch\\\/fr\\\/documents\\\/#primaryimage\"},\"thumbnailUrl\":\"https:\\\/\\\/www.kleinmetals.ch\\\/wp-content\\\/uploads\\\/lager_2.jpg\",\"datePublished\":\"2022-05-11T13:20:05+00:00\",\"dateModified\":\"2026-04-10T06:08:19+00:00\",\"breadcrumb\":{\"@id\":\"https:\\\/\\\/www.kleinmetals.ch\\\/fr\\\/documents\\\/#breadcrumb\"},\"inLanguage\":\"fr-FR\",\"potentialAction\":[{\"@type\":\"ReadAction\",\"target\":[\"https:\\\/\\\/www.kleinmetals.ch\\\/fr\\\/documents\\\/\"]}]},{\"@type\":\"ImageObject\",\"inLanguage\":\"fr-FR\",\"@id\":\"https:\\\/\\\/www.kleinmetals.ch\\\/fr\\\/documents\\\/#primaryimage\",\"url\":\"https:\\\/\\\/www.kleinmetals.ch\\\/wp-content\\\/uploads\\\/lager_2.jpg\",\"contentUrl\":\"https:\\\/\\\/www.kleinmetals.ch\\\/wp-content\\\/uploads\\\/lager_2.jpg\",\"width\":2560,\"height\":979},{\"@type\":\"BreadcrumbList\",\"@id\":\"https:\\\/\\\/www.kleinmetals.ch\\\/fr\\\/documents\\\/#breadcrumb\",\"itemListElement\":[{\"@type\":\"ListItem\",\"position\":1,\"name\":\"Home\",\"item\":\"https:\\\/\\\/www.kleinmetals.ch\\\/fr\\\/\"},{\"@type\":\"ListItem\",\"position\":2,\"name\":\"Documents\"}]},{\"@type\":\"WebSite\",\"@id\":\"https:\\\/\\\/www.kleinmetals.ch\\\/fr\\\/#website\",\"url\":\"https:\\\/\\\/www.kleinmetals.ch\\\/fr\\\/\",\"name\":\"L.Klein AG Edelst\u00e4hle und Metalle\",\"description\":\"Handel mit hochwertigen Edelst\u00e4hlen und metallischen Rohstoffen\",\"publisher\":{\"@id\":\"https:\\\/\\\/www.kleinmetals.ch\\\/fr\\\/#organization\"},\"potentialAction\":[{\"@type\":\"SearchAction\",\"target\":{\"@type\":\"EntryPoint\",\"urlTemplate\":\"https:\\\/\\\/www.kleinmetals.ch\\\/fr\\\/?s={search_term_string}\"},\"query-input\":{\"@type\":\"PropertyValueSpecification\",\"valueRequired\":true,\"valueName\":\"search_term_string\"}}],\"inLanguage\":\"fr-FR\"},{\"@type\":\"Organization\",\"@id\":\"https:\\\/\\\/www.kleinmetals.ch\\\/fr\\\/#organization\",\"name\":\"L. Klein SA\",\"url\":\"https:\\\/\\\/www.kleinmetals.ch\\\/fr\\\/\",\"logo\":{\"@type\":\"ImageObject\",\"inLanguage\":\"fr-FR\",\"@id\":\"https:\\\/\\\/www.kleinmetals.ch\\\/fr\\\/#\\\/schema\\\/logo\\\/image\\\/\",\"url\":\"https:\\\/\\\/www.kleinmetals.ch\\\/wp-content\\\/uploads\\\/L-Klein-SA-Logo.svg\",\"contentUrl\":\"https:\\\/\\\/www.kleinmetals.ch\\\/wp-content\\\/uploads\\\/L-Klein-SA-Logo.svg\",\"width\":275,\"height\":86,\"caption\":\"L. Klein SA\"},\"image\":{\"@id\":\"https:\\\/\\\/www.kleinmetals.ch\\\/fr\\\/#\\\/schema\\\/logo\\\/image\\\/\"},\"sameAs\":[\"https:\\\/\\\/www.linkedin.com\\\/company\\\/l.-klein-sa\\\/\"]}]}<\/script>\n<!-- \/ Yoast SEO plugin. -->","yoast_head_json":{"title":"Documents - L.Klein SA - Premium Steel and Metals","robots":{"index":"index","follow":"follow","max-snippet":"max-snippet:-1","max-image-preview":"max-image-preview:large","max-video-preview":"max-video-preview:-1"},"canonical":"https:\/\/www.kleinmetals.ch\/fr\/documents\/","og_locale":"fr_FR","og_type":"article","og_title":"Documents - L.Klein SA - Premium Steel and Metals","og_url":"https:\/\/www.kleinmetals.ch\/fr\/documents\/","og_site_name":"L.Klein SA - Premium Steel and Metals","article_modified_time":"2026-04-10T06:08:19+00:00","og_image":[{"width":2560,"height":979,"url":"https:\/\/www.kleinmetals.ch\/wp-content\/uploads\/lager_2.jpg","type":"image\/jpeg"}],"twitter_card":"summary_large_image","twitter_misc":{"Dur\u00e9e de lecture estim\u00e9e":"1 minute"},"schema":{"@context":"https:\/\/schema.org","@graph":[{"@type":"WebPage","@id":"https:\/\/www.kleinmetals.ch\/fr\/documents\/","url":"https:\/\/www.kleinmetals.ch\/fr\/documents\/","name":"Documents - L.Klein SA - Premium Steel and Metals","isPartOf":{"@id":"https:\/\/www.kleinmetals.ch\/fr\/#website"},"primaryImageOfPage":{"@id":"https:\/\/www.kleinmetals.ch\/fr\/documents\/#primaryimage"},"image":{"@id":"https:\/\/www.kleinmetals.ch\/fr\/documents\/#primaryimage"},"thumbnailUrl":"https:\/\/www.kleinmetals.ch\/wp-content\/uploads\/lager_2.jpg","datePublished":"2022-05-11T13:20:05+00:00","dateModified":"2026-04-10T06:08:19+00:00","breadcrumb":{"@id":"https:\/\/www.kleinmetals.ch\/fr\/documents\/#breadcrumb"},"inLanguage":"fr-FR","potentialAction":[{"@type":"ReadAction","target":["https:\/\/www.kleinmetals.ch\/fr\/documents\/"]}]},{"@type":"ImageObject","inLanguage":"fr-FR","@id":"https:\/\/www.kleinmetals.ch\/fr\/documents\/#primaryimage","url":"https:\/\/www.kleinmetals.ch\/wp-content\/uploads\/lager_2.jpg","contentUrl":"https:\/\/www.kleinmetals.ch\/wp-content\/uploads\/lager_2.jpg","width":2560,"height":979},{"@type":"BreadcrumbList","@id":"https:\/\/www.kleinmetals.ch\/fr\/documents\/#breadcrumb","itemListElement":[{"@type":"ListItem","position":1,"name":"Home","item":"https:\/\/www.kleinmetals.ch\/fr\/"},{"@type":"ListItem","position":2,"name":"Documents"}]},{"@type":"WebSite","@id":"https:\/\/www.kleinmetals.ch\/fr\/#website","url":"https:\/\/www.kleinmetals.ch\/fr\/","name":"L.Klein AG Edelst\u00e4hle und Metalle","description":"Handel mit hochwertigen Edelst\u00e4hlen und metallischen Rohstoffen","publisher":{"@id":"https:\/\/www.kleinmetals.ch\/fr\/#organization"},"potentialAction":[{"@type":"SearchAction","target":{"@type":"EntryPoint","urlTemplate":"https:\/\/www.kleinmetals.ch\/fr\/?s={search_term_string}"},"query-input":{"@type":"PropertyValueSpecification","valueRequired":true,"valueName":"search_term_string"}}],"inLanguage":"fr-FR"},{"@type":"Organization","@id":"https:\/\/www.kleinmetals.ch\/fr\/#organization","name":"L. Klein SA","url":"https:\/\/www.kleinmetals.ch\/fr\/","logo":{"@type":"ImageObject","inLanguage":"fr-FR","@id":"https:\/\/www.kleinmetals.ch\/fr\/#\/schema\/logo\/image\/","url":"https:\/\/www.kleinmetals.ch\/wp-content\/uploads\/L-Klein-SA-Logo.svg","contentUrl":"https:\/\/www.kleinmetals.ch\/wp-content\/uploads\/L-Klein-SA-Logo.svg","width":275,"height":86,"caption":"L. Klein SA"},"image":{"@id":"https:\/\/www.kleinmetals.ch\/fr\/#\/schema\/logo\/image\/"},"sameAs":["https:\/\/www.linkedin.com\/company\/l.-klein-sa\/"]}]}},"_links":{"self":[{"href":"https:\/\/www.kleinmetals.ch\/fr\/wp-json\/wp\/v2\/pages\/63277","targetHints":{"allow":["GET"]}}],"collection":[{"href":"https:\/\/www.kleinmetals.ch\/fr\/wp-json\/wp\/v2\/pages"}],"about":[{"href":"https:\/\/www.kleinmetals.ch\/fr\/wp-json\/wp\/v2\/types\/page"}],"author":[{"embeddable":true,"href":"https:\/\/www.kleinmetals.ch\/fr\/wp-json\/wp\/v2\/users\/1"}],"replies":[{"embeddable":true,"href":"https:\/\/www.kleinmetals.ch\/fr\/wp-json\/wp\/v2\/comments?post=63277"}],"version-history":[{"count":5,"href":"https:\/\/www.kleinmetals.ch\/fr\/wp-json\/wp\/v2\/pages\/63277\/revisions"}],"predecessor-version":[{"id":180910,"href":"https:\/\/www.kleinmetals.ch\/fr\/wp-json\/wp\/v2\/pages\/63277\/revisions\/180910"}],"wp:featuredmedia":[{"embeddable":true,"href":"https:\/\/www.kleinmetals.ch\/fr\/wp-json\/wp\/v2\/media\/61583"}],"wp:attachment":[{"href":"https:\/\/www.kleinmetals.ch\/fr\/wp-json\/wp\/v2\/media?parent=63277"}],"curies":[{"name":"wp","href":"https:\/\/api.w.org\/{rel}","templated":true}]}}