{"id":163378,"date":"2024-04-08T20:46:07","date_gmt":"2024-04-08T18:46:07","guid":{"rendered":"https:\/\/www.kleinmetals.ch\/produkt\/titan-grade-5-eli\/"},"modified":"2026-04-20T08:40:11","modified_gmt":"2026-04-20T06:40:11","slug":"titan-grade-5-eli","status":"publish","type":"product","link":"https:\/\/www.kleinmetals.ch\/fr\/produkt\/titan-grade-5-eli\/","title":{"rendered":"TITAN GRADE 5 ELI"},"content":{"rendered":"<p><strong>R\u00e9sum\u00e9<\/strong><\/p>\n<table border=\"0\" width=\"100%\" cellspacing=\"0\" cellpadding=\"0\">\n<tbody>\n<tr>\n<td>D\u00e9nomination Klein:<\/td>\n<td>TITAN GRADE 5 ELI<\/td>\n<\/tr>\n<tr>\n<td valign=\"top\">Classe de m\u00e9taux:<\/td>\n<td><\/td>\n<\/tr>\n<tr>\n<td valign=\"top\">Num\u00e9ro mati\u00e8re:<\/td>\n<td><\/td>\n<\/tr>\n<tr>\n<td>Norme EN:<\/td>\n<td><\/td>\n<\/tr>\n<tr>\n<td>RoHS 2 \u2013 2011\/65\/EU:<\/td>\n<td><\/td>\n<\/tr>\n<tr>\n<td>Usinabilit\u00e9:<\/td>\n<td><\/td>\n<\/tr>\n<tr>\n<td>Capacit\u00e9 de durcissement:<\/td>\n<td><\/td>\n<\/tr>\n<tr>\n<td valign=\"top\">Formage:<\/td>\n<td><\/td>\n<\/tr>\n<tr>\n<td valign=\"top\">Ecrouissage:<\/td>\n<td><\/td>\n<\/tr>\n<tr>\n<td valign=\"top\">Aptitude au polissage:<\/td>\n<td><\/td>\n<\/tr>\n<tr>\n<td>Magn\u00e9tisme:<\/td>\n<td><\/td>\n<\/tr>\n<tr>\n<td valign=\"top\">R\u00e9sistance \u00e0 la corrosion:<\/td>\n<td><\/td>\n<\/tr>\n<tr>\n<td valign=\"top\">Utilisations:<\/td>\n<td><\/td>\n<\/tr>\n<\/tbody>\n<\/table>\n","protected":false},"excerpt":{"rendered":"<p>R\u00e9sum\u00e9 D\u00e9nomination Klein: TITAN GRADE 5 ELI Classe de m\u00e9taux: Num\u00e9ro mati\u00e8re: Norme EN: RoHS 2 \u2013 2011\/65\/EU: Usinabilit\u00e9:  [&#8230;]<\/p>\n","protected":false},"featured_media":61274,"template":"","meta":{"_acf_changed":false,"inline_featured_image":false},"product_brand":[],"product_cat":[824,862],"product_tag":[],"class_list":{"0":"post-163378","1":"product","2":"type-product","3":"status-publish","4":"has-post-thumbnail","6":"product_cat-implants-fr","7":"product_cat-titane","8":"pa_ausfuehrung-ellonte","9":"pa_ausfuehrung-etire","10":"pa_ausfuehrung-meule","11":"pa_ausfuehrung-poudre","12":"pa_ausfuehrung-pulver","13":"pa_ausfuehrung-2-barres-2m","14":"pa_ausfuehrung-2-barres-3m","15":"pa_ausfuehrung-2-longueurs-spec","16":"pa_ausfuehrung-2-poudre","17":"pa_ausfuehrung-2-staebe-spez","18":"pa_ausfuehrung-2-torche","19":"pa_durchmesser-25-200","20":"pa_durchmesser-0-000","21":"pa_durchmesser-0-200","22":"pa_durchmesser-0-300","23":"pa_durchmesser-0-400","24":"pa_durchmesser-0-500","25":"pa_durchmesser-0-540","26":"pa_durchmesser-0-595","27":"pa_durchmesser-0-600","28":"pa_durchmesser-0-620","29":"pa_durchmesser-0-650","30":"pa_durchmesser-0-700","31":"pa_durchmesser-0-800","32":"pa_durchmesser-0-900","33":"pa_durchmesser-0-940","34":"pa_durchmesser-0-980","35":"pa_durchmesser-1-000","36":"pa_durchmesser-1-050","37":"pa_durchmesser-1-100","38":"pa_durchmesser-1-180","39":"pa_durchmesser-1-200","40":"pa_durchmesser-1-250","41":"pa_durchmesser-1-300","42":"pa_durchmesser-1-310","43":"pa_durchmesser-1-380","44":"pa_durchmesser-1-400","45":"pa_durchmesser-1-450","46":"pa_durchmesser-1-500","47":"pa_durchmesser-1-600","48":"pa_durchmesser-1-610","49":"pa_durchmesser-1-700","50":"pa_durchmesser-1-750","51":"pa_durchmesser-1-800","52":"pa_durchmesser-1-900","53":"pa_durchmesser-10-000","54":"pa_durchmesser-10-500","55":"pa_durchmesser-100-000","56":"pa_durchmesser-11-000","57":"pa_durchmesser-11-500","58":"pa_durchmesser-12-000","59":"pa_durchmesser-12-700","60":"pa_durchmesser-13-000","61":"pa_durchmesser-14-000","62":"pa_durchmesser-15-000","63":"pa_durchmesser-16-000","64":"pa_durchmesser-17-000","65":"pa_durchmesser-18-000","66":"pa_durchmesser-19-000","67":"pa_durchmesser-2-000","68":"pa_durchmesser-2-100","69":"pa_durchmesser-2-200","70":"pa_durchmesser-2-300","71":"pa_durchmesser-2-400","72":"pa_durchmesser-2-500","73":"pa_durchmesser-2-600","74":"pa_durchmesser-2-700","75":"pa_durchmesser-2-800","76":"pa_durchmesser-2-900","77":"pa_durchmesser-20-000","78":"pa_durchmesser-21-000","79":"pa_durchmesser-22-000","80":"pa_durchmesser-23-000","81":"pa_durchmesser-24-000","82":"pa_durchmesser-25-000","83":"pa_durchmesser-25-400","84":"pa_durchmesser-26-000","85":"pa_durchmesser-27-000","86":"pa_durchmesser-28-000","87":"pa_durchmesser-29-000","88":"pa_durchmesser-3-000","89":"pa_durchmesser-3-100","90":"pa_durchmesser-3-200","91":"pa_durchmesser-3-300","92":"pa_durchmesser-3-500","93":"pa_durchmesser-3-600","94":"pa_durchmesser-3-800","95":"pa_durchmesser-30-000","96":"pa_durchmesser-31-000","97":"pa_durchmesser-32-000","98":"pa_durchmesser-33-000","99":"pa_durchmesser-34-000","100":"pa_durchmesser-35-000","101":"pa_durchmesser-36-000","102":"pa_durchmesser-37-000","103":"pa_durchmesser-38-000","104":"pa_durchmesser-4-000","105":"pa_durchmesser-4-200","106":"pa_durchmesser-4-500","107":"pa_durchmesser-4-600","108":"pa_durchmesser-4-750","109":"pa_durchmesser-4-760","110":"pa_durchmesser-40-000","111":"pa_durchmesser-42-000","112":"pa_durchmesser-45-000","113":"pa_durchmesser-48-000","114":"pa_durchmesser-5-000","115":"pa_durchmesser-5-500","116":"pa_durchmesser-5-800","117":"pa_durchmesser-50-000","118":"pa_durchmesser-52-000","119":"pa_durchmesser-55-000","120":"pa_durchmesser-6-000","121":"pa_durchmesser-6-300","122":"pa_durchmesser-6-350","123":"pa_durchmesser-6-500","124":"pa_durchmesser-60-000","125":"pa_durchmesser-65-000","126":"pa_durchmesser-7-000","127":"pa_durchmesser-7-500","128":"pa_durchmesser-70-000","129":"pa_durchmesser-75-000","130":"pa_durchmesser-8-000","131":"pa_durchmesser-8-500","132":"pa_durchmesser-8-800","133":"pa_durchmesser-80-000","134":"pa_durchmesser-9-000","135":"pa_durchmesser-9-200","136":"pa_durchmesser-9-500","137":"pa_durchmesser-9-520","138":"pa_durchmesser-9-530","139":"pa_durchmesser-9-600","140":"pa_durchmesser-90-000","141":"pa_toleranz-h-11-fr-2","142":"pa_toleranz-h-6-fr","143":"pa_toleranz-h-7-fr","144":"pa_toleranz-h-8-fr","145":"pa_toleranz-h-9-fr","146":"pa_toleranz-spec","147":"pa_toleranz-spez","149":"first","150":"instock","151":"purchasable","152":"product-type-variable"},"acf":[],"yoast_head":"<!-- This site is optimized with the Yoast SEO plugin v27.4 - https:\/\/yoast.com\/product\/yoast-seo-wordpress\/ -->\n<title>TITAN GRADE 5 ELI - L.Klein SA - Premium Steel and Metals<\/title>\n<meta name=\"robots\" content=\"index, follow, max-snippet:-1, max-image-preview:large, max-video-preview:-1\" \/>\n<link rel=\"canonical\" href=\"https:\/\/www.kleinmetals.ch\/fr\/produkt\/titan-grade-5-eli\/\" \/>\n<meta property=\"og:locale\" content=\"fr_FR\" \/>\n<meta property=\"og:type\" content=\"article\" \/>\n<meta property=\"og:title\" content=\"TITAN GRADE 5 ELI - L.Klein SA - Premium Steel and Metals\" \/>\n<meta property=\"og:description\" content=\"R\u00e9sum\u00e9 D\u00e9nomination Klein: TITAN GRADE 5 ELI Classe de m\u00e9taux: Num\u00e9ro mati\u00e8re: Norme EN: RoHS 2 \u2013 2011\/65\/EU: Usinabilit\u00e9: [...]\" \/>\n<meta property=\"og:url\" content=\"https:\/\/www.kleinmetals.ch\/fr\/produkt\/titan-grade-5-eli\/\" \/>\n<meta property=\"og:site_name\" content=\"L.Klein SA - Premium Steel and Metals\" \/>\n<meta property=\"article:modified_time\" content=\"2026-04-20T06:40:11+00:00\" \/>\n<meta property=\"og:image\" content=\"https:\/\/www.kleinmetals.ch\/wp-content\/uploads\/705.png\" \/>\n\t<meta property=\"og:image:width\" content=\"1000\" \/>\n\t<meta property=\"og:image:height\" content=\"1000\" \/>\n\t<meta property=\"og:image:type\" content=\"image\/png\" \/>\n<meta name=\"twitter:card\" content=\"summary_large_image\" \/>\n<meta name=\"twitter:label1\" content=\"Dur\u00e9e de lecture estim\u00e9e\" \/>\n\t<meta name=\"twitter:data1\" content=\"1 minute\" \/>\n<script type=\"application\/ld+json\" class=\"yoast-schema-graph\">{\"@context\":\"https:\\\/\\\/schema.org\",\"@graph\":[{\"@type\":\"WebPage\",\"@id\":\"https:\\\/\\\/www.kleinmetals.ch\\\/fr\\\/produkt\\\/titan-grade-5-eli\\\/\",\"url\":\"https:\\\/\\\/www.kleinmetals.ch\\\/fr\\\/produkt\\\/titan-grade-5-eli\\\/\",\"name\":\"TITAN GRADE 5 ELI - L.Klein SA - Premium Steel and Metals\",\"isPartOf\":{\"@id\":\"https:\\\/\\\/www.kleinmetals.ch\\\/fr\\\/#website\"},\"primaryImageOfPage\":{\"@id\":\"https:\\\/\\\/www.kleinmetals.ch\\\/fr\\\/produkt\\\/titan-grade-5-eli\\\/#primaryimage\"},\"image\":{\"@id\":\"https:\\\/\\\/www.kleinmetals.ch\\\/fr\\\/produkt\\\/titan-grade-5-eli\\\/#primaryimage\"},\"thumbnailUrl\":\"https:\\\/\\\/www.kleinmetals.ch\\\/wp-content\\\/uploads\\\/705.png\",\"datePublished\":\"2024-04-08T18:46:07+00:00\",\"dateModified\":\"2026-04-20T06:40:11+00:00\",\"breadcrumb\":{\"@id\":\"https:\\\/\\\/www.kleinmetals.ch\\\/fr\\\/produkt\\\/titan-grade-5-eli\\\/#breadcrumb\"},\"inLanguage\":\"fr-FR\",\"potentialAction\":[{\"@type\":\"ReadAction\",\"target\":[\"https:\\\/\\\/www.kleinmetals.ch\\\/fr\\\/produkt\\\/titan-grade-5-eli\\\/\"]}]},{\"@type\":\"ImageObject\",\"inLanguage\":\"fr-FR\",\"@id\":\"https:\\\/\\\/www.kleinmetals.ch\\\/fr\\\/produkt\\\/titan-grade-5-eli\\\/#primaryimage\",\"url\":\"https:\\\/\\\/www.kleinmetals.ch\\\/wp-content\\\/uploads\\\/705.png\",\"contentUrl\":\"https:\\\/\\\/www.kleinmetals.ch\\\/wp-content\\\/uploads\\\/705.png\",\"width\":1000,\"height\":1000},{\"@type\":\"BreadcrumbList\",\"@id\":\"https:\\\/\\\/www.kleinmetals.ch\\\/fr\\\/produkt\\\/titan-grade-5-eli\\\/#breadcrumb\",\"itemListElement\":[{\"@type\":\"ListItem\",\"position\":1,\"name\":\"Home\",\"item\":\"https:\\\/\\\/www.kleinmetals.ch\\\/fr\\\/\"},{\"@type\":\"ListItem\",\"position\":2,\"name\":\"Produits\",\"item\":\"https:\\\/\\\/www.kleinmetals.ch\\\/fr\\\/produits\\\/\"},{\"@type\":\"ListItem\",\"position\":3,\"name\":\"TITAN GRADE 5 ELI\"}]},{\"@type\":\"WebSite\",\"@id\":\"https:\\\/\\\/www.kleinmetals.ch\\\/fr\\\/#website\",\"url\":\"https:\\\/\\\/www.kleinmetals.ch\\\/fr\\\/\",\"name\":\"L.Klein AG Edelst\u00e4hle und Metalle\",\"description\":\"Handel mit hochwertigen Edelst\u00e4hlen und metallischen Rohstoffen\",\"publisher\":{\"@id\":\"https:\\\/\\\/www.kleinmetals.ch\\\/fr\\\/#organization\"},\"potentialAction\":[{\"@type\":\"SearchAction\",\"target\":{\"@type\":\"EntryPoint\",\"urlTemplate\":\"https:\\\/\\\/www.kleinmetals.ch\\\/fr\\\/?s={search_term_string}\"},\"query-input\":{\"@type\":\"PropertyValueSpecification\",\"valueRequired\":true,\"valueName\":\"search_term_string\"}}],\"inLanguage\":\"fr-FR\"},{\"@type\":\"Organization\",\"@id\":\"https:\\\/\\\/www.kleinmetals.ch\\\/fr\\\/#organization\",\"name\":\"L. Klein SA\",\"url\":\"https:\\\/\\\/www.kleinmetals.ch\\\/fr\\\/\",\"logo\":{\"@type\":\"ImageObject\",\"inLanguage\":\"fr-FR\",\"@id\":\"https:\\\/\\\/www.kleinmetals.ch\\\/fr\\\/#\\\/schema\\\/logo\\\/image\\\/\",\"url\":\"https:\\\/\\\/www.kleinmetals.ch\\\/wp-content\\\/uploads\\\/L-Klein-SA-Logo.svg\",\"contentUrl\":\"https:\\\/\\\/www.kleinmetals.ch\\\/wp-content\\\/uploads\\\/L-Klein-SA-Logo.svg\",\"width\":275,\"height\":86,\"caption\":\"L. Klein SA\"},\"image\":{\"@id\":\"https:\\\/\\\/www.kleinmetals.ch\\\/fr\\\/#\\\/schema\\\/logo\\\/image\\\/\"},\"sameAs\":[\"https:\\\/\\\/www.linkedin.com\\\/company\\\/l.-klein-sa\\\/\"]}]}<\/script>\n<!-- \/ Yoast SEO plugin. -->","yoast_head_json":{"title":"TITAN GRADE 5 ELI - L.Klein SA - Premium Steel and Metals","robots":{"index":"index","follow":"follow","max-snippet":"max-snippet:-1","max-image-preview":"max-image-preview:large","max-video-preview":"max-video-preview:-1"},"canonical":"https:\/\/www.kleinmetals.ch\/fr\/produkt\/titan-grade-5-eli\/","og_locale":"fr_FR","og_type":"article","og_title":"TITAN GRADE 5 ELI - L.Klein SA - Premium Steel and Metals","og_description":"R\u00e9sum\u00e9 D\u00e9nomination Klein: TITAN GRADE 5 ELI Classe de m\u00e9taux: Num\u00e9ro mati\u00e8re: Norme EN: RoHS 2 \u2013 2011\/65\/EU: Usinabilit\u00e9: [...]","og_url":"https:\/\/www.kleinmetals.ch\/fr\/produkt\/titan-grade-5-eli\/","og_site_name":"L.Klein SA - Premium Steel and Metals","article_modified_time":"2026-04-20T06:40:11+00:00","og_image":[{"width":1000,"height":1000,"url":"https:\/\/www.kleinmetals.ch\/wp-content\/uploads\/705.png","type":"image\/png"}],"twitter_card":"summary_large_image","twitter_misc":{"Dur\u00e9e de lecture estim\u00e9e":"1 minute"},"schema":{"@context":"https:\/\/schema.org","@graph":[{"@type":"WebPage","@id":"https:\/\/www.kleinmetals.ch\/fr\/produkt\/titan-grade-5-eli\/","url":"https:\/\/www.kleinmetals.ch\/fr\/produkt\/titan-grade-5-eli\/","name":"TITAN GRADE 5 ELI - L.Klein SA - Premium Steel and Metals","isPartOf":{"@id":"https:\/\/www.kleinmetals.ch\/fr\/#website"},"primaryImageOfPage":{"@id":"https:\/\/www.kleinmetals.ch\/fr\/produkt\/titan-grade-5-eli\/#primaryimage"},"image":{"@id":"https:\/\/www.kleinmetals.ch\/fr\/produkt\/titan-grade-5-eli\/#primaryimage"},"thumbnailUrl":"https:\/\/www.kleinmetals.ch\/wp-content\/uploads\/705.png","datePublished":"2024-04-08T18:46:07+00:00","dateModified":"2026-04-20T06:40:11+00:00","breadcrumb":{"@id":"https:\/\/www.kleinmetals.ch\/fr\/produkt\/titan-grade-5-eli\/#breadcrumb"},"inLanguage":"fr-FR","potentialAction":[{"@type":"ReadAction","target":["https:\/\/www.kleinmetals.ch\/fr\/produkt\/titan-grade-5-eli\/"]}]},{"@type":"ImageObject","inLanguage":"fr-FR","@id":"https:\/\/www.kleinmetals.ch\/fr\/produkt\/titan-grade-5-eli\/#primaryimage","url":"https:\/\/www.kleinmetals.ch\/wp-content\/uploads\/705.png","contentUrl":"https:\/\/www.kleinmetals.ch\/wp-content\/uploads\/705.png","width":1000,"height":1000},{"@type":"BreadcrumbList","@id":"https:\/\/www.kleinmetals.ch\/fr\/produkt\/titan-grade-5-eli\/#breadcrumb","itemListElement":[{"@type":"ListItem","position":1,"name":"Home","item":"https:\/\/www.kleinmetals.ch\/fr\/"},{"@type":"ListItem","position":2,"name":"Produits","item":"https:\/\/www.kleinmetals.ch\/fr\/produits\/"},{"@type":"ListItem","position":3,"name":"TITAN GRADE 5 ELI"}]},{"@type":"WebSite","@id":"https:\/\/www.kleinmetals.ch\/fr\/#website","url":"https:\/\/www.kleinmetals.ch\/fr\/","name":"L.Klein AG Edelst\u00e4hle und Metalle","description":"Handel mit hochwertigen Edelst\u00e4hlen und metallischen Rohstoffen","publisher":{"@id":"https:\/\/www.kleinmetals.ch\/fr\/#organization"},"potentialAction":[{"@type":"SearchAction","target":{"@type":"EntryPoint","urlTemplate":"https:\/\/www.kleinmetals.ch\/fr\/?s={search_term_string}"},"query-input":{"@type":"PropertyValueSpecification","valueRequired":true,"valueName":"search_term_string"}}],"inLanguage":"fr-FR"},{"@type":"Organization","@id":"https:\/\/www.kleinmetals.ch\/fr\/#organization","name":"L. Klein SA","url":"https:\/\/www.kleinmetals.ch\/fr\/","logo":{"@type":"ImageObject","inLanguage":"fr-FR","@id":"https:\/\/www.kleinmetals.ch\/fr\/#\/schema\/logo\/image\/","url":"https:\/\/www.kleinmetals.ch\/wp-content\/uploads\/L-Klein-SA-Logo.svg","contentUrl":"https:\/\/www.kleinmetals.ch\/wp-content\/uploads\/L-Klein-SA-Logo.svg","width":275,"height":86,"caption":"L. Klein SA"},"image":{"@id":"https:\/\/www.kleinmetals.ch\/fr\/#\/schema\/logo\/image\/"},"sameAs":["https:\/\/www.linkedin.com\/company\/l.-klein-sa\/"]}]}},"_links":{"self":[{"href":"https:\/\/www.kleinmetals.ch\/fr\/wp-json\/wp\/v2\/product\/163378","targetHints":{"allow":["GET"]}}],"collection":[{"href":"https:\/\/www.kleinmetals.ch\/fr\/wp-json\/wp\/v2\/product"}],"about":[{"href":"https:\/\/www.kleinmetals.ch\/fr\/wp-json\/wp\/v2\/types\/product"}],"wp:featuredmedia":[{"embeddable":true,"href":"https:\/\/www.kleinmetals.ch\/fr\/wp-json\/wp\/v2\/media\/61274"}],"wp:attachment":[{"href":"https:\/\/www.kleinmetals.ch\/fr\/wp-json\/wp\/v2\/media?parent=163378"}],"wp:term":[{"taxonomy":"product_brand","embeddable":true,"href":"https:\/\/www.kleinmetals.ch\/fr\/wp-json\/wp\/v2\/product_brand?post=163378"},{"taxonomy":"product_cat","embeddable":true,"href":"https:\/\/www.kleinmetals.ch\/fr\/wp-json\/wp\/v2\/product_cat?post=163378"},{"taxonomy":"product_tag","embeddable":true,"href":"https:\/\/www.kleinmetals.ch\/fr\/wp-json\/wp\/v2\/product_tag?post=163378"}],"curies":[{"name":"wp","href":"https:\/\/api.w.org\/{rel}","templated":true}]}}