{"id":163380,"date":"2024-04-08T20:46:07","date_gmt":"2024-04-08T18:46:07","guid":{"rendered":"https:\/\/www.kleinmetals.ch\/produkt\/titan-grade-2\/"},"modified":"2026-04-17T08:36:06","modified_gmt":"2026-04-17T06:36:06","slug":"titan-grade-2","status":"publish","type":"product","link":"https:\/\/www.kleinmetals.ch\/fr\/produkt\/titan-grade-2\/","title":{"rendered":"TITAN GRADE 2"},"content":{"rendered":"<p><strong>R\u00e9sum\u00e9<\/strong><\/p>\n<table border=\"0\" width=\"100%\" cellspacing=\"0\" cellpadding=\"0\">\n<tbody>\n<tr>\n<td>D\u00e9signation Klein:<\/td>\n<td>TITAN GRADE 2<\/td>\n<\/tr>\n<tr>\n<td valign=\"top\">Classe de m\u00e9tal:<\/td>\n<td>Titane avec addition de O<\/td>\n<\/tr>\n<tr>\n<td>Num\u00e9ro mati\u00e8re:<\/td>\n<td>3.7035<\/td>\n<\/tr>\n<tr>\n<td>Norme ISO:<\/td>\n<td>5832-2<\/td>\n<\/tr>\n<tr>\n<td>Biocompatibilit\u00e9:<\/td>\n<td>tr\u00e8s bonne<\/td>\n<\/tr>\n<tr>\n<td>Elaboration et refusions:<\/td>\n<td>VAR<\/td>\n<\/tr>\n<tr>\n<td>Usinabilit\u00e9:<\/td>\n<td>jusqu\u2019\u00e0 satisfaisante<\/td>\n<\/tr>\n<tr>\n<td>Capacit\u00e9 de durcissement:<\/td>\n<td>ne peut pas \u00eatre durci thermiquement<\/td>\n<\/tr>\n<tr>\n<td>Formage:<\/td>\n<td>peut \u00eatre form\u00e9 \u00e0 froid<\/td>\n<\/tr>\n<tr>\n<td>Ecrouissage:<\/td>\n<td>peut \u00eatre \u00e9croui \u00e0 froid<\/td>\n<\/tr>\n<tr>\n<td>Aptitude au polissage:<\/td>\n<td>adapt\u00e9<\/td>\n<\/tr>\n<tr>\n<td>Oxydation anodique:<\/td>\n<td>adapt\u00e9<\/td>\n<\/tr>\n<tr>\n<td>R\u00e9sistance \u00e0 la corrosion:<\/td>\n<td>tr\u00e8sbonne, qualit\u00e9 implant<\/td>\n<\/tr>\n<tr>\n<td>Magn\u00e9tisme:<\/td>\n<td>non magn\u00e9tique<\/td>\n<\/tr>\n<tr>\n<td valign=\"top\">Utilisations:<\/td>\n<td>implants; utilisations m\u00e9dicales et<br \/>\ndentaires, horlog\u00e8res et de nombreuses<br \/>\nbranches de l\u2019industrie<\/td>\n<\/tr>\n<\/tbody>\n<\/table>\n<p>&nbsp;<\/p>\n<p>Titane non alli\u00e9 selon la norme ISO 5832-II, ASTM F 67-95. Les domaines d&rsquo;application comprennent les implants, les instruments (chirurgie, technologie dentaire) ou l&rsquo;industrie horlog\u00e8re (vis, couronnes, ponts, etc.).<\/p>\n","protected":false},"excerpt":{"rendered":"<p>R\u00e9sum\u00e9 D\u00e9signation Klein: TITAN GRADE 2 Classe de m\u00e9tal: Titane avec addition de O Num\u00e9ro mati\u00e8re: 3.7035 Norme ISO:  [&#8230;]<\/p>\n","protected":false},"featured_media":61267,"template":"","meta":{"_acf_changed":false,"inline_featured_image":false},"product_brand":[],"product_cat":[824,862],"product_tag":[],"class_list":{"0":"post-163380","1":"product","2":"type-product","3":"status-publish","4":"has-post-thumbnail","6":"product_cat-implants-fr","7":"product_cat-titane","8":"pa_ausfuehrung-etire","9":"pa_ausfuehrung-meule","10":"pa_ausfuehrung-poudre","11":"pa_ausfuehrung-pulver","12":"pa_ausfuehrung-2-barres-2m","13":"pa_ausfuehrung-2-barres-3m","14":"pa_ausfuehrung-2-longueurs-spec","15":"pa_ausfuehrung-2-poudre","16":"pa_ausfuehrung-2-staebe-spez","17":"pa_ausfuehrung-2-torche","18":"pa_durchmesser-0-000","19":"pa_durchmesser-0-200","20":"pa_durchmesser-0-300","21":"pa_durchmesser-0-400","22":"pa_durchmesser-0-450","23":"pa_durchmesser-0-500","24":"pa_durchmesser-0-560","25":"pa_durchmesser-0-600","26":"pa_durchmesser-0-680","27":"pa_durchmesser-0-700","28":"pa_durchmesser-0-762","29":"pa_durchmesser-0-800","30":"pa_durchmesser-1-000","31":"pa_durchmesser-1-030","32":"pa_durchmesser-1-100","33":"pa_durchmesser-1-180","34":"pa_durchmesser-1-200","35":"pa_durchmesser-1-270","36":"pa_durchmesser-1-300","37":"pa_durchmesser-1-310","38":"pa_durchmesser-1-400","39":"pa_durchmesser-1-500","40":"pa_durchmesser-1-600","41":"pa_durchmesser-1-700","42":"pa_durchmesser-1-800","43":"pa_durchmesser-1-900","44":"pa_durchmesser-10-000","45":"pa_durchmesser-10-500","46":"pa_durchmesser-11-000","47":"pa_durchmesser-11-500","48":"pa_durchmesser-12-000","49":"pa_durchmesser-12-700","50":"pa_durchmesser-13-000","51":"pa_durchmesser-14-000","52":"pa_durchmesser-15-000","53":"pa_durchmesser-16-000","54":"pa_durchmesser-17-000","55":"pa_durchmesser-18-000","56":"pa_durchmesser-19-000","57":"pa_durchmesser-2-000","58":"pa_durchmesser-2-200","59":"pa_durchmesser-2-300","60":"pa_durchmesser-2-400","61":"pa_durchmesser-2-500","62":"pa_durchmesser-2-600","63":"pa_durchmesser-2-700","64":"pa_durchmesser-2-800","65":"pa_durchmesser-20-000","66":"pa_durchmesser-21-000","67":"pa_durchmesser-22-000","68":"pa_durchmesser-24-000","69":"pa_durchmesser-25-000","70":"pa_durchmesser-26-000","71":"pa_durchmesser-27-000","72":"pa_durchmesser-29-000","73":"pa_durchmesser-3-000","74":"pa_durchmesser-3-020","75":"pa_durchmesser-3-200","76":"pa_durchmesser-3-500","77":"pa_durchmesser-3-600","78":"pa_durchmesser-3-800","79":"pa_durchmesser-30-000","80":"pa_durchmesser-35-000","81":"pa_durchmesser-4-000","82":"pa_durchmesser-4-100","83":"pa_durchmesser-4-200","84":"pa_durchmesser-4-300","85":"pa_durchmesser-4-500","86":"pa_durchmesser-4-750","87":"pa_durchmesser-40-000","88":"pa_durchmesser-42-000","89":"pa_durchmesser-45-000","90":"pa_durchmesser-48-000","91":"pa_durchmesser-5-000","92":"pa_durchmesser-5-500","93":"pa_durchmesser-55-000","94":"pa_durchmesser-6-000","95":"pa_durchmesser-6-350","96":"pa_durchmesser-6-500","97":"pa_durchmesser-7-000","98":"pa_durchmesser-7-500","99":"pa_durchmesser-7-800","100":"pa_durchmesser-8-000","101":"pa_durchmesser-8-100","102":"pa_durchmesser-8-500","103":"pa_durchmesser-80-000","104":"pa_durchmesser-9-000","105":"pa_durchmesser-9-500","106":"pa_durchmesser-9-600","107":"pa_toleranz-h-11-fr-2","108":"pa_toleranz-h-6-fr","109":"pa_toleranz-h-7-fr","110":"pa_toleranz-h-8-fr","111":"pa_toleranz-h-9-fr","112":"pa_toleranz-spec","113":"pa_toleranz-spez","115":"first","116":"instock","117":"purchasable","118":"product-type-variable"},"acf":[],"yoast_head":"<!-- This site is optimized with the Yoast SEO plugin v27.4 - https:\/\/yoast.com\/product\/yoast-seo-wordpress\/ -->\n<title>TITAN GRADE 2 - L.Klein SA - Premium Steel and Metals<\/title>\n<meta name=\"robots\" content=\"index, follow, max-snippet:-1, max-image-preview:large, max-video-preview:-1\" \/>\n<link rel=\"canonical\" href=\"https:\/\/www.kleinmetals.ch\/fr\/produkt\/titan-grade-2\/\" \/>\n<meta property=\"og:locale\" content=\"fr_FR\" \/>\n<meta property=\"og:type\" content=\"article\" \/>\n<meta property=\"og:title\" content=\"TITAN GRADE 2 - L.Klein SA - Premium Steel and Metals\" \/>\n<meta property=\"og:description\" content=\"R\u00e9sum\u00e9 D\u00e9signation Klein: TITAN GRADE 2 Classe de m\u00e9tal: Titane avec addition de O Num\u00e9ro mati\u00e8re: 3.7035 Norme ISO: [...]\" \/>\n<meta property=\"og:url\" content=\"https:\/\/www.kleinmetals.ch\/fr\/produkt\/titan-grade-2\/\" \/>\n<meta property=\"og:site_name\" content=\"L.Klein SA - Premium Steel and Metals\" \/>\n<meta property=\"article:modified_time\" content=\"2026-04-17T06:36:06+00:00\" \/>\n<meta property=\"og:image\" content=\"https:\/\/www.kleinmetals.ch\/wp-content\/uploads\/702.png\" \/>\n\t<meta property=\"og:image:width\" content=\"1000\" \/>\n\t<meta property=\"og:image:height\" content=\"1000\" \/>\n\t<meta property=\"og:image:type\" content=\"image\/png\" \/>\n<meta name=\"twitter:card\" content=\"summary_large_image\" \/>\n<meta name=\"twitter:label1\" content=\"Dur\u00e9e de lecture estim\u00e9e\" \/>\n\t<meta name=\"twitter:data1\" content=\"1 minute\" \/>\n<script type=\"application\/ld+json\" class=\"yoast-schema-graph\">{\"@context\":\"https:\\\/\\\/schema.org\",\"@graph\":[{\"@type\":\"WebPage\",\"@id\":\"https:\\\/\\\/www.kleinmetals.ch\\\/fr\\\/produkt\\\/titan-grade-2\\\/\",\"url\":\"https:\\\/\\\/www.kleinmetals.ch\\\/fr\\\/produkt\\\/titan-grade-2\\\/\",\"name\":\"TITAN GRADE 2 - L.Klein SA - Premium Steel and Metals\",\"isPartOf\":{\"@id\":\"https:\\\/\\\/www.kleinmetals.ch\\\/fr\\\/#website\"},\"primaryImageOfPage\":{\"@id\":\"https:\\\/\\\/www.kleinmetals.ch\\\/fr\\\/produkt\\\/titan-grade-2\\\/#primaryimage\"},\"image\":{\"@id\":\"https:\\\/\\\/www.kleinmetals.ch\\\/fr\\\/produkt\\\/titan-grade-2\\\/#primaryimage\"},\"thumbnailUrl\":\"https:\\\/\\\/www.kleinmetals.ch\\\/wp-content\\\/uploads\\\/702.png\",\"datePublished\":\"2024-04-08T18:46:07+00:00\",\"dateModified\":\"2026-04-17T06:36:06+00:00\",\"breadcrumb\":{\"@id\":\"https:\\\/\\\/www.kleinmetals.ch\\\/fr\\\/produkt\\\/titan-grade-2\\\/#breadcrumb\"},\"inLanguage\":\"fr-FR\",\"potentialAction\":[{\"@type\":\"ReadAction\",\"target\":[\"https:\\\/\\\/www.kleinmetals.ch\\\/fr\\\/produkt\\\/titan-grade-2\\\/\"]}]},{\"@type\":\"ImageObject\",\"inLanguage\":\"fr-FR\",\"@id\":\"https:\\\/\\\/www.kleinmetals.ch\\\/fr\\\/produkt\\\/titan-grade-2\\\/#primaryimage\",\"url\":\"https:\\\/\\\/www.kleinmetals.ch\\\/wp-content\\\/uploads\\\/702.png\",\"contentUrl\":\"https:\\\/\\\/www.kleinmetals.ch\\\/wp-content\\\/uploads\\\/702.png\",\"width\":1000,\"height\":1000},{\"@type\":\"BreadcrumbList\",\"@id\":\"https:\\\/\\\/www.kleinmetals.ch\\\/fr\\\/produkt\\\/titan-grade-2\\\/#breadcrumb\",\"itemListElement\":[{\"@type\":\"ListItem\",\"position\":1,\"name\":\"Home\",\"item\":\"https:\\\/\\\/www.kleinmetals.ch\\\/fr\\\/\"},{\"@type\":\"ListItem\",\"position\":2,\"name\":\"Produits\",\"item\":\"https:\\\/\\\/www.kleinmetals.ch\\\/fr\\\/produits\\\/\"},{\"@type\":\"ListItem\",\"position\":3,\"name\":\"TITAN GRADE 2\"}]},{\"@type\":\"WebSite\",\"@id\":\"https:\\\/\\\/www.kleinmetals.ch\\\/fr\\\/#website\",\"url\":\"https:\\\/\\\/www.kleinmetals.ch\\\/fr\\\/\",\"name\":\"L.Klein AG Edelst\u00e4hle und Metalle\",\"description\":\"Handel mit hochwertigen Edelst\u00e4hlen und metallischen Rohstoffen\",\"publisher\":{\"@id\":\"https:\\\/\\\/www.kleinmetals.ch\\\/fr\\\/#organization\"},\"potentialAction\":[{\"@type\":\"SearchAction\",\"target\":{\"@type\":\"EntryPoint\",\"urlTemplate\":\"https:\\\/\\\/www.kleinmetals.ch\\\/fr\\\/?s={search_term_string}\"},\"query-input\":{\"@type\":\"PropertyValueSpecification\",\"valueRequired\":true,\"valueName\":\"search_term_string\"}}],\"inLanguage\":\"fr-FR\"},{\"@type\":\"Organization\",\"@id\":\"https:\\\/\\\/www.kleinmetals.ch\\\/fr\\\/#organization\",\"name\":\"L. Klein SA\",\"url\":\"https:\\\/\\\/www.kleinmetals.ch\\\/fr\\\/\",\"logo\":{\"@type\":\"ImageObject\",\"inLanguage\":\"fr-FR\",\"@id\":\"https:\\\/\\\/www.kleinmetals.ch\\\/fr\\\/#\\\/schema\\\/logo\\\/image\\\/\",\"url\":\"https:\\\/\\\/www.kleinmetals.ch\\\/wp-content\\\/uploads\\\/L-Klein-SA-Logo.svg\",\"contentUrl\":\"https:\\\/\\\/www.kleinmetals.ch\\\/wp-content\\\/uploads\\\/L-Klein-SA-Logo.svg\",\"width\":275,\"height\":86,\"caption\":\"L. Klein SA\"},\"image\":{\"@id\":\"https:\\\/\\\/www.kleinmetals.ch\\\/fr\\\/#\\\/schema\\\/logo\\\/image\\\/\"},\"sameAs\":[\"https:\\\/\\\/www.linkedin.com\\\/company\\\/l.-klein-sa\\\/\"]}]}<\/script>\n<!-- \/ Yoast SEO plugin. -->","yoast_head_json":{"title":"TITAN GRADE 2 - L.Klein SA - Premium Steel and Metals","robots":{"index":"index","follow":"follow","max-snippet":"max-snippet:-1","max-image-preview":"max-image-preview:large","max-video-preview":"max-video-preview:-1"},"canonical":"https:\/\/www.kleinmetals.ch\/fr\/produkt\/titan-grade-2\/","og_locale":"fr_FR","og_type":"article","og_title":"TITAN GRADE 2 - L.Klein SA - Premium Steel and Metals","og_description":"R\u00e9sum\u00e9 D\u00e9signation Klein: TITAN GRADE 2 Classe de m\u00e9tal: Titane avec addition de O Num\u00e9ro mati\u00e8re: 3.7035 Norme ISO: [...]","og_url":"https:\/\/www.kleinmetals.ch\/fr\/produkt\/titan-grade-2\/","og_site_name":"L.Klein SA - Premium Steel and Metals","article_modified_time":"2026-04-17T06:36:06+00:00","og_image":[{"width":1000,"height":1000,"url":"https:\/\/www.kleinmetals.ch\/wp-content\/uploads\/702.png","type":"image\/png"}],"twitter_card":"summary_large_image","twitter_misc":{"Dur\u00e9e de lecture estim\u00e9e":"1 minute"},"schema":{"@context":"https:\/\/schema.org","@graph":[{"@type":"WebPage","@id":"https:\/\/www.kleinmetals.ch\/fr\/produkt\/titan-grade-2\/","url":"https:\/\/www.kleinmetals.ch\/fr\/produkt\/titan-grade-2\/","name":"TITAN GRADE 2 - L.Klein SA - Premium Steel and Metals","isPartOf":{"@id":"https:\/\/www.kleinmetals.ch\/fr\/#website"},"primaryImageOfPage":{"@id":"https:\/\/www.kleinmetals.ch\/fr\/produkt\/titan-grade-2\/#primaryimage"},"image":{"@id":"https:\/\/www.kleinmetals.ch\/fr\/produkt\/titan-grade-2\/#primaryimage"},"thumbnailUrl":"https:\/\/www.kleinmetals.ch\/wp-content\/uploads\/702.png","datePublished":"2024-04-08T18:46:07+00:00","dateModified":"2026-04-17T06:36:06+00:00","breadcrumb":{"@id":"https:\/\/www.kleinmetals.ch\/fr\/produkt\/titan-grade-2\/#breadcrumb"},"inLanguage":"fr-FR","potentialAction":[{"@type":"ReadAction","target":["https:\/\/www.kleinmetals.ch\/fr\/produkt\/titan-grade-2\/"]}]},{"@type":"ImageObject","inLanguage":"fr-FR","@id":"https:\/\/www.kleinmetals.ch\/fr\/produkt\/titan-grade-2\/#primaryimage","url":"https:\/\/www.kleinmetals.ch\/wp-content\/uploads\/702.png","contentUrl":"https:\/\/www.kleinmetals.ch\/wp-content\/uploads\/702.png","width":1000,"height":1000},{"@type":"BreadcrumbList","@id":"https:\/\/www.kleinmetals.ch\/fr\/produkt\/titan-grade-2\/#breadcrumb","itemListElement":[{"@type":"ListItem","position":1,"name":"Home","item":"https:\/\/www.kleinmetals.ch\/fr\/"},{"@type":"ListItem","position":2,"name":"Produits","item":"https:\/\/www.kleinmetals.ch\/fr\/produits\/"},{"@type":"ListItem","position":3,"name":"TITAN GRADE 2"}]},{"@type":"WebSite","@id":"https:\/\/www.kleinmetals.ch\/fr\/#website","url":"https:\/\/www.kleinmetals.ch\/fr\/","name":"L.Klein AG Edelst\u00e4hle und Metalle","description":"Handel mit hochwertigen Edelst\u00e4hlen und metallischen Rohstoffen","publisher":{"@id":"https:\/\/www.kleinmetals.ch\/fr\/#organization"},"potentialAction":[{"@type":"SearchAction","target":{"@type":"EntryPoint","urlTemplate":"https:\/\/www.kleinmetals.ch\/fr\/?s={search_term_string}"},"query-input":{"@type":"PropertyValueSpecification","valueRequired":true,"valueName":"search_term_string"}}],"inLanguage":"fr-FR"},{"@type":"Organization","@id":"https:\/\/www.kleinmetals.ch\/fr\/#organization","name":"L. Klein SA","url":"https:\/\/www.kleinmetals.ch\/fr\/","logo":{"@type":"ImageObject","inLanguage":"fr-FR","@id":"https:\/\/www.kleinmetals.ch\/fr\/#\/schema\/logo\/image\/","url":"https:\/\/www.kleinmetals.ch\/wp-content\/uploads\/L-Klein-SA-Logo.svg","contentUrl":"https:\/\/www.kleinmetals.ch\/wp-content\/uploads\/L-Klein-SA-Logo.svg","width":275,"height":86,"caption":"L. Klein SA"},"image":{"@id":"https:\/\/www.kleinmetals.ch\/fr\/#\/schema\/logo\/image\/"},"sameAs":["https:\/\/www.linkedin.com\/company\/l.-klein-sa\/"]}]}},"_links":{"self":[{"href":"https:\/\/www.kleinmetals.ch\/fr\/wp-json\/wp\/v2\/product\/163380","targetHints":{"allow":["GET"]}}],"collection":[{"href":"https:\/\/www.kleinmetals.ch\/fr\/wp-json\/wp\/v2\/product"}],"about":[{"href":"https:\/\/www.kleinmetals.ch\/fr\/wp-json\/wp\/v2\/types\/product"}],"wp:featuredmedia":[{"embeddable":true,"href":"https:\/\/www.kleinmetals.ch\/fr\/wp-json\/wp\/v2\/media\/61267"}],"wp:attachment":[{"href":"https:\/\/www.kleinmetals.ch\/fr\/wp-json\/wp\/v2\/media?parent=163380"}],"wp:term":[{"taxonomy":"product_brand","embeddable":true,"href":"https:\/\/www.kleinmetals.ch\/fr\/wp-json\/wp\/v2\/product_brand?post=163380"},{"taxonomy":"product_cat","embeddable":true,"href":"https:\/\/www.kleinmetals.ch\/fr\/wp-json\/wp\/v2\/product_cat?post=163380"},{"taxonomy":"product_tag","embeddable":true,"href":"https:\/\/www.kleinmetals.ch\/fr\/wp-json\/wp\/v2\/product_tag?post=163380"}],"curies":[{"name":"wp","href":"https:\/\/api.w.org\/{rel}","templated":true}]}}