{"id":163397,"date":"2024-04-08T20:46:31","date_gmt":"2024-04-08T18:46:31","guid":{"rendered":"https:\/\/www.kleinmetals.ch\/produkt\/law-100-pb\/"},"modified":"2026-04-17T08:33:35","modified_gmt":"2026-04-17T06:33:35","slug":"law-100-pb","status":"publish","type":"product","link":"https:\/\/www.kleinmetals.ch\/fr\/produkt\/law-100-pb\/","title":{"rendered":"LAW 100 Pb"},"content":{"rendered":"<p><strong>R\u00e9sum\u00e9<\/strong><\/p>\n<table border=\"0\" width=\"100%\" cellspacing=\"0\" cellpadding=\"0\">\n<tbody>\n<tr>\n<td>D\u00e9nomination Klein:<\/td>\n<td>LAW 100 Pb<\/td>\n<\/tr>\n<tr>\n<td valign=\"top\">Classe d\u2019aciers:<\/td>\n<td>acier de d\u00e9colletage trempable<br \/>\navec additions de S et Pb<\/td>\n<\/tr>\n<tr>\n<td>Num\u00e9ro mati\u00e8res:<\/td>\n<td>~ 1.1268+S et Pb<\/td>\n<\/tr>\n<tr>\n<td>NormeAISI:<\/td>\n<td>~ 1095;A100Pb<\/td>\n<\/tr>\n<tr>\n<td>RoHS 2 &#8211; 2011\/65\/EU:<\/td>\n<td>compatible<\/td>\n<\/tr>\n<tr>\n<td>Usinabilit\u00e9:<\/td>\n<td>bonne \u00e0 tr\u00e8s bonne<\/td>\n<\/tr>\n<tr>\n<td>Capacit\u00e9 de durcissement:<\/td>\n<td>jusqu\u2019\u00e0 64-66 HRc<\/td>\n<\/tr>\n<tr>\n<td valign=\"top\">Aptitude au polissage:<\/td>\n<td>n\u2019est pas adapt\u00e9 au polissage<br \/>\nsp\u00e9culaire<\/td>\n<\/tr>\n<tr>\n<td valign=\"top\">Utilisations:<\/td>\n<td>pi\u00e8ces pour mouvements horlogers et<br \/>\nde nombreuses branches de l\u2019industrie<\/td>\n<\/tr>\n<\/tbody>\n<\/table>\n<p>&nbsp;<\/p>\n<p>LAW 100 Pb, A 100 Pb, no. mati\u00e8re ~ 1.1268 Pb, ~ AISI 1095 acier trempable pour automates, (1.0 % C) oxydable, conforme \u00e0 la directive RoHS.<br \/>\nApplication particuli\u00e8rement adapt\u00e9 pour d\u00e9colleter des pi\u00e8ces horlog\u00e8re (mouvement) mais aussi pour des autres pi\u00e8ces de haute pr\u00e9cision de petites tailles.<\/p>\n","protected":false},"excerpt":{"rendered":"<p>R\u00e9sum\u00e9 D\u00e9nomination Klein: LAW 100 Pb Classe d\u2019aciers: acier de d\u00e9colletage trempable avec additions de S et Pb Num\u00e9ro  [&#8230;]<\/p>\n","protected":false},"featured_media":61320,"template":"","meta":{"_acf_changed":false,"inline_featured_image":false},"product_brand":[],"product_cat":[874,808,822,864,866],"product_tag":[],"class_list":{"0":"post-163397","1":"product","2":"type-product","3":"status-publish","4":"has-post-thumbnail","6":"product_cat-acier-outils","7":"product_cat-acier-automates","8":"product_cat-acier-trempe-automates","9":"product_cat-materiaux-horlogerie","10":"product_cat-trempable","11":"pa_ausfuehrung-etire","12":"pa_ausfuehrung-gezogen","13":"pa_ausfuehrung-meule","14":"pa_ausfuehrung-2-barres-2m","15":"pa_ausfuehrung-2-barres-3m","16":"pa_ausfuehrung-2-longueurs-spec","17":"pa_ausfuehrung-2-staebe-spez","18":"pa_ausfuehrung-2-torche","19":"pa_durchmesser-1-070","20":"pa_durchmesser-0-300","21":"pa_durchmesser-0-350","22":"pa_durchmesser-0-400","23":"pa_durchmesser-0-450","24":"pa_durchmesser-0-500","25":"pa_durchmesser-0-600","26":"pa_durchmesser-0-650","27":"pa_durchmesser-0-700","28":"pa_durchmesser-0-800","29":"pa_durchmesser-0-850","30":"pa_durchmesser-0-860","31":"pa_durchmesser-0-900","32":"pa_durchmesser-1-000","33":"pa_durchmesser-1-100","34":"pa_durchmesser-1-200","35":"pa_durchmesser-1-300","36":"pa_durchmesser-1-330","37":"pa_durchmesser-1-360","38":"pa_durchmesser-1-400","39":"pa_durchmesser-1-500","40":"pa_durchmesser-1-600","41":"pa_durchmesser-1-650","42":"pa_durchmesser-1-700","43":"pa_durchmesser-1-750","44":"pa_durchmesser-1-800","45":"pa_durchmesser-1-900","46":"pa_durchmesser-10-000","47":"pa_durchmesser-10-500","48":"pa_durchmesser-11-000","49":"pa_durchmesser-12-000","50":"pa_durchmesser-13-000","51":"pa_durchmesser-14-000","52":"pa_durchmesser-15-000","53":"pa_durchmesser-16-000","54":"pa_durchmesser-2-000","55":"pa_durchmesser-2-100","56":"pa_durchmesser-2-200","57":"pa_durchmesser-2-300","58":"pa_durchmesser-2-330","59":"pa_durchmesser-2-350","60":"pa_durchmesser-2-400","61":"pa_durchmesser-2-450","62":"pa_durchmesser-2-500","63":"pa_durchmesser-2-600","64":"pa_durchmesser-2-700","65":"pa_durchmesser-2-800","66":"pa_durchmesser-3-000","67":"pa_durchmesser-3-050","68":"pa_durchmesser-3-100","69":"pa_durchmesser-3-200","70":"pa_durchmesser-3-300","71":"pa_durchmesser-3-350","72":"pa_durchmesser-3-500","73":"pa_durchmesser-3-600","74":"pa_durchmesser-3-700","75":"pa_durchmesser-3-800","76":"pa_durchmesser-4-000","77":"pa_durchmesser-4-100","78":"pa_durchmesser-4-200","79":"pa_durchmesser-4-300","80":"pa_durchmesser-4-500","81":"pa_durchmesser-4-700","82":"pa_durchmesser-4-800","83":"pa_durchmesser-5-000","84":"pa_durchmesser-5-100","85":"pa_durchmesser-5-200","86":"pa_durchmesser-5-400","87":"pa_durchmesser-5-500","88":"pa_durchmesser-5-650","89":"pa_durchmesser-5-700","90":"pa_durchmesser-5-750","91":"pa_durchmesser-5-800","92":"pa_durchmesser-6-000","93":"pa_durchmesser-6-200","94":"pa_durchmesser-6-300","95":"pa_durchmesser-6-500","96":"pa_durchmesser-6-600","97":"pa_durchmesser-7-000","98":"pa_durchmesser-7-500","99":"pa_durchmesser-8-000","100":"pa_durchmesser-8-100","101":"pa_durchmesser-8-500","102":"pa_durchmesser-8-800","103":"pa_durchmesser-9-000","104":"pa_durchmesser-9-500","105":"pa_toleranz-fg-6-fr","106":"pa_toleranz-fg-7-fr","107":"pa_toleranz-h-5-fr","108":"pa_toleranz-h-5","109":"pa_toleranz-h-6-fr","110":"pa_toleranz-h-7-fr","111":"pa_toleranz-h-8-fr","112":"pa_toleranz-h-9-fr","113":"pa_toleranz-spec","115":"first","116":"instock","117":"purchasable","118":"product-type-variable"},"acf":[],"yoast_head":"<!-- This site is optimized with the Yoast SEO plugin v27.4 - https:\/\/yoast.com\/product\/yoast-seo-wordpress\/ -->\n<title>LAW 100 Pb - L.Klein SA - Premium Steel and Metals<\/title>\n<meta name=\"robots\" content=\"index, follow, max-snippet:-1, max-image-preview:large, max-video-preview:-1\" \/>\n<link rel=\"canonical\" href=\"https:\/\/www.kleinmetals.ch\/fr\/produkt\/law-100-pb\/\" \/>\n<meta property=\"og:locale\" content=\"fr_FR\" \/>\n<meta property=\"og:type\" content=\"article\" \/>\n<meta property=\"og:title\" content=\"LAW 100 Pb - L.Klein SA - Premium Steel and Metals\" \/>\n<meta property=\"og:description\" content=\"R\u00e9sum\u00e9 D\u00e9nomination Klein: LAW 100 Pb Classe d\u2019aciers: acier de d\u00e9colletage trempable avec additions de S et Pb Num\u00e9ro [...]\" \/>\n<meta property=\"og:url\" content=\"https:\/\/www.kleinmetals.ch\/fr\/produkt\/law-100-pb\/\" \/>\n<meta property=\"og:site_name\" content=\"L.Klein SA - Premium Steel and Metals\" \/>\n<meta property=\"article:modified_time\" content=\"2026-04-17T06:33:35+00:00\" \/>\n<meta property=\"og:image\" content=\"https:\/\/www.kleinmetals.ch\/wp-content\/uploads\/105.png\" \/>\n\t<meta property=\"og:image:width\" content=\"1000\" \/>\n\t<meta property=\"og:image:height\" content=\"1000\" \/>\n\t<meta property=\"og:image:type\" content=\"image\/png\" \/>\n<meta name=\"twitter:card\" content=\"summary_large_image\" \/>\n<meta name=\"twitter:label1\" content=\"Dur\u00e9e de lecture estim\u00e9e\" \/>\n\t<meta name=\"twitter:data1\" content=\"1 minute\" \/>\n<script type=\"application\/ld+json\" class=\"yoast-schema-graph\">{\"@context\":\"https:\\\/\\\/schema.org\",\"@graph\":[{\"@type\":\"WebPage\",\"@id\":\"https:\\\/\\\/www.kleinmetals.ch\\\/fr\\\/produkt\\\/law-100-pb\\\/\",\"url\":\"https:\\\/\\\/www.kleinmetals.ch\\\/fr\\\/produkt\\\/law-100-pb\\\/\",\"name\":\"LAW 100 Pb - L.Klein SA - Premium Steel and Metals\",\"isPartOf\":{\"@id\":\"https:\\\/\\\/www.kleinmetals.ch\\\/fr\\\/#website\"},\"primaryImageOfPage\":{\"@id\":\"https:\\\/\\\/www.kleinmetals.ch\\\/fr\\\/produkt\\\/law-100-pb\\\/#primaryimage\"},\"image\":{\"@id\":\"https:\\\/\\\/www.kleinmetals.ch\\\/fr\\\/produkt\\\/law-100-pb\\\/#primaryimage\"},\"thumbnailUrl\":\"https:\\\/\\\/www.kleinmetals.ch\\\/wp-content\\\/uploads\\\/105.png\",\"datePublished\":\"2024-04-08T18:46:31+00:00\",\"dateModified\":\"2026-04-17T06:33:35+00:00\",\"breadcrumb\":{\"@id\":\"https:\\\/\\\/www.kleinmetals.ch\\\/fr\\\/produkt\\\/law-100-pb\\\/#breadcrumb\"},\"inLanguage\":\"fr-FR\",\"potentialAction\":[{\"@type\":\"ReadAction\",\"target\":[\"https:\\\/\\\/www.kleinmetals.ch\\\/fr\\\/produkt\\\/law-100-pb\\\/\"]}]},{\"@type\":\"ImageObject\",\"inLanguage\":\"fr-FR\",\"@id\":\"https:\\\/\\\/www.kleinmetals.ch\\\/fr\\\/produkt\\\/law-100-pb\\\/#primaryimage\",\"url\":\"https:\\\/\\\/www.kleinmetals.ch\\\/wp-content\\\/uploads\\\/105.png\",\"contentUrl\":\"https:\\\/\\\/www.kleinmetals.ch\\\/wp-content\\\/uploads\\\/105.png\",\"width\":1000,\"height\":1000},{\"@type\":\"BreadcrumbList\",\"@id\":\"https:\\\/\\\/www.kleinmetals.ch\\\/fr\\\/produkt\\\/law-100-pb\\\/#breadcrumb\",\"itemListElement\":[{\"@type\":\"ListItem\",\"position\":1,\"name\":\"Home\",\"item\":\"https:\\\/\\\/www.kleinmetals.ch\\\/fr\\\/\"},{\"@type\":\"ListItem\",\"position\":2,\"name\":\"Produits\",\"item\":\"https:\\\/\\\/www.kleinmetals.ch\\\/fr\\\/produits\\\/\"},{\"@type\":\"ListItem\",\"position\":3,\"name\":\"LAW 100 Pb\"}]},{\"@type\":\"WebSite\",\"@id\":\"https:\\\/\\\/www.kleinmetals.ch\\\/fr\\\/#website\",\"url\":\"https:\\\/\\\/www.kleinmetals.ch\\\/fr\\\/\",\"name\":\"L.Klein AG Edelst\u00e4hle und Metalle\",\"description\":\"Handel mit hochwertigen Edelst\u00e4hlen und metallischen Rohstoffen\",\"publisher\":{\"@id\":\"https:\\\/\\\/www.kleinmetals.ch\\\/fr\\\/#organization\"},\"potentialAction\":[{\"@type\":\"SearchAction\",\"target\":{\"@type\":\"EntryPoint\",\"urlTemplate\":\"https:\\\/\\\/www.kleinmetals.ch\\\/fr\\\/?s={search_term_string}\"},\"query-input\":{\"@type\":\"PropertyValueSpecification\",\"valueRequired\":true,\"valueName\":\"search_term_string\"}}],\"inLanguage\":\"fr-FR\"},{\"@type\":\"Organization\",\"@id\":\"https:\\\/\\\/www.kleinmetals.ch\\\/fr\\\/#organization\",\"name\":\"L. Klein SA\",\"url\":\"https:\\\/\\\/www.kleinmetals.ch\\\/fr\\\/\",\"logo\":{\"@type\":\"ImageObject\",\"inLanguage\":\"fr-FR\",\"@id\":\"https:\\\/\\\/www.kleinmetals.ch\\\/fr\\\/#\\\/schema\\\/logo\\\/image\\\/\",\"url\":\"https:\\\/\\\/www.kleinmetals.ch\\\/wp-content\\\/uploads\\\/L-Klein-SA-Logo.svg\",\"contentUrl\":\"https:\\\/\\\/www.kleinmetals.ch\\\/wp-content\\\/uploads\\\/L-Klein-SA-Logo.svg\",\"width\":275,\"height\":86,\"caption\":\"L. Klein SA\"},\"image\":{\"@id\":\"https:\\\/\\\/www.kleinmetals.ch\\\/fr\\\/#\\\/schema\\\/logo\\\/image\\\/\"},\"sameAs\":[\"https:\\\/\\\/www.linkedin.com\\\/company\\\/l.-klein-sa\\\/\"]}]}<\/script>\n<!-- \/ Yoast SEO plugin. -->","yoast_head_json":{"title":"LAW 100 Pb - L.Klein SA - Premium Steel and Metals","robots":{"index":"index","follow":"follow","max-snippet":"max-snippet:-1","max-image-preview":"max-image-preview:large","max-video-preview":"max-video-preview:-1"},"canonical":"https:\/\/www.kleinmetals.ch\/fr\/produkt\/law-100-pb\/","og_locale":"fr_FR","og_type":"article","og_title":"LAW 100 Pb - L.Klein SA - Premium Steel and Metals","og_description":"R\u00e9sum\u00e9 D\u00e9nomination Klein: LAW 100 Pb Classe d\u2019aciers: acier de d\u00e9colletage trempable avec additions de S et Pb Num\u00e9ro [...]","og_url":"https:\/\/www.kleinmetals.ch\/fr\/produkt\/law-100-pb\/","og_site_name":"L.Klein SA - Premium Steel and Metals","article_modified_time":"2026-04-17T06:33:35+00:00","og_image":[{"width":1000,"height":1000,"url":"https:\/\/www.kleinmetals.ch\/wp-content\/uploads\/105.png","type":"image\/png"}],"twitter_card":"summary_large_image","twitter_misc":{"Dur\u00e9e de lecture estim\u00e9e":"1 minute"},"schema":{"@context":"https:\/\/schema.org","@graph":[{"@type":"WebPage","@id":"https:\/\/www.kleinmetals.ch\/fr\/produkt\/law-100-pb\/","url":"https:\/\/www.kleinmetals.ch\/fr\/produkt\/law-100-pb\/","name":"LAW 100 Pb - L.Klein SA - Premium Steel and Metals","isPartOf":{"@id":"https:\/\/www.kleinmetals.ch\/fr\/#website"},"primaryImageOfPage":{"@id":"https:\/\/www.kleinmetals.ch\/fr\/produkt\/law-100-pb\/#primaryimage"},"image":{"@id":"https:\/\/www.kleinmetals.ch\/fr\/produkt\/law-100-pb\/#primaryimage"},"thumbnailUrl":"https:\/\/www.kleinmetals.ch\/wp-content\/uploads\/105.png","datePublished":"2024-04-08T18:46:31+00:00","dateModified":"2026-04-17T06:33:35+00:00","breadcrumb":{"@id":"https:\/\/www.kleinmetals.ch\/fr\/produkt\/law-100-pb\/#breadcrumb"},"inLanguage":"fr-FR","potentialAction":[{"@type":"ReadAction","target":["https:\/\/www.kleinmetals.ch\/fr\/produkt\/law-100-pb\/"]}]},{"@type":"ImageObject","inLanguage":"fr-FR","@id":"https:\/\/www.kleinmetals.ch\/fr\/produkt\/law-100-pb\/#primaryimage","url":"https:\/\/www.kleinmetals.ch\/wp-content\/uploads\/105.png","contentUrl":"https:\/\/www.kleinmetals.ch\/wp-content\/uploads\/105.png","width":1000,"height":1000},{"@type":"BreadcrumbList","@id":"https:\/\/www.kleinmetals.ch\/fr\/produkt\/law-100-pb\/#breadcrumb","itemListElement":[{"@type":"ListItem","position":1,"name":"Home","item":"https:\/\/www.kleinmetals.ch\/fr\/"},{"@type":"ListItem","position":2,"name":"Produits","item":"https:\/\/www.kleinmetals.ch\/fr\/produits\/"},{"@type":"ListItem","position":3,"name":"LAW 100 Pb"}]},{"@type":"WebSite","@id":"https:\/\/www.kleinmetals.ch\/fr\/#website","url":"https:\/\/www.kleinmetals.ch\/fr\/","name":"L.Klein AG Edelst\u00e4hle und Metalle","description":"Handel mit hochwertigen Edelst\u00e4hlen und metallischen Rohstoffen","publisher":{"@id":"https:\/\/www.kleinmetals.ch\/fr\/#organization"},"potentialAction":[{"@type":"SearchAction","target":{"@type":"EntryPoint","urlTemplate":"https:\/\/www.kleinmetals.ch\/fr\/?s={search_term_string}"},"query-input":{"@type":"PropertyValueSpecification","valueRequired":true,"valueName":"search_term_string"}}],"inLanguage":"fr-FR"},{"@type":"Organization","@id":"https:\/\/www.kleinmetals.ch\/fr\/#organization","name":"L. Klein SA","url":"https:\/\/www.kleinmetals.ch\/fr\/","logo":{"@type":"ImageObject","inLanguage":"fr-FR","@id":"https:\/\/www.kleinmetals.ch\/fr\/#\/schema\/logo\/image\/","url":"https:\/\/www.kleinmetals.ch\/wp-content\/uploads\/L-Klein-SA-Logo.svg","contentUrl":"https:\/\/www.kleinmetals.ch\/wp-content\/uploads\/L-Klein-SA-Logo.svg","width":275,"height":86,"caption":"L. Klein SA"},"image":{"@id":"https:\/\/www.kleinmetals.ch\/fr\/#\/schema\/logo\/image\/"},"sameAs":["https:\/\/www.linkedin.com\/company\/l.-klein-sa\/"]}]}},"_links":{"self":[{"href":"https:\/\/www.kleinmetals.ch\/fr\/wp-json\/wp\/v2\/product\/163397","targetHints":{"allow":["GET"]}}],"collection":[{"href":"https:\/\/www.kleinmetals.ch\/fr\/wp-json\/wp\/v2\/product"}],"about":[{"href":"https:\/\/www.kleinmetals.ch\/fr\/wp-json\/wp\/v2\/types\/product"}],"wp:featuredmedia":[{"embeddable":true,"href":"https:\/\/www.kleinmetals.ch\/fr\/wp-json\/wp\/v2\/media\/61320"}],"wp:attachment":[{"href":"https:\/\/www.kleinmetals.ch\/fr\/wp-json\/wp\/v2\/media?parent=163397"}],"wp:term":[{"taxonomy":"product_brand","embeddable":true,"href":"https:\/\/www.kleinmetals.ch\/fr\/wp-json\/wp\/v2\/product_brand?post=163397"},{"taxonomy":"product_cat","embeddable":true,"href":"https:\/\/www.kleinmetals.ch\/fr\/wp-json\/wp\/v2\/product_cat?post=163397"},{"taxonomy":"product_tag","embeddable":true,"href":"https:\/\/www.kleinmetals.ch\/fr\/wp-json\/wp\/v2\/product_tag?post=163397"}],"curies":[{"name":"wp","href":"https:\/\/api.w.org\/{rel}","templated":true}]}}