{"id":163431,"date":"2024-04-08T20:46:31","date_gmt":"2024-04-08T18:46:31","guid":{"rendered":"https:\/\/www.kleinmetals.ch\/produkt\/chronifer-supra\/"},"modified":"2026-04-20T08:51:25","modified_gmt":"2026-04-20T06:51:25","slug":"chronifer-supra","status":"publish","type":"product","link":"https:\/\/www.kleinmetals.ch\/fr\/produkt\/chronifer-supra\/","title":{"rendered":"CHRONIFER SUPRA"},"content":{"rendered":"<p><strong>R\u00e9sum\u00e9<\/strong><\/p>\n<table border=\"0\" width=\"100%\" cellspacing=\"0\" cellpadding=\"0\">\n<tbody>\n<tr>\n<td>D\u00e9signation Klein:<\/td>\n<td>CHRONIFER SUPRA<\/td>\n<\/tr>\n<tr>\n<td valign=\"top\">Classe de m\u00e9taux:<\/td>\n<td>Acier inoxydable aust\u00e9nitique<\/td>\n<\/tr>\n<tr>\n<td>Num\u00e9ro mati\u00e8res:<\/td>\n<td>1.4301 \u2013 1.4306 &#8211; 1.4307<\/td>\n<\/tr>\n<tr>\n<td valign=\"top\">Norme ISO:<\/td>\n<td>X 5 CrNi 18-10 \/ X2 CrNi 19-11 \/<br \/>\nX5 CrNi 18-9<\/td>\n<\/tr>\n<tr>\n<td>AMS:<\/td>\n<td>QQ S-763<\/td>\n<\/tr>\n<tr>\n<td>ASTM:<\/td>\n<td>F-899 \/ A582\/A582M \/ A276 \/ A959<\/td>\n<\/tr>\n<tr>\n<td>UNS:<\/td>\n<td>S30400 \/ S30403<\/td>\n<\/tr>\n<tr>\n<td>DIN:<\/td>\n<td>EN 10088-3<\/td>\n<\/tr>\n<tr>\n<td>Usinabilit\u00e9:<\/td>\n<td>de satisfaisante \u00e0 bonne<\/td>\n<\/tr>\n<tr>\n<td>Capacit\u00e9 de durcissement:<\/td>\n<td>ne peut pas \u00eatre durci<\/td>\n<\/tr>\n<tr>\n<td valign=\"top\">Formage:<\/td>\n<td>peut \u00eatre form\u00e9 \u00e0 froid<\/td>\n<\/tr>\n<tr>\n<td>Ecrouissage:<\/td>\n<td>peut \u00eatre \u00e9croui \u00e0 froid<\/td>\n<\/tr>\n<tr>\n<td valign=\"top\">Aptitude au polissage:<\/td>\n<td>adapt\u00e9 au polissage sp\u00e9culaire<\/td>\n<\/tr>\n<tr>\n<td valign=\"top\">R\u00e9sistance \u00e0 la corrosion:<\/td>\n<td>de satisfaisante \u00e0 bonne \u00e0 l\u2019\u00e9tat poli et<br \/>\npassiv\u00e9<\/td>\n<\/tr>\n<tr>\n<td valign=\"top\">Magn\u00e9tisme:<\/td>\n<td>peut pr\u00e9senter des traces de<br \/>\nmagn\u00e9tisme<\/td>\n<\/tr>\n<tr>\n<td valign=\"top\">Utilisations:<\/td>\n<td>Pi\u00e8ces pour de nombreuses branches<br \/>\nde l\u2019industrie<\/td>\n<\/tr>\n<\/tbody>\n<\/table>\n<p>&nbsp;<\/p>\n<p>Acier inox au chrome-nickel. Bonne soudabilit\u00e9 (sauf autog\u00e8ne).<\/p>\n","protected":false},"excerpt":{"rendered":"<p>R\u00e9sum\u00e9 D\u00e9signation Klein: CHRONIFER SUPRA Classe de m\u00e9taux: Acier inoxydable aust\u00e9nitique Num\u00e9ro mati\u00e8res: 1.4301 \u2013 1.4306 &#8211; 1.4307 Norme  [&#8230;]<\/p>\n","protected":false},"featured_media":61406,"template":"","meta":{"_acf_changed":false,"inline_featured_image":false},"product_brand":[],"product_cat":[846,838,848,840,858],"product_tag":[],"class_list":{"0":"post-163431","1":"product","2":"type-product","3":"status-publish","4":"has-post-thumbnail","6":"product_cat-acier-inoxydable","7":"product_cat-acier-medical","8":"product_cat-austenitique","9":"product_cat-instruments-fr","10":"product_cat-tubes-fr","11":"pa_ausfuehrung-6-pans","12":"pa_ausfuehrung-etire","13":"pa_ausfuehrung-lamine","14":"pa_ausfuehrung-meule","15":"pa_ausfuehrung-2-barres-2m","16":"pa_ausfuehrung-2-barres-3m","17":"pa_ausfuehrung-2-en-tole","18":"pa_ausfuehrung-2-longueurs-spec","19":"pa_ausfuehrung-2-torche","20":"pa_ausfuehrung-2-tube","21":"pa_durchmesser-0-050","22":"pa_durchmesser-58-000","23":"pa_durchmesser-0-150","24":"pa_durchmesser-0-200","25":"pa_durchmesser-0-250","26":"pa_durchmesser-0-300","27":"pa_durchmesser-0-350","28":"pa_durchmesser-0-370","29":"pa_durchmesser-0-390","30":"pa_durchmesser-0-400","31":"pa_durchmesser-0-420","32":"pa_durchmesser-0-450","33":"pa_durchmesser-0-500","34":"pa_durchmesser-0-550","35":"pa_durchmesser-0-600","36":"pa_durchmesser-0-650","37":"pa_durchmesser-0-700","38":"pa_durchmesser-0-750","39":"pa_durchmesser-0-800","40":"pa_durchmesser-0-860","41":"pa_durchmesser-0-900","42":"pa_durchmesser-1-000","43":"pa_durchmesser-1-100","44":"pa_durchmesser-1-200","45":"pa_durchmesser-1-300","46":"pa_durchmesser-1-400","47":"pa_durchmesser-1-500","48":"pa_durchmesser-1-600","49":"pa_durchmesser-1-700","50":"pa_durchmesser-1-800","51":"pa_durchmesser-1-900","52":"pa_durchmesser-10-000","53":"pa_durchmesser-10-100","54":"pa_durchmesser-10-500","55":"pa_durchmesser-11-000","56":"pa_durchmesser-11-113","57":"pa_durchmesser-12-000","58":"pa_durchmesser-12-100","59":"pa_durchmesser-12-500","60":"pa_durchmesser-12-700","61":"pa_durchmesser-12-800","62":"pa_durchmesser-13-000","63":"pa_durchmesser-14-000","64":"pa_durchmesser-14-200","65":"pa_durchmesser-15-000","66":"pa_durchmesser-15-100","67":"pa_durchmesser-15-500","68":"pa_durchmesser-16-000","69":"pa_durchmesser-16-100","70":"pa_durchmesser-16-500","71":"pa_durchmesser-17-000","72":"pa_durchmesser-18-000","73":"pa_durchmesser-19-000","74":"pa_durchmesser-2-000","75":"pa_durchmesser-2-100","76":"pa_durchmesser-2-300","77":"pa_durchmesser-2-350","78":"pa_durchmesser-2-500","79":"pa_durchmesser-2-600","80":"pa_durchmesser-2-800","81":"pa_durchmesser-20-000","82":"pa_durchmesser-21-000","83":"pa_durchmesser-21-920","84":"pa_durchmesser-22-000","85":"pa_durchmesser-23-000","86":"pa_durchmesser-25-000","87":"pa_durchmesser-25-400","88":"pa_durchmesser-26-000","89":"pa_durchmesser-27-000","90":"pa_durchmesser-28-000","91":"pa_durchmesser-3-000","92":"pa_durchmesser-3-100","93":"pa_durchmesser-3-200","94":"pa_durchmesser-3-300","95":"pa_durchmesser-3-400","96":"pa_durchmesser-3-500","97":"pa_durchmesser-3-800","98":"pa_durchmesser-30-000","99":"pa_durchmesser-31-000","100":"pa_durchmesser-32-000","101":"pa_durchmesser-33-000","102":"pa_durchmesser-34-000","103":"pa_durchmesser-35-000","104":"pa_durchmesser-36-000","105":"pa_durchmesser-37-000","106":"pa_durchmesser-38-000","107":"pa_durchmesser-4-000","108":"pa_durchmesser-4-100","109":"pa_durchmesser-4-200","110":"pa_durchmesser-4-300","111":"pa_durchmesser-4-500","112":"pa_durchmesser-4-760","113":"pa_durchmesser-40-000","114":"pa_durchmesser-42-000","115":"pa_durchmesser-43-000","116":"pa_durchmesser-45-000","117":"pa_durchmesser-48-000","118":"pa_durchmesser-5-000","119":"pa_durchmesser-5-100","120":"pa_durchmesser-5-200","121":"pa_durchmesser-5-300","122":"pa_durchmesser-5-500","123":"pa_durchmesser-5-800","124":"pa_durchmesser-50-000","125":"pa_durchmesser-50-800","126":"pa_durchmesser-52-000","127":"pa_durchmesser-55-000","128":"pa_durchmesser-6-000","129":"pa_durchmesser-6-100","130":"pa_durchmesser-6-200","131":"pa_durchmesser-6-350","132":"pa_durchmesser-6-500","133":"pa_durchmesser-6-700","134":"pa_durchmesser-60-000","135":"pa_durchmesser-7-000","136":"pa_durchmesser-7-100","137":"pa_durchmesser-7-500","138":"pa_durchmesser-8-000","139":"pa_durchmesser-8-100","140":"pa_durchmesser-8-500","141":"pa_durchmesser-9-000","142":"pa_durchmesser-9-500","143":"pa_durchmesser-9-530","144":"pa_toleranz-fg-6-fr","145":"pa_toleranz-fg-7-fr","146":"pa_toleranz-fg-8-fr","147":"pa_toleranz-h-6-fr","148":"pa_toleranz-h-7-fr","149":"pa_toleranz-h-8-fr","150":"pa_toleranz-h-9-fr","151":"pa_toleranz-spec","153":"first","154":"instock","155":"purchasable","156":"product-type-variable"},"acf":[],"yoast_head":"<!-- This site is optimized with the Yoast SEO plugin v27.4 - https:\/\/yoast.com\/product\/yoast-seo-wordpress\/ -->\n<title>CHRONIFER SUPRA - L.Klein SA - Premium Steel and Metals<\/title>\n<meta name=\"robots\" content=\"index, follow, max-snippet:-1, max-image-preview:large, max-video-preview:-1\" \/>\n<link rel=\"canonical\" href=\"https:\/\/www.kleinmetals.ch\/fr\/produkt\/chronifer-supra\/\" \/>\n<meta property=\"og:locale\" content=\"fr_FR\" \/>\n<meta property=\"og:type\" content=\"article\" \/>\n<meta property=\"og:title\" content=\"CHRONIFER SUPRA - L.Klein SA - Premium Steel and Metals\" \/>\n<meta property=\"og:description\" content=\"R\u00e9sum\u00e9 D\u00e9signation Klein: CHRONIFER SUPRA Classe de m\u00e9taux: Acier inoxydable aust\u00e9nitique Num\u00e9ro mati\u00e8res: 1.4301 \u2013 1.4306 &#8211; 1.4307 Norme [...]\" \/>\n<meta property=\"og:url\" content=\"https:\/\/www.kleinmetals.ch\/fr\/produkt\/chronifer-supra\/\" \/>\n<meta property=\"og:site_name\" content=\"L.Klein SA - Premium Steel and Metals\" \/>\n<meta property=\"article:modified_time\" content=\"2026-04-20T06:51:25+00:00\" \/>\n<meta property=\"og:image\" content=\"https:\/\/www.kleinmetals.ch\/wp-content\/uploads\/501.png\" \/>\n\t<meta property=\"og:image:width\" content=\"1000\" \/>\n\t<meta property=\"og:image:height\" content=\"1000\" \/>\n\t<meta property=\"og:image:type\" content=\"image\/png\" \/>\n<meta name=\"twitter:card\" content=\"summary_large_image\" \/>\n<meta name=\"twitter:label1\" content=\"Dur\u00e9e de lecture estim\u00e9e\" \/>\n\t<meta name=\"twitter:data1\" content=\"1 minute\" \/>\n<script type=\"application\/ld+json\" class=\"yoast-schema-graph\">{\"@context\":\"https:\\\/\\\/schema.org\",\"@graph\":[{\"@type\":\"WebPage\",\"@id\":\"https:\\\/\\\/www.kleinmetals.ch\\\/fr\\\/produkt\\\/chronifer-supra\\\/\",\"url\":\"https:\\\/\\\/www.kleinmetals.ch\\\/fr\\\/produkt\\\/chronifer-supra\\\/\",\"name\":\"CHRONIFER SUPRA - L.Klein SA - Premium Steel and Metals\",\"isPartOf\":{\"@id\":\"https:\\\/\\\/www.kleinmetals.ch\\\/fr\\\/#website\"},\"primaryImageOfPage\":{\"@id\":\"https:\\\/\\\/www.kleinmetals.ch\\\/fr\\\/produkt\\\/chronifer-supra\\\/#primaryimage\"},\"image\":{\"@id\":\"https:\\\/\\\/www.kleinmetals.ch\\\/fr\\\/produkt\\\/chronifer-supra\\\/#primaryimage\"},\"thumbnailUrl\":\"https:\\\/\\\/www.kleinmetals.ch\\\/wp-content\\\/uploads\\\/501.png\",\"datePublished\":\"2024-04-08T18:46:31+00:00\",\"dateModified\":\"2026-04-20T06:51:25+00:00\",\"breadcrumb\":{\"@id\":\"https:\\\/\\\/www.kleinmetals.ch\\\/fr\\\/produkt\\\/chronifer-supra\\\/#breadcrumb\"},\"inLanguage\":\"fr-FR\",\"potentialAction\":[{\"@type\":\"ReadAction\",\"target\":[\"https:\\\/\\\/www.kleinmetals.ch\\\/fr\\\/produkt\\\/chronifer-supra\\\/\"]}]},{\"@type\":\"ImageObject\",\"inLanguage\":\"fr-FR\",\"@id\":\"https:\\\/\\\/www.kleinmetals.ch\\\/fr\\\/produkt\\\/chronifer-supra\\\/#primaryimage\",\"url\":\"https:\\\/\\\/www.kleinmetals.ch\\\/wp-content\\\/uploads\\\/501.png\",\"contentUrl\":\"https:\\\/\\\/www.kleinmetals.ch\\\/wp-content\\\/uploads\\\/501.png\",\"width\":1000,\"height\":1000},{\"@type\":\"BreadcrumbList\",\"@id\":\"https:\\\/\\\/www.kleinmetals.ch\\\/fr\\\/produkt\\\/chronifer-supra\\\/#breadcrumb\",\"itemListElement\":[{\"@type\":\"ListItem\",\"position\":1,\"name\":\"Home\",\"item\":\"https:\\\/\\\/www.kleinmetals.ch\\\/fr\\\/\"},{\"@type\":\"ListItem\",\"position\":2,\"name\":\"Produits\",\"item\":\"https:\\\/\\\/www.kleinmetals.ch\\\/fr\\\/produits\\\/\"},{\"@type\":\"ListItem\",\"position\":3,\"name\":\"CHRONIFER SUPRA\"}]},{\"@type\":\"WebSite\",\"@id\":\"https:\\\/\\\/www.kleinmetals.ch\\\/fr\\\/#website\",\"url\":\"https:\\\/\\\/www.kleinmetals.ch\\\/fr\\\/\",\"name\":\"L.Klein AG Edelst\u00e4hle und Metalle\",\"description\":\"Handel mit hochwertigen Edelst\u00e4hlen und metallischen Rohstoffen\",\"publisher\":{\"@id\":\"https:\\\/\\\/www.kleinmetals.ch\\\/fr\\\/#organization\"},\"potentialAction\":[{\"@type\":\"SearchAction\",\"target\":{\"@type\":\"EntryPoint\",\"urlTemplate\":\"https:\\\/\\\/www.kleinmetals.ch\\\/fr\\\/?s={search_term_string}\"},\"query-input\":{\"@type\":\"PropertyValueSpecification\",\"valueRequired\":true,\"valueName\":\"search_term_string\"}}],\"inLanguage\":\"fr-FR\"},{\"@type\":\"Organization\",\"@id\":\"https:\\\/\\\/www.kleinmetals.ch\\\/fr\\\/#organization\",\"name\":\"L. Klein SA\",\"url\":\"https:\\\/\\\/www.kleinmetals.ch\\\/fr\\\/\",\"logo\":{\"@type\":\"ImageObject\",\"inLanguage\":\"fr-FR\",\"@id\":\"https:\\\/\\\/www.kleinmetals.ch\\\/fr\\\/#\\\/schema\\\/logo\\\/image\\\/\",\"url\":\"https:\\\/\\\/www.kleinmetals.ch\\\/wp-content\\\/uploads\\\/L-Klein-SA-Logo.svg\",\"contentUrl\":\"https:\\\/\\\/www.kleinmetals.ch\\\/wp-content\\\/uploads\\\/L-Klein-SA-Logo.svg\",\"width\":275,\"height\":86,\"caption\":\"L. Klein SA\"},\"image\":{\"@id\":\"https:\\\/\\\/www.kleinmetals.ch\\\/fr\\\/#\\\/schema\\\/logo\\\/image\\\/\"},\"sameAs\":[\"https:\\\/\\\/www.linkedin.com\\\/company\\\/l.-klein-sa\\\/\"]}]}<\/script>\n<!-- \/ Yoast SEO plugin. -->","yoast_head_json":{"title":"CHRONIFER SUPRA - L.Klein SA - Premium Steel and Metals","robots":{"index":"index","follow":"follow","max-snippet":"max-snippet:-1","max-image-preview":"max-image-preview:large","max-video-preview":"max-video-preview:-1"},"canonical":"https:\/\/www.kleinmetals.ch\/fr\/produkt\/chronifer-supra\/","og_locale":"fr_FR","og_type":"article","og_title":"CHRONIFER SUPRA - L.Klein SA - Premium Steel and Metals","og_description":"R\u00e9sum\u00e9 D\u00e9signation Klein: CHRONIFER SUPRA Classe de m\u00e9taux: Acier inoxydable aust\u00e9nitique Num\u00e9ro mati\u00e8res: 1.4301 \u2013 1.4306 &#8211; 1.4307 Norme [...]","og_url":"https:\/\/www.kleinmetals.ch\/fr\/produkt\/chronifer-supra\/","og_site_name":"L.Klein SA - Premium Steel and Metals","article_modified_time":"2026-04-20T06:51:25+00:00","og_image":[{"width":1000,"height":1000,"url":"https:\/\/www.kleinmetals.ch\/wp-content\/uploads\/501.png","type":"image\/png"}],"twitter_card":"summary_large_image","twitter_misc":{"Dur\u00e9e de lecture estim\u00e9e":"1 minute"},"schema":{"@context":"https:\/\/schema.org","@graph":[{"@type":"WebPage","@id":"https:\/\/www.kleinmetals.ch\/fr\/produkt\/chronifer-supra\/","url":"https:\/\/www.kleinmetals.ch\/fr\/produkt\/chronifer-supra\/","name":"CHRONIFER SUPRA - L.Klein SA - Premium Steel and Metals","isPartOf":{"@id":"https:\/\/www.kleinmetals.ch\/fr\/#website"},"primaryImageOfPage":{"@id":"https:\/\/www.kleinmetals.ch\/fr\/produkt\/chronifer-supra\/#primaryimage"},"image":{"@id":"https:\/\/www.kleinmetals.ch\/fr\/produkt\/chronifer-supra\/#primaryimage"},"thumbnailUrl":"https:\/\/www.kleinmetals.ch\/wp-content\/uploads\/501.png","datePublished":"2024-04-08T18:46:31+00:00","dateModified":"2026-04-20T06:51:25+00:00","breadcrumb":{"@id":"https:\/\/www.kleinmetals.ch\/fr\/produkt\/chronifer-supra\/#breadcrumb"},"inLanguage":"fr-FR","potentialAction":[{"@type":"ReadAction","target":["https:\/\/www.kleinmetals.ch\/fr\/produkt\/chronifer-supra\/"]}]},{"@type":"ImageObject","inLanguage":"fr-FR","@id":"https:\/\/www.kleinmetals.ch\/fr\/produkt\/chronifer-supra\/#primaryimage","url":"https:\/\/www.kleinmetals.ch\/wp-content\/uploads\/501.png","contentUrl":"https:\/\/www.kleinmetals.ch\/wp-content\/uploads\/501.png","width":1000,"height":1000},{"@type":"BreadcrumbList","@id":"https:\/\/www.kleinmetals.ch\/fr\/produkt\/chronifer-supra\/#breadcrumb","itemListElement":[{"@type":"ListItem","position":1,"name":"Home","item":"https:\/\/www.kleinmetals.ch\/fr\/"},{"@type":"ListItem","position":2,"name":"Produits","item":"https:\/\/www.kleinmetals.ch\/fr\/produits\/"},{"@type":"ListItem","position":3,"name":"CHRONIFER SUPRA"}]},{"@type":"WebSite","@id":"https:\/\/www.kleinmetals.ch\/fr\/#website","url":"https:\/\/www.kleinmetals.ch\/fr\/","name":"L.Klein AG Edelst\u00e4hle und Metalle","description":"Handel mit hochwertigen Edelst\u00e4hlen und metallischen Rohstoffen","publisher":{"@id":"https:\/\/www.kleinmetals.ch\/fr\/#organization"},"potentialAction":[{"@type":"SearchAction","target":{"@type":"EntryPoint","urlTemplate":"https:\/\/www.kleinmetals.ch\/fr\/?s={search_term_string}"},"query-input":{"@type":"PropertyValueSpecification","valueRequired":true,"valueName":"search_term_string"}}],"inLanguage":"fr-FR"},{"@type":"Organization","@id":"https:\/\/www.kleinmetals.ch\/fr\/#organization","name":"L. Klein SA","url":"https:\/\/www.kleinmetals.ch\/fr\/","logo":{"@type":"ImageObject","inLanguage":"fr-FR","@id":"https:\/\/www.kleinmetals.ch\/fr\/#\/schema\/logo\/image\/","url":"https:\/\/www.kleinmetals.ch\/wp-content\/uploads\/L-Klein-SA-Logo.svg","contentUrl":"https:\/\/www.kleinmetals.ch\/wp-content\/uploads\/L-Klein-SA-Logo.svg","width":275,"height":86,"caption":"L. Klein SA"},"image":{"@id":"https:\/\/www.kleinmetals.ch\/fr\/#\/schema\/logo\/image\/"},"sameAs":["https:\/\/www.linkedin.com\/company\/l.-klein-sa\/"]}]}},"_links":{"self":[{"href":"https:\/\/www.kleinmetals.ch\/fr\/wp-json\/wp\/v2\/product\/163431","targetHints":{"allow":["GET"]}}],"collection":[{"href":"https:\/\/www.kleinmetals.ch\/fr\/wp-json\/wp\/v2\/product"}],"about":[{"href":"https:\/\/www.kleinmetals.ch\/fr\/wp-json\/wp\/v2\/types\/product"}],"wp:featuredmedia":[{"embeddable":true,"href":"https:\/\/www.kleinmetals.ch\/fr\/wp-json\/wp\/v2\/media\/61406"}],"wp:attachment":[{"href":"https:\/\/www.kleinmetals.ch\/fr\/wp-json\/wp\/v2\/media?parent=163431"}],"wp:term":[{"taxonomy":"product_brand","embeddable":true,"href":"https:\/\/www.kleinmetals.ch\/fr\/wp-json\/wp\/v2\/product_brand?post=163431"},{"taxonomy":"product_cat","embeddable":true,"href":"https:\/\/www.kleinmetals.ch\/fr\/wp-json\/wp\/v2\/product_cat?post=163431"},{"taxonomy":"product_tag","embeddable":true,"href":"https:\/\/www.kleinmetals.ch\/fr\/wp-json\/wp\/v2\/product_tag?post=163431"}],"curies":[{"name":"wp","href":"https:\/\/api.w.org\/{rel}","templated":true}]}}