{"id":163435,"date":"2024-04-08T20:46:31","date_gmt":"2024-04-08T18:46:31","guid":{"rendered":"https:\/\/www.kleinmetals.ch\/produkt\/chronifer-special-35\/"},"modified":"2026-04-17T08:45:06","modified_gmt":"2026-04-17T06:45:06","slug":"chronifer-special-35","status":"publish","type":"product","link":"https:\/\/www.kleinmetals.ch\/fr\/produkt\/chronifer-special-35\/","title":{"rendered":"CHRONIFER SPECIAL 35"},"content":{"rendered":"<p><strong>R\u00e9sum\u00e9<\/strong><\/p>\n<table border=\"0\" width=\"100%\" cellspacing=\"0\" cellpadding=\"0\">\n<tbody>\n<tr>\n<td>D\u00e9nomination Klein:<\/td>\n<td>CHRONIFER SPECIAL 35<\/td>\n<\/tr>\n<tr>\n<td valign=\"top\">Classe de m\u00e9taux:<\/td>\n<td>Acier inoxydable aust\u00e9nitique<\/td>\n<\/tr>\n<tr>\n<td valign=\"top\">Num\u00e9ro mati\u00e8re:<\/td>\n<td>1.4435<\/td>\n<\/tr>\n<tr>\n<td>Norme AISI:<\/td>\n<td>316 L<\/td>\n<\/tr>\n<tr>\n<td>Usinabilit\u00e9:<\/td>\n<td>satisfaisante<\/td>\n<\/tr>\n<tr>\n<td>Capacit\u00e9 de durcissement:<\/td>\n<td>ne peut pas \u00eatre durci<\/td>\n<\/tr>\n<tr>\n<td valign=\"top\">Formage:<\/td>\n<td>peut \u00eatre form\u00e9 \u00e0 froid<\/td>\n<\/tr>\n<tr>\n<td valign=\"top\">Ecrouissage:<\/td>\n<td>peut \u00eatre durci par \u00e9crouissage \u00e0 froid<\/td>\n<\/tr>\n<tr>\n<td valign=\"top\">Aptitude au polissage:<\/td>\n<td>adapt\u00e9 au polissage sp\u00e9culaire<\/td>\n<\/tr>\n<tr>\n<td>Magn\u00e9tisme:<\/td>\n<td>non magn\u00e9tique<\/td>\n<\/tr>\n<tr>\n<td>Soudabilit\u00e9:<\/td>\n<td>bonne<\/td>\n<\/tr>\n<tr>\n<td>R\u00e9sistance \u00e0 la corrosion:<\/td>\n<td>satisfaisante<\/td>\n<\/tr>\n<tr>\n<td valign=\"top\">Utilisations:<\/td>\n<td>Composants de l\u2019habillage et pi\u00e8ces<br \/>\npour mouvements horlogers et pour de<br \/>\nnombreuses branches de l\u2019industrie<\/td>\n<\/tr>\n<\/tbody>\n<\/table>\n<p>&nbsp;<\/p>\n<p>X 2 CrNiMo 18-14-3 316 L est disponible en stock sous forme de barres.<\/p>\n","protected":false},"excerpt":{"rendered":"<p>R\u00e9sum\u00e9 D\u00e9nomination Klein: CHRONIFER SPECIAL 35 Classe de m\u00e9taux: Acier inoxydable aust\u00e9nitique Num\u00e9ro mati\u00e8re: 1.4435 Norme AISI: 316 L  [&#8230;]<\/p>\n","protected":false},"featured_media":61208,"template":"","meta":{"_acf_changed":false,"inline_featured_image":false},"product_brand":[],"product_cat":[846,848,864,870,858],"product_tag":[],"class_list":{"0":"post-163435","1":"product","2":"type-product","3":"status-publish","4":"has-post-thumbnail","6":"product_cat-acier-inoxydable","7":"product_cat-austenitique","8":"product_cat-materiaux-horlogerie","9":"product_cat-resistant-a-la-corrosion","10":"product_cat-tubes-fr","11":"pa_ausfuehrung-etire","12":"pa_ausfuehrung-geschliffen","13":"pa_ausfuehrung-meule","14":"pa_ausfuehrung-2-barres-2m","15":"pa_ausfuehrung-2-barres-3m","16":"pa_ausfuehrung-2-longueurs-spec","17":"pa_ausfuehrung-2-staebe-spez","18":"pa_ausfuehrung-2-torche","19":"pa_ausfuehrung-2-tube","20":"pa_durchmesser-0-140","21":"pa_durchmesser-0-475","22":"pa_durchmesser-0-901","23":"pa_durchmesser-3-180","24":"pa_durchmesser-0-120","25":"pa_durchmesser-0-125","26":"pa_durchmesser-0-200","27":"pa_durchmesser-0-250","28":"pa_durchmesser-0-263","29":"pa_durchmesser-0-275","30":"pa_durchmesser-0-358","31":"pa_durchmesser-0-370","32":"pa_durchmesser-0-400","33":"pa_durchmesser-0-500","34":"pa_durchmesser-0-600","35":"pa_durchmesser-0-700","36":"pa_durchmesser-0-800","37":"pa_durchmesser-0-860","38":"pa_durchmesser-0-900","39":"pa_durchmesser-0-970","40":"pa_durchmesser-1-000","41":"pa_durchmesser-1-100","42":"pa_durchmesser-1-200","43":"pa_durchmesser-1-230","44":"pa_durchmesser-1-240","45":"pa_durchmesser-1-300","46":"pa_durchmesser-1-350","47":"pa_durchmesser-1-400","48":"pa_durchmesser-1-500","49":"pa_durchmesser-1-525","50":"pa_durchmesser-1-600","51":"pa_durchmesser-1-700","52":"pa_durchmesser-1-800","53":"pa_durchmesser-1-850","54":"pa_durchmesser-1-900","55":"pa_durchmesser-1-950","56":"pa_durchmesser-10-000","57":"pa_durchmesser-10-500","58":"pa_durchmesser-11-000","59":"pa_durchmesser-12-000","60":"pa_durchmesser-12-500","61":"pa_durchmesser-12-700","62":"pa_durchmesser-13-000","63":"pa_durchmesser-14-000","64":"pa_durchmesser-15-000","65":"pa_durchmesser-16-000","66":"pa_durchmesser-17-000","67":"pa_durchmesser-18-000","68":"pa_durchmesser-2-000","69":"pa_durchmesser-2-100","70":"pa_durchmesser-2-200","71":"pa_durchmesser-2-280","72":"pa_durchmesser-2-300","73":"pa_durchmesser-2-350","74":"pa_durchmesser-2-400","75":"pa_durchmesser-2-500","76":"pa_durchmesser-2-575","77":"pa_durchmesser-2-600","78":"pa_durchmesser-2-700","79":"pa_durchmesser-2-800","80":"pa_durchmesser-2-900","81":"pa_durchmesser-20-000","82":"pa_durchmesser-21-000","83":"pa_durchmesser-22-000","84":"pa_durchmesser-3-000","85":"pa_durchmesser-3-100","86":"pa_durchmesser-3-200","87":"pa_durchmesser-3-300","88":"pa_durchmesser-3-350","89":"pa_durchmesser-3-500","90":"pa_durchmesser-3-600","91":"pa_durchmesser-35-000","92":"pa_durchmesser-4-000","93":"pa_durchmesser-4-100","94":"pa_durchmesser-4-300","95":"pa_durchmesser-4-500","96":"pa_durchmesser-4-750","97":"pa_durchmesser-5-000","98":"pa_durchmesser-5-100","99":"pa_durchmesser-5-200","100":"pa_durchmesser-5-500","101":"pa_durchmesser-6-000","102":"pa_durchmesser-6-100","103":"pa_durchmesser-6-350","104":"pa_durchmesser-6-500","105":"pa_durchmesser-7-000","106":"pa_durchmesser-7-100","107":"pa_durchmesser-7-500","108":"pa_durchmesser-8-000","109":"pa_durchmesser-8-100","110":"pa_durchmesser-8-200","111":"pa_durchmesser-8-500","112":"pa_durchmesser-9-000","113":"pa_durchmesser-9-100","114":"pa_durchmesser-9-500","115":"pa_durchmesser-9-520","116":"pa_toleranz-fg-6-fr","117":"pa_toleranz-fg-7-fr","118":"pa_toleranz-fg-8-fr","119":"pa_toleranz-h-5","120":"pa_toleranz-h-5-fr","121":"pa_toleranz-h-6-fr","122":"pa_toleranz-h-7-fr","123":"pa_toleranz-h-8-fr","124":"pa_toleranz-spec","126":"first","127":"instock","128":"purchasable","129":"product-type-variable"},"acf":[],"yoast_head":"<!-- This site is optimized with the Yoast SEO plugin v27.4 - https:\/\/yoast.com\/product\/yoast-seo-wordpress\/ -->\n<title>CHRONIFER SPECIAL 35 - L.Klein SA - Premium Steel and Metals<\/title>\n<meta name=\"robots\" content=\"index, follow, max-snippet:-1, max-image-preview:large, max-video-preview:-1\" \/>\n<link rel=\"canonical\" href=\"https:\/\/www.kleinmetals.ch\/fr\/produkt\/chronifer-special-35\/\" \/>\n<meta property=\"og:locale\" content=\"fr_FR\" \/>\n<meta property=\"og:type\" content=\"article\" \/>\n<meta property=\"og:title\" content=\"CHRONIFER SPECIAL 35 - L.Klein SA - Premium Steel and Metals\" \/>\n<meta property=\"og:description\" content=\"R\u00e9sum\u00e9 D\u00e9nomination Klein: CHRONIFER SPECIAL 35 Classe de m\u00e9taux: Acier inoxydable aust\u00e9nitique Num\u00e9ro mati\u00e8re: 1.4435 Norme AISI: 316 L [...]\" \/>\n<meta property=\"og:url\" content=\"https:\/\/www.kleinmetals.ch\/fr\/produkt\/chronifer-special-35\/\" \/>\n<meta property=\"og:site_name\" content=\"L.Klein SA - Premium Steel and Metals\" \/>\n<meta property=\"article:modified_time\" content=\"2026-04-17T06:45:06+00:00\" \/>\n<meta property=\"og:image\" content=\"https:\/\/www.kleinmetals.ch\/wp-content\/uploads\/554.png\" \/>\n\t<meta property=\"og:image:width\" content=\"1000\" \/>\n\t<meta property=\"og:image:height\" content=\"1000\" \/>\n\t<meta property=\"og:image:type\" content=\"image\/png\" \/>\n<meta name=\"twitter:card\" content=\"summary_large_image\" \/>\n<meta name=\"twitter:label1\" content=\"Dur\u00e9e de lecture estim\u00e9e\" \/>\n\t<meta name=\"twitter:data1\" content=\"1 minute\" \/>\n<script type=\"application\/ld+json\" class=\"yoast-schema-graph\">{\"@context\":\"https:\\\/\\\/schema.org\",\"@graph\":[{\"@type\":\"WebPage\",\"@id\":\"https:\\\/\\\/www.kleinmetals.ch\\\/fr\\\/produkt\\\/chronifer-special-35\\\/\",\"url\":\"https:\\\/\\\/www.kleinmetals.ch\\\/fr\\\/produkt\\\/chronifer-special-35\\\/\",\"name\":\"CHRONIFER SPECIAL 35 - L.Klein SA - Premium Steel and Metals\",\"isPartOf\":{\"@id\":\"https:\\\/\\\/www.kleinmetals.ch\\\/fr\\\/#website\"},\"primaryImageOfPage\":{\"@id\":\"https:\\\/\\\/www.kleinmetals.ch\\\/fr\\\/produkt\\\/chronifer-special-35\\\/#primaryimage\"},\"image\":{\"@id\":\"https:\\\/\\\/www.kleinmetals.ch\\\/fr\\\/produkt\\\/chronifer-special-35\\\/#primaryimage\"},\"thumbnailUrl\":\"https:\\\/\\\/www.kleinmetals.ch\\\/wp-content\\\/uploads\\\/554.png\",\"datePublished\":\"2024-04-08T18:46:31+00:00\",\"dateModified\":\"2026-04-17T06:45:06+00:00\",\"breadcrumb\":{\"@id\":\"https:\\\/\\\/www.kleinmetals.ch\\\/fr\\\/produkt\\\/chronifer-special-35\\\/#breadcrumb\"},\"inLanguage\":\"fr-FR\",\"potentialAction\":[{\"@type\":\"ReadAction\",\"target\":[\"https:\\\/\\\/www.kleinmetals.ch\\\/fr\\\/produkt\\\/chronifer-special-35\\\/\"]}]},{\"@type\":\"ImageObject\",\"inLanguage\":\"fr-FR\",\"@id\":\"https:\\\/\\\/www.kleinmetals.ch\\\/fr\\\/produkt\\\/chronifer-special-35\\\/#primaryimage\",\"url\":\"https:\\\/\\\/www.kleinmetals.ch\\\/wp-content\\\/uploads\\\/554.png\",\"contentUrl\":\"https:\\\/\\\/www.kleinmetals.ch\\\/wp-content\\\/uploads\\\/554.png\",\"width\":1000,\"height\":1000},{\"@type\":\"BreadcrumbList\",\"@id\":\"https:\\\/\\\/www.kleinmetals.ch\\\/fr\\\/produkt\\\/chronifer-special-35\\\/#breadcrumb\",\"itemListElement\":[{\"@type\":\"ListItem\",\"position\":1,\"name\":\"Home\",\"item\":\"https:\\\/\\\/www.kleinmetals.ch\\\/fr\\\/\"},{\"@type\":\"ListItem\",\"position\":2,\"name\":\"Produits\",\"item\":\"https:\\\/\\\/www.kleinmetals.ch\\\/fr\\\/produits\\\/\"},{\"@type\":\"ListItem\",\"position\":3,\"name\":\"CHRONIFER SPECIAL 35\"}]},{\"@type\":\"WebSite\",\"@id\":\"https:\\\/\\\/www.kleinmetals.ch\\\/fr\\\/#website\",\"url\":\"https:\\\/\\\/www.kleinmetals.ch\\\/fr\\\/\",\"name\":\"L.Klein AG Edelst\u00e4hle und Metalle\",\"description\":\"Handel mit hochwertigen Edelst\u00e4hlen und metallischen Rohstoffen\",\"publisher\":{\"@id\":\"https:\\\/\\\/www.kleinmetals.ch\\\/fr\\\/#organization\"},\"potentialAction\":[{\"@type\":\"SearchAction\",\"target\":{\"@type\":\"EntryPoint\",\"urlTemplate\":\"https:\\\/\\\/www.kleinmetals.ch\\\/fr\\\/?s={search_term_string}\"},\"query-input\":{\"@type\":\"PropertyValueSpecification\",\"valueRequired\":true,\"valueName\":\"search_term_string\"}}],\"inLanguage\":\"fr-FR\"},{\"@type\":\"Organization\",\"@id\":\"https:\\\/\\\/www.kleinmetals.ch\\\/fr\\\/#organization\",\"name\":\"L. Klein SA\",\"url\":\"https:\\\/\\\/www.kleinmetals.ch\\\/fr\\\/\",\"logo\":{\"@type\":\"ImageObject\",\"inLanguage\":\"fr-FR\",\"@id\":\"https:\\\/\\\/www.kleinmetals.ch\\\/fr\\\/#\\\/schema\\\/logo\\\/image\\\/\",\"url\":\"https:\\\/\\\/www.kleinmetals.ch\\\/wp-content\\\/uploads\\\/L-Klein-SA-Logo.svg\",\"contentUrl\":\"https:\\\/\\\/www.kleinmetals.ch\\\/wp-content\\\/uploads\\\/L-Klein-SA-Logo.svg\",\"width\":275,\"height\":86,\"caption\":\"L. Klein SA\"},\"image\":{\"@id\":\"https:\\\/\\\/www.kleinmetals.ch\\\/fr\\\/#\\\/schema\\\/logo\\\/image\\\/\"},\"sameAs\":[\"https:\\\/\\\/www.linkedin.com\\\/company\\\/l.-klein-sa\\\/\"]}]}<\/script>\n<!-- \/ Yoast SEO plugin. -->","yoast_head_json":{"title":"CHRONIFER SPECIAL 35 - L.Klein SA - Premium Steel and Metals","robots":{"index":"index","follow":"follow","max-snippet":"max-snippet:-1","max-image-preview":"max-image-preview:large","max-video-preview":"max-video-preview:-1"},"canonical":"https:\/\/www.kleinmetals.ch\/fr\/produkt\/chronifer-special-35\/","og_locale":"fr_FR","og_type":"article","og_title":"CHRONIFER SPECIAL 35 - L.Klein SA - Premium Steel and Metals","og_description":"R\u00e9sum\u00e9 D\u00e9nomination Klein: CHRONIFER SPECIAL 35 Classe de m\u00e9taux: Acier inoxydable aust\u00e9nitique Num\u00e9ro mati\u00e8re: 1.4435 Norme AISI: 316 L [...]","og_url":"https:\/\/www.kleinmetals.ch\/fr\/produkt\/chronifer-special-35\/","og_site_name":"L.Klein SA - Premium Steel and Metals","article_modified_time":"2026-04-17T06:45:06+00:00","og_image":[{"width":1000,"height":1000,"url":"https:\/\/www.kleinmetals.ch\/wp-content\/uploads\/554.png","type":"image\/png"}],"twitter_card":"summary_large_image","twitter_misc":{"Dur\u00e9e de lecture estim\u00e9e":"1 minute"},"schema":{"@context":"https:\/\/schema.org","@graph":[{"@type":"WebPage","@id":"https:\/\/www.kleinmetals.ch\/fr\/produkt\/chronifer-special-35\/","url":"https:\/\/www.kleinmetals.ch\/fr\/produkt\/chronifer-special-35\/","name":"CHRONIFER SPECIAL 35 - L.Klein SA - Premium Steel and Metals","isPartOf":{"@id":"https:\/\/www.kleinmetals.ch\/fr\/#website"},"primaryImageOfPage":{"@id":"https:\/\/www.kleinmetals.ch\/fr\/produkt\/chronifer-special-35\/#primaryimage"},"image":{"@id":"https:\/\/www.kleinmetals.ch\/fr\/produkt\/chronifer-special-35\/#primaryimage"},"thumbnailUrl":"https:\/\/www.kleinmetals.ch\/wp-content\/uploads\/554.png","datePublished":"2024-04-08T18:46:31+00:00","dateModified":"2026-04-17T06:45:06+00:00","breadcrumb":{"@id":"https:\/\/www.kleinmetals.ch\/fr\/produkt\/chronifer-special-35\/#breadcrumb"},"inLanguage":"fr-FR","potentialAction":[{"@type":"ReadAction","target":["https:\/\/www.kleinmetals.ch\/fr\/produkt\/chronifer-special-35\/"]}]},{"@type":"ImageObject","inLanguage":"fr-FR","@id":"https:\/\/www.kleinmetals.ch\/fr\/produkt\/chronifer-special-35\/#primaryimage","url":"https:\/\/www.kleinmetals.ch\/wp-content\/uploads\/554.png","contentUrl":"https:\/\/www.kleinmetals.ch\/wp-content\/uploads\/554.png","width":1000,"height":1000},{"@type":"BreadcrumbList","@id":"https:\/\/www.kleinmetals.ch\/fr\/produkt\/chronifer-special-35\/#breadcrumb","itemListElement":[{"@type":"ListItem","position":1,"name":"Home","item":"https:\/\/www.kleinmetals.ch\/fr\/"},{"@type":"ListItem","position":2,"name":"Produits","item":"https:\/\/www.kleinmetals.ch\/fr\/produits\/"},{"@type":"ListItem","position":3,"name":"CHRONIFER SPECIAL 35"}]},{"@type":"WebSite","@id":"https:\/\/www.kleinmetals.ch\/fr\/#website","url":"https:\/\/www.kleinmetals.ch\/fr\/","name":"L.Klein AG Edelst\u00e4hle und Metalle","description":"Handel mit hochwertigen Edelst\u00e4hlen und metallischen Rohstoffen","publisher":{"@id":"https:\/\/www.kleinmetals.ch\/fr\/#organization"},"potentialAction":[{"@type":"SearchAction","target":{"@type":"EntryPoint","urlTemplate":"https:\/\/www.kleinmetals.ch\/fr\/?s={search_term_string}"},"query-input":{"@type":"PropertyValueSpecification","valueRequired":true,"valueName":"search_term_string"}}],"inLanguage":"fr-FR"},{"@type":"Organization","@id":"https:\/\/www.kleinmetals.ch\/fr\/#organization","name":"L. Klein SA","url":"https:\/\/www.kleinmetals.ch\/fr\/","logo":{"@type":"ImageObject","inLanguage":"fr-FR","@id":"https:\/\/www.kleinmetals.ch\/fr\/#\/schema\/logo\/image\/","url":"https:\/\/www.kleinmetals.ch\/wp-content\/uploads\/L-Klein-SA-Logo.svg","contentUrl":"https:\/\/www.kleinmetals.ch\/wp-content\/uploads\/L-Klein-SA-Logo.svg","width":275,"height":86,"caption":"L. Klein SA"},"image":{"@id":"https:\/\/www.kleinmetals.ch\/fr\/#\/schema\/logo\/image\/"},"sameAs":["https:\/\/www.linkedin.com\/company\/l.-klein-sa\/"]}]}},"_links":{"self":[{"href":"https:\/\/www.kleinmetals.ch\/fr\/wp-json\/wp\/v2\/product\/163435","targetHints":{"allow":["GET"]}}],"collection":[{"href":"https:\/\/www.kleinmetals.ch\/fr\/wp-json\/wp\/v2\/product"}],"about":[{"href":"https:\/\/www.kleinmetals.ch\/fr\/wp-json\/wp\/v2\/types\/product"}],"wp:featuredmedia":[{"embeddable":true,"href":"https:\/\/www.kleinmetals.ch\/fr\/wp-json\/wp\/v2\/media\/61208"}],"wp:attachment":[{"href":"https:\/\/www.kleinmetals.ch\/fr\/wp-json\/wp\/v2\/media?parent=163435"}],"wp:term":[{"taxonomy":"product_brand","embeddable":true,"href":"https:\/\/www.kleinmetals.ch\/fr\/wp-json\/wp\/v2\/product_brand?post=163435"},{"taxonomy":"product_cat","embeddable":true,"href":"https:\/\/www.kleinmetals.ch\/fr\/wp-json\/wp\/v2\/product_cat?post=163435"},{"taxonomy":"product_tag","embeddable":true,"href":"https:\/\/www.kleinmetals.ch\/fr\/wp-json\/wp\/v2\/product_tag?post=163435"}],"curies":[{"name":"wp","href":"https:\/\/api.w.org\/{rel}","templated":true}]}}