{"id":163437,"date":"2024-04-08T20:46:31","date_gmt":"2024-04-08T18:46:31","guid":{"rendered":"https:\/\/www.kleinmetals.ch\/produkt\/chronifer-l-18-solenoid\/"},"modified":"2026-04-27T08:17:16","modified_gmt":"2026-04-27T06:17:16","slug":"chronifer-l-18-solenoid","status":"publish","type":"product","link":"https:\/\/www.kleinmetals.ch\/fr\/produkt\/chronifer-l-18-solenoid\/","title":{"rendered":"CHRONIFER L 18 solenoid"},"content":{"rendered":"<p><strong>R\u00e9sum\u00e9<\/strong><\/p>\n<table border=\"0\" width=\"100%\" cellspacing=\"0\" cellpadding=\"0\">\n<tbody>\n<tr>\n<td>D\u00e9nomination Klein:<\/td>\n<td>CHRONIFER L 18 solenoid<\/td>\n<\/tr>\n<tr>\n<td valign=\"top\">Classe de m\u00e9taux:<\/td>\n<td><\/td>\n<\/tr>\n<tr>\n<td valign=\"top\">Num\u00e9ro mati\u00e8re:<\/td>\n<td><\/td>\n<\/tr>\n<tr>\n<td>Norme EN:<\/td>\n<td><\/td>\n<\/tr>\n<tr>\n<td>RoHS 2 \u2013 2011\/65\/EU:<\/td>\n<td><\/td>\n<\/tr>\n<tr>\n<td>Usinabilit\u00e9:<\/td>\n<td><\/td>\n<\/tr>\n<tr>\n<td>Capacit\u00e9 de durcissement:<\/td>\n<td><\/td>\n<\/tr>\n<tr>\n<td valign=\"top\">Formage:<\/td>\n<td><\/td>\n<\/tr>\n<tr>\n<td valign=\"top\">Ecrouissage:<\/td>\n<td><\/td>\n<\/tr>\n<tr>\n<td valign=\"top\">Aptitude au polissage:<\/td>\n<td><\/td>\n<\/tr>\n<tr>\n<td>Magn\u00e9tisme:<\/td>\n<td><\/td>\n<\/tr>\n<tr>\n<td valign=\"top\">R\u00e9sistance \u00e0 la corrosion:<\/td>\n<td><\/td>\n<\/tr>\n<tr>\n<td valign=\"top\">Utilisations:<\/td>\n<td><\/td>\n<\/tr>\n<\/tbody>\n<\/table>\n","protected":false},"excerpt":{"rendered":"<p>R\u00e9sum\u00e9 D\u00e9nomination Klein: CHRONIFER L 18 solenoid Classe de m\u00e9taux: Num\u00e9ro mati\u00e8re: Norme EN: RoHS 2 \u2013 2011\/65\/EU: Usinabilit\u00e9:  [&#8230;]<\/p>\n","protected":false},"featured_media":61355,"template":"","meta":{"_acf_changed":false,"inline_featured_image":false},"product_brand":[],"product_cat":[846,808,834,872,850],"product_tag":[],"class_list":{"0":"post-163437","1":"product","2":"type-product","3":"status-publish","4":"has-post-thumbnail","6":"product_cat-acier-inoxydable","7":"product_cat-acier-automates","8":"product_cat-acier-valves-magnetiques","9":"product_cat-carre-hexagonal","10":"product_cat-ferritique","11":"pa_ausfuehrung-meule","12":"pa_ausfuehrung-2-barres-3m","13":"pa_ausfuehrung-2-staebe-spez","14":"pa_durchmesser-69-000","15":"pa_durchmesser-10-000","16":"pa_durchmesser-11-000","17":"pa_durchmesser-11-300","18":"pa_durchmesser-12-000","19":"pa_durchmesser-12-500","20":"pa_durchmesser-12-700","21":"pa_durchmesser-13-000","22":"pa_durchmesser-14-000","23":"pa_durchmesser-15-000","24":"pa_durchmesser-16-000","25":"pa_durchmesser-17-000","26":"pa_durchmesser-18-000","27":"pa_durchmesser-19-000","28":"pa_durchmesser-20-000","29":"pa_durchmesser-21-000","30":"pa_durchmesser-22-000","31":"pa_durchmesser-23-000","32":"pa_durchmesser-24-000","33":"pa_durchmesser-25-000","34":"pa_durchmesser-25-400","35":"pa_durchmesser-26-000","36":"pa_durchmesser-27-000","37":"pa_durchmesser-28-000","38":"pa_durchmesser-29-000","39":"pa_durchmesser-3-000","40":"pa_durchmesser-3-500","41":"pa_durchmesser-3-700","42":"pa_durchmesser-30-000","43":"pa_durchmesser-30-170","44":"pa_durchmesser-31-000","45":"pa_durchmesser-31-750","46":"pa_durchmesser-32-000","47":"pa_durchmesser-35-000","48":"pa_durchmesser-38-100","49":"pa_durchmesser-4-000","50":"pa_durchmesser-4-295","51":"pa_durchmesser-4-500","52":"pa_durchmesser-40-000","53":"pa_durchmesser-42-000","54":"pa_durchmesser-45-000","55":"pa_durchmesser-5-000","56":"pa_durchmesser-50-000","57":"pa_durchmesser-55-000","58":"pa_durchmesser-6-000","59":"pa_durchmesser-6-500","60":"pa_durchmesser-60-000","61":"pa_durchmesser-63-500","62":"pa_durchmesser-65-000","63":"pa_durchmesser-7-000","64":"pa_durchmesser-70-000","65":"pa_durchmesser-75-000","66":"pa_durchmesser-8-000","67":"pa_durchmesser-8-500","68":"pa_durchmesser-82-550","69":"pa_durchmesser-9-000","70":"pa_toleranz-h-5","71":"pa_toleranz-h-9-fr","73":"first","74":"instock","75":"purchasable","76":"product-type-variable"},"acf":[],"yoast_head":"<!-- This site is optimized with the Yoast SEO plugin v27.4 - https:\/\/yoast.com\/product\/yoast-seo-wordpress\/ -->\n<title>CHRONIFER L 18 solenoid - L.Klein SA - Premium Steel and Metals<\/title>\n<meta name=\"robots\" content=\"index, follow, max-snippet:-1, max-image-preview:large, max-video-preview:-1\" \/>\n<link rel=\"canonical\" href=\"https:\/\/www.kleinmetals.ch\/fr\/produkt\/chronifer-l-18-solenoid\/\" \/>\n<meta property=\"og:locale\" content=\"fr_FR\" \/>\n<meta property=\"og:type\" content=\"article\" \/>\n<meta property=\"og:title\" content=\"CHRONIFER L 18 solenoid - L.Klein SA - Premium Steel and Metals\" \/>\n<meta property=\"og:description\" content=\"R\u00e9sum\u00e9 D\u00e9nomination Klein: CHRONIFER L 18 solenoid Classe de m\u00e9taux: Num\u00e9ro mati\u00e8re: Norme EN: RoHS 2 \u2013 2011\/65\/EU: Usinabilit\u00e9: [...]\" \/>\n<meta property=\"og:url\" content=\"https:\/\/www.kleinmetals.ch\/fr\/produkt\/chronifer-l-18-solenoid\/\" \/>\n<meta property=\"og:site_name\" content=\"L.Klein SA - Premium Steel and Metals\" \/>\n<meta property=\"article:modified_time\" content=\"2026-04-27T06:17:16+00:00\" \/>\n<meta property=\"og:image\" content=\"https:\/\/www.kleinmetals.ch\/wp-content\/uploads\/405.png\" \/>\n\t<meta property=\"og:image:width\" content=\"1000\" \/>\n\t<meta property=\"og:image:height\" content=\"1000\" \/>\n\t<meta property=\"og:image:type\" content=\"image\/png\" \/>\n<meta name=\"twitter:card\" content=\"summary_large_image\" \/>\n<meta name=\"twitter:label1\" content=\"Dur\u00e9e de lecture estim\u00e9e\" \/>\n\t<meta name=\"twitter:data1\" content=\"1 minute\" \/>\n<script type=\"application\/ld+json\" class=\"yoast-schema-graph\">{\"@context\":\"https:\\\/\\\/schema.org\",\"@graph\":[{\"@type\":\"WebPage\",\"@id\":\"https:\\\/\\\/www.kleinmetals.ch\\\/fr\\\/produkt\\\/chronifer-l-18-solenoid\\\/\",\"url\":\"https:\\\/\\\/www.kleinmetals.ch\\\/fr\\\/produkt\\\/chronifer-l-18-solenoid\\\/\",\"name\":\"CHRONIFER L 18 solenoid - L.Klein SA - Premium Steel and Metals\",\"isPartOf\":{\"@id\":\"https:\\\/\\\/www.kleinmetals.ch\\\/fr\\\/#website\"},\"primaryImageOfPage\":{\"@id\":\"https:\\\/\\\/www.kleinmetals.ch\\\/fr\\\/produkt\\\/chronifer-l-18-solenoid\\\/#primaryimage\"},\"image\":{\"@id\":\"https:\\\/\\\/www.kleinmetals.ch\\\/fr\\\/produkt\\\/chronifer-l-18-solenoid\\\/#primaryimage\"},\"thumbnailUrl\":\"https:\\\/\\\/www.kleinmetals.ch\\\/wp-content\\\/uploads\\\/405.png\",\"datePublished\":\"2024-04-08T18:46:31+00:00\",\"dateModified\":\"2026-04-27T06:17:16+00:00\",\"breadcrumb\":{\"@id\":\"https:\\\/\\\/www.kleinmetals.ch\\\/fr\\\/produkt\\\/chronifer-l-18-solenoid\\\/#breadcrumb\"},\"inLanguage\":\"fr-FR\",\"potentialAction\":[{\"@type\":\"ReadAction\",\"target\":[\"https:\\\/\\\/www.kleinmetals.ch\\\/fr\\\/produkt\\\/chronifer-l-18-solenoid\\\/\"]}]},{\"@type\":\"ImageObject\",\"inLanguage\":\"fr-FR\",\"@id\":\"https:\\\/\\\/www.kleinmetals.ch\\\/fr\\\/produkt\\\/chronifer-l-18-solenoid\\\/#primaryimage\",\"url\":\"https:\\\/\\\/www.kleinmetals.ch\\\/wp-content\\\/uploads\\\/405.png\",\"contentUrl\":\"https:\\\/\\\/www.kleinmetals.ch\\\/wp-content\\\/uploads\\\/405.png\",\"width\":1000,\"height\":1000},{\"@type\":\"BreadcrumbList\",\"@id\":\"https:\\\/\\\/www.kleinmetals.ch\\\/fr\\\/produkt\\\/chronifer-l-18-solenoid\\\/#breadcrumb\",\"itemListElement\":[{\"@type\":\"ListItem\",\"position\":1,\"name\":\"Home\",\"item\":\"https:\\\/\\\/www.kleinmetals.ch\\\/fr\\\/\"},{\"@type\":\"ListItem\",\"position\":2,\"name\":\"Produits\",\"item\":\"https:\\\/\\\/www.kleinmetals.ch\\\/fr\\\/produits\\\/\"},{\"@type\":\"ListItem\",\"position\":3,\"name\":\"CHRONIFER L 18 solenoid\"}]},{\"@type\":\"WebSite\",\"@id\":\"https:\\\/\\\/www.kleinmetals.ch\\\/fr\\\/#website\",\"url\":\"https:\\\/\\\/www.kleinmetals.ch\\\/fr\\\/\",\"name\":\"L.Klein AG Edelst\u00e4hle und Metalle\",\"description\":\"Handel mit hochwertigen Edelst\u00e4hlen und metallischen Rohstoffen\",\"publisher\":{\"@id\":\"https:\\\/\\\/www.kleinmetals.ch\\\/fr\\\/#organization\"},\"potentialAction\":[{\"@type\":\"SearchAction\",\"target\":{\"@type\":\"EntryPoint\",\"urlTemplate\":\"https:\\\/\\\/www.kleinmetals.ch\\\/fr\\\/?s={search_term_string}\"},\"query-input\":{\"@type\":\"PropertyValueSpecification\",\"valueRequired\":true,\"valueName\":\"search_term_string\"}}],\"inLanguage\":\"fr-FR\"},{\"@type\":\"Organization\",\"@id\":\"https:\\\/\\\/www.kleinmetals.ch\\\/fr\\\/#organization\",\"name\":\"L. Klein SA\",\"url\":\"https:\\\/\\\/www.kleinmetals.ch\\\/fr\\\/\",\"logo\":{\"@type\":\"ImageObject\",\"inLanguage\":\"fr-FR\",\"@id\":\"https:\\\/\\\/www.kleinmetals.ch\\\/fr\\\/#\\\/schema\\\/logo\\\/image\\\/\",\"url\":\"https:\\\/\\\/www.kleinmetals.ch\\\/wp-content\\\/uploads\\\/L-Klein-SA-Logo.svg\",\"contentUrl\":\"https:\\\/\\\/www.kleinmetals.ch\\\/wp-content\\\/uploads\\\/L-Klein-SA-Logo.svg\",\"width\":275,\"height\":86,\"caption\":\"L. Klein SA\"},\"image\":{\"@id\":\"https:\\\/\\\/www.kleinmetals.ch\\\/fr\\\/#\\\/schema\\\/logo\\\/image\\\/\"},\"sameAs\":[\"https:\\\/\\\/www.linkedin.com\\\/company\\\/l.-klein-sa\\\/\"]}]}<\/script>\n<!-- \/ Yoast SEO plugin. -->","yoast_head_json":{"title":"CHRONIFER L 18 solenoid - L.Klein SA - Premium Steel and Metals","robots":{"index":"index","follow":"follow","max-snippet":"max-snippet:-1","max-image-preview":"max-image-preview:large","max-video-preview":"max-video-preview:-1"},"canonical":"https:\/\/www.kleinmetals.ch\/fr\/produkt\/chronifer-l-18-solenoid\/","og_locale":"fr_FR","og_type":"article","og_title":"CHRONIFER L 18 solenoid - L.Klein SA - Premium Steel and Metals","og_description":"R\u00e9sum\u00e9 D\u00e9nomination Klein: CHRONIFER L 18 solenoid Classe de m\u00e9taux: Num\u00e9ro mati\u00e8re: Norme EN: RoHS 2 \u2013 2011\/65\/EU: Usinabilit\u00e9: [...]","og_url":"https:\/\/www.kleinmetals.ch\/fr\/produkt\/chronifer-l-18-solenoid\/","og_site_name":"L.Klein SA - Premium Steel and Metals","article_modified_time":"2026-04-27T06:17:16+00:00","og_image":[{"width":1000,"height":1000,"url":"https:\/\/www.kleinmetals.ch\/wp-content\/uploads\/405.png","type":"image\/png"}],"twitter_card":"summary_large_image","twitter_misc":{"Dur\u00e9e de lecture estim\u00e9e":"1 minute"},"schema":{"@context":"https:\/\/schema.org","@graph":[{"@type":"WebPage","@id":"https:\/\/www.kleinmetals.ch\/fr\/produkt\/chronifer-l-18-solenoid\/","url":"https:\/\/www.kleinmetals.ch\/fr\/produkt\/chronifer-l-18-solenoid\/","name":"CHRONIFER L 18 solenoid - L.Klein SA - Premium Steel and Metals","isPartOf":{"@id":"https:\/\/www.kleinmetals.ch\/fr\/#website"},"primaryImageOfPage":{"@id":"https:\/\/www.kleinmetals.ch\/fr\/produkt\/chronifer-l-18-solenoid\/#primaryimage"},"image":{"@id":"https:\/\/www.kleinmetals.ch\/fr\/produkt\/chronifer-l-18-solenoid\/#primaryimage"},"thumbnailUrl":"https:\/\/www.kleinmetals.ch\/wp-content\/uploads\/405.png","datePublished":"2024-04-08T18:46:31+00:00","dateModified":"2026-04-27T06:17:16+00:00","breadcrumb":{"@id":"https:\/\/www.kleinmetals.ch\/fr\/produkt\/chronifer-l-18-solenoid\/#breadcrumb"},"inLanguage":"fr-FR","potentialAction":[{"@type":"ReadAction","target":["https:\/\/www.kleinmetals.ch\/fr\/produkt\/chronifer-l-18-solenoid\/"]}]},{"@type":"ImageObject","inLanguage":"fr-FR","@id":"https:\/\/www.kleinmetals.ch\/fr\/produkt\/chronifer-l-18-solenoid\/#primaryimage","url":"https:\/\/www.kleinmetals.ch\/wp-content\/uploads\/405.png","contentUrl":"https:\/\/www.kleinmetals.ch\/wp-content\/uploads\/405.png","width":1000,"height":1000},{"@type":"BreadcrumbList","@id":"https:\/\/www.kleinmetals.ch\/fr\/produkt\/chronifer-l-18-solenoid\/#breadcrumb","itemListElement":[{"@type":"ListItem","position":1,"name":"Home","item":"https:\/\/www.kleinmetals.ch\/fr\/"},{"@type":"ListItem","position":2,"name":"Produits","item":"https:\/\/www.kleinmetals.ch\/fr\/produits\/"},{"@type":"ListItem","position":3,"name":"CHRONIFER L 18 solenoid"}]},{"@type":"WebSite","@id":"https:\/\/www.kleinmetals.ch\/fr\/#website","url":"https:\/\/www.kleinmetals.ch\/fr\/","name":"L.Klein AG Edelst\u00e4hle und Metalle","description":"Handel mit hochwertigen Edelst\u00e4hlen und metallischen Rohstoffen","publisher":{"@id":"https:\/\/www.kleinmetals.ch\/fr\/#organization"},"potentialAction":[{"@type":"SearchAction","target":{"@type":"EntryPoint","urlTemplate":"https:\/\/www.kleinmetals.ch\/fr\/?s={search_term_string}"},"query-input":{"@type":"PropertyValueSpecification","valueRequired":true,"valueName":"search_term_string"}}],"inLanguage":"fr-FR"},{"@type":"Organization","@id":"https:\/\/www.kleinmetals.ch\/fr\/#organization","name":"L. Klein SA","url":"https:\/\/www.kleinmetals.ch\/fr\/","logo":{"@type":"ImageObject","inLanguage":"fr-FR","@id":"https:\/\/www.kleinmetals.ch\/fr\/#\/schema\/logo\/image\/","url":"https:\/\/www.kleinmetals.ch\/wp-content\/uploads\/L-Klein-SA-Logo.svg","contentUrl":"https:\/\/www.kleinmetals.ch\/wp-content\/uploads\/L-Klein-SA-Logo.svg","width":275,"height":86,"caption":"L. Klein SA"},"image":{"@id":"https:\/\/www.kleinmetals.ch\/fr\/#\/schema\/logo\/image\/"},"sameAs":["https:\/\/www.linkedin.com\/company\/l.-klein-sa\/"]}]}},"_links":{"self":[{"href":"https:\/\/www.kleinmetals.ch\/fr\/wp-json\/wp\/v2\/product\/163437","targetHints":{"allow":["GET"]}}],"collection":[{"href":"https:\/\/www.kleinmetals.ch\/fr\/wp-json\/wp\/v2\/product"}],"about":[{"href":"https:\/\/www.kleinmetals.ch\/fr\/wp-json\/wp\/v2\/types\/product"}],"wp:featuredmedia":[{"embeddable":true,"href":"https:\/\/www.kleinmetals.ch\/fr\/wp-json\/wp\/v2\/media\/61355"}],"wp:attachment":[{"href":"https:\/\/www.kleinmetals.ch\/fr\/wp-json\/wp\/v2\/media?parent=163437"}],"wp:term":[{"taxonomy":"product_brand","embeddable":true,"href":"https:\/\/www.kleinmetals.ch\/fr\/wp-json\/wp\/v2\/product_brand?post=163437"},{"taxonomy":"product_cat","embeddable":true,"href":"https:\/\/www.kleinmetals.ch\/fr\/wp-json\/wp\/v2\/product_cat?post=163437"},{"taxonomy":"product_tag","embeddable":true,"href":"https:\/\/www.kleinmetals.ch\/fr\/wp-json\/wp\/v2\/product_tag?post=163437"}],"curies":[{"name":"wp","href":"https:\/\/api.w.org\/{rel}","templated":true}]}}