{"id":163445,"date":"2024-04-08T20:46:31","date_gmt":"2024-04-08T18:46:31","guid":{"rendered":"https:\/\/www.kleinmetals.ch\/produkt\/chronifer-labor-m-plus\/"},"modified":"2026-04-20T08:40:09","modified_gmt":"2026-04-20T06:40:09","slug":"chronifer-labor-m-plus","status":"publish","type":"product","link":"https:\/\/www.kleinmetals.ch\/fr\/produkt\/chronifer-labor-m-plus\/","title":{"rendered":"CHRONIFER LABOR M-PLUS"},"content":{"rendered":"<p><strong>R\u00e9sum\u00e9<\/strong><\/p>\n<table border=\"0\" width=\"100%\" cellspacing=\"0\" cellpadding=\"0\">\n<tbody>\n<tr>\n<td>D\u00e9nomination Klein:<\/td>\n<td>CHRONIFER LABOR M-PLUS<\/td>\n<\/tr>\n<tr>\n<td valign=\"top\">Classe d\u2019aciers:<\/td>\n<td>Acier inoxydable martensitique de<br \/>\nd\u00e9colletage avec addition de S<\/td>\n<\/tr>\n<tr>\n<td>Num\u00e9ro mati\u00e8re:<\/td>\n<td>1.4197<\/td>\n<\/tr>\n<tr>\n<td>Norme:<\/td>\n<td>AISI 420 F Mod<\/td>\n<\/tr>\n<tr>\n<td>Usinabilit\u00e9:<\/td>\n<td>bonne<\/td>\n<\/tr>\n<tr>\n<td>Capacit\u00e9 de durcissement:<\/td>\n<td>jusqu\u2019\u00e0 48 &#8211; 52 HRc<\/td>\n<\/tr>\n<tr>\n<td valign=\"top\">Aptitude au polissage:<\/td>\n<td>n\u2019est pas adapt\u00e9 au polissage sp\u00e9culaire<\/td>\n<\/tr>\n<tr>\n<td valign=\"top\">Magn\u00e9tisme:<\/td>\n<td>ferromagn\u00e9tique<\/td>\n<\/tr>\n<tr>\n<td valign=\"top\">R\u00e9sistance \u00e0 la corrosion:<\/td>\n<td>satisfaisante \u00e0 l\u2019\u00e9tat durci, poli et passiv\u00e9<\/td>\n<\/tr>\n<tr>\n<td valign=\"top\">Utilisations:<\/td>\n<td>pi\u00e8ces pour de nombreuses branches de l\u2019industrie<\/td>\n<\/tr>\n<\/tbody>\n<\/table>\n<p>&nbsp;<\/p>\n","protected":false},"excerpt":{"rendered":"<p>R\u00e9sum\u00e9 D\u00e9nomination Klein: CHRONIFER LABOR M-PLUS Classe d\u2019aciers: Acier inoxydable martensitique de d\u00e9colletage avec addition de S Num\u00e9ro mati\u00e8re:  [&#8230;]<\/p>\n","protected":false},"featured_media":61394,"template":"","meta":{"_acf_changed":false,"inline_featured_image":false},"product_brand":[],"product_cat":[846,838,808,840,852,864,868],"product_tag":[],"class_list":{"0":"post-163445","1":"product","2":"type-product","3":"status-publish","4":"has-post-thumbnail","6":"product_cat-acier-inoxydable","7":"product_cat-acier-medical","8":"product_cat-acier-automates","9":"product_cat-instruments-fr","10":"product_cat-martensitique","11":"product_cat-materiaux-horlogerie","12":"product_cat-trempable-inoxydable","13":"pa_ausfuehrung-6-kant","14":"pa_ausfuehrung-6-pans","15":"pa_ausfuehrung-etire","16":"pa_ausfuehrung-meule","17":"pa_ausfuehrung-2-barres-2m","18":"pa_ausfuehrung-2-barres-3m","19":"pa_ausfuehrung-2-staebe-2m","20":"pa_ausfuehrung-2-torche","21":"pa_durchmesser-0-350","22":"pa_durchmesser-0-402","23":"pa_durchmesser-0-500","24":"pa_durchmesser-0-600","25":"pa_durchmesser-0-602","26":"pa_durchmesser-0-700","27":"pa_durchmesser-0-800","28":"pa_durchmesser-0-900","29":"pa_durchmesser-1-000","30":"pa_durchmesser-1-100","31":"pa_durchmesser-1-200","32":"pa_durchmesser-1-250","33":"pa_durchmesser-1-300","34":"pa_durchmesser-1-400","35":"pa_durchmesser-1-500","36":"pa_durchmesser-1-550","37":"pa_durchmesser-1-600","38":"pa_durchmesser-1-601","39":"pa_durchmesser-1-650","40":"pa_durchmesser-1-700","41":"pa_durchmesser-1-800","42":"pa_durchmesser-1-900","43":"pa_durchmesser-10-000","44":"pa_durchmesser-10-200","45":"pa_durchmesser-10-500","46":"pa_durchmesser-11-000","47":"pa_durchmesser-12-000","48":"pa_durchmesser-12-700","49":"pa_durchmesser-13-000","50":"pa_durchmesser-13-500","51":"pa_durchmesser-14-000","52":"pa_durchmesser-15-000","53":"pa_durchmesser-16-000","54":"pa_durchmesser-17-000","55":"pa_durchmesser-18-000","56":"pa_durchmesser-19-000","57":"pa_durchmesser-2-000","58":"pa_durchmesser-2-100","59":"pa_durchmesser-2-200","60":"pa_durchmesser-2-300","61":"pa_durchmesser-2-350","62":"pa_durchmesser-2-400","63":"pa_durchmesser-2-500","64":"pa_durchmesser-2-800","65":"pa_durchmesser-20-000","66":"pa_durchmesser-21-000","67":"pa_durchmesser-22-000","68":"pa_durchmesser-25-000","69":"pa_durchmesser-26-000","70":"pa_durchmesser-27-000","71":"pa_durchmesser-28-000","72":"pa_durchmesser-3-000","73":"pa_durchmesser-3-100","74":"pa_durchmesser-3-150","75":"pa_durchmesser-3-200","76":"pa_durchmesser-3-500","77":"pa_durchmesser-3-600","78":"pa_durchmesser-3-800","79":"pa_durchmesser-30-000","80":"pa_durchmesser-32-000","81":"pa_durchmesser-4-000","82":"pa_durchmesser-4-100","83":"pa_durchmesser-4-200","84":"pa_durchmesser-4-500","85":"pa_durchmesser-4-800","86":"pa_durchmesser-5-000","87":"pa_durchmesser-5-100","88":"pa_durchmesser-5-500","89":"pa_durchmesser-6-000","90":"pa_durchmesser-6-100","91":"pa_durchmesser-6-200","92":"pa_durchmesser-6-350","93":"pa_durchmesser-6-500","94":"pa_durchmesser-7-000","95":"pa_durchmesser-7-200","96":"pa_durchmesser-7-500","97":"pa_durchmesser-8-000","98":"pa_durchmesser-8-100","99":"pa_durchmesser-8-500","100":"pa_durchmesser-9-000","101":"pa_durchmesser-9-500","102":"pa_toleranz-fg-6-fr","103":"pa_toleranz-fg-7-fr","104":"pa_toleranz-fg-8-fr","105":"pa_toleranz-h-5","106":"pa_toleranz-h-5-fr","107":"pa_toleranz-h-6-fr","108":"pa_toleranz-h-7-fr","109":"pa_toleranz-h-8-fr","110":"pa_toleranz-h-9-fr","111":"pa_toleranz-spec","113":"first","114":"instock","115":"purchasable","116":"product-type-variable"},"acf":[],"yoast_head":"<!-- This site is optimized with the Yoast SEO plugin v27.4 - https:\/\/yoast.com\/product\/yoast-seo-wordpress\/ -->\n<title>CHRONIFER LABOR M-PLUS - L.Klein SA - Premium Steel and Metals<\/title>\n<meta name=\"robots\" content=\"index, follow, max-snippet:-1, max-image-preview:large, max-video-preview:-1\" \/>\n<link rel=\"canonical\" href=\"https:\/\/www.kleinmetals.ch\/fr\/produkt\/chronifer-labor-m-plus\/\" \/>\n<meta property=\"og:locale\" content=\"fr_FR\" \/>\n<meta property=\"og:type\" content=\"article\" \/>\n<meta property=\"og:title\" content=\"CHRONIFER LABOR M-PLUS - L.Klein SA - Premium Steel and Metals\" \/>\n<meta property=\"og:description\" content=\"R\u00e9sum\u00e9 D\u00e9nomination Klein: CHRONIFER LABOR M-PLUS Classe d\u2019aciers: Acier inoxydable martensitique de d\u00e9colletage avec addition de S Num\u00e9ro mati\u00e8re: [...]\" \/>\n<meta property=\"og:url\" content=\"https:\/\/www.kleinmetals.ch\/fr\/produkt\/chronifer-labor-m-plus\/\" \/>\n<meta property=\"og:site_name\" content=\"L.Klein SA - Premium Steel and Metals\" \/>\n<meta property=\"article:modified_time\" content=\"2026-04-20T06:40:09+00:00\" \/>\n<meta property=\"og:image\" content=\"https:\/\/www.kleinmetals.ch\/wp-content\/uploads\/465.png\" \/>\n\t<meta property=\"og:image:width\" content=\"1000\" \/>\n\t<meta property=\"og:image:height\" content=\"1000\" \/>\n\t<meta property=\"og:image:type\" content=\"image\/png\" \/>\n<meta name=\"twitter:card\" content=\"summary_large_image\" \/>\n<meta name=\"twitter:label1\" content=\"Dur\u00e9e de lecture estim\u00e9e\" \/>\n\t<meta name=\"twitter:data1\" content=\"1 minute\" \/>\n<script type=\"application\/ld+json\" class=\"yoast-schema-graph\">{\"@context\":\"https:\\\/\\\/schema.org\",\"@graph\":[{\"@type\":\"WebPage\",\"@id\":\"https:\\\/\\\/www.kleinmetals.ch\\\/fr\\\/produkt\\\/chronifer-labor-m-plus\\\/\",\"url\":\"https:\\\/\\\/www.kleinmetals.ch\\\/fr\\\/produkt\\\/chronifer-labor-m-plus\\\/\",\"name\":\"CHRONIFER LABOR M-PLUS - L.Klein SA - Premium Steel and Metals\",\"isPartOf\":{\"@id\":\"https:\\\/\\\/www.kleinmetals.ch\\\/fr\\\/#website\"},\"primaryImageOfPage\":{\"@id\":\"https:\\\/\\\/www.kleinmetals.ch\\\/fr\\\/produkt\\\/chronifer-labor-m-plus\\\/#primaryimage\"},\"image\":{\"@id\":\"https:\\\/\\\/www.kleinmetals.ch\\\/fr\\\/produkt\\\/chronifer-labor-m-plus\\\/#primaryimage\"},\"thumbnailUrl\":\"https:\\\/\\\/www.kleinmetals.ch\\\/wp-content\\\/uploads\\\/465.png\",\"datePublished\":\"2024-04-08T18:46:31+00:00\",\"dateModified\":\"2026-04-20T06:40:09+00:00\",\"breadcrumb\":{\"@id\":\"https:\\\/\\\/www.kleinmetals.ch\\\/fr\\\/produkt\\\/chronifer-labor-m-plus\\\/#breadcrumb\"},\"inLanguage\":\"fr-FR\",\"potentialAction\":[{\"@type\":\"ReadAction\",\"target\":[\"https:\\\/\\\/www.kleinmetals.ch\\\/fr\\\/produkt\\\/chronifer-labor-m-plus\\\/\"]}]},{\"@type\":\"ImageObject\",\"inLanguage\":\"fr-FR\",\"@id\":\"https:\\\/\\\/www.kleinmetals.ch\\\/fr\\\/produkt\\\/chronifer-labor-m-plus\\\/#primaryimage\",\"url\":\"https:\\\/\\\/www.kleinmetals.ch\\\/wp-content\\\/uploads\\\/465.png\",\"contentUrl\":\"https:\\\/\\\/www.kleinmetals.ch\\\/wp-content\\\/uploads\\\/465.png\",\"width\":1000,\"height\":1000},{\"@type\":\"BreadcrumbList\",\"@id\":\"https:\\\/\\\/www.kleinmetals.ch\\\/fr\\\/produkt\\\/chronifer-labor-m-plus\\\/#breadcrumb\",\"itemListElement\":[{\"@type\":\"ListItem\",\"position\":1,\"name\":\"Home\",\"item\":\"https:\\\/\\\/www.kleinmetals.ch\\\/fr\\\/\"},{\"@type\":\"ListItem\",\"position\":2,\"name\":\"Produits\",\"item\":\"https:\\\/\\\/www.kleinmetals.ch\\\/fr\\\/produits\\\/\"},{\"@type\":\"ListItem\",\"position\":3,\"name\":\"CHRONIFER LABOR M-PLUS\"}]},{\"@type\":\"WebSite\",\"@id\":\"https:\\\/\\\/www.kleinmetals.ch\\\/fr\\\/#website\",\"url\":\"https:\\\/\\\/www.kleinmetals.ch\\\/fr\\\/\",\"name\":\"L.Klein AG Edelst\u00e4hle und Metalle\",\"description\":\"Handel mit hochwertigen Edelst\u00e4hlen und metallischen Rohstoffen\",\"publisher\":{\"@id\":\"https:\\\/\\\/www.kleinmetals.ch\\\/fr\\\/#organization\"},\"potentialAction\":[{\"@type\":\"SearchAction\",\"target\":{\"@type\":\"EntryPoint\",\"urlTemplate\":\"https:\\\/\\\/www.kleinmetals.ch\\\/fr\\\/?s={search_term_string}\"},\"query-input\":{\"@type\":\"PropertyValueSpecification\",\"valueRequired\":true,\"valueName\":\"search_term_string\"}}],\"inLanguage\":\"fr-FR\"},{\"@type\":\"Organization\",\"@id\":\"https:\\\/\\\/www.kleinmetals.ch\\\/fr\\\/#organization\",\"name\":\"L. Klein SA\",\"url\":\"https:\\\/\\\/www.kleinmetals.ch\\\/fr\\\/\",\"logo\":{\"@type\":\"ImageObject\",\"inLanguage\":\"fr-FR\",\"@id\":\"https:\\\/\\\/www.kleinmetals.ch\\\/fr\\\/#\\\/schema\\\/logo\\\/image\\\/\",\"url\":\"https:\\\/\\\/www.kleinmetals.ch\\\/wp-content\\\/uploads\\\/L-Klein-SA-Logo.svg\",\"contentUrl\":\"https:\\\/\\\/www.kleinmetals.ch\\\/wp-content\\\/uploads\\\/L-Klein-SA-Logo.svg\",\"width\":275,\"height\":86,\"caption\":\"L. Klein SA\"},\"image\":{\"@id\":\"https:\\\/\\\/www.kleinmetals.ch\\\/fr\\\/#\\\/schema\\\/logo\\\/image\\\/\"},\"sameAs\":[\"https:\\\/\\\/www.linkedin.com\\\/company\\\/l.-klein-sa\\\/\"]}]}<\/script>\n<!-- \/ Yoast SEO plugin. -->","yoast_head_json":{"title":"CHRONIFER LABOR M-PLUS - L.Klein SA - Premium Steel and Metals","robots":{"index":"index","follow":"follow","max-snippet":"max-snippet:-1","max-image-preview":"max-image-preview:large","max-video-preview":"max-video-preview:-1"},"canonical":"https:\/\/www.kleinmetals.ch\/fr\/produkt\/chronifer-labor-m-plus\/","og_locale":"fr_FR","og_type":"article","og_title":"CHRONIFER LABOR M-PLUS - L.Klein SA - Premium Steel and Metals","og_description":"R\u00e9sum\u00e9 D\u00e9nomination Klein: CHRONIFER LABOR M-PLUS Classe d\u2019aciers: Acier inoxydable martensitique de d\u00e9colletage avec addition de S Num\u00e9ro mati\u00e8re: [...]","og_url":"https:\/\/www.kleinmetals.ch\/fr\/produkt\/chronifer-labor-m-plus\/","og_site_name":"L.Klein SA - Premium Steel and Metals","article_modified_time":"2026-04-20T06:40:09+00:00","og_image":[{"width":1000,"height":1000,"url":"https:\/\/www.kleinmetals.ch\/wp-content\/uploads\/465.png","type":"image\/png"}],"twitter_card":"summary_large_image","twitter_misc":{"Dur\u00e9e de lecture estim\u00e9e":"1 minute"},"schema":{"@context":"https:\/\/schema.org","@graph":[{"@type":"WebPage","@id":"https:\/\/www.kleinmetals.ch\/fr\/produkt\/chronifer-labor-m-plus\/","url":"https:\/\/www.kleinmetals.ch\/fr\/produkt\/chronifer-labor-m-plus\/","name":"CHRONIFER LABOR M-PLUS - L.Klein SA - Premium Steel and Metals","isPartOf":{"@id":"https:\/\/www.kleinmetals.ch\/fr\/#website"},"primaryImageOfPage":{"@id":"https:\/\/www.kleinmetals.ch\/fr\/produkt\/chronifer-labor-m-plus\/#primaryimage"},"image":{"@id":"https:\/\/www.kleinmetals.ch\/fr\/produkt\/chronifer-labor-m-plus\/#primaryimage"},"thumbnailUrl":"https:\/\/www.kleinmetals.ch\/wp-content\/uploads\/465.png","datePublished":"2024-04-08T18:46:31+00:00","dateModified":"2026-04-20T06:40:09+00:00","breadcrumb":{"@id":"https:\/\/www.kleinmetals.ch\/fr\/produkt\/chronifer-labor-m-plus\/#breadcrumb"},"inLanguage":"fr-FR","potentialAction":[{"@type":"ReadAction","target":["https:\/\/www.kleinmetals.ch\/fr\/produkt\/chronifer-labor-m-plus\/"]}]},{"@type":"ImageObject","inLanguage":"fr-FR","@id":"https:\/\/www.kleinmetals.ch\/fr\/produkt\/chronifer-labor-m-plus\/#primaryimage","url":"https:\/\/www.kleinmetals.ch\/wp-content\/uploads\/465.png","contentUrl":"https:\/\/www.kleinmetals.ch\/wp-content\/uploads\/465.png","width":1000,"height":1000},{"@type":"BreadcrumbList","@id":"https:\/\/www.kleinmetals.ch\/fr\/produkt\/chronifer-labor-m-plus\/#breadcrumb","itemListElement":[{"@type":"ListItem","position":1,"name":"Home","item":"https:\/\/www.kleinmetals.ch\/fr\/"},{"@type":"ListItem","position":2,"name":"Produits","item":"https:\/\/www.kleinmetals.ch\/fr\/produits\/"},{"@type":"ListItem","position":3,"name":"CHRONIFER LABOR M-PLUS"}]},{"@type":"WebSite","@id":"https:\/\/www.kleinmetals.ch\/fr\/#website","url":"https:\/\/www.kleinmetals.ch\/fr\/","name":"L.Klein AG Edelst\u00e4hle und Metalle","description":"Handel mit hochwertigen Edelst\u00e4hlen und metallischen Rohstoffen","publisher":{"@id":"https:\/\/www.kleinmetals.ch\/fr\/#organization"},"potentialAction":[{"@type":"SearchAction","target":{"@type":"EntryPoint","urlTemplate":"https:\/\/www.kleinmetals.ch\/fr\/?s={search_term_string}"},"query-input":{"@type":"PropertyValueSpecification","valueRequired":true,"valueName":"search_term_string"}}],"inLanguage":"fr-FR"},{"@type":"Organization","@id":"https:\/\/www.kleinmetals.ch\/fr\/#organization","name":"L. Klein SA","url":"https:\/\/www.kleinmetals.ch\/fr\/","logo":{"@type":"ImageObject","inLanguage":"fr-FR","@id":"https:\/\/www.kleinmetals.ch\/fr\/#\/schema\/logo\/image\/","url":"https:\/\/www.kleinmetals.ch\/wp-content\/uploads\/L-Klein-SA-Logo.svg","contentUrl":"https:\/\/www.kleinmetals.ch\/wp-content\/uploads\/L-Klein-SA-Logo.svg","width":275,"height":86,"caption":"L. Klein SA"},"image":{"@id":"https:\/\/www.kleinmetals.ch\/fr\/#\/schema\/logo\/image\/"},"sameAs":["https:\/\/www.linkedin.com\/company\/l.-klein-sa\/"]}]}},"_links":{"self":[{"href":"https:\/\/www.kleinmetals.ch\/fr\/wp-json\/wp\/v2\/product\/163445","targetHints":{"allow":["GET"]}}],"collection":[{"href":"https:\/\/www.kleinmetals.ch\/fr\/wp-json\/wp\/v2\/product"}],"about":[{"href":"https:\/\/www.kleinmetals.ch\/fr\/wp-json\/wp\/v2\/types\/product"}],"wp:featuredmedia":[{"embeddable":true,"href":"https:\/\/www.kleinmetals.ch\/fr\/wp-json\/wp\/v2\/media\/61394"}],"wp:attachment":[{"href":"https:\/\/www.kleinmetals.ch\/fr\/wp-json\/wp\/v2\/media?parent=163445"}],"wp:term":[{"taxonomy":"product_brand","embeddable":true,"href":"https:\/\/www.kleinmetals.ch\/fr\/wp-json\/wp\/v2\/product_brand?post=163445"},{"taxonomy":"product_cat","embeddable":true,"href":"https:\/\/www.kleinmetals.ch\/fr\/wp-json\/wp\/v2\/product_cat?post=163445"},{"taxonomy":"product_tag","embeddable":true,"href":"https:\/\/www.kleinmetals.ch\/fr\/wp-json\/wp\/v2\/product_tag?post=163445"}],"curies":[{"name":"wp","href":"https:\/\/api.w.org\/{rel}","templated":true}]}}