{"id":163453,"date":"2024-04-08T20:46:31","date_gmt":"2024-04-08T18:46:31","guid":{"rendered":"https:\/\/www.kleinmetals.ch\/produkt\/1-4441-implant\/"},"modified":"2026-04-17T08:46:58","modified_gmt":"2026-04-17T06:46:58","slug":"1-4441-implant","status":"publish","type":"product","link":"https:\/\/www.kleinmetals.ch\/fr\/produkt\/1-4441-implant\/","title":{"rendered":"1.4441 IMPLANT"},"content":{"rendered":"<p><strong>R\u00e9sum\u00e9<\/strong><\/p>\n<table border=\"0\" width=\"100%\" cellspacing=\"0\" cellpadding=\"0\">\n<tbody>\n<tr>\n<td>D\u00e9signation Klein:<\/td>\n<td>1.4441 IMPLANT<\/td>\n<\/tr>\n<tr>\n<td valign=\"top\">Classe de m\u00e9tal:<\/td>\n<td>Acier inoxydable aust\u00e9nitique<br \/>\navec addition de N<\/td>\n<\/tr>\n<tr>\n<td>Num\u00e9ro mati\u00e8re:<\/td>\n<td>1.4441<\/td>\n<\/tr>\n<tr>\n<td>Norme EN:<\/td>\n<td>X 2 CrNiMo18-15-3<\/td>\n<\/tr>\n<tr>\n<td>Biocompatibilit\u00e9:<\/td>\n<td>bonne<\/td>\n<\/tr>\n<tr>\n<td>Refusion:<\/td>\n<td>ESR<\/td>\n<\/tr>\n<tr>\n<td>Usinabilit\u00e9:<\/td>\n<td>de satisfaisante \u00e0 bonne<\/td>\n<\/tr>\n<tr>\n<td>Capacit\u00e9 de durcissement:<\/td>\n<td>ne peut pas \u00eatre durci thermiquement<\/td>\n<\/tr>\n<tr>\n<td>Formage:<\/td>\n<td>peut \u00eatre form\u00e9 \u00e0 froid<\/td>\n<\/tr>\n<tr>\n<td>Ecrouissage:<\/td>\n<td>peut \u00eatre \u00e9croui \u00e0 froid<\/td>\n<\/tr>\n<tr>\n<td>Aptitude au polissage:<\/td>\n<td>adapt\u00e9 au polissage sp\u00e9culaire<\/td>\n<\/tr>\n<tr>\n<td>R\u00e9sistance \u00e0 la corrosion:<\/td>\n<td>bonne, qualit\u00e9 implant<\/td>\n<\/tr>\n<tr>\n<td>Magn\u00e9tisme:<\/td>\n<td>non magn\u00e9tique<\/td>\n<\/tr>\n<tr>\n<td valign=\"top\">Utilisations:<\/td>\n<td>Implants pour l\u2019ost\u00e9osynth\u00e8se;<br \/>\nutilisations m\u00e9dicales et dentaires<\/td>\n<\/tr>\n<\/tbody>\n<\/table>\n<p>&nbsp;<\/p>\n<p>Particularit\u00e9 &amp; aptitude g\u00e9n\u00e9rale: un acier inoxydable selon les normes m\u00e9dicales ISO 5832-1 et ASTM F-138, refondu sous laitier \u00e9lectro-conducteur (ESU). Une nuance d\u00e9licate \u00e0 l.usinage (usure importante des outils, longs copeaux).<\/p>\n<p>Domaine d.application &amp; utilisation d\u00e9sign\u00e9e: une nuance typique pour la r\u00e9alisation d.implants et d.ancillaires standards, pour des applications chirurgicales ou appareillage m\u00e9dical.<\/p>\n<p>Le monde horologer \u00e0 \u00e9galement d\u00e9couvert cette nuance. La polissabilit\u00e9 est am\u00e9lior\u00e9 par rapport \u00e0 un AISI 316L standard (1.4404 o\u00f9 1.4435).<\/p>\n","protected":false},"excerpt":{"rendered":"<p>R\u00e9sum\u00e9 D\u00e9signation Klein: 1.4441 IMPLANT Classe de m\u00e9tal: Acier inoxydable aust\u00e9nitique avec addition de N Num\u00e9ro mati\u00e8re: 1.4441 Norme  [&#8230;]<\/p>\n","protected":false},"featured_media":61214,"template":"","meta":{"_acf_changed":false,"inline_featured_image":false},"product_brand":[],"product_cat":[846,838,848,840,864,824,870,858],"product_tag":[],"class_list":{"0":"post-163453","1":"product","2":"type-product","3":"status-publish","4":"has-post-thumbnail","6":"product_cat-acier-inoxydable","7":"product_cat-acier-medical","8":"product_cat-austenitique","9":"product_cat-instruments-fr","10":"product_cat-materiaux-horlogerie","11":"product_cat-implants-fr","12":"product_cat-resistant-a-la-corrosion","13":"product_cat-tubes-fr","14":"pa_ausfuehrung-etire","15":"pa_ausfuehrung-lamine","16":"pa_ausfuehrung-meule","17":"pa_ausfuehrung-poudre","18":"pa_ausfuehrung-profile","19":"pa_ausfuehrung-spez","20":"pa_ausfuehrung-2-barres-2m","21":"pa_ausfuehrung-2-barres-3m","22":"pa_ausfuehrung-2-longueurs-spec","23":"pa_ausfuehrung-2-poudre","24":"pa_ausfuehrung-2-staebe-spez","25":"pa_ausfuehrung-2-torche","26":"pa_ausfuehrung-2-tube","27":"pa_durchmesser-0-000","28":"pa_durchmesser-0-125","29":"pa_durchmesser-0-200","30":"pa_durchmesser-0-400","31":"pa_durchmesser-0-457","32":"pa_durchmesser-0-500","33":"pa_durchmesser-0-600","34":"pa_durchmesser-0-700","35":"pa_durchmesser-0-800","36":"pa_durchmesser-0-900","37":"pa_durchmesser-1-000","38":"pa_durchmesser-1-090","39":"pa_durchmesser-1-100","40":"pa_durchmesser-1-180","41":"pa_durchmesser-1-200","42":"pa_durchmesser-1-250","43":"pa_durchmesser-1-300","44":"pa_durchmesser-1-380","45":"pa_durchmesser-1-400","46":"pa_durchmesser-1-500","47":"pa_durchmesser-1-600","48":"pa_durchmesser-1-700","49":"pa_durchmesser-1-800","50":"pa_durchmesser-1-830","51":"pa_durchmesser-1-900","52":"pa_durchmesser-1-950","53":"pa_durchmesser-10-000","54":"pa_durchmesser-11-000","55":"pa_durchmesser-12-000","56":"pa_durchmesser-12-700","57":"pa_durchmesser-13-000","58":"pa_durchmesser-14-000","59":"pa_durchmesser-15-000","60":"pa_durchmesser-16-000","61":"pa_durchmesser-17-000","62":"pa_durchmesser-18-000","63":"pa_durchmesser-19-000","64":"pa_durchmesser-2-000","65":"pa_durchmesser-2-100","66":"pa_durchmesser-2-200","67":"pa_durchmesser-2-255","68":"pa_durchmesser-2-350","69":"pa_durchmesser-2-400","70":"pa_durchmesser-2-500","71":"pa_durchmesser-2-600","72":"pa_durchmesser-2-800","73":"pa_durchmesser-20-000","74":"pa_durchmesser-21-000","75":"pa_durchmesser-21-700","76":"pa_durchmesser-22-000","77":"pa_durchmesser-22-220","78":"pa_durchmesser-23-000","79":"pa_durchmesser-24-000","80":"pa_durchmesser-25-000","81":"pa_durchmesser-25-400","82":"pa_durchmesser-26-000","83":"pa_durchmesser-28-000","84":"pa_durchmesser-29-000","85":"pa_durchmesser-3-000","86":"pa_durchmesser-3-200","87":"pa_durchmesser-3-300","88":"pa_durchmesser-3-400","89":"pa_durchmesser-3-500","90":"pa_durchmesser-3-600","91":"pa_durchmesser-3-700","92":"pa_durchmesser-30-000","93":"pa_durchmesser-31-750","94":"pa_durchmesser-32-000","95":"pa_durchmesser-34-000","96":"pa_durchmesser-35-000","97":"pa_durchmesser-39-000","98":"pa_durchmesser-4-000","99":"pa_durchmesser-4-500","100":"pa_durchmesser-4-700","101":"pa_durchmesser-4-760","102":"pa_durchmesser-4-800","103":"pa_durchmesser-40-000","104":"pa_durchmesser-45-000","105":"pa_durchmesser-5-000","106":"pa_durchmesser-5-400","107":"pa_durchmesser-5-500","108":"pa_durchmesser-50-000","109":"pa_durchmesser-55-000","110":"pa_durchmesser-6-000","111":"pa_durchmesser-6-350","112":"pa_durchmesser-6-500","113":"pa_durchmesser-6-700","114":"pa_durchmesser-60-000","115":"pa_durchmesser-65-000","116":"pa_durchmesser-7-000","117":"pa_durchmesser-7-500","118":"pa_durchmesser-70-000","119":"pa_durchmesser-8-000","120":"pa_durchmesser-8-500","121":"pa_durchmesser-80-000","122":"pa_durchmesser-9-000","123":"pa_durchmesser-9-500","124":"pa_toleranz-fg-6-fr","125":"pa_toleranz-fg-7-fr","126":"pa_toleranz-fg-8-fr","127":"pa_toleranz-h-11-fr-2","128":"pa_toleranz-h-5","129":"pa_toleranz-h-5-fr","130":"pa_toleranz-h-6-fr","131":"pa_toleranz-h-7-fr","132":"pa_toleranz-h-8-fr","133":"pa_toleranz-h-9-fr","134":"pa_toleranz-spec","136":"first","137":"instock","138":"purchasable","139":"product-type-variable"},"acf":[],"yoast_head":"<!-- This site is optimized with the Yoast SEO plugin v27.4 - https:\/\/yoast.com\/product\/yoast-seo-wordpress\/ -->\n<title>1.4441 IMPLANT - L.Klein SA - Premium Steel and Metals<\/title>\n<meta name=\"robots\" content=\"index, follow, max-snippet:-1, max-image-preview:large, max-video-preview:-1\" \/>\n<link rel=\"canonical\" href=\"https:\/\/www.kleinmetals.ch\/fr\/produkt\/1-4441-implant\/\" \/>\n<meta property=\"og:locale\" content=\"fr_FR\" \/>\n<meta property=\"og:type\" content=\"article\" \/>\n<meta property=\"og:title\" content=\"1.4441 IMPLANT - L.Klein SA - Premium Steel and Metals\" \/>\n<meta property=\"og:description\" content=\"R\u00e9sum\u00e9 D\u00e9signation Klein: 1.4441 IMPLANT Classe de m\u00e9tal: Acier inoxydable aust\u00e9nitique avec addition de N Num\u00e9ro mati\u00e8re: 1.4441 Norme [...]\" \/>\n<meta property=\"og:url\" content=\"https:\/\/www.kleinmetals.ch\/fr\/produkt\/1-4441-implant\/\" \/>\n<meta property=\"og:site_name\" content=\"L.Klein SA - Premium Steel and Metals\" \/>\n<meta property=\"article:modified_time\" content=\"2026-04-17T06:46:58+00:00\" \/>\n<meta property=\"og:image\" content=\"https:\/\/www.kleinmetals.ch\/wp-content\/uploads\/555.png\" \/>\n\t<meta property=\"og:image:width\" content=\"1000\" \/>\n\t<meta property=\"og:image:height\" content=\"1000\" \/>\n\t<meta property=\"og:image:type\" content=\"image\/png\" \/>\n<meta name=\"twitter:card\" content=\"summary_large_image\" \/>\n<meta name=\"twitter:label1\" content=\"Dur\u00e9e de lecture estim\u00e9e\" \/>\n\t<meta name=\"twitter:data1\" content=\"1 minute\" \/>\n<script type=\"application\/ld+json\" class=\"yoast-schema-graph\">{\"@context\":\"https:\\\/\\\/schema.org\",\"@graph\":[{\"@type\":\"WebPage\",\"@id\":\"https:\\\/\\\/www.kleinmetals.ch\\\/fr\\\/produkt\\\/1-4441-implant\\\/\",\"url\":\"https:\\\/\\\/www.kleinmetals.ch\\\/fr\\\/produkt\\\/1-4441-implant\\\/\",\"name\":\"1.4441 IMPLANT - L.Klein SA - Premium Steel and Metals\",\"isPartOf\":{\"@id\":\"https:\\\/\\\/www.kleinmetals.ch\\\/fr\\\/#website\"},\"primaryImageOfPage\":{\"@id\":\"https:\\\/\\\/www.kleinmetals.ch\\\/fr\\\/produkt\\\/1-4441-implant\\\/#primaryimage\"},\"image\":{\"@id\":\"https:\\\/\\\/www.kleinmetals.ch\\\/fr\\\/produkt\\\/1-4441-implant\\\/#primaryimage\"},\"thumbnailUrl\":\"https:\\\/\\\/www.kleinmetals.ch\\\/wp-content\\\/uploads\\\/555.png\",\"datePublished\":\"2024-04-08T18:46:31+00:00\",\"dateModified\":\"2026-04-17T06:46:58+00:00\",\"breadcrumb\":{\"@id\":\"https:\\\/\\\/www.kleinmetals.ch\\\/fr\\\/produkt\\\/1-4441-implant\\\/#breadcrumb\"},\"inLanguage\":\"fr-FR\",\"potentialAction\":[{\"@type\":\"ReadAction\",\"target\":[\"https:\\\/\\\/www.kleinmetals.ch\\\/fr\\\/produkt\\\/1-4441-implant\\\/\"]}]},{\"@type\":\"ImageObject\",\"inLanguage\":\"fr-FR\",\"@id\":\"https:\\\/\\\/www.kleinmetals.ch\\\/fr\\\/produkt\\\/1-4441-implant\\\/#primaryimage\",\"url\":\"https:\\\/\\\/www.kleinmetals.ch\\\/wp-content\\\/uploads\\\/555.png\",\"contentUrl\":\"https:\\\/\\\/www.kleinmetals.ch\\\/wp-content\\\/uploads\\\/555.png\",\"width\":1000,\"height\":1000},{\"@type\":\"BreadcrumbList\",\"@id\":\"https:\\\/\\\/www.kleinmetals.ch\\\/fr\\\/produkt\\\/1-4441-implant\\\/#breadcrumb\",\"itemListElement\":[{\"@type\":\"ListItem\",\"position\":1,\"name\":\"Home\",\"item\":\"https:\\\/\\\/www.kleinmetals.ch\\\/fr\\\/\"},{\"@type\":\"ListItem\",\"position\":2,\"name\":\"Produits\",\"item\":\"https:\\\/\\\/www.kleinmetals.ch\\\/fr\\\/produits\\\/\"},{\"@type\":\"ListItem\",\"position\":3,\"name\":\"1.4441 IMPLANT\"}]},{\"@type\":\"WebSite\",\"@id\":\"https:\\\/\\\/www.kleinmetals.ch\\\/fr\\\/#website\",\"url\":\"https:\\\/\\\/www.kleinmetals.ch\\\/fr\\\/\",\"name\":\"L.Klein AG Edelst\u00e4hle und Metalle\",\"description\":\"Handel mit hochwertigen Edelst\u00e4hlen und metallischen Rohstoffen\",\"publisher\":{\"@id\":\"https:\\\/\\\/www.kleinmetals.ch\\\/fr\\\/#organization\"},\"potentialAction\":[{\"@type\":\"SearchAction\",\"target\":{\"@type\":\"EntryPoint\",\"urlTemplate\":\"https:\\\/\\\/www.kleinmetals.ch\\\/fr\\\/?s={search_term_string}\"},\"query-input\":{\"@type\":\"PropertyValueSpecification\",\"valueRequired\":true,\"valueName\":\"search_term_string\"}}],\"inLanguage\":\"fr-FR\"},{\"@type\":\"Organization\",\"@id\":\"https:\\\/\\\/www.kleinmetals.ch\\\/fr\\\/#organization\",\"name\":\"L. Klein SA\",\"url\":\"https:\\\/\\\/www.kleinmetals.ch\\\/fr\\\/\",\"logo\":{\"@type\":\"ImageObject\",\"inLanguage\":\"fr-FR\",\"@id\":\"https:\\\/\\\/www.kleinmetals.ch\\\/fr\\\/#\\\/schema\\\/logo\\\/image\\\/\",\"url\":\"https:\\\/\\\/www.kleinmetals.ch\\\/wp-content\\\/uploads\\\/L-Klein-SA-Logo.svg\",\"contentUrl\":\"https:\\\/\\\/www.kleinmetals.ch\\\/wp-content\\\/uploads\\\/L-Klein-SA-Logo.svg\",\"width\":275,\"height\":86,\"caption\":\"L. Klein SA\"},\"image\":{\"@id\":\"https:\\\/\\\/www.kleinmetals.ch\\\/fr\\\/#\\\/schema\\\/logo\\\/image\\\/\"},\"sameAs\":[\"https:\\\/\\\/www.linkedin.com\\\/company\\\/l.-klein-sa\\\/\"]}]}<\/script>\n<!-- \/ Yoast SEO plugin. -->","yoast_head_json":{"title":"1.4441 IMPLANT - L.Klein SA - Premium Steel and Metals","robots":{"index":"index","follow":"follow","max-snippet":"max-snippet:-1","max-image-preview":"max-image-preview:large","max-video-preview":"max-video-preview:-1"},"canonical":"https:\/\/www.kleinmetals.ch\/fr\/produkt\/1-4441-implant\/","og_locale":"fr_FR","og_type":"article","og_title":"1.4441 IMPLANT - L.Klein SA - Premium Steel and Metals","og_description":"R\u00e9sum\u00e9 D\u00e9signation Klein: 1.4441 IMPLANT Classe de m\u00e9tal: Acier inoxydable aust\u00e9nitique avec addition de N Num\u00e9ro mati\u00e8re: 1.4441 Norme [...]","og_url":"https:\/\/www.kleinmetals.ch\/fr\/produkt\/1-4441-implant\/","og_site_name":"L.Klein SA - Premium Steel and Metals","article_modified_time":"2026-04-17T06:46:58+00:00","og_image":[{"width":1000,"height":1000,"url":"https:\/\/www.kleinmetals.ch\/wp-content\/uploads\/555.png","type":"image\/png"}],"twitter_card":"summary_large_image","twitter_misc":{"Dur\u00e9e de lecture estim\u00e9e":"1 minute"},"schema":{"@context":"https:\/\/schema.org","@graph":[{"@type":"WebPage","@id":"https:\/\/www.kleinmetals.ch\/fr\/produkt\/1-4441-implant\/","url":"https:\/\/www.kleinmetals.ch\/fr\/produkt\/1-4441-implant\/","name":"1.4441 IMPLANT - L.Klein SA - Premium Steel and Metals","isPartOf":{"@id":"https:\/\/www.kleinmetals.ch\/fr\/#website"},"primaryImageOfPage":{"@id":"https:\/\/www.kleinmetals.ch\/fr\/produkt\/1-4441-implant\/#primaryimage"},"image":{"@id":"https:\/\/www.kleinmetals.ch\/fr\/produkt\/1-4441-implant\/#primaryimage"},"thumbnailUrl":"https:\/\/www.kleinmetals.ch\/wp-content\/uploads\/555.png","datePublished":"2024-04-08T18:46:31+00:00","dateModified":"2026-04-17T06:46:58+00:00","breadcrumb":{"@id":"https:\/\/www.kleinmetals.ch\/fr\/produkt\/1-4441-implant\/#breadcrumb"},"inLanguage":"fr-FR","potentialAction":[{"@type":"ReadAction","target":["https:\/\/www.kleinmetals.ch\/fr\/produkt\/1-4441-implant\/"]}]},{"@type":"ImageObject","inLanguage":"fr-FR","@id":"https:\/\/www.kleinmetals.ch\/fr\/produkt\/1-4441-implant\/#primaryimage","url":"https:\/\/www.kleinmetals.ch\/wp-content\/uploads\/555.png","contentUrl":"https:\/\/www.kleinmetals.ch\/wp-content\/uploads\/555.png","width":1000,"height":1000},{"@type":"BreadcrumbList","@id":"https:\/\/www.kleinmetals.ch\/fr\/produkt\/1-4441-implant\/#breadcrumb","itemListElement":[{"@type":"ListItem","position":1,"name":"Home","item":"https:\/\/www.kleinmetals.ch\/fr\/"},{"@type":"ListItem","position":2,"name":"Produits","item":"https:\/\/www.kleinmetals.ch\/fr\/produits\/"},{"@type":"ListItem","position":3,"name":"1.4441 IMPLANT"}]},{"@type":"WebSite","@id":"https:\/\/www.kleinmetals.ch\/fr\/#website","url":"https:\/\/www.kleinmetals.ch\/fr\/","name":"L.Klein AG Edelst\u00e4hle und Metalle","description":"Handel mit hochwertigen Edelst\u00e4hlen und metallischen Rohstoffen","publisher":{"@id":"https:\/\/www.kleinmetals.ch\/fr\/#organization"},"potentialAction":[{"@type":"SearchAction","target":{"@type":"EntryPoint","urlTemplate":"https:\/\/www.kleinmetals.ch\/fr\/?s={search_term_string}"},"query-input":{"@type":"PropertyValueSpecification","valueRequired":true,"valueName":"search_term_string"}}],"inLanguage":"fr-FR"},{"@type":"Organization","@id":"https:\/\/www.kleinmetals.ch\/fr\/#organization","name":"L. Klein SA","url":"https:\/\/www.kleinmetals.ch\/fr\/","logo":{"@type":"ImageObject","inLanguage":"fr-FR","@id":"https:\/\/www.kleinmetals.ch\/fr\/#\/schema\/logo\/image\/","url":"https:\/\/www.kleinmetals.ch\/wp-content\/uploads\/L-Klein-SA-Logo.svg","contentUrl":"https:\/\/www.kleinmetals.ch\/wp-content\/uploads\/L-Klein-SA-Logo.svg","width":275,"height":86,"caption":"L. Klein SA"},"image":{"@id":"https:\/\/www.kleinmetals.ch\/fr\/#\/schema\/logo\/image\/"},"sameAs":["https:\/\/www.linkedin.com\/company\/l.-klein-sa\/"]}]}},"_links":{"self":[{"href":"https:\/\/www.kleinmetals.ch\/fr\/wp-json\/wp\/v2\/product\/163453","targetHints":{"allow":["GET"]}}],"collection":[{"href":"https:\/\/www.kleinmetals.ch\/fr\/wp-json\/wp\/v2\/product"}],"about":[{"href":"https:\/\/www.kleinmetals.ch\/fr\/wp-json\/wp\/v2\/types\/product"}],"wp:featuredmedia":[{"embeddable":true,"href":"https:\/\/www.kleinmetals.ch\/fr\/wp-json\/wp\/v2\/media\/61214"}],"wp:attachment":[{"href":"https:\/\/www.kleinmetals.ch\/fr\/wp-json\/wp\/v2\/media?parent=163453"}],"wp:term":[{"taxonomy":"product_brand","embeddable":true,"href":"https:\/\/www.kleinmetals.ch\/fr\/wp-json\/wp\/v2\/product_brand?post=163453"},{"taxonomy":"product_cat","embeddable":true,"href":"https:\/\/www.kleinmetals.ch\/fr\/wp-json\/wp\/v2\/product_cat?post=163453"},{"taxonomy":"product_tag","embeddable":true,"href":"https:\/\/www.kleinmetals.ch\/fr\/wp-json\/wp\/v2\/product_tag?post=163453"}],"curies":[{"name":"wp","href":"https:\/\/api.w.org\/{rel}","templated":true}]}}