{"id":163455,"date":"2024-04-08T20:46:31","date_gmt":"2024-04-08T18:46:31","guid":{"rendered":"https:\/\/www.kleinmetals.ch\/produkt\/aisi-316-l-decolletage\/"},"modified":"2026-04-27T08:15:08","modified_gmt":"2026-04-27T06:15:08","slug":"aisi-316-l-decolletage","status":"publish","type":"product","link":"https:\/\/www.kleinmetals.ch\/fr\/produkt\/aisi-316-l-decolletage\/","title":{"rendered":"AISI 316 L DECOLLETAGE"},"content":{"rendered":"<p><strong>R\u00e9sum\u00e9<\/strong><\/p>\n<table border=\"0\" width=\"100%\" cellspacing=\"0\" cellpadding=\"0\">\n<tbody>\n<tr>\n<td>D\u00e9nomination Klein:<\/td>\n<td>AISI 316 L DECOLLETAGE<\/td>\n<\/tr>\n<tr>\n<td valign=\"top\">Classe d\u2019aciers:<\/td>\n<td>Acier inoxydable aust\u00e9nitique de<br \/>\nd\u00e9colletage avec additions de S et Cu<\/td>\n<\/tr>\n<tr>\n<td>Num\u00e9ro mati\u00e8re:<\/td>\n<td>1.4598, 1.4404+S+Cu<\/td>\n<\/tr>\n<tr>\n<td>Norme:<\/td>\n<td>AISI 316 L (S+Cu)<\/td>\n<\/tr>\n<tr>\n<td>Usinabilit\u00e9:<\/td>\n<td>bonne<\/td>\n<\/tr>\n<tr>\n<td>Capacit\u00e9 de durcissement:<\/td>\n<td>ne peut pas \u00eatre durci<\/td>\n<\/tr>\n<tr>\n<td>Ecrouissage:<\/td>\n<td>peut \u00eatre form\u00e9 et \u00e9croui \u00e0 froid<\/td>\n<\/tr>\n<tr>\n<td valign=\"top\">Aptitude au polissage:<\/td>\n<td>n\u2019est pas adapt\u00e9 au polissage sp\u00e9culaire<\/td>\n<\/tr>\n<tr>\n<td valign=\"top\">R\u00e9sistance \u00e0 la corrosion:<\/td>\n<td>satisfaisante \u00e0 l\u2019\u00e9tat durci, poli et passiv\u00e9<\/td>\n<\/tr>\n<tr>\n<td valign=\"top\">Magn\u00e9tisme:<\/td>\n<td>peut pr\u00e9senter des traces de magn\u00e9tisme<\/td>\n<\/tr>\n<tr>\n<td valign=\"top\">Utilisations:<\/td>\n<td>pi\u00e8ces pour de nombreuses branches de l\u2019industrie<\/td>\n<\/tr>\n<\/tbody>\n<\/table>\n<p>&nbsp;<\/p>\n<p>L&rsquo;AISI 316 L D\u00e9colletage\/ 1.4598 est un acier inoxydable de haute qualit\u00e9 qui, en raison de sa teneur en soufre et en cuivre, se pr\u00eate parfaitement \u00e0 l&rsquo;usinage et au traitement, en comparaison avec d&rsquo;autres qualit\u00e9s comme le 1.4435, le 1.4404 ou le 1.4401, qui font partie de cette famille 316.<\/p>\n<p>Les pi\u00e8ces de d\u00e9colletage sont fabriqu\u00e9es par fraisage, tournage et per\u00e7age \u00e0 partir de nos aciers ronds. Nos aciers ronds pr\u00e9sentent une grande pr\u00e9cision en ce qui concerne la rectitude, la longueur des barres et les tol\u00e9rances \u00e9troites sur le diam\u00e8tre (ISO h6). Pour ces raisons, il est possible de fabriquer des pi\u00e8ces plus d\u00e9licates et tr\u00e8s pr\u00e9cises \u00e0 partir de notre acier 1.4598.<br \/>\nL&rsquo;AISI 316 L d\u00e9collet\u00e9 pr\u00e9sente une bonne r\u00e9sistance aux acides et \u00e0 la corrosion et est donc souvent utilis\u00e9 dans l&rsquo;industrie chimique, les instruments m\u00e9dicaux, l&rsquo;automobile et, en g\u00e9n\u00e9ral, pour les pi\u00e8ces d\u00e9licates de toutes sortes d&rsquo;applications d&rsquo;appareils et d&rsquo;outils techniques.<\/p>\n","protected":false},"excerpt":{"rendered":"<p>R\u00e9sum\u00e9 D\u00e9nomination Klein: AISI 316 L DECOLLETAGE Classe d\u2019aciers: Acier inoxydable aust\u00e9nitique de d\u00e9colletage avec additions de S et  [&#8230;]<\/p>\n","protected":false},"featured_media":61205,"template":"","meta":{"_acf_changed":false,"inline_featured_image":false},"product_brand":[],"product_cat":[846,808,848,864,870],"product_tag":[],"class_list":{"0":"post-163455","1":"product","2":"type-product","3":"status-publish","4":"has-post-thumbnail","6":"product_cat-acier-inoxydable","7":"product_cat-acier-automates","8":"product_cat-austenitique","9":"product_cat-materiaux-horlogerie","10":"product_cat-resistant-a-la-corrosion","11":"pa_ausfuehrung-6-kant","12":"pa_ausfuehrung-6-pans","13":"pa_ausfuehrung-carre","14":"pa_ausfuehrung-etire","15":"pa_ausfuehrung-meule","16":"pa_ausfuehrung-2-barres-2m","17":"pa_ausfuehrung-2-barres-3m","18":"pa_ausfuehrung-2-staebe-2m","19":"pa_ausfuehrung-2-torche","20":"pa_durchmesser-0-500","21":"pa_durchmesser-0-700","22":"pa_durchmesser-0-800","23":"pa_durchmesser-0-900","24":"pa_durchmesser-1-000","25":"pa_durchmesser-1-100","26":"pa_durchmesser-1-200","27":"pa_durchmesser-1-250","28":"pa_durchmesser-1-280","29":"pa_durchmesser-1-300","30":"pa_durchmesser-1-400","31":"pa_durchmesser-1-500","32":"pa_durchmesser-1-600","33":"pa_durchmesser-1-700","34":"pa_durchmesser-1-800","35":"pa_durchmesser-1-850","36":"pa_durchmesser-1-900","37":"pa_durchmesser-10-000","38":"pa_durchmesser-10-100","39":"pa_durchmesser-11-000","40":"pa_durchmesser-11-500","41":"pa_durchmesser-12-000","42":"pa_durchmesser-12-700","43":"pa_durchmesser-13-000","44":"pa_durchmesser-14-000","45":"pa_durchmesser-14-500","46":"pa_durchmesser-17-000","47":"pa_durchmesser-2-000","48":"pa_durchmesser-2-100","49":"pa_durchmesser-2-200","50":"pa_durchmesser-2-300","51":"pa_durchmesser-2-350","52":"pa_durchmesser-2-400","53":"pa_durchmesser-2-500","54":"pa_durchmesser-2-550","55":"pa_durchmesser-2-600","56":"pa_durchmesser-2-700","57":"pa_durchmesser-2-800","58":"pa_durchmesser-3-000","59":"pa_durchmesser-3-100","60":"pa_durchmesser-3-200","61":"pa_durchmesser-3-500","62":"pa_durchmesser-3-600","63":"pa_durchmesser-3-700","64":"pa_durchmesser-3-800","65":"pa_durchmesser-3-965","66":"pa_durchmesser-4-000","67":"pa_durchmesser-4-100","68":"pa_durchmesser-4-200","69":"pa_durchmesser-4-500","70":"pa_durchmesser-4-600","71":"pa_durchmesser-4-700","72":"pa_durchmesser-4-750","73":"pa_durchmesser-4-800","74":"pa_durchmesser-5-000","75":"pa_durchmesser-5-100","76":"pa_durchmesser-5-500","77":"pa_durchmesser-5-600","78":"pa_durchmesser-5-800","79":"pa_durchmesser-6-000","80":"pa_durchmesser-6-100","81":"pa_durchmesser-6-200","82":"pa_durchmesser-6-350","83":"pa_durchmesser-6-500","84":"pa_durchmesser-7-000","85":"pa_durchmesser-7-500","86":"pa_durchmesser-7-800","87":"pa_durchmesser-8-000","88":"pa_durchmesser-8-500","89":"pa_durchmesser-9-000","90":"pa_durchmesser-9-500","91":"pa_durchmesser-9-530","92":"pa_toleranz-fg-6-fr","93":"pa_toleranz-fg-7-fr","94":"pa_toleranz-fg-8-fr","95":"pa_toleranz-h-11-fr-2","96":"pa_toleranz-h-5","97":"pa_toleranz-h-5-fr","98":"pa_toleranz-h-6-fr","99":"pa_toleranz-h-7-fr","100":"pa_toleranz-h-8-fr","101":"pa_toleranz-h-9-fr","102":"pa_toleranz-spec","104":"first","105":"instock","106":"purchasable","107":"product-type-variable"},"acf":[],"yoast_head":"<!-- This site is optimized with the Yoast SEO plugin v27.4 - https:\/\/yoast.com\/product\/yoast-seo-wordpress\/ -->\n<title>AISI 316 L DECOLLETAGE - L.Klein SA - Premium Steel and Metals<\/title>\n<meta name=\"robots\" content=\"index, follow, max-snippet:-1, max-image-preview:large, max-video-preview:-1\" \/>\n<link rel=\"canonical\" href=\"https:\/\/www.kleinmetals.ch\/fr\/produkt\/aisi-316-l-decolletage\/\" \/>\n<meta property=\"og:locale\" content=\"fr_FR\" \/>\n<meta property=\"og:type\" content=\"article\" \/>\n<meta property=\"og:title\" content=\"AISI 316 L DECOLLETAGE - L.Klein SA - Premium Steel and Metals\" \/>\n<meta property=\"og:description\" content=\"R\u00e9sum\u00e9 D\u00e9nomination Klein: AISI 316 L DECOLLETAGE Classe d\u2019aciers: Acier inoxydable aust\u00e9nitique de d\u00e9colletage avec additions de S et [...]\" \/>\n<meta property=\"og:url\" content=\"https:\/\/www.kleinmetals.ch\/fr\/produkt\/aisi-316-l-decolletage\/\" \/>\n<meta property=\"og:site_name\" content=\"L.Klein SA - Premium Steel and Metals\" \/>\n<meta property=\"article:modified_time\" content=\"2026-04-27T06:15:08+00:00\" \/>\n<meta property=\"og:image\" content=\"https:\/\/www.kleinmetals.ch\/wp-content\/uploads\/553.png\" \/>\n\t<meta property=\"og:image:width\" content=\"1000\" \/>\n\t<meta property=\"og:image:height\" content=\"1000\" \/>\n\t<meta property=\"og:image:type\" content=\"image\/png\" \/>\n<meta name=\"twitter:card\" content=\"summary_large_image\" \/>\n<meta name=\"twitter:label1\" content=\"Dur\u00e9e de lecture estim\u00e9e\" \/>\n\t<meta name=\"twitter:data1\" content=\"2 minutes\" \/>\n<script type=\"application\/ld+json\" class=\"yoast-schema-graph\">{\"@context\":\"https:\\\/\\\/schema.org\",\"@graph\":[{\"@type\":\"WebPage\",\"@id\":\"https:\\\/\\\/www.kleinmetals.ch\\\/fr\\\/produkt\\\/aisi-316-l-decolletage\\\/\",\"url\":\"https:\\\/\\\/www.kleinmetals.ch\\\/fr\\\/produkt\\\/aisi-316-l-decolletage\\\/\",\"name\":\"AISI 316 L DECOLLETAGE - L.Klein SA - Premium Steel and Metals\",\"isPartOf\":{\"@id\":\"https:\\\/\\\/www.kleinmetals.ch\\\/fr\\\/#website\"},\"primaryImageOfPage\":{\"@id\":\"https:\\\/\\\/www.kleinmetals.ch\\\/fr\\\/produkt\\\/aisi-316-l-decolletage\\\/#primaryimage\"},\"image\":{\"@id\":\"https:\\\/\\\/www.kleinmetals.ch\\\/fr\\\/produkt\\\/aisi-316-l-decolletage\\\/#primaryimage\"},\"thumbnailUrl\":\"https:\\\/\\\/www.kleinmetals.ch\\\/wp-content\\\/uploads\\\/553.png\",\"datePublished\":\"2024-04-08T18:46:31+00:00\",\"dateModified\":\"2026-04-27T06:15:08+00:00\",\"breadcrumb\":{\"@id\":\"https:\\\/\\\/www.kleinmetals.ch\\\/fr\\\/produkt\\\/aisi-316-l-decolletage\\\/#breadcrumb\"},\"inLanguage\":\"fr-FR\",\"potentialAction\":[{\"@type\":\"ReadAction\",\"target\":[\"https:\\\/\\\/www.kleinmetals.ch\\\/fr\\\/produkt\\\/aisi-316-l-decolletage\\\/\"]}]},{\"@type\":\"ImageObject\",\"inLanguage\":\"fr-FR\",\"@id\":\"https:\\\/\\\/www.kleinmetals.ch\\\/fr\\\/produkt\\\/aisi-316-l-decolletage\\\/#primaryimage\",\"url\":\"https:\\\/\\\/www.kleinmetals.ch\\\/wp-content\\\/uploads\\\/553.png\",\"contentUrl\":\"https:\\\/\\\/www.kleinmetals.ch\\\/wp-content\\\/uploads\\\/553.png\",\"width\":1000,\"height\":1000},{\"@type\":\"BreadcrumbList\",\"@id\":\"https:\\\/\\\/www.kleinmetals.ch\\\/fr\\\/produkt\\\/aisi-316-l-decolletage\\\/#breadcrumb\",\"itemListElement\":[{\"@type\":\"ListItem\",\"position\":1,\"name\":\"Home\",\"item\":\"https:\\\/\\\/www.kleinmetals.ch\\\/fr\\\/\"},{\"@type\":\"ListItem\",\"position\":2,\"name\":\"Produits\",\"item\":\"https:\\\/\\\/www.kleinmetals.ch\\\/fr\\\/produits\\\/\"},{\"@type\":\"ListItem\",\"position\":3,\"name\":\"AISI 316 L DECOLLETAGE\"}]},{\"@type\":\"WebSite\",\"@id\":\"https:\\\/\\\/www.kleinmetals.ch\\\/fr\\\/#website\",\"url\":\"https:\\\/\\\/www.kleinmetals.ch\\\/fr\\\/\",\"name\":\"L.Klein AG Edelst\u00e4hle und Metalle\",\"description\":\"Handel mit hochwertigen Edelst\u00e4hlen und metallischen Rohstoffen\",\"publisher\":{\"@id\":\"https:\\\/\\\/www.kleinmetals.ch\\\/fr\\\/#organization\"},\"potentialAction\":[{\"@type\":\"SearchAction\",\"target\":{\"@type\":\"EntryPoint\",\"urlTemplate\":\"https:\\\/\\\/www.kleinmetals.ch\\\/fr\\\/?s={search_term_string}\"},\"query-input\":{\"@type\":\"PropertyValueSpecification\",\"valueRequired\":true,\"valueName\":\"search_term_string\"}}],\"inLanguage\":\"fr-FR\"},{\"@type\":\"Organization\",\"@id\":\"https:\\\/\\\/www.kleinmetals.ch\\\/fr\\\/#organization\",\"name\":\"L. Klein SA\",\"url\":\"https:\\\/\\\/www.kleinmetals.ch\\\/fr\\\/\",\"logo\":{\"@type\":\"ImageObject\",\"inLanguage\":\"fr-FR\",\"@id\":\"https:\\\/\\\/www.kleinmetals.ch\\\/fr\\\/#\\\/schema\\\/logo\\\/image\\\/\",\"url\":\"https:\\\/\\\/www.kleinmetals.ch\\\/wp-content\\\/uploads\\\/L-Klein-SA-Logo.svg\",\"contentUrl\":\"https:\\\/\\\/www.kleinmetals.ch\\\/wp-content\\\/uploads\\\/L-Klein-SA-Logo.svg\",\"width\":275,\"height\":86,\"caption\":\"L. Klein SA\"},\"image\":{\"@id\":\"https:\\\/\\\/www.kleinmetals.ch\\\/fr\\\/#\\\/schema\\\/logo\\\/image\\\/\"},\"sameAs\":[\"https:\\\/\\\/www.linkedin.com\\\/company\\\/l.-klein-sa\\\/\"]}]}<\/script>\n<!-- \/ Yoast SEO plugin. -->","yoast_head_json":{"title":"AISI 316 L DECOLLETAGE - L.Klein SA - Premium Steel and Metals","robots":{"index":"index","follow":"follow","max-snippet":"max-snippet:-1","max-image-preview":"max-image-preview:large","max-video-preview":"max-video-preview:-1"},"canonical":"https:\/\/www.kleinmetals.ch\/fr\/produkt\/aisi-316-l-decolletage\/","og_locale":"fr_FR","og_type":"article","og_title":"AISI 316 L DECOLLETAGE - L.Klein SA - Premium Steel and Metals","og_description":"R\u00e9sum\u00e9 D\u00e9nomination Klein: AISI 316 L DECOLLETAGE Classe d\u2019aciers: Acier inoxydable aust\u00e9nitique de d\u00e9colletage avec additions de S et [...]","og_url":"https:\/\/www.kleinmetals.ch\/fr\/produkt\/aisi-316-l-decolletage\/","og_site_name":"L.Klein SA - Premium Steel and Metals","article_modified_time":"2026-04-27T06:15:08+00:00","og_image":[{"width":1000,"height":1000,"url":"https:\/\/www.kleinmetals.ch\/wp-content\/uploads\/553.png","type":"image\/png"}],"twitter_card":"summary_large_image","twitter_misc":{"Dur\u00e9e de lecture estim\u00e9e":"2 minutes"},"schema":{"@context":"https:\/\/schema.org","@graph":[{"@type":"WebPage","@id":"https:\/\/www.kleinmetals.ch\/fr\/produkt\/aisi-316-l-decolletage\/","url":"https:\/\/www.kleinmetals.ch\/fr\/produkt\/aisi-316-l-decolletage\/","name":"AISI 316 L DECOLLETAGE - L.Klein SA - Premium Steel and Metals","isPartOf":{"@id":"https:\/\/www.kleinmetals.ch\/fr\/#website"},"primaryImageOfPage":{"@id":"https:\/\/www.kleinmetals.ch\/fr\/produkt\/aisi-316-l-decolletage\/#primaryimage"},"image":{"@id":"https:\/\/www.kleinmetals.ch\/fr\/produkt\/aisi-316-l-decolletage\/#primaryimage"},"thumbnailUrl":"https:\/\/www.kleinmetals.ch\/wp-content\/uploads\/553.png","datePublished":"2024-04-08T18:46:31+00:00","dateModified":"2026-04-27T06:15:08+00:00","breadcrumb":{"@id":"https:\/\/www.kleinmetals.ch\/fr\/produkt\/aisi-316-l-decolletage\/#breadcrumb"},"inLanguage":"fr-FR","potentialAction":[{"@type":"ReadAction","target":["https:\/\/www.kleinmetals.ch\/fr\/produkt\/aisi-316-l-decolletage\/"]}]},{"@type":"ImageObject","inLanguage":"fr-FR","@id":"https:\/\/www.kleinmetals.ch\/fr\/produkt\/aisi-316-l-decolletage\/#primaryimage","url":"https:\/\/www.kleinmetals.ch\/wp-content\/uploads\/553.png","contentUrl":"https:\/\/www.kleinmetals.ch\/wp-content\/uploads\/553.png","width":1000,"height":1000},{"@type":"BreadcrumbList","@id":"https:\/\/www.kleinmetals.ch\/fr\/produkt\/aisi-316-l-decolletage\/#breadcrumb","itemListElement":[{"@type":"ListItem","position":1,"name":"Home","item":"https:\/\/www.kleinmetals.ch\/fr\/"},{"@type":"ListItem","position":2,"name":"Produits","item":"https:\/\/www.kleinmetals.ch\/fr\/produits\/"},{"@type":"ListItem","position":3,"name":"AISI 316 L DECOLLETAGE"}]},{"@type":"WebSite","@id":"https:\/\/www.kleinmetals.ch\/fr\/#website","url":"https:\/\/www.kleinmetals.ch\/fr\/","name":"L.Klein AG Edelst\u00e4hle und Metalle","description":"Handel mit hochwertigen Edelst\u00e4hlen und metallischen Rohstoffen","publisher":{"@id":"https:\/\/www.kleinmetals.ch\/fr\/#organization"},"potentialAction":[{"@type":"SearchAction","target":{"@type":"EntryPoint","urlTemplate":"https:\/\/www.kleinmetals.ch\/fr\/?s={search_term_string}"},"query-input":{"@type":"PropertyValueSpecification","valueRequired":true,"valueName":"search_term_string"}}],"inLanguage":"fr-FR"},{"@type":"Organization","@id":"https:\/\/www.kleinmetals.ch\/fr\/#organization","name":"L. Klein SA","url":"https:\/\/www.kleinmetals.ch\/fr\/","logo":{"@type":"ImageObject","inLanguage":"fr-FR","@id":"https:\/\/www.kleinmetals.ch\/fr\/#\/schema\/logo\/image\/","url":"https:\/\/www.kleinmetals.ch\/wp-content\/uploads\/L-Klein-SA-Logo.svg","contentUrl":"https:\/\/www.kleinmetals.ch\/wp-content\/uploads\/L-Klein-SA-Logo.svg","width":275,"height":86,"caption":"L. Klein SA"},"image":{"@id":"https:\/\/www.kleinmetals.ch\/fr\/#\/schema\/logo\/image\/"},"sameAs":["https:\/\/www.linkedin.com\/company\/l.-klein-sa\/"]}]}},"_links":{"self":[{"href":"https:\/\/www.kleinmetals.ch\/fr\/wp-json\/wp\/v2\/product\/163455","targetHints":{"allow":["GET"]}}],"collection":[{"href":"https:\/\/www.kleinmetals.ch\/fr\/wp-json\/wp\/v2\/product"}],"about":[{"href":"https:\/\/www.kleinmetals.ch\/fr\/wp-json\/wp\/v2\/types\/product"}],"wp:featuredmedia":[{"embeddable":true,"href":"https:\/\/www.kleinmetals.ch\/fr\/wp-json\/wp\/v2\/media\/61205"}],"wp:attachment":[{"href":"https:\/\/www.kleinmetals.ch\/fr\/wp-json\/wp\/v2\/media?parent=163455"}],"wp:term":[{"taxonomy":"product_brand","embeddable":true,"href":"https:\/\/www.kleinmetals.ch\/fr\/wp-json\/wp\/v2\/product_brand?post=163455"},{"taxonomy":"product_cat","embeddable":true,"href":"https:\/\/www.kleinmetals.ch\/fr\/wp-json\/wp\/v2\/product_cat?post=163455"},{"taxonomy":"product_tag","embeddable":true,"href":"https:\/\/www.kleinmetals.ch\/fr\/wp-json\/wp\/v2\/product_tag?post=163455"}],"curies":[{"name":"wp","href":"https:\/\/api.w.org\/{rel}","templated":true}]}}