{"id":163524,"date":"2024-04-08T20:48:03","date_gmt":"2024-04-08T18:48:03","guid":{"rendered":"https:\/\/www.kleinmetals.ch\/produkt\/chronifer-spezial-71\/"},"modified":"2026-04-20T08:33:21","modified_gmt":"2026-04-20T06:33:21","slug":"chronifer-spezial-71","status":"publish","type":"product","link":"https:\/\/www.kleinmetals.ch\/fr\/produkt\/chronifer-spezial-71\/","title":{"rendered":"Chronifer Spezial 71"},"content":{"rendered":"<p><strong>R\u00e9sum\u00e9<\/strong><\/p>\n<table border=\"0\" width=\"100%\" cellspacing=\"0\" cellpadding=\"0\">\n<tbody>\n<tr>\n<td>D\u00e9signation Klein:<\/td>\n<td>Chronifer Spezial 71<\/td>\n<\/tr>\n<tr>\n<td valign=\"top\">Classe de m\u00e9taux:<\/td>\n<td>Acier inoxydable aust\u00e9nitique<br \/>\navec additions de N et Ti<\/td>\n<\/tr>\n<tr>\n<td>Num\u00e9ro mati\u00e8res:<\/td>\n<td>1.4571<\/td>\n<\/tr>\n<tr>\n<td>Norme EN:<\/td>\n<td>X 6 CrNiMoTi 17-12-2<\/td>\n<\/tr>\n<tr>\n<td>Usinabilit\u00e9:<\/td>\n<td>de satisfaisante \u00e0 bonne<\/td>\n<\/tr>\n<tr>\n<td>Capacit\u00e9 de durcissement:<\/td>\n<td>ne peut pas \u00eatre durci<\/td>\n<\/tr>\n<tr>\n<td valign=\"top\">Formage:<\/td>\n<td>peut \u00eatre form\u00e9 \u00e0 froid<\/td>\n<\/tr>\n<tr>\n<td>Ecrouissage:<\/td>\n<td>peut \u00eatre \u00e9croui \u00e0 froid<\/td>\n<\/tr>\n<tr>\n<td valign=\"top\">Aptitude au polissage:<\/td>\n<td>pas adapt\u00e9 au polissage sp\u00e9culaire<\/td>\n<\/tr>\n<tr>\n<td valign=\"top\">R\u00e9sistance \u00e0 la corrosion:<\/td>\n<td>bonne<\/td>\n<\/tr>\n<tr>\n<td valign=\"top\">Magn\u00e9tisme:<\/td>\n<td>peut pr\u00e9senter des traces de<br \/>\nmagn\u00e9tisme<\/td>\n<\/tr>\n<tr>\n<td valign=\"top\">Utilisations:<\/td>\n<td>Pi\u00e8ces pour de nombreuses branches<br \/>\nde l\u2019industrie<\/td>\n<\/tr>\n<\/tbody>\n<\/table>\n<p>&nbsp;<\/p>\n<p>Acier inoxydable aust\u00e9nitique au chrome-nickel-molybd\u00e8ne-titane. Application pour les appareils et pi\u00e8ces dans les industries chimique, pharmaceutique, papeterie, textile, alimentaire et autres. Haute teneur \u00e0 la corrosion, bonne soudabilit\u00e9, usinage d\u00e9licat (usure importante des outils, longs copeaux).<\/p>\n","protected":false},"excerpt":{"rendered":"<p>R\u00e9sum\u00e9 D\u00e9signation Klein: Chronifer Spezial 71 Classe de m\u00e9taux: Acier inoxydable aust\u00e9nitique avec additions de N et Ti Num\u00e9ro  [&#8230;]<\/p>\n","protected":false},"featured_media":61415,"template":"","meta":{"_acf_changed":false,"inline_featured_image":false},"product_brand":[],"product_cat":[846,848,858],"product_tag":[],"class_list":{"0":"post-163524","1":"product","2":"type-product","3":"status-publish","4":"has-post-thumbnail","6":"product_cat-acier-inoxydable","7":"product_cat-austenitique","8":"product_cat-tubes-fr","9":"pa_ausfuehrung-etire","10":"pa_ausfuehrung-geschliffen","11":"pa_ausfuehrung-meule","12":"pa_ausfuehrung-2-barres-2m","13":"pa_ausfuehrung-2-barres-3m","14":"pa_ausfuehrung-2-staebe-3m","15":"pa_ausfuehrung-2-torche","16":"pa_ausfuehrung-2-tube","17":"pa_durchmesser-0-235","18":"pa_durchmesser-0-564","19":"pa_durchmesser-0-670","20":"pa_durchmesser-1-000","21":"pa_durchmesser-1-100","22":"pa_durchmesser-1-200","23":"pa_durchmesser-1-500","24":"pa_durchmesser-1-600","25":"pa_durchmesser-1-800","26":"pa_durchmesser-10-000","27":"pa_durchmesser-11-000","28":"pa_durchmesser-12-000","29":"pa_durchmesser-13-000","30":"pa_durchmesser-14-000","31":"pa_durchmesser-15-000","32":"pa_durchmesser-16-000","33":"pa_durchmesser-2-000","34":"pa_durchmesser-2-100","35":"pa_durchmesser-2-500","36":"pa_durchmesser-3-000","37":"pa_durchmesser-3-500","38":"pa_durchmesser-3-800","39":"pa_durchmesser-4-000","40":"pa_durchmesser-4-500","41":"pa_durchmesser-5-000","42":"pa_durchmesser-5-500","43":"pa_durchmesser-6-000","44":"pa_durchmesser-7-000","45":"pa_durchmesser-8-000","46":"pa_durchmesser-9-000","47":"pa_toleranz-fg-7-fr","48":"pa_toleranz-fg-7","49":"pa_toleranz-h-6-fr","50":"pa_toleranz-h-7-fr","51":"pa_toleranz-h-8-fr","52":"pa_toleranz-spec","54":"first","55":"instock","56":"purchasable","57":"product-type-variable"},"acf":[],"yoast_head":"<!-- This site is optimized with the Yoast SEO plugin v27.4 - https:\/\/yoast.com\/product\/yoast-seo-wordpress\/ -->\n<title>Chronifer Spezial 71 - L.Klein SA - Premium Steel and Metals<\/title>\n<meta name=\"robots\" content=\"index, follow, max-snippet:-1, max-image-preview:large, max-video-preview:-1\" \/>\n<link rel=\"canonical\" href=\"https:\/\/www.kleinmetals.ch\/fr\/produkt\/chronifer-spezial-71\/\" \/>\n<meta property=\"og:locale\" content=\"fr_FR\" \/>\n<meta property=\"og:type\" content=\"article\" \/>\n<meta property=\"og:title\" content=\"Chronifer Spezial 71 - L.Klein SA - Premium Steel and Metals\" \/>\n<meta property=\"og:description\" content=\"R\u00e9sum\u00e9 D\u00e9signation Klein: Chronifer Spezial 71 Classe de m\u00e9taux: Acier inoxydable aust\u00e9nitique avec additions de N et Ti Num\u00e9ro [...]\" \/>\n<meta property=\"og:url\" content=\"https:\/\/www.kleinmetals.ch\/fr\/produkt\/chronifer-spezial-71\/\" \/>\n<meta property=\"og:site_name\" content=\"L.Klein SA - Premium Steel and Metals\" \/>\n<meta property=\"article:modified_time\" content=\"2026-04-20T06:33:21+00:00\" \/>\n<meta property=\"og:image\" content=\"https:\/\/www.kleinmetals.ch\/wp-content\/uploads\/504.png\" \/>\n\t<meta property=\"og:image:width\" content=\"1000\" \/>\n\t<meta property=\"og:image:height\" content=\"1000\" \/>\n\t<meta property=\"og:image:type\" content=\"image\/png\" \/>\n<meta name=\"twitter:card\" content=\"summary_large_image\" \/>\n<meta name=\"twitter:label1\" content=\"Dur\u00e9e de lecture estim\u00e9e\" \/>\n\t<meta name=\"twitter:data1\" content=\"1 minute\" \/>\n<script type=\"application\/ld+json\" class=\"yoast-schema-graph\">{\"@context\":\"https:\\\/\\\/schema.org\",\"@graph\":[{\"@type\":\"WebPage\",\"@id\":\"https:\\\/\\\/www.kleinmetals.ch\\\/fr\\\/produkt\\\/chronifer-spezial-71\\\/\",\"url\":\"https:\\\/\\\/www.kleinmetals.ch\\\/fr\\\/produkt\\\/chronifer-spezial-71\\\/\",\"name\":\"Chronifer Spezial 71 - L.Klein SA - Premium Steel and Metals\",\"isPartOf\":{\"@id\":\"https:\\\/\\\/www.kleinmetals.ch\\\/fr\\\/#website\"},\"primaryImageOfPage\":{\"@id\":\"https:\\\/\\\/www.kleinmetals.ch\\\/fr\\\/produkt\\\/chronifer-spezial-71\\\/#primaryimage\"},\"image\":{\"@id\":\"https:\\\/\\\/www.kleinmetals.ch\\\/fr\\\/produkt\\\/chronifer-spezial-71\\\/#primaryimage\"},\"thumbnailUrl\":\"https:\\\/\\\/www.kleinmetals.ch\\\/wp-content\\\/uploads\\\/504.png\",\"datePublished\":\"2024-04-08T18:48:03+00:00\",\"dateModified\":\"2026-04-20T06:33:21+00:00\",\"breadcrumb\":{\"@id\":\"https:\\\/\\\/www.kleinmetals.ch\\\/fr\\\/produkt\\\/chronifer-spezial-71\\\/#breadcrumb\"},\"inLanguage\":\"fr-FR\",\"potentialAction\":[{\"@type\":\"ReadAction\",\"target\":[\"https:\\\/\\\/www.kleinmetals.ch\\\/fr\\\/produkt\\\/chronifer-spezial-71\\\/\"]}]},{\"@type\":\"ImageObject\",\"inLanguage\":\"fr-FR\",\"@id\":\"https:\\\/\\\/www.kleinmetals.ch\\\/fr\\\/produkt\\\/chronifer-spezial-71\\\/#primaryimage\",\"url\":\"https:\\\/\\\/www.kleinmetals.ch\\\/wp-content\\\/uploads\\\/504.png\",\"contentUrl\":\"https:\\\/\\\/www.kleinmetals.ch\\\/wp-content\\\/uploads\\\/504.png\",\"width\":1000,\"height\":1000},{\"@type\":\"BreadcrumbList\",\"@id\":\"https:\\\/\\\/www.kleinmetals.ch\\\/fr\\\/produkt\\\/chronifer-spezial-71\\\/#breadcrumb\",\"itemListElement\":[{\"@type\":\"ListItem\",\"position\":1,\"name\":\"Home\",\"item\":\"https:\\\/\\\/www.kleinmetals.ch\\\/fr\\\/\"},{\"@type\":\"ListItem\",\"position\":2,\"name\":\"Produits\",\"item\":\"https:\\\/\\\/www.kleinmetals.ch\\\/fr\\\/produits\\\/\"},{\"@type\":\"ListItem\",\"position\":3,\"name\":\"Chronifer Spezial 71\"}]},{\"@type\":\"WebSite\",\"@id\":\"https:\\\/\\\/www.kleinmetals.ch\\\/fr\\\/#website\",\"url\":\"https:\\\/\\\/www.kleinmetals.ch\\\/fr\\\/\",\"name\":\"L.Klein AG Edelst\u00e4hle und Metalle\",\"description\":\"Handel mit hochwertigen Edelst\u00e4hlen und metallischen Rohstoffen\",\"publisher\":{\"@id\":\"https:\\\/\\\/www.kleinmetals.ch\\\/fr\\\/#organization\"},\"potentialAction\":[{\"@type\":\"SearchAction\",\"target\":{\"@type\":\"EntryPoint\",\"urlTemplate\":\"https:\\\/\\\/www.kleinmetals.ch\\\/fr\\\/?s={search_term_string}\"},\"query-input\":{\"@type\":\"PropertyValueSpecification\",\"valueRequired\":true,\"valueName\":\"search_term_string\"}}],\"inLanguage\":\"fr-FR\"},{\"@type\":\"Organization\",\"@id\":\"https:\\\/\\\/www.kleinmetals.ch\\\/fr\\\/#organization\",\"name\":\"L. Klein SA\",\"url\":\"https:\\\/\\\/www.kleinmetals.ch\\\/fr\\\/\",\"logo\":{\"@type\":\"ImageObject\",\"inLanguage\":\"fr-FR\",\"@id\":\"https:\\\/\\\/www.kleinmetals.ch\\\/fr\\\/#\\\/schema\\\/logo\\\/image\\\/\",\"url\":\"https:\\\/\\\/www.kleinmetals.ch\\\/wp-content\\\/uploads\\\/L-Klein-SA-Logo.svg\",\"contentUrl\":\"https:\\\/\\\/www.kleinmetals.ch\\\/wp-content\\\/uploads\\\/L-Klein-SA-Logo.svg\",\"width\":275,\"height\":86,\"caption\":\"L. Klein SA\"},\"image\":{\"@id\":\"https:\\\/\\\/www.kleinmetals.ch\\\/fr\\\/#\\\/schema\\\/logo\\\/image\\\/\"},\"sameAs\":[\"https:\\\/\\\/www.linkedin.com\\\/company\\\/l.-klein-sa\\\/\"]}]}<\/script>\n<!-- \/ Yoast SEO plugin. -->","yoast_head_json":{"title":"Chronifer Spezial 71 - L.Klein SA - Premium Steel and Metals","robots":{"index":"index","follow":"follow","max-snippet":"max-snippet:-1","max-image-preview":"max-image-preview:large","max-video-preview":"max-video-preview:-1"},"canonical":"https:\/\/www.kleinmetals.ch\/fr\/produkt\/chronifer-spezial-71\/","og_locale":"fr_FR","og_type":"article","og_title":"Chronifer Spezial 71 - L.Klein SA - Premium Steel and Metals","og_description":"R\u00e9sum\u00e9 D\u00e9signation Klein: Chronifer Spezial 71 Classe de m\u00e9taux: Acier inoxydable aust\u00e9nitique avec additions de N et Ti Num\u00e9ro [...]","og_url":"https:\/\/www.kleinmetals.ch\/fr\/produkt\/chronifer-spezial-71\/","og_site_name":"L.Klein SA - Premium Steel and Metals","article_modified_time":"2026-04-20T06:33:21+00:00","og_image":[{"width":1000,"height":1000,"url":"https:\/\/www.kleinmetals.ch\/wp-content\/uploads\/504.png","type":"image\/png"}],"twitter_card":"summary_large_image","twitter_misc":{"Dur\u00e9e de lecture estim\u00e9e":"1 minute"},"schema":{"@context":"https:\/\/schema.org","@graph":[{"@type":"WebPage","@id":"https:\/\/www.kleinmetals.ch\/fr\/produkt\/chronifer-spezial-71\/","url":"https:\/\/www.kleinmetals.ch\/fr\/produkt\/chronifer-spezial-71\/","name":"Chronifer Spezial 71 - L.Klein SA - Premium Steel and Metals","isPartOf":{"@id":"https:\/\/www.kleinmetals.ch\/fr\/#website"},"primaryImageOfPage":{"@id":"https:\/\/www.kleinmetals.ch\/fr\/produkt\/chronifer-spezial-71\/#primaryimage"},"image":{"@id":"https:\/\/www.kleinmetals.ch\/fr\/produkt\/chronifer-spezial-71\/#primaryimage"},"thumbnailUrl":"https:\/\/www.kleinmetals.ch\/wp-content\/uploads\/504.png","datePublished":"2024-04-08T18:48:03+00:00","dateModified":"2026-04-20T06:33:21+00:00","breadcrumb":{"@id":"https:\/\/www.kleinmetals.ch\/fr\/produkt\/chronifer-spezial-71\/#breadcrumb"},"inLanguage":"fr-FR","potentialAction":[{"@type":"ReadAction","target":["https:\/\/www.kleinmetals.ch\/fr\/produkt\/chronifer-spezial-71\/"]}]},{"@type":"ImageObject","inLanguage":"fr-FR","@id":"https:\/\/www.kleinmetals.ch\/fr\/produkt\/chronifer-spezial-71\/#primaryimage","url":"https:\/\/www.kleinmetals.ch\/wp-content\/uploads\/504.png","contentUrl":"https:\/\/www.kleinmetals.ch\/wp-content\/uploads\/504.png","width":1000,"height":1000},{"@type":"BreadcrumbList","@id":"https:\/\/www.kleinmetals.ch\/fr\/produkt\/chronifer-spezial-71\/#breadcrumb","itemListElement":[{"@type":"ListItem","position":1,"name":"Home","item":"https:\/\/www.kleinmetals.ch\/fr\/"},{"@type":"ListItem","position":2,"name":"Produits","item":"https:\/\/www.kleinmetals.ch\/fr\/produits\/"},{"@type":"ListItem","position":3,"name":"Chronifer Spezial 71"}]},{"@type":"WebSite","@id":"https:\/\/www.kleinmetals.ch\/fr\/#website","url":"https:\/\/www.kleinmetals.ch\/fr\/","name":"L.Klein AG Edelst\u00e4hle und Metalle","description":"Handel mit hochwertigen Edelst\u00e4hlen und metallischen Rohstoffen","publisher":{"@id":"https:\/\/www.kleinmetals.ch\/fr\/#organization"},"potentialAction":[{"@type":"SearchAction","target":{"@type":"EntryPoint","urlTemplate":"https:\/\/www.kleinmetals.ch\/fr\/?s={search_term_string}"},"query-input":{"@type":"PropertyValueSpecification","valueRequired":true,"valueName":"search_term_string"}}],"inLanguage":"fr-FR"},{"@type":"Organization","@id":"https:\/\/www.kleinmetals.ch\/fr\/#organization","name":"L. Klein SA","url":"https:\/\/www.kleinmetals.ch\/fr\/","logo":{"@type":"ImageObject","inLanguage":"fr-FR","@id":"https:\/\/www.kleinmetals.ch\/fr\/#\/schema\/logo\/image\/","url":"https:\/\/www.kleinmetals.ch\/wp-content\/uploads\/L-Klein-SA-Logo.svg","contentUrl":"https:\/\/www.kleinmetals.ch\/wp-content\/uploads\/L-Klein-SA-Logo.svg","width":275,"height":86,"caption":"L. Klein SA"},"image":{"@id":"https:\/\/www.kleinmetals.ch\/fr\/#\/schema\/logo\/image\/"},"sameAs":["https:\/\/www.linkedin.com\/company\/l.-klein-sa\/"]}]}},"_links":{"self":[{"href":"https:\/\/www.kleinmetals.ch\/fr\/wp-json\/wp\/v2\/product\/163524","targetHints":{"allow":["GET"]}}],"collection":[{"href":"https:\/\/www.kleinmetals.ch\/fr\/wp-json\/wp\/v2\/product"}],"about":[{"href":"https:\/\/www.kleinmetals.ch\/fr\/wp-json\/wp\/v2\/types\/product"}],"wp:featuredmedia":[{"embeddable":true,"href":"https:\/\/www.kleinmetals.ch\/fr\/wp-json\/wp\/v2\/media\/61415"}],"wp:attachment":[{"href":"https:\/\/www.kleinmetals.ch\/fr\/wp-json\/wp\/v2\/media?parent=163524"}],"wp:term":[{"taxonomy":"product_brand","embeddable":true,"href":"https:\/\/www.kleinmetals.ch\/fr\/wp-json\/wp\/v2\/product_brand?post=163524"},{"taxonomy":"product_cat","embeddable":true,"href":"https:\/\/www.kleinmetals.ch\/fr\/wp-json\/wp\/v2\/product_cat?post=163524"},{"taxonomy":"product_tag","embeddable":true,"href":"https:\/\/www.kleinmetals.ch\/fr\/wp-json\/wp\/v2\/product_tag?post=163524"}],"curies":[{"name":"wp","href":"https:\/\/api.w.org\/{rel}","templated":true}]}}