{"id":163623,"date":"2024-04-08T20:48:32","date_gmt":"2024-04-08T18:48:32","guid":{"rendered":"https:\/\/www.kleinmetals.ch\/produkt\/swp-super\/"},"modified":"2026-04-22T08:44:15","modified_gmt":"2026-04-22T06:44:15","slug":"swp-super","status":"publish","type":"product","link":"https:\/\/www.kleinmetals.ch\/fr\/produkt\/swp-super\/","title":{"rendered":"SWP-SUPER"},"content":{"rendered":"<p><strong>R\u00e9sum\u00e9<\/strong><\/p>\n<table border=\"0\" width=\"100%\" cellspacing=\"0\" cellpadding=\"0\">\n<tbody>\n<tr>\n<td>D\u00e9nomination Klein:<\/td>\n<td>SWP-Super<\/td>\n<\/tr>\n<tr>\n<td valign=\"top\">Classe d\u2019aciers:<\/td>\n<td>Aciers de d\u00e9colletage<br \/>\navec additions de P, S et Pb<\/td>\n<\/tr>\n<tr>\n<td>Num\u00e9ro mati\u00e8re:<\/td>\n<td>1.0737<\/td>\n<\/tr>\n<tr>\n<td>Norme:<\/td>\n<td>EN 11 SMnPb 37<\/td>\n<\/tr>\n<tr>\n<td>RoHS 2 &#8211; 2011\/65\/EU:<\/td>\n<td>compatible<\/td>\n<\/tr>\n<tr>\n<td>Usinabilit\u00e9:<\/td>\n<td>tr\u00e8s bonne<\/td>\n<\/tr>\n<tr>\n<td>Capacit\u00e9 de durcissement:<\/td>\n<td>ne peut pas \u00eatre durci<\/td>\n<\/tr>\n<tr>\n<td valign=\"top\">Aptitude au polissage:<\/td>\n<td>n\u2019est pas adapt\u00e9 au polissage sp\u00e9culaire<\/td>\n<\/tr>\n<tr>\n<td>Soudabilit\u00e9:<\/td>\n<td>pas adapt\u00e9<\/td>\n<\/tr>\n<tr>\n<td valign=\"top\">Utilisations:<\/td>\n<td>pi\u00e8ces pour de nombreuses branches de l\u2019industrie<\/td>\n<\/tr>\n<\/tbody>\n<\/table>\n<p>&nbsp;<\/p>\n","protected":false},"excerpt":{"rendered":"<p>R\u00e9sum\u00e9 D\u00e9nomination Klein: SWP-Super Classe d\u2019aciers: Aciers de d\u00e9colletage avec additions de P, S et Pb Num\u00e9ro mati\u00e8re: 1.0737  [&#8230;]<\/p>\n","protected":false},"featured_media":61299,"template":"","meta":{"_acf_changed":false,"inline_featured_image":false},"product_brand":[],"product_cat":[810,808],"product_tag":[],"class_list":{"0":"post-163623","1":"product","2":"type-product","3":"status-publish","4":"has-post-thumbnail","6":"product_cat-acier-doux-automates","7":"product_cat-acier-automates","8":"pa_ausfuehrung-6-kant","9":"pa_ausfuehrung-6-pans","10":"pa_ausfuehrung-carre","11":"pa_ausfuehrung-etire","12":"pa_ausfuehrung-meule","13":"pa_ausfuehrung-2-barres-3m","14":"pa_ausfuehrung-2-ring","15":"pa_ausfuehrung-2-torche","16":"pa_durchmesser-0-980","17":"pa_durchmesser-1-000","18":"pa_durchmesser-1-100","19":"pa_durchmesser-1-200","20":"pa_durchmesser-1-500","21":"pa_durchmesser-1-600","22":"pa_durchmesser-1-700","23":"pa_durchmesser-1-800","24":"pa_durchmesser-10-000","25":"pa_durchmesser-10-500","26":"pa_durchmesser-11-000","27":"pa_durchmesser-12-000","28":"pa_durchmesser-12-100","29":"pa_durchmesser-13-500","30":"pa_durchmesser-15-000","31":"pa_durchmesser-15-500","32":"pa_durchmesser-2-000","33":"pa_durchmesser-2-100","34":"pa_durchmesser-2-150","35":"pa_durchmesser-2-200","36":"pa_durchmesser-2-300","37":"pa_durchmesser-2-350","38":"pa_durchmesser-2-500","39":"pa_durchmesser-2-600","40":"pa_durchmesser-2-700","41":"pa_durchmesser-2-800","42":"pa_durchmesser-2-900","43":"pa_durchmesser-27-000","44":"pa_durchmesser-3-000","45":"pa_durchmesser-3-100","46":"pa_durchmesser-3-175","47":"pa_durchmesser-3-200","48":"pa_durchmesser-3-400","49":"pa_durchmesser-3-500","50":"pa_durchmesser-3-600","51":"pa_durchmesser-3-800","52":"pa_durchmesser-3-900","53":"pa_durchmesser-38-000","54":"pa_durchmesser-4-000","55":"pa_durchmesser-4-100","56":"pa_durchmesser-4-300","57":"pa_durchmesser-4-500","58":"pa_durchmesser-5-000","59":"pa_durchmesser-5-100","60":"pa_durchmesser-5-500","61":"pa_durchmesser-6-000","62":"pa_durchmesser-6-300","63":"pa_durchmesser-6-350","64":"pa_durchmesser-6-500","65":"pa_durchmesser-6-780","66":"pa_durchmesser-7-000","67":"pa_durchmesser-7-200","68":"pa_durchmesser-7-300","69":"pa_durchmesser-7-500","70":"pa_durchmesser-8-000","71":"pa_durchmesser-8-100","72":"pa_durchmesser-8-200","73":"pa_durchmesser-8-500","74":"pa_durchmesser-9-000","75":"pa_durchmesser-9-200","76":"pa_durchmesser-9-500","77":"pa_toleranz-fg-8-fr","78":"pa_toleranz-h-11-fr-2","79":"pa_toleranz-h-6-fr","80":"pa_toleranz-h-7-fr","81":"pa_toleranz-h-8-fr","82":"pa_toleranz-h-9-fr","83":"pa_toleranz-spec","84":"pa_toleranz-spez","86":"first","87":"instock","88":"purchasable","89":"product-type-variable"},"acf":[],"yoast_head":"<!-- This site is optimized with the Yoast SEO plugin v27.4 - https:\/\/yoast.com\/product\/yoast-seo-wordpress\/ -->\n<title>SWP-SUPER - L.Klein SA - Premium Steel and Metals<\/title>\n<meta name=\"robots\" content=\"index, follow, max-snippet:-1, max-image-preview:large, max-video-preview:-1\" \/>\n<link rel=\"canonical\" href=\"https:\/\/www.kleinmetals.ch\/fr\/produkt\/swp-super\/\" \/>\n<meta property=\"og:locale\" content=\"fr_FR\" \/>\n<meta property=\"og:type\" content=\"article\" \/>\n<meta property=\"og:title\" content=\"SWP-SUPER - L.Klein SA - Premium Steel and Metals\" \/>\n<meta property=\"og:description\" content=\"R\u00e9sum\u00e9 D\u00e9nomination Klein: SWP-Super Classe d\u2019aciers: Aciers de d\u00e9colletage avec additions de P, S et Pb Num\u00e9ro mati\u00e8re: 1.0737 [...]\" \/>\n<meta property=\"og:url\" content=\"https:\/\/www.kleinmetals.ch\/fr\/produkt\/swp-super\/\" \/>\n<meta property=\"og:site_name\" content=\"L.Klein SA - Premium Steel and Metals\" \/>\n<meta property=\"article:modified_time\" content=\"2026-04-22T06:44:15+00:00\" \/>\n<meta property=\"og:image\" content=\"https:\/\/www.kleinmetals.ch\/wp-content\/uploads\/003.png\" \/>\n\t<meta property=\"og:image:width\" content=\"1000\" \/>\n\t<meta property=\"og:image:height\" content=\"1000\" \/>\n\t<meta property=\"og:image:type\" content=\"image\/png\" \/>\n<meta name=\"twitter:card\" content=\"summary_large_image\" \/>\n<meta name=\"twitter:label1\" content=\"Dur\u00e9e de lecture estim\u00e9e\" \/>\n\t<meta name=\"twitter:data1\" content=\"1 minute\" \/>\n<script type=\"application\/ld+json\" class=\"yoast-schema-graph\">{\"@context\":\"https:\\\/\\\/schema.org\",\"@graph\":[{\"@type\":\"WebPage\",\"@id\":\"https:\\\/\\\/www.kleinmetals.ch\\\/fr\\\/produkt\\\/swp-super\\\/\",\"url\":\"https:\\\/\\\/www.kleinmetals.ch\\\/fr\\\/produkt\\\/swp-super\\\/\",\"name\":\"SWP-SUPER - L.Klein SA - Premium Steel and Metals\",\"isPartOf\":{\"@id\":\"https:\\\/\\\/www.kleinmetals.ch\\\/fr\\\/#website\"},\"primaryImageOfPage\":{\"@id\":\"https:\\\/\\\/www.kleinmetals.ch\\\/fr\\\/produkt\\\/swp-super\\\/#primaryimage\"},\"image\":{\"@id\":\"https:\\\/\\\/www.kleinmetals.ch\\\/fr\\\/produkt\\\/swp-super\\\/#primaryimage\"},\"thumbnailUrl\":\"https:\\\/\\\/www.kleinmetals.ch\\\/wp-content\\\/uploads\\\/003.png\",\"datePublished\":\"2024-04-08T18:48:32+00:00\",\"dateModified\":\"2026-04-22T06:44:15+00:00\",\"breadcrumb\":{\"@id\":\"https:\\\/\\\/www.kleinmetals.ch\\\/fr\\\/produkt\\\/swp-super\\\/#breadcrumb\"},\"inLanguage\":\"fr-FR\",\"potentialAction\":[{\"@type\":\"ReadAction\",\"target\":[\"https:\\\/\\\/www.kleinmetals.ch\\\/fr\\\/produkt\\\/swp-super\\\/\"]}]},{\"@type\":\"ImageObject\",\"inLanguage\":\"fr-FR\",\"@id\":\"https:\\\/\\\/www.kleinmetals.ch\\\/fr\\\/produkt\\\/swp-super\\\/#primaryimage\",\"url\":\"https:\\\/\\\/www.kleinmetals.ch\\\/wp-content\\\/uploads\\\/003.png\",\"contentUrl\":\"https:\\\/\\\/www.kleinmetals.ch\\\/wp-content\\\/uploads\\\/003.png\",\"width\":1000,\"height\":1000},{\"@type\":\"BreadcrumbList\",\"@id\":\"https:\\\/\\\/www.kleinmetals.ch\\\/fr\\\/produkt\\\/swp-super\\\/#breadcrumb\",\"itemListElement\":[{\"@type\":\"ListItem\",\"position\":1,\"name\":\"Home\",\"item\":\"https:\\\/\\\/www.kleinmetals.ch\\\/fr\\\/\"},{\"@type\":\"ListItem\",\"position\":2,\"name\":\"Produits\",\"item\":\"https:\\\/\\\/www.kleinmetals.ch\\\/fr\\\/produits\\\/\"},{\"@type\":\"ListItem\",\"position\":3,\"name\":\"SWP-SUPER\"}]},{\"@type\":\"WebSite\",\"@id\":\"https:\\\/\\\/www.kleinmetals.ch\\\/fr\\\/#website\",\"url\":\"https:\\\/\\\/www.kleinmetals.ch\\\/fr\\\/\",\"name\":\"L.Klein AG Edelst\u00e4hle und Metalle\",\"description\":\"Handel mit hochwertigen Edelst\u00e4hlen und metallischen Rohstoffen\",\"publisher\":{\"@id\":\"https:\\\/\\\/www.kleinmetals.ch\\\/fr\\\/#organization\"},\"potentialAction\":[{\"@type\":\"SearchAction\",\"target\":{\"@type\":\"EntryPoint\",\"urlTemplate\":\"https:\\\/\\\/www.kleinmetals.ch\\\/fr\\\/?s={search_term_string}\"},\"query-input\":{\"@type\":\"PropertyValueSpecification\",\"valueRequired\":true,\"valueName\":\"search_term_string\"}}],\"inLanguage\":\"fr-FR\"},{\"@type\":\"Organization\",\"@id\":\"https:\\\/\\\/www.kleinmetals.ch\\\/fr\\\/#organization\",\"name\":\"L. Klein SA\",\"url\":\"https:\\\/\\\/www.kleinmetals.ch\\\/fr\\\/\",\"logo\":{\"@type\":\"ImageObject\",\"inLanguage\":\"fr-FR\",\"@id\":\"https:\\\/\\\/www.kleinmetals.ch\\\/fr\\\/#\\\/schema\\\/logo\\\/image\\\/\",\"url\":\"https:\\\/\\\/www.kleinmetals.ch\\\/wp-content\\\/uploads\\\/L-Klein-SA-Logo.svg\",\"contentUrl\":\"https:\\\/\\\/www.kleinmetals.ch\\\/wp-content\\\/uploads\\\/L-Klein-SA-Logo.svg\",\"width\":275,\"height\":86,\"caption\":\"L. Klein SA\"},\"image\":{\"@id\":\"https:\\\/\\\/www.kleinmetals.ch\\\/fr\\\/#\\\/schema\\\/logo\\\/image\\\/\"},\"sameAs\":[\"https:\\\/\\\/www.linkedin.com\\\/company\\\/l.-klein-sa\\\/\"]}]}<\/script>\n<!-- \/ Yoast SEO plugin. -->","yoast_head_json":{"title":"SWP-SUPER - L.Klein SA - Premium Steel and Metals","robots":{"index":"index","follow":"follow","max-snippet":"max-snippet:-1","max-image-preview":"max-image-preview:large","max-video-preview":"max-video-preview:-1"},"canonical":"https:\/\/www.kleinmetals.ch\/fr\/produkt\/swp-super\/","og_locale":"fr_FR","og_type":"article","og_title":"SWP-SUPER - L.Klein SA - Premium Steel and Metals","og_description":"R\u00e9sum\u00e9 D\u00e9nomination Klein: SWP-Super Classe d\u2019aciers: Aciers de d\u00e9colletage avec additions de P, S et Pb Num\u00e9ro mati\u00e8re: 1.0737 [...]","og_url":"https:\/\/www.kleinmetals.ch\/fr\/produkt\/swp-super\/","og_site_name":"L.Klein SA - Premium Steel and Metals","article_modified_time":"2026-04-22T06:44:15+00:00","og_image":[{"width":1000,"height":1000,"url":"https:\/\/www.kleinmetals.ch\/wp-content\/uploads\/003.png","type":"image\/png"}],"twitter_card":"summary_large_image","twitter_misc":{"Dur\u00e9e de lecture estim\u00e9e":"1 minute"},"schema":{"@context":"https:\/\/schema.org","@graph":[{"@type":"WebPage","@id":"https:\/\/www.kleinmetals.ch\/fr\/produkt\/swp-super\/","url":"https:\/\/www.kleinmetals.ch\/fr\/produkt\/swp-super\/","name":"SWP-SUPER - L.Klein SA - Premium Steel and Metals","isPartOf":{"@id":"https:\/\/www.kleinmetals.ch\/fr\/#website"},"primaryImageOfPage":{"@id":"https:\/\/www.kleinmetals.ch\/fr\/produkt\/swp-super\/#primaryimage"},"image":{"@id":"https:\/\/www.kleinmetals.ch\/fr\/produkt\/swp-super\/#primaryimage"},"thumbnailUrl":"https:\/\/www.kleinmetals.ch\/wp-content\/uploads\/003.png","datePublished":"2024-04-08T18:48:32+00:00","dateModified":"2026-04-22T06:44:15+00:00","breadcrumb":{"@id":"https:\/\/www.kleinmetals.ch\/fr\/produkt\/swp-super\/#breadcrumb"},"inLanguage":"fr-FR","potentialAction":[{"@type":"ReadAction","target":["https:\/\/www.kleinmetals.ch\/fr\/produkt\/swp-super\/"]}]},{"@type":"ImageObject","inLanguage":"fr-FR","@id":"https:\/\/www.kleinmetals.ch\/fr\/produkt\/swp-super\/#primaryimage","url":"https:\/\/www.kleinmetals.ch\/wp-content\/uploads\/003.png","contentUrl":"https:\/\/www.kleinmetals.ch\/wp-content\/uploads\/003.png","width":1000,"height":1000},{"@type":"BreadcrumbList","@id":"https:\/\/www.kleinmetals.ch\/fr\/produkt\/swp-super\/#breadcrumb","itemListElement":[{"@type":"ListItem","position":1,"name":"Home","item":"https:\/\/www.kleinmetals.ch\/fr\/"},{"@type":"ListItem","position":2,"name":"Produits","item":"https:\/\/www.kleinmetals.ch\/fr\/produits\/"},{"@type":"ListItem","position":3,"name":"SWP-SUPER"}]},{"@type":"WebSite","@id":"https:\/\/www.kleinmetals.ch\/fr\/#website","url":"https:\/\/www.kleinmetals.ch\/fr\/","name":"L.Klein AG Edelst\u00e4hle und Metalle","description":"Handel mit hochwertigen Edelst\u00e4hlen und metallischen Rohstoffen","publisher":{"@id":"https:\/\/www.kleinmetals.ch\/fr\/#organization"},"potentialAction":[{"@type":"SearchAction","target":{"@type":"EntryPoint","urlTemplate":"https:\/\/www.kleinmetals.ch\/fr\/?s={search_term_string}"},"query-input":{"@type":"PropertyValueSpecification","valueRequired":true,"valueName":"search_term_string"}}],"inLanguage":"fr-FR"},{"@type":"Organization","@id":"https:\/\/www.kleinmetals.ch\/fr\/#organization","name":"L. Klein SA","url":"https:\/\/www.kleinmetals.ch\/fr\/","logo":{"@type":"ImageObject","inLanguage":"fr-FR","@id":"https:\/\/www.kleinmetals.ch\/fr\/#\/schema\/logo\/image\/","url":"https:\/\/www.kleinmetals.ch\/wp-content\/uploads\/L-Klein-SA-Logo.svg","contentUrl":"https:\/\/www.kleinmetals.ch\/wp-content\/uploads\/L-Klein-SA-Logo.svg","width":275,"height":86,"caption":"L. Klein SA"},"image":{"@id":"https:\/\/www.kleinmetals.ch\/fr\/#\/schema\/logo\/image\/"},"sameAs":["https:\/\/www.linkedin.com\/company\/l.-klein-sa\/"]}]}},"_links":{"self":[{"href":"https:\/\/www.kleinmetals.ch\/fr\/wp-json\/wp\/v2\/product\/163623","targetHints":{"allow":["GET"]}}],"collection":[{"href":"https:\/\/www.kleinmetals.ch\/fr\/wp-json\/wp\/v2\/product"}],"about":[{"href":"https:\/\/www.kleinmetals.ch\/fr\/wp-json\/wp\/v2\/types\/product"}],"wp:featuredmedia":[{"embeddable":true,"href":"https:\/\/www.kleinmetals.ch\/fr\/wp-json\/wp\/v2\/media\/61299"}],"wp:attachment":[{"href":"https:\/\/www.kleinmetals.ch\/fr\/wp-json\/wp\/v2\/media?parent=163623"}],"wp:term":[{"taxonomy":"product_brand","embeddable":true,"href":"https:\/\/www.kleinmetals.ch\/fr\/wp-json\/wp\/v2\/product_brand?post=163623"},{"taxonomy":"product_cat","embeddable":true,"href":"https:\/\/www.kleinmetals.ch\/fr\/wp-json\/wp\/v2\/product_cat?post=163623"},{"taxonomy":"product_tag","embeddable":true,"href":"https:\/\/www.kleinmetals.ch\/fr\/wp-json\/wp\/v2\/product_tag?post=163623"}],"curies":[{"name":"wp","href":"https:\/\/api.w.org\/{rel}","templated":true}]}}