{"id":163758,"date":"2024-04-08T20:50:36","date_gmt":"2024-04-08T18:50:36","guid":{"rendered":"https:\/\/www.kleinmetals.ch\/produkt\/chronifer-17-4ph-a\/"},"modified":"2026-04-22T08:44:04","modified_gmt":"2026-04-22T06:44:04","slug":"chronifer-17-4ph-a","status":"publish","type":"product","link":"https:\/\/www.kleinmetals.ch\/fr\/produkt\/chronifer-17-4ph-a\/","title":{"rendered":"CHRONIFER 17-4PH A"},"content":{"rendered":"<p><strong>R\u00e9sum\u00e9<\/strong><\/p>\n<table border=\"0\" width=\"100%\" cellspacing=\"0\" cellpadding=\"0\">\n<tbody>\n<tr>\n<td>D\u00e9signation Klein:<\/td>\n<td>CHRONIFER 17-4PH A<\/td>\n<\/tr>\n<tr>\n<td valign=\"top\">Classe de m\u00e9taux<\/td>\n<td>acier \u00e0 durcissement structural<\/td>\n<\/tr>\n<tr>\n<td>Num\u00e9ro mati\u00e8re:<\/td>\n<td>1.4542<\/td>\n<\/tr>\n<tr>\n<td>Norme EN:<\/td>\n<td>X 5 CrNiCuNb 16-4<\/td>\n<\/tr>\n<tr>\n<td>Refusion:<\/td>\n<td>ESR<\/td>\n<\/tr>\n<tr>\n<td>Usinabilit\u00e9:<\/td>\n<td>de passable \u00e0 satisfaisante<\/td>\n<\/tr>\n<tr>\n<td>Capacit\u00e9 de durcissement:<\/td>\n<td>jusqu\u2019\u00e0 44 HRc<\/td>\n<\/tr>\n<tr>\n<td>Aptitude au polissage:<\/td>\n<td>adapt\u00e9 au polissage sp\u00e9culaire<\/td>\n<\/tr>\n<tr>\n<td valign=\"top\">R\u00e9sistance \u00e0 la corrosion:<\/td>\n<td>de passable \u00e0 satisfaisante \u00e0 l\u2019\u00e9tat<br \/>\ndurci, poli et passiv\u00e9<\/td>\n<\/tr>\n<tr>\n<td>Magn\u00e9tisme:<\/td>\n<td>magn\u00e9tique<\/td>\n<\/tr>\n<tr>\n<td valign=\"top\">Utilisations:<\/td>\n<td>instruments m\u00e9dicaux, chirurgicaux et<br \/>\ndentaires<\/td>\n<\/tr>\n<\/tbody>\n<\/table>\n<p>&nbsp;<\/p>\n","protected":false},"excerpt":{"rendered":"<p>R\u00e9sum\u00e9 D\u00e9signation Klein: CHRONIFER 17-4PH A Classe de m\u00e9taux acier \u00e0 durcissement structural Num\u00e9ro mati\u00e8re: 1.4542 Norme EN: X  [&#8230;]<\/p>\n","protected":false},"featured_media":61185,"template":"","meta":{"_acf_changed":false,"inline_featured_image":false},"product_brand":[],"product_cat":[846,838,840,854,842],"product_tag":[],"class_list":{"0":"post-163758","1":"product","2":"type-product","3":"status-publish","4":"has-post-thumbnail","6":"product_cat-acier-inoxydable","7":"product_cat-acier-medical","8":"product_cat-instruments-fr","9":"product_cat-martensitique-durcissement-structural","10":"product_cat-outils-a-couper","11":"pa_ausfuehrung-ellonte","12":"pa_ausfuehrung-etire","13":"pa_ausfuehrung-geschaelt","14":"pa_ausfuehrung-meule","15":"pa_ausfuehrung-2-barres-2m","16":"pa_ausfuehrung-2-barres-3m","17":"pa_ausfuehrung-2-staebe-2m","18":"pa_ausfuehrung-2-torche","19":"pa_durchmesser-2-490","20":"pa_durchmesser-2-540","21":"pa_durchmesser-3-250","22":"pa_durchmesser-0-800","23":"pa_durchmesser-1-000","24":"pa_durchmesser-1-100","25":"pa_durchmesser-1-200","26":"pa_durchmesser-1-250","27":"pa_durchmesser-1-400","28":"pa_durchmesser-1-500","29":"pa_durchmesser-1-600","30":"pa_durchmesser-1-650","31":"pa_durchmesser-1-800","32":"pa_durchmesser-10-000","33":"pa_durchmesser-10-200","34":"pa_durchmesser-11-000","35":"pa_durchmesser-11-500","36":"pa_durchmesser-12-000","37":"pa_durchmesser-12-500","38":"pa_durchmesser-12-700","39":"pa_durchmesser-13-000","40":"pa_durchmesser-13-500","41":"pa_durchmesser-14-000","42":"pa_durchmesser-15-000","43":"pa_durchmesser-16-000","44":"pa_durchmesser-17-000","45":"pa_durchmesser-18-000","46":"pa_durchmesser-19-000","47":"pa_durchmesser-2-000","48":"pa_durchmesser-2-100","49":"pa_durchmesser-2-200","50":"pa_durchmesser-2-300","51":"pa_durchmesser-2-400","52":"pa_durchmesser-2-500","53":"pa_durchmesser-2-600","54":"pa_durchmesser-2-700","55":"pa_durchmesser-20-000","56":"pa_durchmesser-21-000","57":"pa_durchmesser-22-000","58":"pa_durchmesser-23-000","59":"pa_durchmesser-24-000","60":"pa_durchmesser-25-000","61":"pa_durchmesser-25-400","62":"pa_durchmesser-26-000","63":"pa_durchmesser-27-000","64":"pa_durchmesser-28-000","65":"pa_durchmesser-3-000","66":"pa_durchmesser-3-100","67":"pa_durchmesser-3-170","68":"pa_durchmesser-3-200","69":"pa_durchmesser-3-300","70":"pa_durchmesser-3-500","71":"pa_durchmesser-3-700","72":"pa_durchmesser-3-820","73":"pa_durchmesser-30-000","74":"pa_durchmesser-31-000","75":"pa_durchmesser-32-000","76":"pa_durchmesser-33-000","77":"pa_durchmesser-35-000","78":"pa_durchmesser-36-000","79":"pa_durchmesser-4-000","80":"pa_durchmesser-4-300","81":"pa_durchmesser-4-500","82":"pa_durchmesser-4-750","83":"pa_durchmesser-4-760","84":"pa_durchmesser-4-800","85":"pa_durchmesser-40-000","86":"pa_durchmesser-42-000","87":"pa_durchmesser-45-000","88":"pa_durchmesser-47-000","89":"pa_durchmesser-48-000","90":"pa_durchmesser-5-000","91":"pa_durchmesser-5-300","92":"pa_durchmesser-5-500","93":"pa_durchmesser-5-700","94":"pa_durchmesser-50-000","95":"pa_durchmesser-6-000","96":"pa_durchmesser-6-100","97":"pa_durchmesser-6-150","98":"pa_durchmesser-6-350","99":"pa_durchmesser-6-500","100":"pa_durchmesser-6-800","101":"pa_durchmesser-60-000","102":"pa_durchmesser-7-000","103":"pa_durchmesser-7-100","104":"pa_durchmesser-7-500","105":"pa_durchmesser-8-000","106":"pa_durchmesser-8-500","107":"pa_durchmesser-9-000","108":"pa_durchmesser-9-500","109":"pa_durchmesser-9-530","110":"pa_toleranz-fg-7","111":"pa_toleranz-fg-7-fr","112":"pa_toleranz-fg-8-fr","113":"pa_toleranz-h-6-fr","114":"pa_toleranz-h-7-fr","115":"pa_toleranz-h-8-fr","116":"pa_toleranz-h-9-fr","117":"pa_toleranz-spec","119":"first","120":"instock","121":"purchasable","122":"product-type-variable"},"acf":[],"yoast_head":"<!-- This site is optimized with the Yoast SEO plugin v27.4 - https:\/\/yoast.com\/product\/yoast-seo-wordpress\/ -->\n<title>CHRONIFER 17-4PH A - L.Klein SA - Premium Steel and Metals<\/title>\n<meta name=\"robots\" content=\"index, follow, max-snippet:-1, max-image-preview:large, max-video-preview:-1\" \/>\n<link rel=\"canonical\" href=\"https:\/\/www.kleinmetals.ch\/fr\/produkt\/chronifer-17-4ph-a\/\" \/>\n<meta property=\"og:locale\" content=\"fr_FR\" \/>\n<meta property=\"og:type\" content=\"article\" \/>\n<meta property=\"og:title\" content=\"CHRONIFER 17-4PH A - L.Klein SA - Premium Steel and Metals\" \/>\n<meta property=\"og:description\" content=\"R\u00e9sum\u00e9 D\u00e9signation Klein: CHRONIFER 17-4PH A Classe de m\u00e9taux acier \u00e0 durcissement structural Num\u00e9ro mati\u00e8re: 1.4542 Norme EN: X [...]\" \/>\n<meta property=\"og:url\" content=\"https:\/\/www.kleinmetals.ch\/fr\/produkt\/chronifer-17-4ph-a\/\" \/>\n<meta property=\"og:site_name\" content=\"L.Klein SA - Premium Steel and Metals\" \/>\n<meta property=\"article:modified_time\" content=\"2026-04-22T06:44:04+00:00\" \/>\n<meta property=\"og:image\" content=\"https:\/\/www.kleinmetals.ch\/wp-content\/uploads\/511.png\" \/>\n\t<meta property=\"og:image:width\" content=\"1000\" \/>\n\t<meta property=\"og:image:height\" content=\"1000\" \/>\n\t<meta property=\"og:image:type\" content=\"image\/png\" \/>\n<meta name=\"twitter:card\" content=\"summary_large_image\" \/>\n<meta name=\"twitter:label1\" content=\"Dur\u00e9e de lecture estim\u00e9e\" \/>\n\t<meta name=\"twitter:data1\" content=\"1 minute\" \/>\n<script type=\"application\/ld+json\" class=\"yoast-schema-graph\">{\"@context\":\"https:\\\/\\\/schema.org\",\"@graph\":[{\"@type\":\"WebPage\",\"@id\":\"https:\\\/\\\/www.kleinmetals.ch\\\/fr\\\/produkt\\\/chronifer-17-4ph-a\\\/\",\"url\":\"https:\\\/\\\/www.kleinmetals.ch\\\/fr\\\/produkt\\\/chronifer-17-4ph-a\\\/\",\"name\":\"CHRONIFER 17-4PH A - L.Klein SA - Premium Steel and Metals\",\"isPartOf\":{\"@id\":\"https:\\\/\\\/www.kleinmetals.ch\\\/fr\\\/#website\"},\"primaryImageOfPage\":{\"@id\":\"https:\\\/\\\/www.kleinmetals.ch\\\/fr\\\/produkt\\\/chronifer-17-4ph-a\\\/#primaryimage\"},\"image\":{\"@id\":\"https:\\\/\\\/www.kleinmetals.ch\\\/fr\\\/produkt\\\/chronifer-17-4ph-a\\\/#primaryimage\"},\"thumbnailUrl\":\"https:\\\/\\\/www.kleinmetals.ch\\\/wp-content\\\/uploads\\\/511.png\",\"datePublished\":\"2024-04-08T18:50:36+00:00\",\"dateModified\":\"2026-04-22T06:44:04+00:00\",\"breadcrumb\":{\"@id\":\"https:\\\/\\\/www.kleinmetals.ch\\\/fr\\\/produkt\\\/chronifer-17-4ph-a\\\/#breadcrumb\"},\"inLanguage\":\"fr-FR\",\"potentialAction\":[{\"@type\":\"ReadAction\",\"target\":[\"https:\\\/\\\/www.kleinmetals.ch\\\/fr\\\/produkt\\\/chronifer-17-4ph-a\\\/\"]}]},{\"@type\":\"ImageObject\",\"inLanguage\":\"fr-FR\",\"@id\":\"https:\\\/\\\/www.kleinmetals.ch\\\/fr\\\/produkt\\\/chronifer-17-4ph-a\\\/#primaryimage\",\"url\":\"https:\\\/\\\/www.kleinmetals.ch\\\/wp-content\\\/uploads\\\/511.png\",\"contentUrl\":\"https:\\\/\\\/www.kleinmetals.ch\\\/wp-content\\\/uploads\\\/511.png\",\"width\":1000,\"height\":1000},{\"@type\":\"BreadcrumbList\",\"@id\":\"https:\\\/\\\/www.kleinmetals.ch\\\/fr\\\/produkt\\\/chronifer-17-4ph-a\\\/#breadcrumb\",\"itemListElement\":[{\"@type\":\"ListItem\",\"position\":1,\"name\":\"Home\",\"item\":\"https:\\\/\\\/www.kleinmetals.ch\\\/fr\\\/\"},{\"@type\":\"ListItem\",\"position\":2,\"name\":\"Produits\",\"item\":\"https:\\\/\\\/www.kleinmetals.ch\\\/fr\\\/produits\\\/\"},{\"@type\":\"ListItem\",\"position\":3,\"name\":\"CHRONIFER 17-4PH A\"}]},{\"@type\":\"WebSite\",\"@id\":\"https:\\\/\\\/www.kleinmetals.ch\\\/fr\\\/#website\",\"url\":\"https:\\\/\\\/www.kleinmetals.ch\\\/fr\\\/\",\"name\":\"L.Klein AG Edelst\u00e4hle und Metalle\",\"description\":\"Handel mit hochwertigen Edelst\u00e4hlen und metallischen Rohstoffen\",\"publisher\":{\"@id\":\"https:\\\/\\\/www.kleinmetals.ch\\\/fr\\\/#organization\"},\"potentialAction\":[{\"@type\":\"SearchAction\",\"target\":{\"@type\":\"EntryPoint\",\"urlTemplate\":\"https:\\\/\\\/www.kleinmetals.ch\\\/fr\\\/?s={search_term_string}\"},\"query-input\":{\"@type\":\"PropertyValueSpecification\",\"valueRequired\":true,\"valueName\":\"search_term_string\"}}],\"inLanguage\":\"fr-FR\"},{\"@type\":\"Organization\",\"@id\":\"https:\\\/\\\/www.kleinmetals.ch\\\/fr\\\/#organization\",\"name\":\"L. Klein SA\",\"url\":\"https:\\\/\\\/www.kleinmetals.ch\\\/fr\\\/\",\"logo\":{\"@type\":\"ImageObject\",\"inLanguage\":\"fr-FR\",\"@id\":\"https:\\\/\\\/www.kleinmetals.ch\\\/fr\\\/#\\\/schema\\\/logo\\\/image\\\/\",\"url\":\"https:\\\/\\\/www.kleinmetals.ch\\\/wp-content\\\/uploads\\\/L-Klein-SA-Logo.svg\",\"contentUrl\":\"https:\\\/\\\/www.kleinmetals.ch\\\/wp-content\\\/uploads\\\/L-Klein-SA-Logo.svg\",\"width\":275,\"height\":86,\"caption\":\"L. Klein SA\"},\"image\":{\"@id\":\"https:\\\/\\\/www.kleinmetals.ch\\\/fr\\\/#\\\/schema\\\/logo\\\/image\\\/\"},\"sameAs\":[\"https:\\\/\\\/www.linkedin.com\\\/company\\\/l.-klein-sa\\\/\"]}]}<\/script>\n<!-- \/ Yoast SEO plugin. -->","yoast_head_json":{"title":"CHRONIFER 17-4PH A - L.Klein SA - Premium Steel and Metals","robots":{"index":"index","follow":"follow","max-snippet":"max-snippet:-1","max-image-preview":"max-image-preview:large","max-video-preview":"max-video-preview:-1"},"canonical":"https:\/\/www.kleinmetals.ch\/fr\/produkt\/chronifer-17-4ph-a\/","og_locale":"fr_FR","og_type":"article","og_title":"CHRONIFER 17-4PH A - L.Klein SA - Premium Steel and Metals","og_description":"R\u00e9sum\u00e9 D\u00e9signation Klein: CHRONIFER 17-4PH A Classe de m\u00e9taux acier \u00e0 durcissement structural Num\u00e9ro mati\u00e8re: 1.4542 Norme EN: X [...]","og_url":"https:\/\/www.kleinmetals.ch\/fr\/produkt\/chronifer-17-4ph-a\/","og_site_name":"L.Klein SA - Premium Steel and Metals","article_modified_time":"2026-04-22T06:44:04+00:00","og_image":[{"width":1000,"height":1000,"url":"https:\/\/www.kleinmetals.ch\/wp-content\/uploads\/511.png","type":"image\/png"}],"twitter_card":"summary_large_image","twitter_misc":{"Dur\u00e9e de lecture estim\u00e9e":"1 minute"},"schema":{"@context":"https:\/\/schema.org","@graph":[{"@type":"WebPage","@id":"https:\/\/www.kleinmetals.ch\/fr\/produkt\/chronifer-17-4ph-a\/","url":"https:\/\/www.kleinmetals.ch\/fr\/produkt\/chronifer-17-4ph-a\/","name":"CHRONIFER 17-4PH A - L.Klein SA - Premium Steel and Metals","isPartOf":{"@id":"https:\/\/www.kleinmetals.ch\/fr\/#website"},"primaryImageOfPage":{"@id":"https:\/\/www.kleinmetals.ch\/fr\/produkt\/chronifer-17-4ph-a\/#primaryimage"},"image":{"@id":"https:\/\/www.kleinmetals.ch\/fr\/produkt\/chronifer-17-4ph-a\/#primaryimage"},"thumbnailUrl":"https:\/\/www.kleinmetals.ch\/wp-content\/uploads\/511.png","datePublished":"2024-04-08T18:50:36+00:00","dateModified":"2026-04-22T06:44:04+00:00","breadcrumb":{"@id":"https:\/\/www.kleinmetals.ch\/fr\/produkt\/chronifer-17-4ph-a\/#breadcrumb"},"inLanguage":"fr-FR","potentialAction":[{"@type":"ReadAction","target":["https:\/\/www.kleinmetals.ch\/fr\/produkt\/chronifer-17-4ph-a\/"]}]},{"@type":"ImageObject","inLanguage":"fr-FR","@id":"https:\/\/www.kleinmetals.ch\/fr\/produkt\/chronifer-17-4ph-a\/#primaryimage","url":"https:\/\/www.kleinmetals.ch\/wp-content\/uploads\/511.png","contentUrl":"https:\/\/www.kleinmetals.ch\/wp-content\/uploads\/511.png","width":1000,"height":1000},{"@type":"BreadcrumbList","@id":"https:\/\/www.kleinmetals.ch\/fr\/produkt\/chronifer-17-4ph-a\/#breadcrumb","itemListElement":[{"@type":"ListItem","position":1,"name":"Home","item":"https:\/\/www.kleinmetals.ch\/fr\/"},{"@type":"ListItem","position":2,"name":"Produits","item":"https:\/\/www.kleinmetals.ch\/fr\/produits\/"},{"@type":"ListItem","position":3,"name":"CHRONIFER 17-4PH A"}]},{"@type":"WebSite","@id":"https:\/\/www.kleinmetals.ch\/fr\/#website","url":"https:\/\/www.kleinmetals.ch\/fr\/","name":"L.Klein AG Edelst\u00e4hle und Metalle","description":"Handel mit hochwertigen Edelst\u00e4hlen und metallischen Rohstoffen","publisher":{"@id":"https:\/\/www.kleinmetals.ch\/fr\/#organization"},"potentialAction":[{"@type":"SearchAction","target":{"@type":"EntryPoint","urlTemplate":"https:\/\/www.kleinmetals.ch\/fr\/?s={search_term_string}"},"query-input":{"@type":"PropertyValueSpecification","valueRequired":true,"valueName":"search_term_string"}}],"inLanguage":"fr-FR"},{"@type":"Organization","@id":"https:\/\/www.kleinmetals.ch\/fr\/#organization","name":"L. Klein SA","url":"https:\/\/www.kleinmetals.ch\/fr\/","logo":{"@type":"ImageObject","inLanguage":"fr-FR","@id":"https:\/\/www.kleinmetals.ch\/fr\/#\/schema\/logo\/image\/","url":"https:\/\/www.kleinmetals.ch\/wp-content\/uploads\/L-Klein-SA-Logo.svg","contentUrl":"https:\/\/www.kleinmetals.ch\/wp-content\/uploads\/L-Klein-SA-Logo.svg","width":275,"height":86,"caption":"L. Klein SA"},"image":{"@id":"https:\/\/www.kleinmetals.ch\/fr\/#\/schema\/logo\/image\/"},"sameAs":["https:\/\/www.linkedin.com\/company\/l.-klein-sa\/"]}]}},"_links":{"self":[{"href":"https:\/\/www.kleinmetals.ch\/fr\/wp-json\/wp\/v2\/product\/163758","targetHints":{"allow":["GET"]}}],"collection":[{"href":"https:\/\/www.kleinmetals.ch\/fr\/wp-json\/wp\/v2\/product"}],"about":[{"href":"https:\/\/www.kleinmetals.ch\/fr\/wp-json\/wp\/v2\/types\/product"}],"wp:featuredmedia":[{"embeddable":true,"href":"https:\/\/www.kleinmetals.ch\/fr\/wp-json\/wp\/v2\/media\/61185"}],"wp:attachment":[{"href":"https:\/\/www.kleinmetals.ch\/fr\/wp-json\/wp\/v2\/media?parent=163758"}],"wp:term":[{"taxonomy":"product_brand","embeddable":true,"href":"https:\/\/www.kleinmetals.ch\/fr\/wp-json\/wp\/v2\/product_brand?post=163758"},{"taxonomy":"product_cat","embeddable":true,"href":"https:\/\/www.kleinmetals.ch\/fr\/wp-json\/wp\/v2\/product_cat?post=163758"},{"taxonomy":"product_tag","embeddable":true,"href":"https:\/\/www.kleinmetals.ch\/fr\/wp-json\/wp\/v2\/product_tag?post=163758"}],"curies":[{"name":"wp","href":"https:\/\/api.w.org\/{rel}","templated":true}]}}