{"id":163855,"date":"2024-04-08T20:52:36","date_gmt":"2024-04-08T18:52:36","guid":{"rendered":"https:\/\/www.kleinmetals.ch\/produkt\/ccv-120\/"},"modified":"2026-04-17T08:39:20","modified_gmt":"2026-04-17T06:39:20","slug":"ccv-120","status":"publish","type":"product","link":"https:\/\/www.kleinmetals.ch\/fr\/produkt\/ccv-120\/","title":{"rendered":"CCV-120"},"content":{"rendered":"<p><strong>R\u00e9sum\u00e9<\/strong><\/p>\n<table border=\"0\" width=\"100%\" cellspacing=\"0\" cellpadding=\"0\">\n<tbody>\n<tr>\n<td>D\u00e9nomination Klein:<\/td>\n<td>CCV-120<\/td>\n<\/tr>\n<tr>\n<td valign=\"top\">Classe d\u2019aciers:<\/td>\n<td>acier argent trempable alli\u00e9 au Cr et V<\/td>\n<\/tr>\n<tr>\n<td>Num\u00e9ro mati\u00e8re:<\/td>\n<td>1.2210<\/td>\n<\/tr>\n<tr>\n<td>Norme DIN:<\/td>\n<td>115 CrV 3<\/td>\n<\/tr>\n<tr>\n<td>Usinabilit\u00e9:<\/td>\n<td>bonne \u00e0 tr\u00e8s bonne<\/td>\n<\/tr>\n<tr>\n<td>Capacit\u00e9 de durcissement:<\/td>\n<td>jusqu\u2019\u00e0 64-66 HRc<\/td>\n<\/tr>\n<tr>\n<td valign=\"top\">Aptitude au polissage:<\/td>\n<td>n\u2019est pas adapt\u00e9 au polissage<br \/>\nsp\u00e9culaire<\/td>\n<\/tr>\n<tr>\n<td valign=\"top\">Utilisations:<\/td>\n<td>pi\u00e8ces pour de nombreuses branches<br \/>\nindustrielles<\/td>\n<\/tr>\n<\/tbody>\n<\/table>\n<p>&nbsp;<\/p>\n<p>CCV-120, acier argent alli\u00e9s, ASTM ~ L 2, no. mati\u00e8re 1.2210, DIN 115CrV3, EN ~107CrV3, acier au carbone avec 1.10 % C, tr\u00e9fil\u00e9 \u00e0 froid, conforme aux restrictions RoHS.<br \/>\nApplication: automobiles, acier \u00e0 outil pour toutes les industries, pour des outils coupants, pi\u00e8ces de frottement.<\/p>\n","protected":false},"excerpt":{"rendered":"<p>R\u00e9sum\u00e9 D\u00e9nomination Klein: CCV-120 Classe d\u2019aciers: acier argent trempable alli\u00e9 au Cr et V Num\u00e9ro mati\u00e8re: 1.2210 Norme DIN:  [&#8230;]<\/p>\n","protected":false},"featured_media":61326,"template":"","meta":{"_acf_changed":false,"inline_featured_image":false},"product_brand":[],"product_cat":[860,874],"product_tag":[],"class_list":{"0":"post-163855","1":"product","2":"type-product","3":"status-publish","4":"has-post-thumbnail","6":"product_cat-acier-argent","7":"product_cat-acier-outils","8":"pa_ausfuehrung-etire","9":"pa_ausfuehrung-gezogen","10":"pa_ausfuehrung-meule","11":"pa_ausfuehrung-2-barres-2m","12":"pa_ausfuehrung-2-barres-3m","13":"pa_ausfuehrung-2-staebe-3m","14":"pa_ausfuehrung-2-torche","15":"pa_durchmesser-0-500","16":"pa_durchmesser-0-600","17":"pa_durchmesser-0-700","18":"pa_durchmesser-0-800","19":"pa_durchmesser-0-850","20":"pa_durchmesser-0-900","21":"pa_durchmesser-1-000","22":"pa_durchmesser-1-200","23":"pa_durchmesser-1-300","24":"pa_durchmesser-1-400","25":"pa_durchmesser-1-500","26":"pa_durchmesser-1-600","27":"pa_durchmesser-1-700","28":"pa_durchmesser-1-800","29":"pa_durchmesser-1-900","30":"pa_durchmesser-10-000","31":"pa_durchmesser-10-200","32":"pa_durchmesser-10-500","33":"pa_durchmesser-10-700","34":"pa_durchmesser-11-000","35":"pa_durchmesser-11-100","36":"pa_durchmesser-11-400","37":"pa_durchmesser-11-500","38":"pa_durchmesser-11-600","39":"pa_durchmesser-11-900","40":"pa_durchmesser-12-000","41":"pa_durchmesser-12-200","42":"pa_durchmesser-12-500","43":"pa_durchmesser-12-900","44":"pa_durchmesser-13-000","45":"pa_durchmesser-13-450","46":"pa_durchmesser-13-500","47":"pa_durchmesser-14-000","48":"pa_durchmesser-14-500","49":"pa_durchmesser-15-000","50":"pa_durchmesser-15-500","51":"pa_durchmesser-16-000","52":"pa_durchmesser-16-500","53":"pa_durchmesser-17-000","54":"pa_durchmesser-17-500","55":"pa_durchmesser-18-000","56":"pa_durchmesser-18-500","57":"pa_durchmesser-19-000","58":"pa_durchmesser-19-500","59":"pa_durchmesser-2-000","60":"pa_durchmesser-2-100","61":"pa_durchmesser-2-200","62":"pa_durchmesser-2-300","63":"pa_durchmesser-2-500","64":"pa_durchmesser-2-600","65":"pa_durchmesser-2-750","66":"pa_durchmesser-2-800","67":"pa_durchmesser-2-900","68":"pa_durchmesser-20-000","69":"pa_durchmesser-20-100","70":"pa_durchmesser-20-500","71":"pa_durchmesser-22-000","72":"pa_durchmesser-23-500","73":"pa_durchmesser-24-000","74":"pa_durchmesser-24-500","75":"pa_durchmesser-25-000","76":"pa_durchmesser-26-000","77":"pa_durchmesser-26-500","78":"pa_durchmesser-27-000","79":"pa_durchmesser-27-500","80":"pa_durchmesser-28-000","81":"pa_durchmesser-3-000","82":"pa_durchmesser-3-100","83":"pa_durchmesser-3-200","84":"pa_durchmesser-3-300","85":"pa_durchmesser-3-400","86":"pa_durchmesser-3-450","87":"pa_durchmesser-3-500","88":"pa_durchmesser-3-600","89":"pa_durchmesser-30-000","90":"pa_durchmesser-32-000","91":"pa_durchmesser-35-000","92":"pa_durchmesser-4-000","93":"pa_durchmesser-4-100","94":"pa_durchmesser-4-200","95":"pa_durchmesser-4-300","96":"pa_durchmesser-4-400","97":"pa_durchmesser-4-500","98":"pa_durchmesser-4-600","99":"pa_durchmesser-4-700","100":"pa_durchmesser-4-750","101":"pa_durchmesser-4-800","102":"pa_durchmesser-4-900","103":"pa_durchmesser-40-000","104":"pa_durchmesser-45-000","105":"pa_durchmesser-5-000","106":"pa_durchmesser-5-100","107":"pa_durchmesser-5-150","108":"pa_durchmesser-5-200","109":"pa_durchmesser-5-300","110":"pa_durchmesser-5-500","111":"pa_durchmesser-5-600","112":"pa_durchmesser-5-900","113":"pa_durchmesser-5-950","114":"pa_durchmesser-50-000","115":"pa_durchmesser-6-000","116":"pa_durchmesser-6-100","117":"pa_durchmesser-6-200","118":"pa_durchmesser-6-350","119":"pa_durchmesser-6-500","120":"pa_durchmesser-6-550","121":"pa_durchmesser-6-700","122":"pa_durchmesser-7-000","123":"pa_durchmesser-7-100","124":"pa_durchmesser-7-500","125":"pa_durchmesser-7-800","126":"pa_durchmesser-7-900","127":"pa_durchmesser-8-000","128":"pa_durchmesser-8-100","129":"pa_durchmesser-8-300","130":"pa_durchmesser-8-400","131":"pa_durchmesser-8-500","132":"pa_durchmesser-8-600","133":"pa_durchmesser-8-700","134":"pa_durchmesser-8-800","135":"pa_durchmesser-9-000","136":"pa_durchmesser-9-100","137":"pa_durchmesser-9-200","138":"pa_durchmesser-9-500","139":"pa_durchmesser-9-700","140":"pa_toleranz-fg-7-fr","141":"pa_toleranz-fg-8-fr","142":"pa_toleranz-h-5-fr","143":"pa_toleranz-h-5","144":"pa_toleranz-h-6-fr","145":"pa_toleranz-h-7-fr","146":"pa_toleranz-h-8-fr","147":"pa_toleranz-spec","149":"first","150":"instock","151":"purchasable","152":"product-type-variable"},"acf":[],"yoast_head":"<!-- This site is optimized with the Yoast SEO plugin v27.4 - https:\/\/yoast.com\/product\/yoast-seo-wordpress\/ -->\n<title>CCV-120 - L.Klein SA - Premium Steel and Metals<\/title>\n<meta name=\"robots\" content=\"index, follow, max-snippet:-1, max-image-preview:large, max-video-preview:-1\" \/>\n<link rel=\"canonical\" href=\"https:\/\/www.kleinmetals.ch\/fr\/produkt\/ccv-120\/\" \/>\n<meta property=\"og:locale\" content=\"fr_FR\" \/>\n<meta property=\"og:type\" content=\"article\" \/>\n<meta property=\"og:title\" content=\"CCV-120 - L.Klein SA - Premium Steel and Metals\" \/>\n<meta property=\"og:description\" content=\"R\u00e9sum\u00e9 D\u00e9nomination Klein: CCV-120 Classe d\u2019aciers: acier argent trempable alli\u00e9 au Cr et V Num\u00e9ro mati\u00e8re: 1.2210 Norme DIN: [...]\" \/>\n<meta property=\"og:url\" content=\"https:\/\/www.kleinmetals.ch\/fr\/produkt\/ccv-120\/\" \/>\n<meta property=\"og:site_name\" content=\"L.Klein SA - Premium Steel and Metals\" \/>\n<meta property=\"article:modified_time\" content=\"2026-04-17T06:39:20+00:00\" \/>\n<meta property=\"og:image\" content=\"https:\/\/www.kleinmetals.ch\/wp-content\/uploads\/302.png\" \/>\n\t<meta property=\"og:image:width\" content=\"1000\" \/>\n\t<meta property=\"og:image:height\" content=\"1000\" \/>\n\t<meta property=\"og:image:type\" content=\"image\/png\" \/>\n<meta name=\"twitter:card\" content=\"summary_large_image\" \/>\n<meta name=\"twitter:label1\" content=\"Dur\u00e9e de lecture estim\u00e9e\" \/>\n\t<meta name=\"twitter:data1\" content=\"1 minute\" \/>\n<script type=\"application\/ld+json\" class=\"yoast-schema-graph\">{\"@context\":\"https:\\\/\\\/schema.org\",\"@graph\":[{\"@type\":\"WebPage\",\"@id\":\"https:\\\/\\\/www.kleinmetals.ch\\\/fr\\\/produkt\\\/ccv-120\\\/\",\"url\":\"https:\\\/\\\/www.kleinmetals.ch\\\/fr\\\/produkt\\\/ccv-120\\\/\",\"name\":\"CCV-120 - L.Klein SA - Premium Steel and Metals\",\"isPartOf\":{\"@id\":\"https:\\\/\\\/www.kleinmetals.ch\\\/fr\\\/#website\"},\"primaryImageOfPage\":{\"@id\":\"https:\\\/\\\/www.kleinmetals.ch\\\/fr\\\/produkt\\\/ccv-120\\\/#primaryimage\"},\"image\":{\"@id\":\"https:\\\/\\\/www.kleinmetals.ch\\\/fr\\\/produkt\\\/ccv-120\\\/#primaryimage\"},\"thumbnailUrl\":\"https:\\\/\\\/www.kleinmetals.ch\\\/wp-content\\\/uploads\\\/302.png\",\"datePublished\":\"2024-04-08T18:52:36+00:00\",\"dateModified\":\"2026-04-17T06:39:20+00:00\",\"breadcrumb\":{\"@id\":\"https:\\\/\\\/www.kleinmetals.ch\\\/fr\\\/produkt\\\/ccv-120\\\/#breadcrumb\"},\"inLanguage\":\"fr-FR\",\"potentialAction\":[{\"@type\":\"ReadAction\",\"target\":[\"https:\\\/\\\/www.kleinmetals.ch\\\/fr\\\/produkt\\\/ccv-120\\\/\"]}]},{\"@type\":\"ImageObject\",\"inLanguage\":\"fr-FR\",\"@id\":\"https:\\\/\\\/www.kleinmetals.ch\\\/fr\\\/produkt\\\/ccv-120\\\/#primaryimage\",\"url\":\"https:\\\/\\\/www.kleinmetals.ch\\\/wp-content\\\/uploads\\\/302.png\",\"contentUrl\":\"https:\\\/\\\/www.kleinmetals.ch\\\/wp-content\\\/uploads\\\/302.png\",\"width\":1000,\"height\":1000},{\"@type\":\"BreadcrumbList\",\"@id\":\"https:\\\/\\\/www.kleinmetals.ch\\\/fr\\\/produkt\\\/ccv-120\\\/#breadcrumb\",\"itemListElement\":[{\"@type\":\"ListItem\",\"position\":1,\"name\":\"Home\",\"item\":\"https:\\\/\\\/www.kleinmetals.ch\\\/fr\\\/\"},{\"@type\":\"ListItem\",\"position\":2,\"name\":\"Produits\",\"item\":\"https:\\\/\\\/www.kleinmetals.ch\\\/fr\\\/produits\\\/\"},{\"@type\":\"ListItem\",\"position\":3,\"name\":\"CCV-120\"}]},{\"@type\":\"WebSite\",\"@id\":\"https:\\\/\\\/www.kleinmetals.ch\\\/fr\\\/#website\",\"url\":\"https:\\\/\\\/www.kleinmetals.ch\\\/fr\\\/\",\"name\":\"L.Klein AG Edelst\u00e4hle und Metalle\",\"description\":\"Handel mit hochwertigen Edelst\u00e4hlen und metallischen Rohstoffen\",\"publisher\":{\"@id\":\"https:\\\/\\\/www.kleinmetals.ch\\\/fr\\\/#organization\"},\"potentialAction\":[{\"@type\":\"SearchAction\",\"target\":{\"@type\":\"EntryPoint\",\"urlTemplate\":\"https:\\\/\\\/www.kleinmetals.ch\\\/fr\\\/?s={search_term_string}\"},\"query-input\":{\"@type\":\"PropertyValueSpecification\",\"valueRequired\":true,\"valueName\":\"search_term_string\"}}],\"inLanguage\":\"fr-FR\"},{\"@type\":\"Organization\",\"@id\":\"https:\\\/\\\/www.kleinmetals.ch\\\/fr\\\/#organization\",\"name\":\"L. Klein SA\",\"url\":\"https:\\\/\\\/www.kleinmetals.ch\\\/fr\\\/\",\"logo\":{\"@type\":\"ImageObject\",\"inLanguage\":\"fr-FR\",\"@id\":\"https:\\\/\\\/www.kleinmetals.ch\\\/fr\\\/#\\\/schema\\\/logo\\\/image\\\/\",\"url\":\"https:\\\/\\\/www.kleinmetals.ch\\\/wp-content\\\/uploads\\\/L-Klein-SA-Logo.svg\",\"contentUrl\":\"https:\\\/\\\/www.kleinmetals.ch\\\/wp-content\\\/uploads\\\/L-Klein-SA-Logo.svg\",\"width\":275,\"height\":86,\"caption\":\"L. Klein SA\"},\"image\":{\"@id\":\"https:\\\/\\\/www.kleinmetals.ch\\\/fr\\\/#\\\/schema\\\/logo\\\/image\\\/\"},\"sameAs\":[\"https:\\\/\\\/www.linkedin.com\\\/company\\\/l.-klein-sa\\\/\"]}]}<\/script>\n<!-- \/ Yoast SEO plugin. -->","yoast_head_json":{"title":"CCV-120 - L.Klein SA - Premium Steel and Metals","robots":{"index":"index","follow":"follow","max-snippet":"max-snippet:-1","max-image-preview":"max-image-preview:large","max-video-preview":"max-video-preview:-1"},"canonical":"https:\/\/www.kleinmetals.ch\/fr\/produkt\/ccv-120\/","og_locale":"fr_FR","og_type":"article","og_title":"CCV-120 - L.Klein SA - Premium Steel and Metals","og_description":"R\u00e9sum\u00e9 D\u00e9nomination Klein: CCV-120 Classe d\u2019aciers: acier argent trempable alli\u00e9 au Cr et V Num\u00e9ro mati\u00e8re: 1.2210 Norme DIN: [...]","og_url":"https:\/\/www.kleinmetals.ch\/fr\/produkt\/ccv-120\/","og_site_name":"L.Klein SA - Premium Steel and Metals","article_modified_time":"2026-04-17T06:39:20+00:00","og_image":[{"width":1000,"height":1000,"url":"https:\/\/www.kleinmetals.ch\/wp-content\/uploads\/302.png","type":"image\/png"}],"twitter_card":"summary_large_image","twitter_misc":{"Dur\u00e9e de lecture estim\u00e9e":"1 minute"},"schema":{"@context":"https:\/\/schema.org","@graph":[{"@type":"WebPage","@id":"https:\/\/www.kleinmetals.ch\/fr\/produkt\/ccv-120\/","url":"https:\/\/www.kleinmetals.ch\/fr\/produkt\/ccv-120\/","name":"CCV-120 - L.Klein SA - Premium Steel and Metals","isPartOf":{"@id":"https:\/\/www.kleinmetals.ch\/fr\/#website"},"primaryImageOfPage":{"@id":"https:\/\/www.kleinmetals.ch\/fr\/produkt\/ccv-120\/#primaryimage"},"image":{"@id":"https:\/\/www.kleinmetals.ch\/fr\/produkt\/ccv-120\/#primaryimage"},"thumbnailUrl":"https:\/\/www.kleinmetals.ch\/wp-content\/uploads\/302.png","datePublished":"2024-04-08T18:52:36+00:00","dateModified":"2026-04-17T06:39:20+00:00","breadcrumb":{"@id":"https:\/\/www.kleinmetals.ch\/fr\/produkt\/ccv-120\/#breadcrumb"},"inLanguage":"fr-FR","potentialAction":[{"@type":"ReadAction","target":["https:\/\/www.kleinmetals.ch\/fr\/produkt\/ccv-120\/"]}]},{"@type":"ImageObject","inLanguage":"fr-FR","@id":"https:\/\/www.kleinmetals.ch\/fr\/produkt\/ccv-120\/#primaryimage","url":"https:\/\/www.kleinmetals.ch\/wp-content\/uploads\/302.png","contentUrl":"https:\/\/www.kleinmetals.ch\/wp-content\/uploads\/302.png","width":1000,"height":1000},{"@type":"BreadcrumbList","@id":"https:\/\/www.kleinmetals.ch\/fr\/produkt\/ccv-120\/#breadcrumb","itemListElement":[{"@type":"ListItem","position":1,"name":"Home","item":"https:\/\/www.kleinmetals.ch\/fr\/"},{"@type":"ListItem","position":2,"name":"Produits","item":"https:\/\/www.kleinmetals.ch\/fr\/produits\/"},{"@type":"ListItem","position":3,"name":"CCV-120"}]},{"@type":"WebSite","@id":"https:\/\/www.kleinmetals.ch\/fr\/#website","url":"https:\/\/www.kleinmetals.ch\/fr\/","name":"L.Klein AG Edelst\u00e4hle und Metalle","description":"Handel mit hochwertigen Edelst\u00e4hlen und metallischen Rohstoffen","publisher":{"@id":"https:\/\/www.kleinmetals.ch\/fr\/#organization"},"potentialAction":[{"@type":"SearchAction","target":{"@type":"EntryPoint","urlTemplate":"https:\/\/www.kleinmetals.ch\/fr\/?s={search_term_string}"},"query-input":{"@type":"PropertyValueSpecification","valueRequired":true,"valueName":"search_term_string"}}],"inLanguage":"fr-FR"},{"@type":"Organization","@id":"https:\/\/www.kleinmetals.ch\/fr\/#organization","name":"L. Klein SA","url":"https:\/\/www.kleinmetals.ch\/fr\/","logo":{"@type":"ImageObject","inLanguage":"fr-FR","@id":"https:\/\/www.kleinmetals.ch\/fr\/#\/schema\/logo\/image\/","url":"https:\/\/www.kleinmetals.ch\/wp-content\/uploads\/L-Klein-SA-Logo.svg","contentUrl":"https:\/\/www.kleinmetals.ch\/wp-content\/uploads\/L-Klein-SA-Logo.svg","width":275,"height":86,"caption":"L. Klein SA"},"image":{"@id":"https:\/\/www.kleinmetals.ch\/fr\/#\/schema\/logo\/image\/"},"sameAs":["https:\/\/www.linkedin.com\/company\/l.-klein-sa\/"]}]}},"_links":{"self":[{"href":"https:\/\/www.kleinmetals.ch\/fr\/wp-json\/wp\/v2\/product\/163855","targetHints":{"allow":["GET"]}}],"collection":[{"href":"https:\/\/www.kleinmetals.ch\/fr\/wp-json\/wp\/v2\/product"}],"about":[{"href":"https:\/\/www.kleinmetals.ch\/fr\/wp-json\/wp\/v2\/types\/product"}],"wp:featuredmedia":[{"embeddable":true,"href":"https:\/\/www.kleinmetals.ch\/fr\/wp-json\/wp\/v2\/media\/61326"}],"wp:attachment":[{"href":"https:\/\/www.kleinmetals.ch\/fr\/wp-json\/wp\/v2\/media?parent=163855"}],"wp:term":[{"taxonomy":"product_brand","embeddable":true,"href":"https:\/\/www.kleinmetals.ch\/fr\/wp-json\/wp\/v2\/product_brand?post=163855"},{"taxonomy":"product_cat","embeddable":true,"href":"https:\/\/www.kleinmetals.ch\/fr\/wp-json\/wp\/v2\/product_cat?post=163855"},{"taxonomy":"product_tag","embeddable":true,"href":"https:\/\/www.kleinmetals.ch\/fr\/wp-json\/wp\/v2\/product_tag?post=163855"}],"curies":[{"name":"wp","href":"https:\/\/api.w.org\/{rel}","templated":true}]}}