{"id":164311,"date":"2024-04-08T20:58:56","date_gmt":"2024-04-08T18:58:56","guid":{"rendered":"https:\/\/www.kleinmetals.ch\/produkt\/67-si-cr-5\/"},"modified":"2026-04-16T08:37:56","modified_gmt":"2026-04-16T06:37:56","slug":"67-si-cr-5","status":"publish","type":"product","link":"https:\/\/www.kleinmetals.ch\/fr\/produkt\/67-si-cr-5\/","title":{"rendered":"67 Si Cr 5"},"content":{"rendered":"<p><strong>R\u00e9sum\u00e9<\/strong><\/p>\n<table border=\"0\" width=\"100%\" cellspacing=\"0\" cellpadding=\"0\">\n<tbody>\n<tr>\n<td>D\u00e9nomination Klein:<\/td>\n<td>67 Si Cr 5<\/td>\n<\/tr>\n<tr>\n<td valign=\"top\">Classe de m\u00e9taux:<\/td>\n<td><\/td>\n<\/tr>\n<tr>\n<td valign=\"top\">Num\u00e9ro mati\u00e8re:<\/td>\n<td><\/td>\n<\/tr>\n<tr>\n<td>Norme EN:<\/td>\n<td><\/td>\n<\/tr>\n<tr>\n<td>RoHS 2 \u2013 2011\/65\/EU:<\/td>\n<td><\/td>\n<\/tr>\n<tr>\n<td>Usinabilit\u00e9:<\/td>\n<td><\/td>\n<\/tr>\n<tr>\n<td>Capacit\u00e9 de durcissement:<\/td>\n<td><\/td>\n<\/tr>\n<tr>\n<td valign=\"top\">Formage:<\/td>\n<td><\/td>\n<\/tr>\n<tr>\n<td valign=\"top\">Ecrouissage:<\/td>\n<td><\/td>\n<\/tr>\n<tr>\n<td valign=\"top\">Aptitude au polissage:<\/td>\n<td><\/td>\n<\/tr>\n<tr>\n<td>Magn\u00e9tisme:<\/td>\n<td><\/td>\n<\/tr>\n<tr>\n<td valign=\"top\">R\u00e9sistance \u00e0 la corrosion:<\/td>\n<td><\/td>\n<\/tr>\n<tr>\n<td valign=\"top\">Utilisations:<\/td>\n<td><\/td>\n<\/tr>\n<\/tbody>\n<\/table>\n","protected":false},"excerpt":{"rendered":"<p>R\u00e9sum\u00e9 D\u00e9nomination Klein: 67 Si Cr 5 Classe de m\u00e9taux: Num\u00e9ro mati\u00e8re: Norme EN: RoHS 2 \u2013 2011\/65\/EU: Usinabilit\u00e9:  [&#8230;]<\/p>\n","protected":false},"featured_media":61338,"template":"","meta":{"_acf_changed":false,"inline_featured_image":false},"product_brand":[],"product_cat":[820],"product_tag":[],"class_list":{"0":"post-164311","1":"product","2":"type-product","3":"status-publish","4":"has-post-thumbnail","6":"product_cat-acier-ressort","7":"pa_ausfuehrung-gewalzt","8":"pa_ausfuehrung-lamine","9":"pa_ausfuehrung-meule","10":"pa_ausfuehrung-2-barres-3m","11":"pa_ausfuehrung-2-longueurs-spec","12":"pa_ausfuehrung-2-staebe-spez","13":"pa_durchmesser-10-000","14":"pa_durchmesser-10-500","15":"pa_durchmesser-11-000","16":"pa_durchmesser-12-000","17":"pa_durchmesser-12-500","18":"pa_durchmesser-13-000","19":"pa_durchmesser-14-000","20":"pa_durchmesser-15-000","21":"pa_durchmesser-16-000","22":"pa_durchmesser-17-000","23":"pa_durchmesser-17-500","24":"pa_durchmesser-18-000","25":"pa_durchmesser-19-000","26":"pa_durchmesser-20-000","27":"pa_durchmesser-22-000","28":"pa_durchmesser-24-000","29":"pa_durchmesser-25-000","30":"pa_durchmesser-26-000","31":"pa_durchmesser-27-000","32":"pa_durchmesser-28-000","33":"pa_durchmesser-29-000","34":"pa_durchmesser-3-000","35":"pa_durchmesser-3-500","36":"pa_durchmesser-30-000","37":"pa_durchmesser-32-000","38":"pa_durchmesser-35-000","39":"pa_durchmesser-36-000","40":"pa_durchmesser-38-000","41":"pa_durchmesser-4-000","42":"pa_durchmesser-4-300","43":"pa_durchmesser-4-500","44":"pa_durchmesser-40-000","45":"pa_durchmesser-42-000","46":"pa_durchmesser-45-000","47":"pa_durchmesser-5-000","48":"pa_durchmesser-5-500","49":"pa_durchmesser-50-000","50":"pa_durchmesser-55-000","51":"pa_durchmesser-6-000","52":"pa_durchmesser-6-350","53":"pa_durchmesser-6-500","54":"pa_durchmesser-60-000","55":"pa_durchmesser-66-000","56":"pa_durchmesser-7-000","57":"pa_durchmesser-7-500","58":"pa_durchmesser-8-000","59":"pa_durchmesser-8-500","60":"pa_durchmesser-9-000","61":"pa_durchmesser-9-500","62":"pa_toleranz-h-6-fr","63":"pa_toleranz-h-7","64":"pa_toleranz-h-7-fr","65":"pa_toleranz-h-8-fr","66":"pa_toleranz-h-9-fr","68":"first","69":"instock","70":"purchasable","71":"product-type-variable"},"acf":[],"yoast_head":"<!-- This site is optimized with the Yoast SEO plugin v26.8 - https:\/\/yoast.com\/product\/yoast-seo-wordpress\/ -->\n<title>67 Si Cr 5 - L.Klein SA - Premium Steel and Metals<\/title>\n<meta name=\"robots\" content=\"index, follow, max-snippet:-1, max-image-preview:large, max-video-preview:-1\" \/>\n<link rel=\"canonical\" href=\"https:\/\/www.kleinmetals.ch\/fr\/produkt\/67-si-cr-5\/\" \/>\n<meta property=\"og:locale\" content=\"fr_FR\" \/>\n<meta property=\"og:type\" content=\"article\" \/>\n<meta property=\"og:title\" content=\"67 Si Cr 5 - L.Klein SA - Premium Steel and Metals\" \/>\n<meta property=\"og:description\" content=\"R\u00e9sum\u00e9 D\u00e9nomination Klein: 67 Si Cr 5 Classe de m\u00e9taux: Num\u00e9ro mati\u00e8re: Norme EN: RoHS 2 \u2013 2011\/65\/EU: Usinabilit\u00e9: [...]\" \/>\n<meta property=\"og:url\" content=\"https:\/\/www.kleinmetals.ch\/fr\/produkt\/67-si-cr-5\/\" \/>\n<meta property=\"og:site_name\" content=\"L.Klein SA - Premium Steel and Metals\" \/>\n<meta property=\"article:modified_time\" content=\"2026-04-16T06:37:56+00:00\" \/>\n<meta property=\"og:image\" content=\"https:\/\/www.kleinmetals.ch\/wp-content\/uploads\/314.png\" \/>\n\t<meta property=\"og:image:width\" content=\"1000\" \/>\n\t<meta property=\"og:image:height\" content=\"1000\" \/>\n\t<meta property=\"og:image:type\" content=\"image\/png\" \/>\n<meta name=\"twitter:card\" content=\"summary_large_image\" \/>\n<meta name=\"twitter:label1\" content=\"Dur\u00e9e de lecture estim\u00e9e\" \/>\n\t<meta name=\"twitter:data1\" content=\"1 minute\" \/>\n<script type=\"application\/ld+json\" class=\"yoast-schema-graph\">{\"@context\":\"https:\/\/schema.org\",\"@graph\":[{\"@type\":\"WebPage\",\"@id\":\"https:\/\/www.kleinmetals.ch\/fr\/produkt\/67-si-cr-5\/\",\"url\":\"https:\/\/www.kleinmetals.ch\/fr\/produkt\/67-si-cr-5\/\",\"name\":\"67 Si Cr 5 - L.Klein SA - Premium Steel and Metals\",\"isPartOf\":{\"@id\":\"https:\/\/www.kleinmetals.ch\/fr\/#website\"},\"primaryImageOfPage\":{\"@id\":\"https:\/\/www.kleinmetals.ch\/fr\/produkt\/67-si-cr-5\/#primaryimage\"},\"image\":{\"@id\":\"https:\/\/www.kleinmetals.ch\/fr\/produkt\/67-si-cr-5\/#primaryimage\"},\"thumbnailUrl\":\"https:\/\/www.kleinmetals.ch\/wp-content\/uploads\/314.png\",\"datePublished\":\"2024-04-08T18:58:56+00:00\",\"dateModified\":\"2026-04-16T06:37:56+00:00\",\"breadcrumb\":{\"@id\":\"https:\/\/www.kleinmetals.ch\/fr\/produkt\/67-si-cr-5\/#breadcrumb\"},\"inLanguage\":\"fr-FR\",\"potentialAction\":[{\"@type\":\"ReadAction\",\"target\":[\"https:\/\/www.kleinmetals.ch\/fr\/produkt\/67-si-cr-5\/\"]}]},{\"@type\":\"ImageObject\",\"inLanguage\":\"fr-FR\",\"@id\":\"https:\/\/www.kleinmetals.ch\/fr\/produkt\/67-si-cr-5\/#primaryimage\",\"url\":\"https:\/\/www.kleinmetals.ch\/wp-content\/uploads\/314.png\",\"contentUrl\":\"https:\/\/www.kleinmetals.ch\/wp-content\/uploads\/314.png\",\"width\":1000,\"height\":1000},{\"@type\":\"BreadcrumbList\",\"@id\":\"https:\/\/www.kleinmetals.ch\/fr\/produkt\/67-si-cr-5\/#breadcrumb\",\"itemListElement\":[{\"@type\":\"ListItem\",\"position\":1,\"name\":\"Home\",\"item\":\"https:\/\/www.kleinmetals.ch\/fr\/\"},{\"@type\":\"ListItem\",\"position\":2,\"name\":\"Produits\",\"item\":\"https:\/\/www.kleinmetals.ch\/fr\/produits\/\"},{\"@type\":\"ListItem\",\"position\":3,\"name\":\"67 Si Cr 5\"}]},{\"@type\":\"WebSite\",\"@id\":\"https:\/\/www.kleinmetals.ch\/fr\/#website\",\"url\":\"https:\/\/www.kleinmetals.ch\/fr\/\",\"name\":\"L.Klein AG Edelst\u00e4hle und Metalle\",\"description\":\"Handel mit hochwertigen Edelst\u00e4hlen und metallischen Rohstoffen\",\"publisher\":{\"@id\":\"https:\/\/www.kleinmetals.ch\/fr\/#organization\"},\"potentialAction\":[{\"@type\":\"SearchAction\",\"target\":{\"@type\":\"EntryPoint\",\"urlTemplate\":\"https:\/\/www.kleinmetals.ch\/fr\/?s={search_term_string}\"},\"query-input\":{\"@type\":\"PropertyValueSpecification\",\"valueRequired\":true,\"valueName\":\"search_term_string\"}}],\"inLanguage\":\"fr-FR\"},{\"@type\":\"Organization\",\"@id\":\"https:\/\/www.kleinmetals.ch\/fr\/#organization\",\"name\":\"L. Klein SA\",\"url\":\"https:\/\/www.kleinmetals.ch\/fr\/\",\"logo\":{\"@type\":\"ImageObject\",\"inLanguage\":\"fr-FR\",\"@id\":\"https:\/\/www.kleinmetals.ch\/fr\/#\/schema\/logo\/image\/\",\"url\":\"https:\/\/www.kleinmetals.ch\/wp-content\/uploads\/L-Klein-SA-Logo.svg\",\"contentUrl\":\"https:\/\/www.kleinmetals.ch\/wp-content\/uploads\/L-Klein-SA-Logo.svg\",\"width\":275,\"height\":86,\"caption\":\"L. Klein SA\"},\"image\":{\"@id\":\"https:\/\/www.kleinmetals.ch\/fr\/#\/schema\/logo\/image\/\"},\"sameAs\":[\"https:\/\/www.linkedin.com\/company\/l.-klein-sa\/\"]}]}<\/script>\n<!-- \/ Yoast SEO plugin. -->","yoast_head_json":{"title":"67 Si Cr 5 - L.Klein SA - Premium Steel and Metals","robots":{"index":"index","follow":"follow","max-snippet":"max-snippet:-1","max-image-preview":"max-image-preview:large","max-video-preview":"max-video-preview:-1"},"canonical":"https:\/\/www.kleinmetals.ch\/fr\/produkt\/67-si-cr-5\/","og_locale":"fr_FR","og_type":"article","og_title":"67 Si Cr 5 - L.Klein SA - Premium Steel and Metals","og_description":"R\u00e9sum\u00e9 D\u00e9nomination Klein: 67 Si Cr 5 Classe de m\u00e9taux: Num\u00e9ro mati\u00e8re: Norme EN: RoHS 2 \u2013 2011\/65\/EU: Usinabilit\u00e9: [...]","og_url":"https:\/\/www.kleinmetals.ch\/fr\/produkt\/67-si-cr-5\/","og_site_name":"L.Klein SA - Premium Steel and Metals","article_modified_time":"2026-04-16T06:37:56+00:00","og_image":[{"width":1000,"height":1000,"url":"https:\/\/www.kleinmetals.ch\/wp-content\/uploads\/314.png","type":"image\/png"}],"twitter_card":"summary_large_image","twitter_misc":{"Dur\u00e9e de lecture estim\u00e9e":"1 minute"},"schema":{"@context":"https:\/\/schema.org","@graph":[{"@type":"WebPage","@id":"https:\/\/www.kleinmetals.ch\/fr\/produkt\/67-si-cr-5\/","url":"https:\/\/www.kleinmetals.ch\/fr\/produkt\/67-si-cr-5\/","name":"67 Si Cr 5 - L.Klein SA - Premium Steel and Metals","isPartOf":{"@id":"https:\/\/www.kleinmetals.ch\/fr\/#website"},"primaryImageOfPage":{"@id":"https:\/\/www.kleinmetals.ch\/fr\/produkt\/67-si-cr-5\/#primaryimage"},"image":{"@id":"https:\/\/www.kleinmetals.ch\/fr\/produkt\/67-si-cr-5\/#primaryimage"},"thumbnailUrl":"https:\/\/www.kleinmetals.ch\/wp-content\/uploads\/314.png","datePublished":"2024-04-08T18:58:56+00:00","dateModified":"2026-04-16T06:37:56+00:00","breadcrumb":{"@id":"https:\/\/www.kleinmetals.ch\/fr\/produkt\/67-si-cr-5\/#breadcrumb"},"inLanguage":"fr-FR","potentialAction":[{"@type":"ReadAction","target":["https:\/\/www.kleinmetals.ch\/fr\/produkt\/67-si-cr-5\/"]}]},{"@type":"ImageObject","inLanguage":"fr-FR","@id":"https:\/\/www.kleinmetals.ch\/fr\/produkt\/67-si-cr-5\/#primaryimage","url":"https:\/\/www.kleinmetals.ch\/wp-content\/uploads\/314.png","contentUrl":"https:\/\/www.kleinmetals.ch\/wp-content\/uploads\/314.png","width":1000,"height":1000},{"@type":"BreadcrumbList","@id":"https:\/\/www.kleinmetals.ch\/fr\/produkt\/67-si-cr-5\/#breadcrumb","itemListElement":[{"@type":"ListItem","position":1,"name":"Home","item":"https:\/\/www.kleinmetals.ch\/fr\/"},{"@type":"ListItem","position":2,"name":"Produits","item":"https:\/\/www.kleinmetals.ch\/fr\/produits\/"},{"@type":"ListItem","position":3,"name":"67 Si Cr 5"}]},{"@type":"WebSite","@id":"https:\/\/www.kleinmetals.ch\/fr\/#website","url":"https:\/\/www.kleinmetals.ch\/fr\/","name":"L.Klein AG Edelst\u00e4hle und Metalle","description":"Handel mit hochwertigen Edelst\u00e4hlen und metallischen Rohstoffen","publisher":{"@id":"https:\/\/www.kleinmetals.ch\/fr\/#organization"},"potentialAction":[{"@type":"SearchAction","target":{"@type":"EntryPoint","urlTemplate":"https:\/\/www.kleinmetals.ch\/fr\/?s={search_term_string}"},"query-input":{"@type":"PropertyValueSpecification","valueRequired":true,"valueName":"search_term_string"}}],"inLanguage":"fr-FR"},{"@type":"Organization","@id":"https:\/\/www.kleinmetals.ch\/fr\/#organization","name":"L. Klein SA","url":"https:\/\/www.kleinmetals.ch\/fr\/","logo":{"@type":"ImageObject","inLanguage":"fr-FR","@id":"https:\/\/www.kleinmetals.ch\/fr\/#\/schema\/logo\/image\/","url":"https:\/\/www.kleinmetals.ch\/wp-content\/uploads\/L-Klein-SA-Logo.svg","contentUrl":"https:\/\/www.kleinmetals.ch\/wp-content\/uploads\/L-Klein-SA-Logo.svg","width":275,"height":86,"caption":"L. Klein SA"},"image":{"@id":"https:\/\/www.kleinmetals.ch\/fr\/#\/schema\/logo\/image\/"},"sameAs":["https:\/\/www.linkedin.com\/company\/l.-klein-sa\/"]}]}},"_links":{"self":[{"href":"https:\/\/www.kleinmetals.ch\/fr\/wp-json\/wp\/v2\/product\/164311","targetHints":{"allow":["GET"]}}],"collection":[{"href":"https:\/\/www.kleinmetals.ch\/fr\/wp-json\/wp\/v2\/product"}],"about":[{"href":"https:\/\/www.kleinmetals.ch\/fr\/wp-json\/wp\/v2\/types\/product"}],"wp:featuredmedia":[{"embeddable":true,"href":"https:\/\/www.kleinmetals.ch\/fr\/wp-json\/wp\/v2\/media\/61338"}],"wp:attachment":[{"href":"https:\/\/www.kleinmetals.ch\/fr\/wp-json\/wp\/v2\/media?parent=164311"}],"wp:term":[{"taxonomy":"product_brand","embeddable":true,"href":"https:\/\/www.kleinmetals.ch\/fr\/wp-json\/wp\/v2\/product_brand?post=164311"},{"taxonomy":"product_cat","embeddable":true,"href":"https:\/\/www.kleinmetals.ch\/fr\/wp-json\/wp\/v2\/product_cat?post=164311"},{"taxonomy":"product_tag","embeddable":true,"href":"https:\/\/www.kleinmetals.ch\/fr\/wp-json\/wp\/v2\/product_tag?post=164311"}],"curies":[{"name":"wp","href":"https:\/\/api.w.org\/{rel}","templated":true}]}}