{"id":165489,"date":"2024-04-08T21:18:59","date_gmt":"2024-04-08T19:18:59","guid":{"rendered":"https:\/\/www.kleinmetals.ch\/produkt\/phynox-kl\/"},"modified":"2026-04-20T08:51:26","modified_gmt":"2026-04-20T06:51:26","slug":"phynox-kl","status":"publish","type":"product","link":"https:\/\/www.kleinmetals.ch\/fr\/produkt\/phynox-kl\/","title":{"rendered":"PHYNOX KL"},"content":{"rendered":"<p><strong>R\u00e9sum\u00e9<\/strong><\/p>\n<table border=\"0\" width=\"100%\" cellspacing=\"0\" cellpadding=\"0\">\n<tbody>\n<tr>\n<td>D\u00e9nomination Klein:<\/td>\n<td>PHYNOX KL<\/td>\n<\/tr>\n<tr>\n<td valign=\"top\">Classe de m\u00e9taux:<\/td>\n<td>Alliage cobalt-chrome-nickel-fer<\/td>\n<\/tr>\n<tr>\n<td valign=\"top\">Num\u00e9ro mati\u00e8re:<\/td>\n<td>2.4711<\/td>\n<\/tr>\n<tr>\n<td>Norme EN:<\/td>\n<td><\/td>\n<\/tr>\n<tr>\n<td>RoHS 2 \u2013 2011\/65\/EU:<\/td>\n<td><\/td>\n<\/tr>\n<tr>\n<td>Usinabilit\u00e9:<\/td>\n<td>Moyenne \u00e0 difficile selon le degr\u00e9 d\u2019\u00e9crouissage<\/td>\n<\/tr>\n<tr>\n<td>Capacit\u00e9 de durcissement:<\/td>\n<td>R\u00e9sistance \u00e0 la traction jusqu\u2019\u00e0 2500 MPa selon le degr\u00e9 d\u2019\u00e9crouissage<\/td>\n<\/tr>\n<tr>\n<td valign=\"top\">Formage:<\/td>\n<td>Ductile, facilement formable<\/td>\n<\/tr>\n<tr>\n<td valign=\"top\">Ecrouissage:<\/td>\n<td>Augmentation de la r\u00e9sistance par d\u00e9formation \u00e0 froid<\/td>\n<\/tr>\n<tr>\n<td valign=\"top\">Aptitude au polissage:<\/td>\n<td>Tr\u00e8s bonne<\/td>\n<\/tr>\n<tr>\n<td>Magn\u00e9tisme:<\/td>\n<td>Non magn\u00e9tique<\/td>\n<\/tr>\n<tr>\n<td valign=\"top\">R\u00e9sistance \u00e0 la corrosion:<\/td>\n<td>Tr\u00e8s bonne<\/td>\n<\/tr>\n<tr>\n<td valign=\"top\">Utilisations:<\/td>\n<td>ressorts implantables, zones d&rsquo;application strictement amagn\u00e9tiques, p\u00e9trochimie, exigences \u00e9lev\u00e9es en r\u00e9sistance \u00e0 la corrosion, ressorts de levage (similaire au Nivaflex), industrie a\u00e9ronautique, etc.<\/td>\n<\/tr>\n<\/tbody>\n<\/table>\n<p>Phynox\u00a9KL, Alliage Cobalt-Chrome-Nickel, W.Nr. 2.4711, Norme DIN CoCr20Ni15Mo7, AFNOR K13C20N16Fe15D7, AISI F1058, selon ISO 5832-7, alliage implantable, acier \u00e0 Ressort, plage de temp\u00e9rature d&rsquo;utilisation -269\u00b0C \u00e0 +500\u00b0C, tr\u00e8s haute t\u00e9nacit\u00e9, faible fatigue, durcissable selon la d\u00e9formation \u00e0 froid et la dimension jusqu&rsquo;\u00e0 une r\u00e9sistance maximale de 2500 MPa, plage de dimension de 0.20 \u00e0 15 mm, conforme RoHs, domaines d&rsquo;application : ressorts implantables, zones d&rsquo;application strictement amagn\u00e9tiques, p\u00e9trochimie, exigences \u00e9lev\u00e9es en r\u00e9sistance \u00e0 la corrosion, ressorts de levage (similaire au Nivaflex), industrie a\u00e9ronautique, etc.<\/p>\n","protected":false},"excerpt":{"rendered":"<p>R\u00e9sum\u00e9 D\u00e9nomination Klein: PHYNOX KL Classe de m\u00e9taux: Alliage cobalt-chrome-nickel-fer Num\u00e9ro mati\u00e8re: 2.4711 Norme EN: RoHS 2 \u2013 2011\/65\/EU:  [&#8230;]<\/p>\n","protected":false},"featured_media":61226,"template":"","meta":{"_acf_changed":false,"inline_featured_image":false},"product_brand":[],"product_cat":[838,820,826,840,864,824,868],"product_tag":[],"class_list":{"0":"post-165489","1":"product","2":"type-product","3":"status-publish","4":"has-post-thumbnail","6":"product_cat-acier-medical","7":"product_cat-acier-ressort","8":"product_cat-alliages-cobalt","9":"product_cat-instruments-fr","10":"product_cat-materiaux-horlogerie","11":"product_cat-implants-fr","12":"product_cat-trempable-inoxydable","13":"pa_ausfuehrung-etire","14":"pa_ausfuehrung-geschliffen","15":"pa_ausfuehrung-meule","16":"pa_ausfuehrung-2-barres-2m","17":"pa_ausfuehrung-2-barres-3m","18":"pa_ausfuehrung-2-longueurs-spec","19":"pa_ausfuehrung-2-staebe-spez","20":"pa_ausfuehrung-2-torche","21":"pa_durchmesser-0-200","22":"pa_durchmesser-0-250","23":"pa_durchmesser-0-300","24":"pa_durchmesser-0-350","25":"pa_durchmesser-0-400","26":"pa_durchmesser-0-450","27":"pa_durchmesser-0-500","28":"pa_durchmesser-0-550","29":"pa_durchmesser-0-600","30":"pa_durchmesser-0-650","31":"pa_durchmesser-0-700","32":"pa_durchmesser-0-800","33":"pa_durchmesser-0-850","34":"pa_durchmesser-0-900","35":"pa_durchmesser-1-000","36":"pa_durchmesser-1-100","37":"pa_durchmesser-1-180","38":"pa_durchmesser-1-200","39":"pa_durchmesser-1-230","40":"pa_durchmesser-1-300","41":"pa_durchmesser-1-320","42":"pa_durchmesser-1-350","43":"pa_durchmesser-1-400","44":"pa_durchmesser-1-500","45":"pa_durchmesser-1-600","46":"pa_durchmesser-1-700","47":"pa_durchmesser-1-800","48":"pa_durchmesser-1-900","49":"pa_durchmesser-10-000","50":"pa_durchmesser-12-000","51":"pa_durchmesser-13-000","52":"pa_durchmesser-15-000","53":"pa_durchmesser-2-000","54":"pa_durchmesser-2-100","55":"pa_durchmesser-2-200","56":"pa_durchmesser-2-350","57":"pa_durchmesser-2-500","58":"pa_durchmesser-2-700","59":"pa_durchmesser-3-000","60":"pa_durchmesser-3-020","61":"pa_durchmesser-3-100","62":"pa_durchmesser-3-200","63":"pa_durchmesser-3-500","64":"pa_durchmesser-3-900","65":"pa_durchmesser-4-000","66":"pa_durchmesser-4-200","67":"pa_durchmesser-4-500","68":"pa_durchmesser-4-600","69":"pa_durchmesser-5-000","70":"pa_durchmesser-5-500","71":"pa_durchmesser-5-600","72":"pa_durchmesser-6-000","73":"pa_durchmesser-6-200","74":"pa_durchmesser-6-350","75":"pa_durchmesser-7-000","76":"pa_durchmesser-7-600","77":"pa_durchmesser-8-000","78":"pa_durchmesser-8-200","79":"pa_durchmesser-8-500","80":"pa_durchmesser-9-000","81":"pa_toleranz-fg-7-fr","82":"pa_toleranz-h-5-fr","83":"pa_toleranz-h-5","84":"pa_toleranz-h-6-fr","85":"pa_toleranz-h-7-fr","86":"pa_toleranz-h-8-fr","87":"pa_toleranz-h-9-fr","88":"pa_toleranz-spec","90":"first","91":"instock","92":"purchasable","93":"product-type-variable"},"acf":[],"yoast_head":"<!-- This site is optimized with the Yoast SEO plugin v27.4 - https:\/\/yoast.com\/product\/yoast-seo-wordpress\/ -->\n<title>PHYNOX KL - L.Klein SA - Premium Steel and Metals<\/title>\n<meta name=\"robots\" content=\"index, follow, max-snippet:-1, max-image-preview:large, max-video-preview:-1\" \/>\n<link rel=\"canonical\" href=\"https:\/\/www.kleinmetals.ch\/fr\/produkt\/phynox-kl\/\" \/>\n<meta property=\"og:locale\" content=\"fr_FR\" \/>\n<meta property=\"og:type\" content=\"article\" \/>\n<meta property=\"og:title\" content=\"PHYNOX KL - L.Klein SA - Premium Steel and Metals\" \/>\n<meta property=\"og:description\" content=\"R\u00e9sum\u00e9 D\u00e9nomination Klein: PHYNOX KL Classe de m\u00e9taux: Alliage cobalt-chrome-nickel-fer Num\u00e9ro mati\u00e8re: 2.4711 Norme EN: RoHS 2 \u2013 2011\/65\/EU: [...]\" \/>\n<meta property=\"og:url\" content=\"https:\/\/www.kleinmetals.ch\/fr\/produkt\/phynox-kl\/\" \/>\n<meta property=\"og:site_name\" content=\"L.Klein SA - Premium Steel and Metals\" \/>\n<meta property=\"article:modified_time\" content=\"2026-04-20T06:51:26+00:00\" \/>\n<meta property=\"og:image\" content=\"https:\/\/www.kleinmetals.ch\/wp-content\/uploads\/559.png\" \/>\n\t<meta property=\"og:image:width\" content=\"1000\" \/>\n\t<meta property=\"og:image:height\" content=\"1000\" \/>\n\t<meta property=\"og:image:type\" content=\"image\/png\" \/>\n<meta name=\"twitter:card\" content=\"summary_large_image\" \/>\n<meta name=\"twitter:label1\" content=\"Dur\u00e9e de lecture estim\u00e9e\" \/>\n\t<meta name=\"twitter:data1\" content=\"2 minutes\" \/>\n<script type=\"application\/ld+json\" class=\"yoast-schema-graph\">{\"@context\":\"https:\\\/\\\/schema.org\",\"@graph\":[{\"@type\":\"WebPage\",\"@id\":\"https:\\\/\\\/www.kleinmetals.ch\\\/fr\\\/produkt\\\/phynox-kl\\\/\",\"url\":\"https:\\\/\\\/www.kleinmetals.ch\\\/fr\\\/produkt\\\/phynox-kl\\\/\",\"name\":\"PHYNOX KL - L.Klein SA - Premium Steel and Metals\",\"isPartOf\":{\"@id\":\"https:\\\/\\\/www.kleinmetals.ch\\\/fr\\\/#website\"},\"primaryImageOfPage\":{\"@id\":\"https:\\\/\\\/www.kleinmetals.ch\\\/fr\\\/produkt\\\/phynox-kl\\\/#primaryimage\"},\"image\":{\"@id\":\"https:\\\/\\\/www.kleinmetals.ch\\\/fr\\\/produkt\\\/phynox-kl\\\/#primaryimage\"},\"thumbnailUrl\":\"https:\\\/\\\/www.kleinmetals.ch\\\/wp-content\\\/uploads\\\/559.png\",\"datePublished\":\"2024-04-08T19:18:59+00:00\",\"dateModified\":\"2026-04-20T06:51:26+00:00\",\"breadcrumb\":{\"@id\":\"https:\\\/\\\/www.kleinmetals.ch\\\/fr\\\/produkt\\\/phynox-kl\\\/#breadcrumb\"},\"inLanguage\":\"fr-FR\",\"potentialAction\":[{\"@type\":\"ReadAction\",\"target\":[\"https:\\\/\\\/www.kleinmetals.ch\\\/fr\\\/produkt\\\/phynox-kl\\\/\"]}]},{\"@type\":\"ImageObject\",\"inLanguage\":\"fr-FR\",\"@id\":\"https:\\\/\\\/www.kleinmetals.ch\\\/fr\\\/produkt\\\/phynox-kl\\\/#primaryimage\",\"url\":\"https:\\\/\\\/www.kleinmetals.ch\\\/wp-content\\\/uploads\\\/559.png\",\"contentUrl\":\"https:\\\/\\\/www.kleinmetals.ch\\\/wp-content\\\/uploads\\\/559.png\",\"width\":1000,\"height\":1000},{\"@type\":\"BreadcrumbList\",\"@id\":\"https:\\\/\\\/www.kleinmetals.ch\\\/fr\\\/produkt\\\/phynox-kl\\\/#breadcrumb\",\"itemListElement\":[{\"@type\":\"ListItem\",\"position\":1,\"name\":\"Home\",\"item\":\"https:\\\/\\\/www.kleinmetals.ch\\\/fr\\\/\"},{\"@type\":\"ListItem\",\"position\":2,\"name\":\"Produits\",\"item\":\"https:\\\/\\\/www.kleinmetals.ch\\\/fr\\\/produits\\\/\"},{\"@type\":\"ListItem\",\"position\":3,\"name\":\"PHYNOX KL\"}]},{\"@type\":\"WebSite\",\"@id\":\"https:\\\/\\\/www.kleinmetals.ch\\\/fr\\\/#website\",\"url\":\"https:\\\/\\\/www.kleinmetals.ch\\\/fr\\\/\",\"name\":\"L.Klein AG Edelst\u00e4hle und Metalle\",\"description\":\"Handel mit hochwertigen Edelst\u00e4hlen und metallischen Rohstoffen\",\"publisher\":{\"@id\":\"https:\\\/\\\/www.kleinmetals.ch\\\/fr\\\/#organization\"},\"potentialAction\":[{\"@type\":\"SearchAction\",\"target\":{\"@type\":\"EntryPoint\",\"urlTemplate\":\"https:\\\/\\\/www.kleinmetals.ch\\\/fr\\\/?s={search_term_string}\"},\"query-input\":{\"@type\":\"PropertyValueSpecification\",\"valueRequired\":true,\"valueName\":\"search_term_string\"}}],\"inLanguage\":\"fr-FR\"},{\"@type\":\"Organization\",\"@id\":\"https:\\\/\\\/www.kleinmetals.ch\\\/fr\\\/#organization\",\"name\":\"L. Klein SA\",\"url\":\"https:\\\/\\\/www.kleinmetals.ch\\\/fr\\\/\",\"logo\":{\"@type\":\"ImageObject\",\"inLanguage\":\"fr-FR\",\"@id\":\"https:\\\/\\\/www.kleinmetals.ch\\\/fr\\\/#\\\/schema\\\/logo\\\/image\\\/\",\"url\":\"https:\\\/\\\/www.kleinmetals.ch\\\/wp-content\\\/uploads\\\/L-Klein-SA-Logo.svg\",\"contentUrl\":\"https:\\\/\\\/www.kleinmetals.ch\\\/wp-content\\\/uploads\\\/L-Klein-SA-Logo.svg\",\"width\":275,\"height\":86,\"caption\":\"L. Klein SA\"},\"image\":{\"@id\":\"https:\\\/\\\/www.kleinmetals.ch\\\/fr\\\/#\\\/schema\\\/logo\\\/image\\\/\"},\"sameAs\":[\"https:\\\/\\\/www.linkedin.com\\\/company\\\/l.-klein-sa\\\/\"]}]}<\/script>\n<!-- \/ Yoast SEO plugin. -->","yoast_head_json":{"title":"PHYNOX KL - L.Klein SA - Premium Steel and Metals","robots":{"index":"index","follow":"follow","max-snippet":"max-snippet:-1","max-image-preview":"max-image-preview:large","max-video-preview":"max-video-preview:-1"},"canonical":"https:\/\/www.kleinmetals.ch\/fr\/produkt\/phynox-kl\/","og_locale":"fr_FR","og_type":"article","og_title":"PHYNOX KL - L.Klein SA - Premium Steel and Metals","og_description":"R\u00e9sum\u00e9 D\u00e9nomination Klein: PHYNOX KL Classe de m\u00e9taux: Alliage cobalt-chrome-nickel-fer Num\u00e9ro mati\u00e8re: 2.4711 Norme EN: RoHS 2 \u2013 2011\/65\/EU: [...]","og_url":"https:\/\/www.kleinmetals.ch\/fr\/produkt\/phynox-kl\/","og_site_name":"L.Klein SA - Premium Steel and Metals","article_modified_time":"2026-04-20T06:51:26+00:00","og_image":[{"width":1000,"height":1000,"url":"https:\/\/www.kleinmetals.ch\/wp-content\/uploads\/559.png","type":"image\/png"}],"twitter_card":"summary_large_image","twitter_misc":{"Dur\u00e9e de lecture estim\u00e9e":"2 minutes"},"schema":{"@context":"https:\/\/schema.org","@graph":[{"@type":"WebPage","@id":"https:\/\/www.kleinmetals.ch\/fr\/produkt\/phynox-kl\/","url":"https:\/\/www.kleinmetals.ch\/fr\/produkt\/phynox-kl\/","name":"PHYNOX KL - L.Klein SA - Premium Steel and Metals","isPartOf":{"@id":"https:\/\/www.kleinmetals.ch\/fr\/#website"},"primaryImageOfPage":{"@id":"https:\/\/www.kleinmetals.ch\/fr\/produkt\/phynox-kl\/#primaryimage"},"image":{"@id":"https:\/\/www.kleinmetals.ch\/fr\/produkt\/phynox-kl\/#primaryimage"},"thumbnailUrl":"https:\/\/www.kleinmetals.ch\/wp-content\/uploads\/559.png","datePublished":"2024-04-08T19:18:59+00:00","dateModified":"2026-04-20T06:51:26+00:00","breadcrumb":{"@id":"https:\/\/www.kleinmetals.ch\/fr\/produkt\/phynox-kl\/#breadcrumb"},"inLanguage":"fr-FR","potentialAction":[{"@type":"ReadAction","target":["https:\/\/www.kleinmetals.ch\/fr\/produkt\/phynox-kl\/"]}]},{"@type":"ImageObject","inLanguage":"fr-FR","@id":"https:\/\/www.kleinmetals.ch\/fr\/produkt\/phynox-kl\/#primaryimage","url":"https:\/\/www.kleinmetals.ch\/wp-content\/uploads\/559.png","contentUrl":"https:\/\/www.kleinmetals.ch\/wp-content\/uploads\/559.png","width":1000,"height":1000},{"@type":"BreadcrumbList","@id":"https:\/\/www.kleinmetals.ch\/fr\/produkt\/phynox-kl\/#breadcrumb","itemListElement":[{"@type":"ListItem","position":1,"name":"Home","item":"https:\/\/www.kleinmetals.ch\/fr\/"},{"@type":"ListItem","position":2,"name":"Produits","item":"https:\/\/www.kleinmetals.ch\/fr\/produits\/"},{"@type":"ListItem","position":3,"name":"PHYNOX KL"}]},{"@type":"WebSite","@id":"https:\/\/www.kleinmetals.ch\/fr\/#website","url":"https:\/\/www.kleinmetals.ch\/fr\/","name":"L.Klein AG Edelst\u00e4hle und Metalle","description":"Handel mit hochwertigen Edelst\u00e4hlen und metallischen Rohstoffen","publisher":{"@id":"https:\/\/www.kleinmetals.ch\/fr\/#organization"},"potentialAction":[{"@type":"SearchAction","target":{"@type":"EntryPoint","urlTemplate":"https:\/\/www.kleinmetals.ch\/fr\/?s={search_term_string}"},"query-input":{"@type":"PropertyValueSpecification","valueRequired":true,"valueName":"search_term_string"}}],"inLanguage":"fr-FR"},{"@type":"Organization","@id":"https:\/\/www.kleinmetals.ch\/fr\/#organization","name":"L. Klein SA","url":"https:\/\/www.kleinmetals.ch\/fr\/","logo":{"@type":"ImageObject","inLanguage":"fr-FR","@id":"https:\/\/www.kleinmetals.ch\/fr\/#\/schema\/logo\/image\/","url":"https:\/\/www.kleinmetals.ch\/wp-content\/uploads\/L-Klein-SA-Logo.svg","contentUrl":"https:\/\/www.kleinmetals.ch\/wp-content\/uploads\/L-Klein-SA-Logo.svg","width":275,"height":86,"caption":"L. Klein SA"},"image":{"@id":"https:\/\/www.kleinmetals.ch\/fr\/#\/schema\/logo\/image\/"},"sameAs":["https:\/\/www.linkedin.com\/company\/l.-klein-sa\/"]}]}},"_links":{"self":[{"href":"https:\/\/www.kleinmetals.ch\/fr\/wp-json\/wp\/v2\/product\/165489","targetHints":{"allow":["GET"]}}],"collection":[{"href":"https:\/\/www.kleinmetals.ch\/fr\/wp-json\/wp\/v2\/product"}],"about":[{"href":"https:\/\/www.kleinmetals.ch\/fr\/wp-json\/wp\/v2\/types\/product"}],"wp:featuredmedia":[{"embeddable":true,"href":"https:\/\/www.kleinmetals.ch\/fr\/wp-json\/wp\/v2\/media\/61226"}],"wp:attachment":[{"href":"https:\/\/www.kleinmetals.ch\/fr\/wp-json\/wp\/v2\/media?parent=165489"}],"wp:term":[{"taxonomy":"product_brand","embeddable":true,"href":"https:\/\/www.kleinmetals.ch\/fr\/wp-json\/wp\/v2\/product_brand?post=165489"},{"taxonomy":"product_cat","embeddable":true,"href":"https:\/\/www.kleinmetals.ch\/fr\/wp-json\/wp\/v2\/product_cat?post=165489"},{"taxonomy":"product_tag","embeddable":true,"href":"https:\/\/www.kleinmetals.ch\/fr\/wp-json\/wp\/v2\/product_tag?post=165489"}],"curies":[{"name":"wp","href":"https:\/\/api.w.org\/{rel}","templated":true}]}}