{"id":165495,"date":"2024-04-08T21:18:59","date_gmt":"2024-04-08T19:18:59","guid":{"rendered":"https:\/\/www.kleinmetals.ch\/produkt\/law-100-x\/"},"modified":"2026-04-22T08:39:13","modified_gmt":"2026-04-22T06:39:13","slug":"law-100-x","status":"publish","type":"product","link":"https:\/\/www.kleinmetals.ch\/fr\/produkt\/law-100-x\/","title":{"rendered":"LAW 100 X"},"content":{"rendered":"<p><strong>R\u00e9sum\u00e9<\/strong><\/p>\n<table border=\"0\" width=\"100%\" cellspacing=\"0\" cellpadding=\"0\">\n<tbody>\n<tr>\n<td>D\u00e9nomination Klein:<\/td>\n<td>LAW 100 X<\/td>\n<\/tr>\n<tr>\n<td valign=\"top\">Classe de m\u00e9taux:<\/td>\n<td>Acier de d\u00e9colletage trempable<\/td>\n<\/tr>\n<tr>\n<td>Proc\u00e9d\u00e9 d\u2019\u00e9laboration:<\/td>\n<td>m\u00e9tallurgie des poudres<\/td>\n<\/tr>\n<tr>\n<td>Num\u00e9ro mati\u00e8re:<\/td>\n<td>1.1268 X<\/td>\n<\/tr>\n<tr>\n<td>Norme AISI:<\/td>\n<td>~ 1095<\/td>\n<\/tr>\n<tr>\n<td>Fusion:<\/td>\n<td>VIM<\/td>\n<\/tr>\n<tr>\n<td>Usinabilit\u00e9:<\/td>\n<td>bonne<\/td>\n<\/tr>\n<tr>\n<td>Capacit\u00e9 de durcissement:<\/td>\n<td>jusqu\u2019\u00e0 64 HRc<\/td>\n<\/tr>\n<tr>\n<td valign=\"top\">Aptitude au polissage:<\/td>\n<td>de bonne \u00e0 tr\u00e8s bonne<\/td>\n<\/tr>\n<tr>\n<td>Magn\u00e9tisme:<\/td>\n<td>ferromagn\u00e9tique<\/td>\n<\/tr>\n<tr>\n<td valign=\"top\">Utilisations:<\/td>\n<td>Pi\u00e8ces difficiles pour mouvements<br \/>\nhorlogers (axes, roues dent\u00e9es) et de<br \/>\nnombreuses branches industrielles<\/td>\n<\/tr>\n<\/tbody>\n<\/table>\n<p>&nbsp;<\/p>\n<p>LAW 100 X\u00ae ~ 1095 acier trempable pour l&rsquo;industrie de l&rsquo;horlogerie barres<br \/>\nLAW 100 X\u00ae est disponible en stock sous forme de barres. LAW 100 X\u00ae ~ 1095, non alli\u00e9, sans plomb 100 X\u00ae ~ 1095 est acier pour la fabrication des montres de la nouvelle g\u00e9n\u00e9ration.<br \/>\nIl a \u00e9t\u00e9 d\u00e9velopp\u00e9 en collaboration avec Carpenter Technologies Corporation, USA.<\/p>\n<p>La technique de la m\u00e9tallurgie des poudres utilis\u00e9e dans la production d&rsquo;acier trempable pour automates LAW 100 X repr\u00e9sente un bond en avant dans la production d&rsquo;acier de haute qualit\u00e9 pour l&rsquo;industrie de pr\u00e9cision.<\/p>\n<p>Propri\u00e9t\u00e9s de LAW100 X\u00ae ~ 1095 acier pour l&rsquo;horlogerie<br \/>\nCompte tenu de sa structure tr\u00e8s fine le LAW 100 X\u00ae pourrait \u00eatre distribu\u00e9 avec l&rsquo;ajout de plomb. L&rsquo;acier de l&rsquo;horlogerie correspond donc aux exigences environnementales d&rsquo;aujourd&rsquo;hui. La duret\u00e9 finale (jusqu&rsquo;\u00e0 env.64 HRc possible) est comparable aux grades LAW 100Pb et 20 AP, sa maniabilit\u00e9 est presque aussi bonne que celle d&rsquo;un acier au plomb alli\u00e9 de l&rsquo;ancienne g\u00e9n\u00e9ration. Il a une bonne r\u00e9sistance \u00e0 l&rsquo;usure.<\/p>\n<p>En raison de sa puret\u00e9 de structure et sa faible distorsion le LAW100X est bien adapt\u00e9 pour la production efficace de petites pi\u00e8ces de pr\u00e9cision, qui ont des exigences \u00e9lev\u00e9es sur la productivit\u00e9 et la capacit\u00e9 de polissage.<\/p>\n<p>Si tol\u00e9r\u00e9es par les machines, des vitesses \u00e9lev\u00e9es sont recommand\u00e9es afin d&rsquo;atteindre de meilleurs r\u00e9sultats. Dans les retouches telles que le durcissement \/ trempage, le polissage et le rev\u00eatement de pi\u00e8ces, des r\u00e9sultats \u00e9tonnants sont obtenus avec le LAW 100 X\u00ae. Les effets de la structure fine seront mise en \u00e9vidence vu qu&rsquo;il n&rsquo;y a pas de \u00ab\u00a0contamination d\u00fb au plomb\u00a0\u00bb<\/p>\n<p>Applications de LAW 100 X\u00ae<br \/>\nLAW 100 X 1,1268 est utilis\u00e9 en particulier pour la fabrication de pi\u00e8ces et instruments de pr\u00e9cision fines. En raison de sa r\u00e9sistance \u00e0 l&rsquo;usure, il est id\u00e9al pour les pi\u00e8ces qui sont constamment en mouvement et donc qualifie hautement pour une utilisation dans l&rsquo;industrie horlog\u00e8re. Ici, les pi\u00e8ces du mouvement tel que les engrenages, les pignons, les pivots, les essieux, ponts et platines sont fabriqu\u00e9s \u00e0 partir de ce mat\u00e9riau.<\/p>\n","protected":false},"excerpt":{"rendered":"<p>R\u00e9sum\u00e9 D\u00e9nomination Klein: LAW 100 X Classe de m\u00e9taux: Acier de d\u00e9colletage trempable Proc\u00e9d\u00e9 d\u2019\u00e9laboration: m\u00e9tallurgie des poudres Num\u00e9ro  [&#8230;]<\/p>\n","protected":false},"featured_media":61314,"template":"","meta":{"_acf_changed":false,"inline_featured_image":false},"product_brand":[],"product_cat":[874,822,864,844,866],"product_tag":[],"class_list":{"0":"post-165495","1":"product","2":"type-product","3":"status-publish","4":"has-post-thumbnail","6":"product_cat-acier-outils","7":"product_cat-acier-trempe-automates","8":"product_cat-materiaux-horlogerie","9":"product_cat-nouveaux-produits","10":"product_cat-trempable","11":"pa_ausfuehrung-etire","12":"pa_ausfuehrung-gewalzt","13":"pa_ausfuehrung-lamine","14":"pa_ausfuehrung-meule","15":"pa_ausfuehrung-2-barres-2m","16":"pa_ausfuehrung-2-barres-3m","17":"pa_ausfuehrung-2-en-tole","18":"pa_ausfuehrung-2-longueurs-spec","19":"pa_ausfuehrung-2-staebe-spez","20":"pa_ausfuehrung-2-torche","21":"pa_durchmesser-3-505","22":"pa_durchmesser-0-250","23":"pa_durchmesser-0-300","24":"pa_durchmesser-0-350","25":"pa_durchmesser-0-400","26":"pa_durchmesser-0-450","27":"pa_durchmesser-0-500","28":"pa_durchmesser-0-550","29":"pa_durchmesser-0-600","30":"pa_durchmesser-0-650","31":"pa_durchmesser-0-700","32":"pa_durchmesser-0-750","33":"pa_durchmesser-0-800","34":"pa_durchmesser-0-850","35":"pa_durchmesser-0-900","36":"pa_durchmesser-0-950","37":"pa_durchmesser-1-000","38":"pa_durchmesser-1-100","39":"pa_durchmesser-1-150","40":"pa_durchmesser-1-200","41":"pa_durchmesser-1-250","42":"pa_durchmesser-1-300","43":"pa_durchmesser-1-400","44":"pa_durchmesser-1-500","45":"pa_durchmesser-1-600","46":"pa_durchmesser-1-700","47":"pa_durchmesser-1-730","48":"pa_durchmesser-1-800","49":"pa_durchmesser-1-900","50":"pa_durchmesser-10-000","51":"pa_durchmesser-10-200","52":"pa_durchmesser-10-500","53":"pa_durchmesser-11-000","54":"pa_durchmesser-11-200","55":"pa_durchmesser-12-000","56":"pa_durchmesser-13-000","57":"pa_durchmesser-14-000","58":"pa_durchmesser-15-000","59":"pa_durchmesser-16-000","60":"pa_durchmesser-17-000","61":"pa_durchmesser-18-000","62":"pa_durchmesser-2-000","63":"pa_durchmesser-2-100","64":"pa_durchmesser-2-200","65":"pa_durchmesser-2-300","66":"pa_durchmesser-2-400","67":"pa_durchmesser-2-500","68":"pa_durchmesser-2-600","69":"pa_durchmesser-2-800","70":"pa_durchmesser-2-900","71":"pa_durchmesser-20-000","72":"pa_durchmesser-21-000","73":"pa_durchmesser-22-000","74":"pa_durchmesser-23-000","75":"pa_durchmesser-24-000","76":"pa_durchmesser-25-000","77":"pa_durchmesser-25-400","78":"pa_durchmesser-26-000","79":"pa_durchmesser-27-000","80":"pa_durchmesser-28-000","81":"pa_durchmesser-29-000","82":"pa_durchmesser-3-000","83":"pa_durchmesser-3-500","84":"pa_durchmesser-3-950","85":"pa_durchmesser-30-000","86":"pa_durchmesser-31-000","87":"pa_durchmesser-31-750","88":"pa_durchmesser-38-100","89":"pa_durchmesser-4-000","90":"pa_durchmesser-4-100","91":"pa_durchmesser-4-140","92":"pa_durchmesser-4-150","93":"pa_durchmesser-4-500","94":"pa_durchmesser-4-600","95":"pa_durchmesser-4-650","96":"pa_durchmesser-4-700","97":"pa_durchmesser-4-800","98":"pa_durchmesser-42-000","99":"pa_durchmesser-5-000","100":"pa_durchmesser-5-080","101":"pa_durchmesser-5-100","102":"pa_durchmesser-5-120","103":"pa_durchmesser-5-150","104":"pa_durchmesser-5-200","105":"pa_durchmesser-5-250","106":"pa_durchmesser-5-350","107":"pa_durchmesser-5-450","108":"pa_durchmesser-5-500","109":"pa_durchmesser-5-630","110":"pa_durchmesser-5-700","111":"pa_durchmesser-6-000","112":"pa_durchmesser-6-100","113":"pa_durchmesser-6-500","114":"pa_durchmesser-6-600","115":"pa_durchmesser-7-000","116":"pa_durchmesser-7-100","117":"pa_durchmesser-7-500","118":"pa_durchmesser-7-700","119":"pa_durchmesser-8-000","120":"pa_durchmesser-8-650","121":"pa_durchmesser-9-000","122":"pa_durchmesser-9-500","123":"pa_durchmesser-9-700","124":"pa_toleranz-fg-6-fr","125":"pa_toleranz-h-5-fr","126":"pa_toleranz-h-5","127":"pa_toleranz-h-6-fr","128":"pa_toleranz-h-7-fr","129":"pa_toleranz-h-8-fr","130":"pa_toleranz-h-9-fr","131":"pa_toleranz-spec","133":"first","134":"instock","135":"purchasable","136":"product-type-variable"},"acf":[],"yoast_head":"<!-- This site is optimized with the Yoast SEO plugin v27.4 - https:\/\/yoast.com\/product\/yoast-seo-wordpress\/ -->\n<title>LAW 100 X - L.Klein SA - Premium Steel and Metals<\/title>\n<meta name=\"robots\" content=\"index, follow, max-snippet:-1, max-image-preview:large, max-video-preview:-1\" \/>\n<link rel=\"canonical\" href=\"https:\/\/www.kleinmetals.ch\/fr\/produkt\/law-100-x\/\" \/>\n<meta property=\"og:locale\" content=\"fr_FR\" \/>\n<meta property=\"og:type\" content=\"article\" \/>\n<meta property=\"og:title\" content=\"LAW 100 X - L.Klein SA - Premium Steel and Metals\" \/>\n<meta property=\"og:description\" content=\"R\u00e9sum\u00e9 D\u00e9nomination Klein: LAW 100 X Classe de m\u00e9taux: Acier de d\u00e9colletage trempable Proc\u00e9d\u00e9 d\u2019\u00e9laboration: m\u00e9tallurgie des poudres Num\u00e9ro [...]\" \/>\n<meta property=\"og:url\" content=\"https:\/\/www.kleinmetals.ch\/fr\/produkt\/law-100-x\/\" \/>\n<meta property=\"og:site_name\" content=\"L.Klein SA - Premium Steel and Metals\" \/>\n<meta property=\"article:modified_time\" content=\"2026-04-22T06:39:13+00:00\" \/>\n<meta property=\"og:image\" content=\"https:\/\/www.kleinmetals.ch\/wp-content\/uploads\/104-1.png\" \/>\n\t<meta property=\"og:image:width\" content=\"1000\" \/>\n\t<meta property=\"og:image:height\" content=\"1000\" \/>\n\t<meta property=\"og:image:type\" content=\"image\/png\" \/>\n<meta name=\"twitter:card\" content=\"summary_large_image\" \/>\n<meta name=\"twitter:label1\" content=\"Dur\u00e9e de lecture estim\u00e9e\" \/>\n\t<meta name=\"twitter:data1\" content=\"3 minutes\" \/>\n<script type=\"application\/ld+json\" class=\"yoast-schema-graph\">{\"@context\":\"https:\\\/\\\/schema.org\",\"@graph\":[{\"@type\":\"WebPage\",\"@id\":\"https:\\\/\\\/www.kleinmetals.ch\\\/fr\\\/produkt\\\/law-100-x\\\/\",\"url\":\"https:\\\/\\\/www.kleinmetals.ch\\\/fr\\\/produkt\\\/law-100-x\\\/\",\"name\":\"LAW 100 X - L.Klein SA - Premium Steel and Metals\",\"isPartOf\":{\"@id\":\"https:\\\/\\\/www.kleinmetals.ch\\\/fr\\\/#website\"},\"primaryImageOfPage\":{\"@id\":\"https:\\\/\\\/www.kleinmetals.ch\\\/fr\\\/produkt\\\/law-100-x\\\/#primaryimage\"},\"image\":{\"@id\":\"https:\\\/\\\/www.kleinmetals.ch\\\/fr\\\/produkt\\\/law-100-x\\\/#primaryimage\"},\"thumbnailUrl\":\"https:\\\/\\\/www.kleinmetals.ch\\\/wp-content\\\/uploads\\\/104-1.png\",\"datePublished\":\"2024-04-08T19:18:59+00:00\",\"dateModified\":\"2026-04-22T06:39:13+00:00\",\"breadcrumb\":{\"@id\":\"https:\\\/\\\/www.kleinmetals.ch\\\/fr\\\/produkt\\\/law-100-x\\\/#breadcrumb\"},\"inLanguage\":\"fr-FR\",\"potentialAction\":[{\"@type\":\"ReadAction\",\"target\":[\"https:\\\/\\\/www.kleinmetals.ch\\\/fr\\\/produkt\\\/law-100-x\\\/\"]}]},{\"@type\":\"ImageObject\",\"inLanguage\":\"fr-FR\",\"@id\":\"https:\\\/\\\/www.kleinmetals.ch\\\/fr\\\/produkt\\\/law-100-x\\\/#primaryimage\",\"url\":\"https:\\\/\\\/www.kleinmetals.ch\\\/wp-content\\\/uploads\\\/104-1.png\",\"contentUrl\":\"https:\\\/\\\/www.kleinmetals.ch\\\/wp-content\\\/uploads\\\/104-1.png\",\"width\":1000,\"height\":1000},{\"@type\":\"BreadcrumbList\",\"@id\":\"https:\\\/\\\/www.kleinmetals.ch\\\/fr\\\/produkt\\\/law-100-x\\\/#breadcrumb\",\"itemListElement\":[{\"@type\":\"ListItem\",\"position\":1,\"name\":\"Home\",\"item\":\"https:\\\/\\\/www.kleinmetals.ch\\\/fr\\\/\"},{\"@type\":\"ListItem\",\"position\":2,\"name\":\"Produits\",\"item\":\"https:\\\/\\\/www.kleinmetals.ch\\\/fr\\\/produits\\\/\"},{\"@type\":\"ListItem\",\"position\":3,\"name\":\"LAW 100 X\"}]},{\"@type\":\"WebSite\",\"@id\":\"https:\\\/\\\/www.kleinmetals.ch\\\/fr\\\/#website\",\"url\":\"https:\\\/\\\/www.kleinmetals.ch\\\/fr\\\/\",\"name\":\"L.Klein AG Edelst\u00e4hle und Metalle\",\"description\":\"Handel mit hochwertigen Edelst\u00e4hlen und metallischen Rohstoffen\",\"publisher\":{\"@id\":\"https:\\\/\\\/www.kleinmetals.ch\\\/fr\\\/#organization\"},\"potentialAction\":[{\"@type\":\"SearchAction\",\"target\":{\"@type\":\"EntryPoint\",\"urlTemplate\":\"https:\\\/\\\/www.kleinmetals.ch\\\/fr\\\/?s={search_term_string}\"},\"query-input\":{\"@type\":\"PropertyValueSpecification\",\"valueRequired\":true,\"valueName\":\"search_term_string\"}}],\"inLanguage\":\"fr-FR\"},{\"@type\":\"Organization\",\"@id\":\"https:\\\/\\\/www.kleinmetals.ch\\\/fr\\\/#organization\",\"name\":\"L. Klein SA\",\"url\":\"https:\\\/\\\/www.kleinmetals.ch\\\/fr\\\/\",\"logo\":{\"@type\":\"ImageObject\",\"inLanguage\":\"fr-FR\",\"@id\":\"https:\\\/\\\/www.kleinmetals.ch\\\/fr\\\/#\\\/schema\\\/logo\\\/image\\\/\",\"url\":\"https:\\\/\\\/www.kleinmetals.ch\\\/wp-content\\\/uploads\\\/L-Klein-SA-Logo.svg\",\"contentUrl\":\"https:\\\/\\\/www.kleinmetals.ch\\\/wp-content\\\/uploads\\\/L-Klein-SA-Logo.svg\",\"width\":275,\"height\":86,\"caption\":\"L. Klein SA\"},\"image\":{\"@id\":\"https:\\\/\\\/www.kleinmetals.ch\\\/fr\\\/#\\\/schema\\\/logo\\\/image\\\/\"},\"sameAs\":[\"https:\\\/\\\/www.linkedin.com\\\/company\\\/l.-klein-sa\\\/\"]}]}<\/script>\n<!-- \/ Yoast SEO plugin. -->","yoast_head_json":{"title":"LAW 100 X - L.Klein SA - Premium Steel and Metals","robots":{"index":"index","follow":"follow","max-snippet":"max-snippet:-1","max-image-preview":"max-image-preview:large","max-video-preview":"max-video-preview:-1"},"canonical":"https:\/\/www.kleinmetals.ch\/fr\/produkt\/law-100-x\/","og_locale":"fr_FR","og_type":"article","og_title":"LAW 100 X - L.Klein SA - Premium Steel and Metals","og_description":"R\u00e9sum\u00e9 D\u00e9nomination Klein: LAW 100 X Classe de m\u00e9taux: Acier de d\u00e9colletage trempable Proc\u00e9d\u00e9 d\u2019\u00e9laboration: m\u00e9tallurgie des poudres Num\u00e9ro [...]","og_url":"https:\/\/www.kleinmetals.ch\/fr\/produkt\/law-100-x\/","og_site_name":"L.Klein SA - Premium Steel and Metals","article_modified_time":"2026-04-22T06:39:13+00:00","og_image":[{"width":1000,"height":1000,"url":"https:\/\/www.kleinmetals.ch\/wp-content\/uploads\/104-1.png","type":"image\/png"}],"twitter_card":"summary_large_image","twitter_misc":{"Dur\u00e9e de lecture estim\u00e9e":"3 minutes"},"schema":{"@context":"https:\/\/schema.org","@graph":[{"@type":"WebPage","@id":"https:\/\/www.kleinmetals.ch\/fr\/produkt\/law-100-x\/","url":"https:\/\/www.kleinmetals.ch\/fr\/produkt\/law-100-x\/","name":"LAW 100 X - L.Klein SA - Premium Steel and Metals","isPartOf":{"@id":"https:\/\/www.kleinmetals.ch\/fr\/#website"},"primaryImageOfPage":{"@id":"https:\/\/www.kleinmetals.ch\/fr\/produkt\/law-100-x\/#primaryimage"},"image":{"@id":"https:\/\/www.kleinmetals.ch\/fr\/produkt\/law-100-x\/#primaryimage"},"thumbnailUrl":"https:\/\/www.kleinmetals.ch\/wp-content\/uploads\/104-1.png","datePublished":"2024-04-08T19:18:59+00:00","dateModified":"2026-04-22T06:39:13+00:00","breadcrumb":{"@id":"https:\/\/www.kleinmetals.ch\/fr\/produkt\/law-100-x\/#breadcrumb"},"inLanguage":"fr-FR","potentialAction":[{"@type":"ReadAction","target":["https:\/\/www.kleinmetals.ch\/fr\/produkt\/law-100-x\/"]}]},{"@type":"ImageObject","inLanguage":"fr-FR","@id":"https:\/\/www.kleinmetals.ch\/fr\/produkt\/law-100-x\/#primaryimage","url":"https:\/\/www.kleinmetals.ch\/wp-content\/uploads\/104-1.png","contentUrl":"https:\/\/www.kleinmetals.ch\/wp-content\/uploads\/104-1.png","width":1000,"height":1000},{"@type":"BreadcrumbList","@id":"https:\/\/www.kleinmetals.ch\/fr\/produkt\/law-100-x\/#breadcrumb","itemListElement":[{"@type":"ListItem","position":1,"name":"Home","item":"https:\/\/www.kleinmetals.ch\/fr\/"},{"@type":"ListItem","position":2,"name":"Produits","item":"https:\/\/www.kleinmetals.ch\/fr\/produits\/"},{"@type":"ListItem","position":3,"name":"LAW 100 X"}]},{"@type":"WebSite","@id":"https:\/\/www.kleinmetals.ch\/fr\/#website","url":"https:\/\/www.kleinmetals.ch\/fr\/","name":"L.Klein AG Edelst\u00e4hle und Metalle","description":"Handel mit hochwertigen Edelst\u00e4hlen und metallischen Rohstoffen","publisher":{"@id":"https:\/\/www.kleinmetals.ch\/fr\/#organization"},"potentialAction":[{"@type":"SearchAction","target":{"@type":"EntryPoint","urlTemplate":"https:\/\/www.kleinmetals.ch\/fr\/?s={search_term_string}"},"query-input":{"@type":"PropertyValueSpecification","valueRequired":true,"valueName":"search_term_string"}}],"inLanguage":"fr-FR"},{"@type":"Organization","@id":"https:\/\/www.kleinmetals.ch\/fr\/#organization","name":"L. Klein SA","url":"https:\/\/www.kleinmetals.ch\/fr\/","logo":{"@type":"ImageObject","inLanguage":"fr-FR","@id":"https:\/\/www.kleinmetals.ch\/fr\/#\/schema\/logo\/image\/","url":"https:\/\/www.kleinmetals.ch\/wp-content\/uploads\/L-Klein-SA-Logo.svg","contentUrl":"https:\/\/www.kleinmetals.ch\/wp-content\/uploads\/L-Klein-SA-Logo.svg","width":275,"height":86,"caption":"L. Klein SA"},"image":{"@id":"https:\/\/www.kleinmetals.ch\/fr\/#\/schema\/logo\/image\/"},"sameAs":["https:\/\/www.linkedin.com\/company\/l.-klein-sa\/"]}]}},"_links":{"self":[{"href":"https:\/\/www.kleinmetals.ch\/fr\/wp-json\/wp\/v2\/product\/165495","targetHints":{"allow":["GET"]}}],"collection":[{"href":"https:\/\/www.kleinmetals.ch\/fr\/wp-json\/wp\/v2\/product"}],"about":[{"href":"https:\/\/www.kleinmetals.ch\/fr\/wp-json\/wp\/v2\/types\/product"}],"wp:featuredmedia":[{"embeddable":true,"href":"https:\/\/www.kleinmetals.ch\/fr\/wp-json\/wp\/v2\/media\/61314"}],"wp:attachment":[{"href":"https:\/\/www.kleinmetals.ch\/fr\/wp-json\/wp\/v2\/media?parent=165495"}],"wp:term":[{"taxonomy":"product_brand","embeddable":true,"href":"https:\/\/www.kleinmetals.ch\/fr\/wp-json\/wp\/v2\/product_brand?post=165495"},{"taxonomy":"product_cat","embeddable":true,"href":"https:\/\/www.kleinmetals.ch\/fr\/wp-json\/wp\/v2\/product_cat?post=165495"},{"taxonomy":"product_tag","embeddable":true,"href":"https:\/\/www.kleinmetals.ch\/fr\/wp-json\/wp\/v2\/product_tag?post=165495"}],"curies":[{"name":"wp","href":"https:\/\/api.w.org\/{rel}","templated":true}]}}