{"id":166004,"date":"2024-04-08T21:28:50","date_gmt":"2024-04-08T19:28:50","guid":{"rendered":"https:\/\/www.kleinmetals.ch\/produkt\/chronifer-465-kl\/"},"modified":"2026-04-25T08:25:55","modified_gmt":"2026-04-25T06:25:55","slug":"chronifer-465-kl","status":"publish","type":"product","link":"https:\/\/www.kleinmetals.ch\/fr\/produkt\/chronifer-465-kl\/","title":{"rendered":"CHRONIFER 465 KL"},"content":{"rendered":"<table border=\"0\" width=\"100%\" cellspacing=\"0\" cellpadding=\"0\">\n<tbody>\n<tr>\n<td><strong>R\u00e9sum\u00e9<\/strong><\/td>\n<td><\/td>\n<\/tr>\n<tr>\n<td><\/td>\n<td><\/td>\n<\/tr>\n<tr>\n<td>D\u00e9signation Klein:<\/td>\n<td>CHRONIFER 465 KL<\/td>\n<\/tr>\n<tr>\n<td valign=\"top\">Classe de m\u00e9taux:<\/td>\n<td>acier \u00e0 durcissement structural<\/td>\n<\/tr>\n<tr>\n<td>Num\u00e9ro mati\u00e8re:<\/td>\n<td>1.4614<\/td>\n<\/tr>\n<tr>\n<td>Norme ASTM:<\/td>\n<td>A 564<\/td>\n<\/tr>\n<tr>\n<td>Elaboration \/ Refusion:<\/td>\n<td>VIM \/ VAR<\/td>\n<\/tr>\n<tr>\n<td>Usinabilit\u00e9:<\/td>\n<td>de passable \u00e0 satisfaisante<\/td>\n<\/tr>\n<tr>\n<td>Capacit\u00e9 de durcissement:<\/td>\n<td>jusqu\u2019\u00e0 57 HRc<\/td>\n<\/tr>\n<tr>\n<td>Aptitude au polissage:<\/td>\n<td>adapt\u00e9 au polissage sp\u00e9culaire<\/td>\n<\/tr>\n<tr>\n<td valign=\"top\">R\u00e9sistance \u00e0 la corrosion:<\/td>\n<td>de passable \u00e0 satisfaisante \u00e0 l\u2019\u00e9tat<br \/>\ndurci, poli et passiv\u00e9<\/td>\n<\/tr>\n<tr>\n<td>Magn\u00e9tisme:<\/td>\n<td>magn\u00e9tique<\/td>\n<\/tr>\n<tr>\n<td>Utilisations:<\/td>\n<td>instruments m\u00e9dicaux, chirurgicaux et<br \/>\ndentaires<\/td>\n<\/tr>\n<\/tbody>\n<\/table>\n<p>&nbsp;<\/p>\n<p>UNS S46500 \/ Chronifer 465 KL, selon la norme ASTM F 899, acier inoxydable \u00e0 durcissement structurale pour instruments m\u00e9dicaux barres<br \/>\n465 KL \/ Custom 465 est disponible en stock sous forme de barres. Chronifer 465 KL, acier pour les instruments m\u00e9dicaux, est un produit de Carpenter Steel sous le nom de marque prot\u00e9g\u00e9e Custom 465.<br \/>\nLa norme ASTM F-899 a d\u00e9j\u00e0 ajout\u00e9 cet acier de haute technologie sous UNS S46500.<\/p>\n<p>Propri\u00e9t\u00e9s de Custom 465 \/ UNS S46500<br \/>\nAvec Custom 465 les tr\u00e8s bonnes propri\u00e9t\u00e9s de Custom 455 ont encore \u00e9t\u00e9 am\u00e9lior\u00e9es. L&rsquo;acier martensitic fondu , de premi\u00e8re qualit\u00e9 \u00e0 durcissement structurale a une capacit\u00e9 de r\u00e9sistance \u00e0 la traction de plus de 1700 MPa (250 ksi) dans l&rsquo;\u00e9tat survieilli H 900.<br \/>\nSa t\u00e9nacit\u00e9 est nettement sup\u00e9rieure \u00e0 celle des autres aciers avec durcissement structural traditionnel et sa r\u00e9sistance \u00e0 la traction est faible. Custom 465 poss\u00e8de une bonne combinaison de r\u00e9sistance \u00e0 la rupture et la r\u00e9sistance \u00e0 la corrosion.<br \/>\nSa r\u00e9sistance \u00e0 la corrosion est presque comme celle d&rsquo;un acier aust\u00e9nitique (18-8 en acier, AISI 304, 1.4301).<\/p>\n<p>Applications de Custom 465 \/ 1.4614<br \/>\nCet alliage est con\u00e7u pour des applications dans le domaine de l&rsquo;excellente r\u00e9sistance \u00e0 la traction et une bonne r\u00e9sistance \u00e0 la rupture pour les instruments m\u00e9dicaux.<br \/>\nCustom 465 r\u00e9pond aux exigences \u00e9lev\u00e9es sur les mat\u00e9riaux, qui sont n\u00e9cessaires dans la technologie m\u00e9dicale.<br \/>\nIl est utilis\u00e9 pour la production d&rsquo;instruments chirurgicaux endoscopiques et pour instruments dentaires, les aiguilles, les fils d&rsquo;aiguille et d&rsquo;autres instruments de petit diam\u00e8tre.<\/p>\n","protected":false},"excerpt":{"rendered":"<p>R\u00e9sum\u00e9 D\u00e9signation Klein: CHRONIFER 465 KL Classe de m\u00e9taux: acier \u00e0 durcissement structural Num\u00e9ro mati\u00e8re: 1.4614 Norme ASTM: A  [&#8230;]<\/p>\n","protected":false},"featured_media":61191,"template":"","meta":{"_acf_changed":false,"inline_featured_image":false},"product_brand":[],"product_cat":[846,838,1037,840,854,842],"product_tag":[],"class_list":{"0":"post-166004","1":"product","2":"type-product","3":"status-publish","4":"has-post-thumbnail","6":"product_cat-acier-inoxydable","7":"product_cat-acier-medical","8":"product_cat-aeronautique","9":"product_cat-instruments-fr","10":"product_cat-martensitique-durcissement-structural","11":"product_cat-outils-a-couper","12":"pa_ausfuehrung-meule","13":"pa_ausfuehrung-spez","14":"pa_ausfuehrung-2-longueurs-spec","15":"pa_ausfuehrung-2-staebe-3m","16":"pa_durchmesser-44-750","17":"pa_durchmesser-1-500","18":"pa_durchmesser-1-570","19":"pa_durchmesser-10-000","20":"pa_durchmesser-107-950","21":"pa_durchmesser-11-000","22":"pa_durchmesser-11-110","23":"pa_durchmesser-12-000","24":"pa_durchmesser-12-700","25":"pa_durchmesser-13-000","26":"pa_durchmesser-14-000","27":"pa_durchmesser-14-200","28":"pa_durchmesser-15-000","29":"pa_durchmesser-15-870","30":"pa_durchmesser-16-000","31":"pa_durchmesser-17-000","32":"pa_durchmesser-18-000","33":"pa_durchmesser-19-050","34":"pa_durchmesser-2-500","35":"pa_durchmesser-20-000","36":"pa_durchmesser-21-000","37":"pa_durchmesser-22-000","38":"pa_durchmesser-23-000","39":"pa_durchmesser-24-000","40":"pa_durchmesser-25-400","41":"pa_durchmesser-26-000","42":"pa_durchmesser-27-000","43":"pa_durchmesser-28-000","44":"pa_durchmesser-29-000","45":"pa_durchmesser-3-000","46":"pa_durchmesser-3-175","47":"pa_durchmesser-3-500","48":"pa_durchmesser-30-000","49":"pa_durchmesser-31-750","50":"pa_durchmesser-32-000","51":"pa_durchmesser-33-000","52":"pa_durchmesser-34-000","53":"pa_durchmesser-35-000","54":"pa_durchmesser-36-000","55":"pa_durchmesser-38-100","56":"pa_durchmesser-4-000","57":"pa_durchmesser-4-500","58":"pa_durchmesser-4-760","59":"pa_durchmesser-40-000","60":"pa_durchmesser-43-000","61":"pa_durchmesser-44-700","62":"pa_durchmesser-45-000","63":"pa_durchmesser-48-000","64":"pa_durchmesser-5-000","65":"pa_durchmesser-5-500","66":"pa_durchmesser-50-800","67":"pa_durchmesser-52-000","68":"pa_durchmesser-57-150","69":"pa_durchmesser-6-000","70":"pa_durchmesser-6-350","71":"pa_durchmesser-6-500","72":"pa_durchmesser-60-000","73":"pa_durchmesser-63-500","74":"pa_durchmesser-7-000","75":"pa_durchmesser-7-930","76":"pa_durchmesser-70-000","77":"pa_durchmesser-72-000","78":"pa_durchmesser-75-000","79":"pa_durchmesser-76-200","80":"pa_durchmesser-8-000","81":"pa_durchmesser-8-100","82":"pa_durchmesser-8-500","83":"pa_durchmesser-80-000","84":"pa_durchmesser-88-900","85":"pa_durchmesser-9-000","86":"pa_durchmesser-9-520","87":"pa_durchmesser-9-530","88":"pa_durchmesser-95-000","89":"pa_toleranz-h-5","90":"pa_toleranz-spec","92":"first","93":"instock","94":"purchasable","95":"product-type-variable"},"acf":[],"yoast_head":"<!-- This site is optimized with the Yoast SEO plugin v27.4 - https:\/\/yoast.com\/product\/yoast-seo-wordpress\/ -->\n<title>CHRONIFER 465 KL - L.Klein SA - Premium Steel and Metals<\/title>\n<meta name=\"robots\" content=\"index, follow, max-snippet:-1, max-image-preview:large, max-video-preview:-1\" \/>\n<link rel=\"canonical\" href=\"https:\/\/www.kleinmetals.ch\/fr\/produkt\/chronifer-465-kl\/\" \/>\n<meta property=\"og:locale\" content=\"fr_FR\" \/>\n<meta property=\"og:type\" content=\"article\" \/>\n<meta property=\"og:title\" content=\"CHRONIFER 465 KL - L.Klein SA - Premium Steel and Metals\" \/>\n<meta property=\"og:description\" content=\"R\u00e9sum\u00e9 D\u00e9signation Klein: CHRONIFER 465 KL Classe de m\u00e9taux: acier \u00e0 durcissement structural Num\u00e9ro mati\u00e8re: 1.4614 Norme ASTM: A [...]\" \/>\n<meta property=\"og:url\" content=\"https:\/\/www.kleinmetals.ch\/fr\/produkt\/chronifer-465-kl\/\" \/>\n<meta property=\"og:site_name\" content=\"L.Klein SA - Premium Steel and Metals\" \/>\n<meta property=\"article:modified_time\" content=\"2026-04-25T06:25:55+00:00\" \/>\n<meta property=\"og:image\" content=\"https:\/\/www.kleinmetals.ch\/wp-content\/uploads\/515.png\" \/>\n\t<meta property=\"og:image:width\" content=\"1000\" \/>\n\t<meta property=\"og:image:height\" content=\"1000\" \/>\n\t<meta property=\"og:image:type\" content=\"image\/png\" \/>\n<meta name=\"twitter:card\" content=\"summary_large_image\" \/>\n<meta name=\"twitter:label1\" content=\"Dur\u00e9e de lecture estim\u00e9e\" \/>\n\t<meta name=\"twitter:data1\" content=\"2 minutes\" \/>\n<script type=\"application\/ld+json\" class=\"yoast-schema-graph\">{\"@context\":\"https:\\\/\\\/schema.org\",\"@graph\":[{\"@type\":\"WebPage\",\"@id\":\"https:\\\/\\\/www.kleinmetals.ch\\\/fr\\\/produkt\\\/chronifer-465-kl\\\/\",\"url\":\"https:\\\/\\\/www.kleinmetals.ch\\\/fr\\\/produkt\\\/chronifer-465-kl\\\/\",\"name\":\"CHRONIFER 465 KL - L.Klein SA - Premium Steel and Metals\",\"isPartOf\":{\"@id\":\"https:\\\/\\\/www.kleinmetals.ch\\\/fr\\\/#website\"},\"primaryImageOfPage\":{\"@id\":\"https:\\\/\\\/www.kleinmetals.ch\\\/fr\\\/produkt\\\/chronifer-465-kl\\\/#primaryimage\"},\"image\":{\"@id\":\"https:\\\/\\\/www.kleinmetals.ch\\\/fr\\\/produkt\\\/chronifer-465-kl\\\/#primaryimage\"},\"thumbnailUrl\":\"https:\\\/\\\/www.kleinmetals.ch\\\/wp-content\\\/uploads\\\/515.png\",\"datePublished\":\"2024-04-08T19:28:50+00:00\",\"dateModified\":\"2026-04-25T06:25:55+00:00\",\"breadcrumb\":{\"@id\":\"https:\\\/\\\/www.kleinmetals.ch\\\/fr\\\/produkt\\\/chronifer-465-kl\\\/#breadcrumb\"},\"inLanguage\":\"fr-FR\",\"potentialAction\":[{\"@type\":\"ReadAction\",\"target\":[\"https:\\\/\\\/www.kleinmetals.ch\\\/fr\\\/produkt\\\/chronifer-465-kl\\\/\"]}]},{\"@type\":\"ImageObject\",\"inLanguage\":\"fr-FR\",\"@id\":\"https:\\\/\\\/www.kleinmetals.ch\\\/fr\\\/produkt\\\/chronifer-465-kl\\\/#primaryimage\",\"url\":\"https:\\\/\\\/www.kleinmetals.ch\\\/wp-content\\\/uploads\\\/515.png\",\"contentUrl\":\"https:\\\/\\\/www.kleinmetals.ch\\\/wp-content\\\/uploads\\\/515.png\",\"width\":1000,\"height\":1000},{\"@type\":\"BreadcrumbList\",\"@id\":\"https:\\\/\\\/www.kleinmetals.ch\\\/fr\\\/produkt\\\/chronifer-465-kl\\\/#breadcrumb\",\"itemListElement\":[{\"@type\":\"ListItem\",\"position\":1,\"name\":\"Home\",\"item\":\"https:\\\/\\\/www.kleinmetals.ch\\\/fr\\\/\"},{\"@type\":\"ListItem\",\"position\":2,\"name\":\"Produits\",\"item\":\"https:\\\/\\\/www.kleinmetals.ch\\\/fr\\\/produits\\\/\"},{\"@type\":\"ListItem\",\"position\":3,\"name\":\"CHRONIFER 465 KL\"}]},{\"@type\":\"WebSite\",\"@id\":\"https:\\\/\\\/www.kleinmetals.ch\\\/fr\\\/#website\",\"url\":\"https:\\\/\\\/www.kleinmetals.ch\\\/fr\\\/\",\"name\":\"L.Klein AG Edelst\u00e4hle und Metalle\",\"description\":\"Handel mit hochwertigen Edelst\u00e4hlen und metallischen Rohstoffen\",\"publisher\":{\"@id\":\"https:\\\/\\\/www.kleinmetals.ch\\\/fr\\\/#organization\"},\"potentialAction\":[{\"@type\":\"SearchAction\",\"target\":{\"@type\":\"EntryPoint\",\"urlTemplate\":\"https:\\\/\\\/www.kleinmetals.ch\\\/fr\\\/?s={search_term_string}\"},\"query-input\":{\"@type\":\"PropertyValueSpecification\",\"valueRequired\":true,\"valueName\":\"search_term_string\"}}],\"inLanguage\":\"fr-FR\"},{\"@type\":\"Organization\",\"@id\":\"https:\\\/\\\/www.kleinmetals.ch\\\/fr\\\/#organization\",\"name\":\"L. Klein SA\",\"url\":\"https:\\\/\\\/www.kleinmetals.ch\\\/fr\\\/\",\"logo\":{\"@type\":\"ImageObject\",\"inLanguage\":\"fr-FR\",\"@id\":\"https:\\\/\\\/www.kleinmetals.ch\\\/fr\\\/#\\\/schema\\\/logo\\\/image\\\/\",\"url\":\"https:\\\/\\\/www.kleinmetals.ch\\\/wp-content\\\/uploads\\\/L-Klein-SA-Logo.svg\",\"contentUrl\":\"https:\\\/\\\/www.kleinmetals.ch\\\/wp-content\\\/uploads\\\/L-Klein-SA-Logo.svg\",\"width\":275,\"height\":86,\"caption\":\"L. Klein SA\"},\"image\":{\"@id\":\"https:\\\/\\\/www.kleinmetals.ch\\\/fr\\\/#\\\/schema\\\/logo\\\/image\\\/\"},\"sameAs\":[\"https:\\\/\\\/www.linkedin.com\\\/company\\\/l.-klein-sa\\\/\"]}]}<\/script>\n<!-- \/ Yoast SEO plugin. -->","yoast_head_json":{"title":"CHRONIFER 465 KL - L.Klein SA - Premium Steel and Metals","robots":{"index":"index","follow":"follow","max-snippet":"max-snippet:-1","max-image-preview":"max-image-preview:large","max-video-preview":"max-video-preview:-1"},"canonical":"https:\/\/www.kleinmetals.ch\/fr\/produkt\/chronifer-465-kl\/","og_locale":"fr_FR","og_type":"article","og_title":"CHRONIFER 465 KL - L.Klein SA - Premium Steel and Metals","og_description":"R\u00e9sum\u00e9 D\u00e9signation Klein: CHRONIFER 465 KL Classe de m\u00e9taux: acier \u00e0 durcissement structural Num\u00e9ro mati\u00e8re: 1.4614 Norme ASTM: A [...]","og_url":"https:\/\/www.kleinmetals.ch\/fr\/produkt\/chronifer-465-kl\/","og_site_name":"L.Klein SA - Premium Steel and Metals","article_modified_time":"2026-04-25T06:25:55+00:00","og_image":[{"width":1000,"height":1000,"url":"https:\/\/www.kleinmetals.ch\/wp-content\/uploads\/515.png","type":"image\/png"}],"twitter_card":"summary_large_image","twitter_misc":{"Dur\u00e9e de lecture estim\u00e9e":"2 minutes"},"schema":{"@context":"https:\/\/schema.org","@graph":[{"@type":"WebPage","@id":"https:\/\/www.kleinmetals.ch\/fr\/produkt\/chronifer-465-kl\/","url":"https:\/\/www.kleinmetals.ch\/fr\/produkt\/chronifer-465-kl\/","name":"CHRONIFER 465 KL - L.Klein SA - Premium Steel and Metals","isPartOf":{"@id":"https:\/\/www.kleinmetals.ch\/fr\/#website"},"primaryImageOfPage":{"@id":"https:\/\/www.kleinmetals.ch\/fr\/produkt\/chronifer-465-kl\/#primaryimage"},"image":{"@id":"https:\/\/www.kleinmetals.ch\/fr\/produkt\/chronifer-465-kl\/#primaryimage"},"thumbnailUrl":"https:\/\/www.kleinmetals.ch\/wp-content\/uploads\/515.png","datePublished":"2024-04-08T19:28:50+00:00","dateModified":"2026-04-25T06:25:55+00:00","breadcrumb":{"@id":"https:\/\/www.kleinmetals.ch\/fr\/produkt\/chronifer-465-kl\/#breadcrumb"},"inLanguage":"fr-FR","potentialAction":[{"@type":"ReadAction","target":["https:\/\/www.kleinmetals.ch\/fr\/produkt\/chronifer-465-kl\/"]}]},{"@type":"ImageObject","inLanguage":"fr-FR","@id":"https:\/\/www.kleinmetals.ch\/fr\/produkt\/chronifer-465-kl\/#primaryimage","url":"https:\/\/www.kleinmetals.ch\/wp-content\/uploads\/515.png","contentUrl":"https:\/\/www.kleinmetals.ch\/wp-content\/uploads\/515.png","width":1000,"height":1000},{"@type":"BreadcrumbList","@id":"https:\/\/www.kleinmetals.ch\/fr\/produkt\/chronifer-465-kl\/#breadcrumb","itemListElement":[{"@type":"ListItem","position":1,"name":"Home","item":"https:\/\/www.kleinmetals.ch\/fr\/"},{"@type":"ListItem","position":2,"name":"Produits","item":"https:\/\/www.kleinmetals.ch\/fr\/produits\/"},{"@type":"ListItem","position":3,"name":"CHRONIFER 465 KL"}]},{"@type":"WebSite","@id":"https:\/\/www.kleinmetals.ch\/fr\/#website","url":"https:\/\/www.kleinmetals.ch\/fr\/","name":"L.Klein AG Edelst\u00e4hle und Metalle","description":"Handel mit hochwertigen Edelst\u00e4hlen und metallischen Rohstoffen","publisher":{"@id":"https:\/\/www.kleinmetals.ch\/fr\/#organization"},"potentialAction":[{"@type":"SearchAction","target":{"@type":"EntryPoint","urlTemplate":"https:\/\/www.kleinmetals.ch\/fr\/?s={search_term_string}"},"query-input":{"@type":"PropertyValueSpecification","valueRequired":true,"valueName":"search_term_string"}}],"inLanguage":"fr-FR"},{"@type":"Organization","@id":"https:\/\/www.kleinmetals.ch\/fr\/#organization","name":"L. Klein SA","url":"https:\/\/www.kleinmetals.ch\/fr\/","logo":{"@type":"ImageObject","inLanguage":"fr-FR","@id":"https:\/\/www.kleinmetals.ch\/fr\/#\/schema\/logo\/image\/","url":"https:\/\/www.kleinmetals.ch\/wp-content\/uploads\/L-Klein-SA-Logo.svg","contentUrl":"https:\/\/www.kleinmetals.ch\/wp-content\/uploads\/L-Klein-SA-Logo.svg","width":275,"height":86,"caption":"L. Klein SA"},"image":{"@id":"https:\/\/www.kleinmetals.ch\/fr\/#\/schema\/logo\/image\/"},"sameAs":["https:\/\/www.linkedin.com\/company\/l.-klein-sa\/"]}]}},"_links":{"self":[{"href":"https:\/\/www.kleinmetals.ch\/fr\/wp-json\/wp\/v2\/product\/166004","targetHints":{"allow":["GET"]}}],"collection":[{"href":"https:\/\/www.kleinmetals.ch\/fr\/wp-json\/wp\/v2\/product"}],"about":[{"href":"https:\/\/www.kleinmetals.ch\/fr\/wp-json\/wp\/v2\/types\/product"}],"wp:featuredmedia":[{"embeddable":true,"href":"https:\/\/www.kleinmetals.ch\/fr\/wp-json\/wp\/v2\/media\/61191"}],"wp:attachment":[{"href":"https:\/\/www.kleinmetals.ch\/fr\/wp-json\/wp\/v2\/media?parent=166004"}],"wp:term":[{"taxonomy":"product_brand","embeddable":true,"href":"https:\/\/www.kleinmetals.ch\/fr\/wp-json\/wp\/v2\/product_brand?post=166004"},{"taxonomy":"product_cat","embeddable":true,"href":"https:\/\/www.kleinmetals.ch\/fr\/wp-json\/wp\/v2\/product_cat?post=166004"},{"taxonomy":"product_tag","embeddable":true,"href":"https:\/\/www.kleinmetals.ch\/fr\/wp-json\/wp\/v2\/product_tag?post=166004"}],"curies":[{"name":"wp","href":"https:\/\/api.w.org\/{rel}","templated":true}]}}