{"id":166776,"date":"2024-04-08T21:46:04","date_gmt":"2024-04-08T19:46:04","guid":{"rendered":"https:\/\/www.kleinmetals.ch\/produkt\/chronifer-m-15-x-band\/"},"modified":"2026-04-22T07:25:14","modified_gmt":"2026-04-22T05:25:14","slug":"chronifer-m-15-x-band","status":"publish","type":"product","link":"https:\/\/www.kleinmetals.ch\/fr\/produkt\/chronifer-m-15-x-band\/","title":{"rendered":"CHRONIFER M-15  X,  Band"},"content":{"rendered":"<p><strong>R\u00e9sum\u00e9<\/strong><\/p>\n<table border=\"0\" width=\"100%\" cellspacing=\"0\" cellpadding=\"0\">\n<tbody>\n<tr>\n<td>D\u00e9nomination Klein:<\/td>\n<td>CHRONIFER M-15 X, Band<\/td>\n<\/tr>\n<tr>\n<td valign=\"top\">Classe de m\u00e9taux:<\/td>\n<td>Acier inoxydable martensitique<br \/>\ntrempable<\/td>\n<\/tr>\n<tr>\n<td valign=\"top\">Technologie de production:<\/td>\n<td>M\u00e9tallurgie des poudres Micro-Melt\u00ae<\/td>\n<\/tr>\n<tr>\n<td valign=\"top\">Num\u00e9ro mati\u00e8re:<\/td>\n<td>1.4057 (X Micro-Melt\u00ae)<\/td>\n<\/tr>\n<tr>\n<td>Norme AISI:<\/td>\n<td>~ 1095<\/td>\n<\/tr>\n<tr>\n<td valign=\"top\">Elaboration:<\/td>\n<td>VIM<\/td>\n<\/tr>\n<tr>\n<td>Fusion:<\/td>\n<td>VIM MicroMelt\u00ae<\/td>\n<\/tr>\n<tr>\n<td>Usinabilit\u00e9:<\/td>\n<td>bonne<\/td>\n<\/tr>\n<tr>\n<td>Capacit\u00e9 de durcissement:<\/td>\n<td>jusqu\u2019\u00e0 56 HRc<\/td>\n<\/tr>\n<tr>\n<td>Formage:<\/td>\n<td>peut \u00eatre form\u00e9 \u00e0 froid<\/td>\n<\/tr>\n<tr>\n<td valign=\"top\">Aptitude au polissage:<\/td>\n<td>excellente<\/td>\n<\/tr>\n<tr>\n<td>Magn\u00e9tisme:<\/td>\n<td>ferromagn\u00e9tique<\/td>\n<\/tr>\n<tr>\n<td valign=\"top\">R\u00e9sistance \u00e0 la corrosion:<\/td>\n<td>satisfaisante \u00e0 bonne<\/td>\n<\/tr>\n<tr>\n<td valign=\"top\">Utilisations:<\/td>\n<td>Pi\u00e8ces pour mouvements horlogers, barquettes d\u2019usinage, micror\u00e9acteurs chimiques et pi\u00e8ces pour de nombreuses branches de l\u2019industrie<\/td>\n<\/tr>\n<\/tbody>\n<\/table>\n<p>&nbsp;<\/p>\n<p>M\u00e9taux pour l\u2019horlogerie r\u00e9sistant \u00e0 la corrosion pouvant \u00eatre durcis.<\/p>\n","protected":false},"excerpt":{"rendered":"<p>R\u00e9sum\u00e9 D\u00e9nomination Klein: CHRONIFER M-15 X, Band Classe de m\u00e9taux: Acier inoxydable martensitique trempable Technologie de production: M\u00e9tallurgie des  [&#8230;]<\/p>\n","protected":false},"featured_media":0,"template":"","meta":{"_acf_changed":false,"inline_featured_image":false},"product_brand":[],"product_cat":[846,838,840,852,864,842,844,868],"product_tag":[],"class_list":{"0":"post-166776","1":"product","2":"type-product","3":"status-publish","5":"product_cat-acier-inoxydable","6":"product_cat-acier-medical","7":"product_cat-instruments-fr","8":"product_cat-martensitique","9":"product_cat-materiaux-horlogerie","10":"product_cat-outils-a-couper","11":"product_cat-nouveaux-produits","12":"product_cat-trempable-inoxydable","13":"pa_ausfuehrung-lamine","14":"pa_ausfuehrung-2-blech","15":"pa_ausfuehrung-2-en-tole","16":"pa_ausfuehrung-2-rouleaux","17":"pa_durchmesser-0-300","18":"pa_durchmesser-0-500","19":"pa_durchmesser-0-800","20":"pa_durchmesser-1-200","21":"pa_durchmesser-1-360","22":"pa_durchmesser-2-464","23":"pa_toleranz-spec","25":"first","26":"instock","27":"purchasable","28":"product-type-variable"},"acf":[],"yoast_head":"<!-- This site is optimized with the Yoast SEO plugin v27.4 - https:\/\/yoast.com\/product\/yoast-seo-wordpress\/ -->\n<title>CHRONIFER M-15 X, Band - L.Klein SA - Premium Steel and Metals<\/title>\n<meta name=\"robots\" content=\"index, follow, max-snippet:-1, max-image-preview:large, max-video-preview:-1\" \/>\n<link rel=\"canonical\" href=\"https:\/\/www.kleinmetals.ch\/fr\/produkt\/chronifer-m-15-x-band\/\" \/>\n<meta property=\"og:locale\" content=\"fr_FR\" \/>\n<meta property=\"og:type\" content=\"article\" \/>\n<meta property=\"og:title\" content=\"CHRONIFER M-15 X, Band - L.Klein SA - Premium Steel and Metals\" \/>\n<meta property=\"og:description\" content=\"R\u00e9sum\u00e9 D\u00e9nomination Klein: CHRONIFER M-15 X, Band Classe de m\u00e9taux: Acier inoxydable martensitique trempable Technologie de production: M\u00e9tallurgie des [...]\" \/>\n<meta property=\"og:url\" content=\"https:\/\/www.kleinmetals.ch\/fr\/produkt\/chronifer-m-15-x-band\/\" \/>\n<meta property=\"og:site_name\" content=\"L.Klein SA - Premium Steel and Metals\" \/>\n<meta property=\"article:modified_time\" content=\"2026-04-22T05:25:14+00:00\" \/>\n<meta property=\"og:image\" content=\"https:\/\/www.kleinmetals.ch\/wp-content\/uploads\/l-klein-sa-1.png\" \/>\n\t<meta property=\"og:image:width\" content=\"1078\" \/>\n\t<meta property=\"og:image:height\" content=\"674\" \/>\n\t<meta property=\"og:image:type\" content=\"image\/png\" \/>\n<meta name=\"twitter:card\" content=\"summary_large_image\" \/>\n<meta name=\"twitter:label1\" content=\"Dur\u00e9e de lecture estim\u00e9e\" \/>\n\t<meta name=\"twitter:data1\" content=\"1 minute\" \/>\n<script type=\"application\/ld+json\" class=\"yoast-schema-graph\">{\"@context\":\"https:\\\/\\\/schema.org\",\"@graph\":[{\"@type\":\"WebPage\",\"@id\":\"https:\\\/\\\/www.kleinmetals.ch\\\/fr\\\/produkt\\\/chronifer-m-15-x-band\\\/\",\"url\":\"https:\\\/\\\/www.kleinmetals.ch\\\/fr\\\/produkt\\\/chronifer-m-15-x-band\\\/\",\"name\":\"CHRONIFER M-15 X, Band - L.Klein SA - Premium Steel and Metals\",\"isPartOf\":{\"@id\":\"https:\\\/\\\/www.kleinmetals.ch\\\/fr\\\/#website\"},\"datePublished\":\"2024-04-08T19:46:04+00:00\",\"dateModified\":\"2026-04-22T05:25:14+00:00\",\"breadcrumb\":{\"@id\":\"https:\\\/\\\/www.kleinmetals.ch\\\/fr\\\/produkt\\\/chronifer-m-15-x-band\\\/#breadcrumb\"},\"inLanguage\":\"fr-FR\",\"potentialAction\":[{\"@type\":\"ReadAction\",\"target\":[\"https:\\\/\\\/www.kleinmetals.ch\\\/fr\\\/produkt\\\/chronifer-m-15-x-band\\\/\"]}]},{\"@type\":\"BreadcrumbList\",\"@id\":\"https:\\\/\\\/www.kleinmetals.ch\\\/fr\\\/produkt\\\/chronifer-m-15-x-band\\\/#breadcrumb\",\"itemListElement\":[{\"@type\":\"ListItem\",\"position\":1,\"name\":\"Home\",\"item\":\"https:\\\/\\\/www.kleinmetals.ch\\\/fr\\\/\"},{\"@type\":\"ListItem\",\"position\":2,\"name\":\"Produits\",\"item\":\"https:\\\/\\\/www.kleinmetals.ch\\\/fr\\\/produits\\\/\"},{\"@type\":\"ListItem\",\"position\":3,\"name\":\"CHRONIFER M-15 X, Band\"}]},{\"@type\":\"WebSite\",\"@id\":\"https:\\\/\\\/www.kleinmetals.ch\\\/fr\\\/#website\",\"url\":\"https:\\\/\\\/www.kleinmetals.ch\\\/fr\\\/\",\"name\":\"L.Klein AG Edelst\u00e4hle und Metalle\",\"description\":\"Handel mit hochwertigen Edelst\u00e4hlen und metallischen Rohstoffen\",\"publisher\":{\"@id\":\"https:\\\/\\\/www.kleinmetals.ch\\\/fr\\\/#organization\"},\"potentialAction\":[{\"@type\":\"SearchAction\",\"target\":{\"@type\":\"EntryPoint\",\"urlTemplate\":\"https:\\\/\\\/www.kleinmetals.ch\\\/fr\\\/?s={search_term_string}\"},\"query-input\":{\"@type\":\"PropertyValueSpecification\",\"valueRequired\":true,\"valueName\":\"search_term_string\"}}],\"inLanguage\":\"fr-FR\"},{\"@type\":\"Organization\",\"@id\":\"https:\\\/\\\/www.kleinmetals.ch\\\/fr\\\/#organization\",\"name\":\"L. Klein SA\",\"url\":\"https:\\\/\\\/www.kleinmetals.ch\\\/fr\\\/\",\"logo\":{\"@type\":\"ImageObject\",\"inLanguage\":\"fr-FR\",\"@id\":\"https:\\\/\\\/www.kleinmetals.ch\\\/fr\\\/#\\\/schema\\\/logo\\\/image\\\/\",\"url\":\"https:\\\/\\\/www.kleinmetals.ch\\\/wp-content\\\/uploads\\\/L-Klein-SA-Logo.svg\",\"contentUrl\":\"https:\\\/\\\/www.kleinmetals.ch\\\/wp-content\\\/uploads\\\/L-Klein-SA-Logo.svg\",\"width\":275,\"height\":86,\"caption\":\"L. Klein SA\"},\"image\":{\"@id\":\"https:\\\/\\\/www.kleinmetals.ch\\\/fr\\\/#\\\/schema\\\/logo\\\/image\\\/\"},\"sameAs\":[\"https:\\\/\\\/www.linkedin.com\\\/company\\\/l.-klein-sa\\\/\"]}]}<\/script>\n<!-- \/ Yoast SEO plugin. -->","yoast_head_json":{"title":"CHRONIFER M-15 X, Band - L.Klein SA - Premium Steel and Metals","robots":{"index":"index","follow":"follow","max-snippet":"max-snippet:-1","max-image-preview":"max-image-preview:large","max-video-preview":"max-video-preview:-1"},"canonical":"https:\/\/www.kleinmetals.ch\/fr\/produkt\/chronifer-m-15-x-band\/","og_locale":"fr_FR","og_type":"article","og_title":"CHRONIFER M-15 X, Band - L.Klein SA - Premium Steel and Metals","og_description":"R\u00e9sum\u00e9 D\u00e9nomination Klein: CHRONIFER M-15 X, Band Classe de m\u00e9taux: Acier inoxydable martensitique trempable Technologie de production: M\u00e9tallurgie des [...]","og_url":"https:\/\/www.kleinmetals.ch\/fr\/produkt\/chronifer-m-15-x-band\/","og_site_name":"L.Klein SA - Premium Steel and Metals","article_modified_time":"2026-04-22T05:25:14+00:00","og_image":[{"width":1078,"height":674,"url":"https:\/\/www.kleinmetals.ch\/wp-content\/uploads\/l-klein-sa-1.png","type":"image\/png"}],"twitter_card":"summary_large_image","twitter_misc":{"Dur\u00e9e de lecture estim\u00e9e":"1 minute"},"schema":{"@context":"https:\/\/schema.org","@graph":[{"@type":"WebPage","@id":"https:\/\/www.kleinmetals.ch\/fr\/produkt\/chronifer-m-15-x-band\/","url":"https:\/\/www.kleinmetals.ch\/fr\/produkt\/chronifer-m-15-x-band\/","name":"CHRONIFER M-15 X, Band - L.Klein SA - Premium Steel and Metals","isPartOf":{"@id":"https:\/\/www.kleinmetals.ch\/fr\/#website"},"datePublished":"2024-04-08T19:46:04+00:00","dateModified":"2026-04-22T05:25:14+00:00","breadcrumb":{"@id":"https:\/\/www.kleinmetals.ch\/fr\/produkt\/chronifer-m-15-x-band\/#breadcrumb"},"inLanguage":"fr-FR","potentialAction":[{"@type":"ReadAction","target":["https:\/\/www.kleinmetals.ch\/fr\/produkt\/chronifer-m-15-x-band\/"]}]},{"@type":"BreadcrumbList","@id":"https:\/\/www.kleinmetals.ch\/fr\/produkt\/chronifer-m-15-x-band\/#breadcrumb","itemListElement":[{"@type":"ListItem","position":1,"name":"Home","item":"https:\/\/www.kleinmetals.ch\/fr\/"},{"@type":"ListItem","position":2,"name":"Produits","item":"https:\/\/www.kleinmetals.ch\/fr\/produits\/"},{"@type":"ListItem","position":3,"name":"CHRONIFER M-15 X, Band"}]},{"@type":"WebSite","@id":"https:\/\/www.kleinmetals.ch\/fr\/#website","url":"https:\/\/www.kleinmetals.ch\/fr\/","name":"L.Klein AG Edelst\u00e4hle und Metalle","description":"Handel mit hochwertigen Edelst\u00e4hlen und metallischen Rohstoffen","publisher":{"@id":"https:\/\/www.kleinmetals.ch\/fr\/#organization"},"potentialAction":[{"@type":"SearchAction","target":{"@type":"EntryPoint","urlTemplate":"https:\/\/www.kleinmetals.ch\/fr\/?s={search_term_string}"},"query-input":{"@type":"PropertyValueSpecification","valueRequired":true,"valueName":"search_term_string"}}],"inLanguage":"fr-FR"},{"@type":"Organization","@id":"https:\/\/www.kleinmetals.ch\/fr\/#organization","name":"L. Klein SA","url":"https:\/\/www.kleinmetals.ch\/fr\/","logo":{"@type":"ImageObject","inLanguage":"fr-FR","@id":"https:\/\/www.kleinmetals.ch\/fr\/#\/schema\/logo\/image\/","url":"https:\/\/www.kleinmetals.ch\/wp-content\/uploads\/L-Klein-SA-Logo.svg","contentUrl":"https:\/\/www.kleinmetals.ch\/wp-content\/uploads\/L-Klein-SA-Logo.svg","width":275,"height":86,"caption":"L. Klein SA"},"image":{"@id":"https:\/\/www.kleinmetals.ch\/fr\/#\/schema\/logo\/image\/"},"sameAs":["https:\/\/www.linkedin.com\/company\/l.-klein-sa\/"]}]}},"_links":{"self":[{"href":"https:\/\/www.kleinmetals.ch\/fr\/wp-json\/wp\/v2\/product\/166776","targetHints":{"allow":["GET"]}}],"collection":[{"href":"https:\/\/www.kleinmetals.ch\/fr\/wp-json\/wp\/v2\/product"}],"about":[{"href":"https:\/\/www.kleinmetals.ch\/fr\/wp-json\/wp\/v2\/types\/product"}],"wp:attachment":[{"href":"https:\/\/www.kleinmetals.ch\/fr\/wp-json\/wp\/v2\/media?parent=166776"}],"wp:term":[{"taxonomy":"product_brand","embeddable":true,"href":"https:\/\/www.kleinmetals.ch\/fr\/wp-json\/wp\/v2\/product_brand?post=166776"},{"taxonomy":"product_cat","embeddable":true,"href":"https:\/\/www.kleinmetals.ch\/fr\/wp-json\/wp\/v2\/product_cat?post=166776"},{"taxonomy":"product_tag","embeddable":true,"href":"https:\/\/www.kleinmetals.ch\/fr\/wp-json\/wp\/v2\/product_tag?post=166776"}],"curies":[{"name":"wp","href":"https:\/\/api.w.org\/{rel}","templated":true}]}}