{"id":174948,"date":"2024-07-14T20:48:04","date_gmt":"2024-07-14T18:48:04","guid":{"rendered":"https:\/\/www.kleinmetals.ch\/produkt\/ck75pb-notz-15p-band\/"},"modified":"2026-04-17T07:33:26","modified_gmt":"2026-04-17T05:33:26","slug":"ck75pb-notz-15p-band","status":"publish","type":"product","link":"https:\/\/www.kleinmetals.ch\/fr\/produkt\/ck75pb-notz-15p-band\/","title":{"rendered":"Ck75Pb (Notz 15P) Band"},"content":{"rendered":"<p><strong>R\u00e9sum\u00e9<\/strong><\/p>\n<table border=\"0\" width=\"100%\" cellspacing=\"0\" cellpadding=\"0\">\n<tbody>\n<tr>\n<td>D\u00e9nomination Klein:<\/td>\n<td>Ck75Pb (Notz 15P) Band<\/td>\n<\/tr>\n<tr>\n<td valign=\"top\">Classe de m\u00e9taux:<\/td>\n<td><\/td>\n<\/tr>\n<tr>\n<td valign=\"top\">Num\u00e9ro mati\u00e8re:<\/td>\n<td><\/td>\n<\/tr>\n<tr>\n<td>Norme EN:<\/td>\n<td><\/td>\n<\/tr>\n<tr>\n<td>RoHS 2 \u2013 2011\/65\/EU:<\/td>\n<td><\/td>\n<\/tr>\n<tr>\n<td>Usinabilit\u00e9:<\/td>\n<td><\/td>\n<\/tr>\n<tr>\n<td>Capacit\u00e9 de durcissement:<\/td>\n<td><\/td>\n<\/tr>\n<tr>\n<td valign=\"top\">Formage:<\/td>\n<td><\/td>\n<\/tr>\n<tr>\n<td valign=\"top\">Ecrouissage:<\/td>\n<td><\/td>\n<\/tr>\n<tr>\n<td valign=\"top\">Aptitude au polissage:<\/td>\n<td><\/td>\n<\/tr>\n<tr>\n<td>Magn\u00e9tisme:<\/td>\n<td><\/td>\n<\/tr>\n<tr>\n<td valign=\"top\">R\u00e9sistance \u00e0 la corrosion:<\/td>\n<td><\/td>\n<\/tr>\n<tr>\n<td valign=\"top\">Utilisations:<\/td>\n<td><\/td>\n<\/tr>\n<\/tbody>\n<\/table>\n","protected":false},"excerpt":{"rendered":"<p>R\u00e9sum\u00e9 D\u00e9nomination Klein: Ck75Pb (Notz 15P) Band Classe de m\u00e9taux: Num\u00e9ro mati\u00e8re: Norme EN: RoHS 2 \u2013 2011\/65\/EU: Usinabilit\u00e9:  [&#8230;]<\/p>\n","protected":false},"featured_media":0,"template":"","meta":{"_acf_changed":false,"inline_featured_image":false},"product_brand":[],"product_cat":[33],"product_tag":[],"class_list":{"0":"post-174948","1":"product","2":"type-product","3":"status-publish","5":"product_cat-non-categorise","6":"pa_ausfuehrung-lamine","7":"pa_ausfuehrung-2-rouleaux","8":"pa_durchmesser-0-130","9":"pa_durchmesser-0-430","10":"pa_durchmesser-0-120","11":"pa_durchmesser-0-150","12":"pa_durchmesser-0-180","13":"pa_durchmesser-0-200","14":"pa_durchmesser-0-250","15":"pa_durchmesser-0-300","16":"pa_durchmesser-0-350","17":"pa_durchmesser-0-400","18":"pa_durchmesser-0-500","19":"pa_durchmesser-0-560","20":"pa_durchmesser-0-600","21":"pa_toleranz-spec","23":"first","24":"onbackorder","25":"purchasable","26":"product-type-variable"},"acf":[],"yoast_head":"<!-- This site is optimized with the Yoast SEO plugin v27.4 - https:\/\/yoast.com\/product\/yoast-seo-wordpress\/ -->\n<title>Ck75Pb (Notz 15P) Band - L.Klein SA - Premium Steel and Metals<\/title>\n<meta name=\"robots\" content=\"index, follow, max-snippet:-1, max-image-preview:large, max-video-preview:-1\" \/>\n<link rel=\"canonical\" href=\"https:\/\/www.kleinmetals.ch\/fr\/produkt\/ck75pb-notz-15p-band\/\" \/>\n<meta property=\"og:locale\" content=\"fr_FR\" \/>\n<meta property=\"og:type\" content=\"article\" \/>\n<meta property=\"og:title\" content=\"Ck75Pb (Notz 15P) Band - L.Klein SA - Premium Steel and Metals\" \/>\n<meta property=\"og:description\" content=\"R\u00e9sum\u00e9 D\u00e9nomination Klein: Ck75Pb (Notz 15P) Band Classe de m\u00e9taux: Num\u00e9ro mati\u00e8re: Norme EN: RoHS 2 \u2013 2011\/65\/EU: Usinabilit\u00e9: [...]\" \/>\n<meta property=\"og:url\" content=\"https:\/\/www.kleinmetals.ch\/fr\/produkt\/ck75pb-notz-15p-band\/\" \/>\n<meta property=\"og:site_name\" content=\"L.Klein SA - Premium Steel and Metals\" \/>\n<meta property=\"article:modified_time\" content=\"2026-04-17T05:33:26+00:00\" \/>\n<meta property=\"og:image\" content=\"https:\/\/www.kleinmetals.ch\/wp-content\/uploads\/l-klein-sa-1.png\" \/>\n\t<meta property=\"og:image:width\" content=\"1078\" \/>\n\t<meta property=\"og:image:height\" content=\"674\" \/>\n\t<meta property=\"og:image:type\" content=\"image\/png\" \/>\n<meta name=\"twitter:card\" content=\"summary_large_image\" \/>\n<meta name=\"twitter:label1\" content=\"Dur\u00e9e de lecture estim\u00e9e\" \/>\n\t<meta name=\"twitter:data1\" content=\"1 minute\" \/>\n<script type=\"application\/ld+json\" class=\"yoast-schema-graph\">{\"@context\":\"https:\\\/\\\/schema.org\",\"@graph\":[{\"@type\":\"WebPage\",\"@id\":\"https:\\\/\\\/www.kleinmetals.ch\\\/fr\\\/produkt\\\/ck75pb-notz-15p-band\\\/\",\"url\":\"https:\\\/\\\/www.kleinmetals.ch\\\/fr\\\/produkt\\\/ck75pb-notz-15p-band\\\/\",\"name\":\"Ck75Pb (Notz 15P) Band - L.Klein SA - Premium Steel and Metals\",\"isPartOf\":{\"@id\":\"https:\\\/\\\/www.kleinmetals.ch\\\/fr\\\/#website\"},\"datePublished\":\"2024-07-14T18:48:04+00:00\",\"dateModified\":\"2026-04-17T05:33:26+00:00\",\"breadcrumb\":{\"@id\":\"https:\\\/\\\/www.kleinmetals.ch\\\/fr\\\/produkt\\\/ck75pb-notz-15p-band\\\/#breadcrumb\"},\"inLanguage\":\"fr-FR\",\"potentialAction\":[{\"@type\":\"ReadAction\",\"target\":[\"https:\\\/\\\/www.kleinmetals.ch\\\/fr\\\/produkt\\\/ck75pb-notz-15p-band\\\/\"]}]},{\"@type\":\"BreadcrumbList\",\"@id\":\"https:\\\/\\\/www.kleinmetals.ch\\\/fr\\\/produkt\\\/ck75pb-notz-15p-band\\\/#breadcrumb\",\"itemListElement\":[{\"@type\":\"ListItem\",\"position\":1,\"name\":\"Home\",\"item\":\"https:\\\/\\\/www.kleinmetals.ch\\\/fr\\\/\"},{\"@type\":\"ListItem\",\"position\":2,\"name\":\"Produits\",\"item\":\"https:\\\/\\\/www.kleinmetals.ch\\\/fr\\\/produits\\\/\"},{\"@type\":\"ListItem\",\"position\":3,\"name\":\"Ck75Pb (Notz 15P) Band\"}]},{\"@type\":\"WebSite\",\"@id\":\"https:\\\/\\\/www.kleinmetals.ch\\\/fr\\\/#website\",\"url\":\"https:\\\/\\\/www.kleinmetals.ch\\\/fr\\\/\",\"name\":\"L.Klein AG Edelst\u00e4hle und Metalle\",\"description\":\"Handel mit hochwertigen Edelst\u00e4hlen und metallischen Rohstoffen\",\"publisher\":{\"@id\":\"https:\\\/\\\/www.kleinmetals.ch\\\/fr\\\/#organization\"},\"potentialAction\":[{\"@type\":\"SearchAction\",\"target\":{\"@type\":\"EntryPoint\",\"urlTemplate\":\"https:\\\/\\\/www.kleinmetals.ch\\\/fr\\\/?s={search_term_string}\"},\"query-input\":{\"@type\":\"PropertyValueSpecification\",\"valueRequired\":true,\"valueName\":\"search_term_string\"}}],\"inLanguage\":\"fr-FR\"},{\"@type\":\"Organization\",\"@id\":\"https:\\\/\\\/www.kleinmetals.ch\\\/fr\\\/#organization\",\"name\":\"L. Klein SA\",\"url\":\"https:\\\/\\\/www.kleinmetals.ch\\\/fr\\\/\",\"logo\":{\"@type\":\"ImageObject\",\"inLanguage\":\"fr-FR\",\"@id\":\"https:\\\/\\\/www.kleinmetals.ch\\\/fr\\\/#\\\/schema\\\/logo\\\/image\\\/\",\"url\":\"https:\\\/\\\/www.kleinmetals.ch\\\/wp-content\\\/uploads\\\/L-Klein-SA-Logo.svg\",\"contentUrl\":\"https:\\\/\\\/www.kleinmetals.ch\\\/wp-content\\\/uploads\\\/L-Klein-SA-Logo.svg\",\"width\":275,\"height\":86,\"caption\":\"L. Klein SA\"},\"image\":{\"@id\":\"https:\\\/\\\/www.kleinmetals.ch\\\/fr\\\/#\\\/schema\\\/logo\\\/image\\\/\"},\"sameAs\":[\"https:\\\/\\\/www.linkedin.com\\\/company\\\/l.-klein-sa\\\/\"]}]}<\/script>\n<!-- \/ Yoast SEO plugin. -->","yoast_head_json":{"title":"Ck75Pb (Notz 15P) Band - L.Klein SA - Premium Steel and Metals","robots":{"index":"index","follow":"follow","max-snippet":"max-snippet:-1","max-image-preview":"max-image-preview:large","max-video-preview":"max-video-preview:-1"},"canonical":"https:\/\/www.kleinmetals.ch\/fr\/produkt\/ck75pb-notz-15p-band\/","og_locale":"fr_FR","og_type":"article","og_title":"Ck75Pb (Notz 15P) Band - L.Klein SA - Premium Steel and Metals","og_description":"R\u00e9sum\u00e9 D\u00e9nomination Klein: Ck75Pb (Notz 15P) Band Classe de m\u00e9taux: Num\u00e9ro mati\u00e8re: Norme EN: RoHS 2 \u2013 2011\/65\/EU: Usinabilit\u00e9: [...]","og_url":"https:\/\/www.kleinmetals.ch\/fr\/produkt\/ck75pb-notz-15p-band\/","og_site_name":"L.Klein SA - Premium Steel and Metals","article_modified_time":"2026-04-17T05:33:26+00:00","og_image":[{"width":1078,"height":674,"url":"https:\/\/www.kleinmetals.ch\/wp-content\/uploads\/l-klein-sa-1.png","type":"image\/png"}],"twitter_card":"summary_large_image","twitter_misc":{"Dur\u00e9e de lecture estim\u00e9e":"1 minute"},"schema":{"@context":"https:\/\/schema.org","@graph":[{"@type":"WebPage","@id":"https:\/\/www.kleinmetals.ch\/fr\/produkt\/ck75pb-notz-15p-band\/","url":"https:\/\/www.kleinmetals.ch\/fr\/produkt\/ck75pb-notz-15p-band\/","name":"Ck75Pb (Notz 15P) Band - L.Klein SA - Premium Steel and Metals","isPartOf":{"@id":"https:\/\/www.kleinmetals.ch\/fr\/#website"},"datePublished":"2024-07-14T18:48:04+00:00","dateModified":"2026-04-17T05:33:26+00:00","breadcrumb":{"@id":"https:\/\/www.kleinmetals.ch\/fr\/produkt\/ck75pb-notz-15p-band\/#breadcrumb"},"inLanguage":"fr-FR","potentialAction":[{"@type":"ReadAction","target":["https:\/\/www.kleinmetals.ch\/fr\/produkt\/ck75pb-notz-15p-band\/"]}]},{"@type":"BreadcrumbList","@id":"https:\/\/www.kleinmetals.ch\/fr\/produkt\/ck75pb-notz-15p-band\/#breadcrumb","itemListElement":[{"@type":"ListItem","position":1,"name":"Home","item":"https:\/\/www.kleinmetals.ch\/fr\/"},{"@type":"ListItem","position":2,"name":"Produits","item":"https:\/\/www.kleinmetals.ch\/fr\/produits\/"},{"@type":"ListItem","position":3,"name":"Ck75Pb (Notz 15P) Band"}]},{"@type":"WebSite","@id":"https:\/\/www.kleinmetals.ch\/fr\/#website","url":"https:\/\/www.kleinmetals.ch\/fr\/","name":"L.Klein AG Edelst\u00e4hle und Metalle","description":"Handel mit hochwertigen Edelst\u00e4hlen und metallischen Rohstoffen","publisher":{"@id":"https:\/\/www.kleinmetals.ch\/fr\/#organization"},"potentialAction":[{"@type":"SearchAction","target":{"@type":"EntryPoint","urlTemplate":"https:\/\/www.kleinmetals.ch\/fr\/?s={search_term_string}"},"query-input":{"@type":"PropertyValueSpecification","valueRequired":true,"valueName":"search_term_string"}}],"inLanguage":"fr-FR"},{"@type":"Organization","@id":"https:\/\/www.kleinmetals.ch\/fr\/#organization","name":"L. Klein SA","url":"https:\/\/www.kleinmetals.ch\/fr\/","logo":{"@type":"ImageObject","inLanguage":"fr-FR","@id":"https:\/\/www.kleinmetals.ch\/fr\/#\/schema\/logo\/image\/","url":"https:\/\/www.kleinmetals.ch\/wp-content\/uploads\/L-Klein-SA-Logo.svg","contentUrl":"https:\/\/www.kleinmetals.ch\/wp-content\/uploads\/L-Klein-SA-Logo.svg","width":275,"height":86,"caption":"L. Klein SA"},"image":{"@id":"https:\/\/www.kleinmetals.ch\/fr\/#\/schema\/logo\/image\/"},"sameAs":["https:\/\/www.linkedin.com\/company\/l.-klein-sa\/"]}]}},"_links":{"self":[{"href":"https:\/\/www.kleinmetals.ch\/fr\/wp-json\/wp\/v2\/product\/174948","targetHints":{"allow":["GET"]}}],"collection":[{"href":"https:\/\/www.kleinmetals.ch\/fr\/wp-json\/wp\/v2\/product"}],"about":[{"href":"https:\/\/www.kleinmetals.ch\/fr\/wp-json\/wp\/v2\/types\/product"}],"wp:attachment":[{"href":"https:\/\/www.kleinmetals.ch\/fr\/wp-json\/wp\/v2\/media?parent=174948"}],"wp:term":[{"taxonomy":"product_brand","embeddable":true,"href":"https:\/\/www.kleinmetals.ch\/fr\/wp-json\/wp\/v2\/product_brand?post=174948"},{"taxonomy":"product_cat","embeddable":true,"href":"https:\/\/www.kleinmetals.ch\/fr\/wp-json\/wp\/v2\/product_cat?post=174948"},{"taxonomy":"product_tag","embeddable":true,"href":"https:\/\/www.kleinmetals.ch\/fr\/wp-json\/wp\/v2\/product_tag?post=174948"}],"curies":[{"name":"wp","href":"https:\/\/api.w.org\/{rel}","templated":true}]}}